{"id":11211,"date":"2026-02-06T11:45:26","date_gmt":"2026-02-06T10:45:26","guid":{"rendered":"https:\/\/www.cesenaticohotel.com\/hotels\/hotel-milord"},"modified":"2026-03-17T08:43:57","modified_gmt":"2026-03-17T07:43:57","slug":"hotel-milord","status":"publish","type":"page","link":"https:\/\/www.cesenaticohotel.com\/de\/hotels\/hotel-milord","title":{"rendered":"Hotel Milord"},"content":{"rendered":"\n<p><b>Nur 300 Meter vom Strand<\/b> entfernt, liegt das <b>Hotel Milord<\/b> in Cesenatico in einer idealen Lage f\u00fcr alle, die einen komfortablen und entspannten Urlaub mit Kindern suchen. Das Meer ist leicht zu Fu\u00df erreichbar, aber es stehen auch <b>kostenlose Fahrr\u00e4der<\/b> zur Verf\u00fcgung, um die Umgebung frei zu erkunden. Das Hotel bietet <b>kostenpflichtige Parkpl\u00e4tze<\/b> f\u00fcr G\u00e4ste mit Auto und einen <b>kleinen Fitnessbereich<\/b> f\u00fcr alle, die auch im Urlaub aktiv bleiben m\u00f6chten.<\/p>\n\n\n\n<!--more-->\n\n\n\n<p>Der Tag im <b>Milord<\/b> beginnt mit einem <b>reichhaltigen und leckeren Fr\u00fchst\u00fcck<\/b>, mit s\u00fc\u00dfen und herzhaften Optionen f\u00fcr jeden Geschmack. Jeden Tag kannst du <b>lokale traditionelle Gerichte<\/b> entdecken, die mit Sorgfalt zubereitet werden, w\u00e4hrend f\u00fcr die Kleinen ein <b>Baby-Men\u00fc<\/b> bereitsteht. Am Nachmittag erwartet dich ein <b>leckerer Snack<\/b>.<\/p>\n\n\n\n<p>In den <b>Au\u00dfenbereichen<\/b> des Hotels kannst du bei einem <b>Aperitif oder Drink<\/b> entspannen, w\u00e4hrend die Kinder sicher in einem ruhigen Bereich spielen. Wenn du Lust auf einen Spaziergang hast, erreichst du in wenigen Minuten <b>Gatteo Mare<\/b>, beliebt bei Familien f\u00fcr Veranstaltungen, Aktivit\u00e4ten und Abende, die auch f\u00fcr die Kleinsten geeignet sind.<\/p>\n\n\n\n\n","protected":false},"excerpt":{"rendered":"<p>Nur 300 Meter vom Strand entfernt, liegt das Hotel Milord in Cesenatico in einer idealen Lage f\u00fcr alle, die einen komfortablen und entspannten Urlaub mit Kindern suchen. Das Meer ist leicht zu Fu\u00df erreichbar, aber es stehen auch kostenlose Fahrr\u00e4der zur Verf\u00fcgung, um die Umgebung frei zu erkunden. Das Hotel bietet kostenpflichtige Parkpl\u00e4tze f\u00fcr G\u00e4ste &hellip;<\/p>\n","protected":false},"author":1,"featured_media":0,"parent":511,"menu_order":0,"comment_status":"closed","ping_status":"closed","template":"page-templates\/scheda_hotel.php","meta":{"_acf_changed":false,"inline_featured_image":false,"footnotes":""},"class_list":["post-11211","page","type-page","status-publish","hentry"],"acf":[],"yoast_head":"<!-- This site is optimized with the Yoast SEO plugin v27.6 - https:\/\/yoast.com\/product\/yoast-seo-wordpress\/ -->\n<title>Hotel Milord - Cesenatico Hotel<\/title>\n<meta name=\"robots\" content=\"index, follow, max-snippet:-1, max-image-preview:large, max-video-preview:-1\" \/>\n<link rel=\"canonical\" href=\"https:\/\/www.cesenaticohotel.com\/de\/hotels\/hotel-milord\" \/>\n<meta property=\"og:locale\" content=\"de_DE\" \/>\n<meta property=\"og:type\" content=\"article\" \/>\n<meta property=\"og:title\" content=\"Hotel Milord - Cesenatico Hotel\" \/>\n<meta property=\"og:description\" content=\"Nur 300 Meter vom Strand entfernt, liegt das Hotel Milord in Cesenatico in einer idealen Lage f\u00fcr alle, die einen komfortablen und entspannten Urlaub mit Kindern suchen. Das Meer ist leicht zu Fu\u00df erreichbar, aber es stehen auch kostenlose Fahrr\u00e4der zur Verf\u00fcgung, um die Umgebung frei zu erkunden. Das Hotel bietet kostenpflichtige Parkpl\u00e4tze f\u00fcr G\u00e4ste &hellip;\" \/>\n<meta property=\"og:url\" content=\"https:\/\/www.cesenaticohotel.com\/de\/hotels\/hotel-milord\" \/>\n<meta property=\"og:site_name\" content=\"Cesenatico Hotel\" \/>\n<meta property=\"article:modified_time\" content=\"2026-03-17T07:43:57+00:00\" \/>\n<meta property=\"og:image\" content=\"https:\/\/www.cesenaticohotel.com\/wp-content\/uploads\/2023\/05\/immagine-sito.jpg\" \/>\n\t<meta property=\"og:image:width\" content=\"1200\" \/>\n\t<meta property=\"og:image:height\" content=\"675\" \/>\n\t<meta property=\"og:image:type\" content=\"image\/jpeg\" \/>\n<meta name=\"twitter:card\" content=\"summary_large_image\" \/>\n<meta name=\"twitter:label1\" content=\"Gesch\u00e4tzte Lesezeit\" \/>\n\t<meta name=\"twitter:data1\" content=\"1\u00a0Minute\" \/>\n<script type=\"application\/ld+json\" class=\"yoast-schema-graph\">{\"@context\":\"https:\\\/\\\/schema.org\",\"@graph\":[{\"@type\":\"WebPage\",\"@id\":\"https:\\\/\\\/www.cesenaticohotel.com\\\/de\\\/hotels\\\/hotel-milord\",\"url\":\"https:\\\/\\\/www.cesenaticohotel.com\\\/de\\\/hotels\\\/hotel-milord\",\"name\":\"Hotel Milord - Cesenatico Hotel\",\"isPartOf\":{\"@id\":\"https:\\\/\\\/www.cesenaticohotel.com\\\/de#website\"},\"datePublished\":\"2026-02-06T10:45:26+00:00\",\"dateModified\":\"2026-03-17T07:43:57+00:00\",\"breadcrumb\":{\"@id\":\"https:\\\/\\\/www.cesenaticohotel.com\\\/de\\\/hotels\\\/hotel-milord#breadcrumb\"},\"inLanguage\":\"de\",\"potentialAction\":[{\"@type\":\"ReadAction\",\"target\":[\"https:\\\/\\\/www.cesenaticohotel.com\\\/de\\\/hotels\\\/hotel-milord\"]}]},{\"@type\":\"BreadcrumbList\",\"@id\":\"https:\\\/\\\/www.cesenaticohotel.com\\\/de\\\/hotels\\\/hotel-milord#breadcrumb\",\"itemListElement\":[{\"@type\":\"ListItem\",\"position\":1,\"name\":\"Home\",\"item\":\"https:\\\/\\\/www.cesenaticohotel.com\\\/de\\\/homepage\"},{\"@type\":\"ListItem\",\"position\":2,\"name\":\"Hotel\",\"item\":\"https:\\\/\\\/www.cesenaticohotel.com\\\/de\\\/hotels\"},{\"@type\":\"ListItem\",\"position\":3,\"name\":\"Hotel Milord\"}]},{\"@type\":\"WebSite\",\"@id\":\"https:\\\/\\\/www.cesenaticohotel.com\\\/de#website\",\"url\":\"https:\\\/\\\/www.cesenaticohotel.com\\\/de\",\"name\":\"Cesenatico Hotel\",\"description\":\"\",\"publisher\":{\"@id\":\"https:\\\/\\\/www.cesenaticohotel.com\\\/de#organization\"},\"potentialAction\":[{\"@type\":\"SearchAction\",\"target\":{\"@type\":\"EntryPoint\",\"urlTemplate\":\"https:\\\/\\\/www.cesenaticohotel.com\\\/de?s={search_term_string}\"},\"query-input\":{\"@type\":\"PropertyValueSpecification\",\"valueRequired\":true,\"valueName\":\"search_term_string\"}}],\"inLanguage\":\"de\"},{\"@type\":\"Organization\",\"@id\":\"https:\\\/\\\/www.cesenaticohotel.com\\\/de#organization\",\"name\":\"Cesenatico Hotel\",\"url\":\"https:\\\/\\\/www.cesenaticohotel.com\\\/de\",\"logo\":{\"@type\":\"ImageObject\",\"inLanguage\":\"de\",\"@id\":\"https:\\\/\\\/www.cesenaticohotel.com\\\/de#\\\/schema\\\/logo\\\/image\\\/\",\"url\":\"https:\\\/\\\/www.cesenaticohotel.com\\\/wp-content\\\/uploads\\\/2023\\\/05\\\/logo-organizzazione.jpg\",\"contentUrl\":\"https:\\\/\\\/www.cesenaticohotel.com\\\/wp-content\\\/uploads\\\/2023\\\/05\\\/logo-organizzazione.jpg\",\"width\":696,\"height\":696,\"caption\":\"Cesenatico Hotel\"},\"image\":{\"@id\":\"https:\\\/\\\/www.cesenaticohotel.com\\\/de#\\\/schema\\\/logo\\\/image\\\/\"}}]}<\/script>\n<!-- \/ Yoast SEO plugin. -->","yoast_head_json":{"title":"Hotel Milord - Cesenatico Hotel","robots":{"index":"index","follow":"follow","max-snippet":"max-snippet:-1","max-image-preview":"max-image-preview:large","max-video-preview":"max-video-preview:-1"},"canonical":"https:\/\/www.cesenaticohotel.com\/de\/hotels\/hotel-milord","og_locale":"de_DE","og_type":"article","og_title":"Hotel Milord - Cesenatico Hotel","og_description":"Nur 300 Meter vom Strand entfernt, liegt das Hotel Milord in Cesenatico in einer idealen Lage f\u00fcr alle, die einen komfortablen und entspannten Urlaub mit Kindern suchen. Das Meer ist leicht zu Fu\u00df erreichbar, aber es stehen auch kostenlose Fahrr\u00e4der zur Verf\u00fcgung, um die Umgebung frei zu erkunden. Das Hotel bietet kostenpflichtige Parkpl\u00e4tze f\u00fcr G\u00e4ste &hellip;","og_url":"https:\/\/www.cesenaticohotel.com\/de\/hotels\/hotel-milord","og_site_name":"Cesenatico Hotel","article_modified_time":"2026-03-17T07:43:57+00:00","og_image":[{"width":1200,"height":675,"url":"https:\/\/www.cesenaticohotel.com\/wp-content\/uploads\/2023\/05\/immagine-sito.jpg","type":"image\/jpeg"}],"twitter_card":"summary_large_image","twitter_misc":{"Gesch\u00e4tzte Lesezeit":"1\u00a0Minute"},"schema":{"@context":"https:\/\/schema.org","@graph":[{"@type":"WebPage","@id":"https:\/\/www.cesenaticohotel.com\/de\/hotels\/hotel-milord","url":"https:\/\/www.cesenaticohotel.com\/de\/hotels\/hotel-milord","name":"Hotel Milord - Cesenatico Hotel","isPartOf":{"@id":"https:\/\/www.cesenaticohotel.com\/de#website"},"datePublished":"2026-02-06T10:45:26+00:00","dateModified":"2026-03-17T07:43:57+00:00","breadcrumb":{"@id":"https:\/\/www.cesenaticohotel.com\/de\/hotels\/hotel-milord#breadcrumb"},"inLanguage":"de","potentialAction":[{"@type":"ReadAction","target":["https:\/\/www.cesenaticohotel.com\/de\/hotels\/hotel-milord"]}]},{"@type":"BreadcrumbList","@id":"https:\/\/www.cesenaticohotel.com\/de\/hotels\/hotel-milord#breadcrumb","itemListElement":[{"@type":"ListItem","position":1,"name":"Home","item":"https:\/\/www.cesenaticohotel.com\/de\/homepage"},{"@type":"ListItem","position":2,"name":"Hotel","item":"https:\/\/www.cesenaticohotel.com\/de\/hotels"},{"@type":"ListItem","position":3,"name":"Hotel Milord"}]},{"@type":"WebSite","@id":"https:\/\/www.cesenaticohotel.com\/de#website","url":"https:\/\/www.cesenaticohotel.com\/de","name":"Cesenatico Hotel","description":"","publisher":{"@id":"https:\/\/www.cesenaticohotel.com\/de#organization"},"potentialAction":[{"@type":"SearchAction","target":{"@type":"EntryPoint","urlTemplate":"https:\/\/www.cesenaticohotel.com\/de?s={search_term_string}"},"query-input":{"@type":"PropertyValueSpecification","valueRequired":true,"valueName":"search_term_string"}}],"inLanguage":"de"},{"@type":"Organization","@id":"https:\/\/www.cesenaticohotel.com\/de#organization","name":"Cesenatico Hotel","url":"https:\/\/www.cesenaticohotel.com\/de","logo":{"@type":"ImageObject","inLanguage":"de","@id":"https:\/\/www.cesenaticohotel.com\/de#\/schema\/logo\/image\/","url":"https:\/\/www.cesenaticohotel.com\/wp-content\/uploads\/2023\/05\/logo-organizzazione.jpg","contentUrl":"https:\/\/www.cesenaticohotel.com\/wp-content\/uploads\/2023\/05\/logo-organizzazione.jpg","width":696,"height":696,"caption":"Cesenatico Hotel"},"image":{"@id":"https:\/\/www.cesenaticohotel.com\/de#\/schema\/logo\/image\/"}}]}},"_links":{"self":[{"href":"https:\/\/www.cesenaticohotel.com\/de\/wp-json\/wp\/v2\/pages\/11211","targetHints":{"allow":["GET"]}}],"collection":[{"href":"https:\/\/www.cesenaticohotel.com\/de\/wp-json\/wp\/v2\/pages"}],"about":[{"href":"https:\/\/www.cesenaticohotel.com\/de\/wp-json\/wp\/v2\/types\/page"}],"author":[{"embeddable":true,"href":"https:\/\/www.cesenaticohotel.com\/de\/wp-json\/wp\/v2\/users\/1"}],"replies":[{"embeddable":true,"href":"https:\/\/www.cesenaticohotel.com\/de\/wp-json\/wp\/v2\/comments?post=11211"}],"version-history":[{"count":2,"href":"https:\/\/www.cesenaticohotel.com\/de\/wp-json\/wp\/v2\/pages\/11211\/revisions"}],"predecessor-version":[{"id":11473,"href":"https:\/\/www.cesenaticohotel.com\/de\/wp-json\/wp\/v2\/pages\/11211\/revisions\/11473"}],"up":[{"embeddable":true,"href":"https:\/\/www.cesenaticohotel.com\/de\/wp-json\/wp\/v2\/pages\/511"}],"wp:attachment":[{"href":"https:\/\/www.cesenaticohotel.com\/de\/wp-json\/wp\/v2\/media?parent=11211"}],"curies":[{"name":"wp","href":"https:\/\/api.w.org\/{rel}","templated":true}]}}