{"id":11294,"date":"2026-02-10T15:33:23","date_gmt":"2026-02-10T14:33:23","guid":{"rendered":"https:\/\/www.cesenaticohotel.com\/hotels\/residence-sansabai"},"modified":"2026-03-17T08:43:59","modified_gmt":"2026-03-17T07:43:59","slug":"residence-sansabai","status":"publish","type":"page","link":"https:\/\/www.cesenaticohotel.com\/de\/hotels\/residence-sansabai","title":{"rendered":"Residence Sansabai"},"content":{"rendered":"\n<p>Das <b>Residence Sansabai<\/b> in <b>Cesenatico<\/b> genie\u00dft eine <b>zentrale Lage<\/b> im Herzen des <b>Ponente<\/b>-Gebiets, nur <b>70 Meter vom Meer<\/b> und <b>5 Gehminuten vom Leonardo-Kanal-Hafen<\/b> entfernt.<\/p>\n\n\n\n<p>Der Name stammt aus <b>Thailand:<\/b> <b>Sansabai<\/b> bedeutet \u201esich wohlf\u00fchlen\u201c, und genau dieses Gef\u00fchl hat das Residence in ein einzigartiges Urlaubserlebnis verwandelt.<\/p>\n\n\n\n<p>Die vollst\u00e4ndig eingerichteten und sorgf\u00e4ltig gestalteten<b> Apartments<\/b> bieten <b>Komfort<\/b> und <b>einladende Atmosph\u00e4re<\/b>.<\/p>\n\n\n\n<p>F\u00fcr alle, die neben dem <b>Strand<\/b> auch <b>Spa\u00df<\/b> suchen, ist der <b>Wasserpark Atlantica<\/b> in der N\u00e4he und leicht erreichbar. Au\u00dferdem ist das <b>Residence Sansabai tierfreundlich<\/b> und bietet <b>reservierte Parkpl\u00e4tze<\/b>.<\/p>\n","protected":false},"excerpt":{"rendered":"<p>Das Residence Sansabai in Cesenatico genie\u00dft eine zentrale Lage im Herzen des Ponente-Gebiets, nur 70 Meter vom Meer und 5 Gehminuten vom Leonardo-Kanal-Hafen entfernt. Der Name stammt aus Thailand: Sansabai bedeutet \u201esich wohlf\u00fchlen\u201c, und genau dieses Gef\u00fchl hat das Residence in ein einzigartiges Urlaubserlebnis verwandelt. Die vollst\u00e4ndig eingerichteten und sorgf\u00e4ltig gestalteten Apartments bieten Komfort und &hellip;<\/p>\n","protected":false},"author":1,"featured_media":0,"parent":511,"menu_order":0,"comment_status":"closed","ping_status":"closed","template":"page-templates\/scheda_hotel.php","meta":{"_acf_changed":false,"inline_featured_image":false,"footnotes":""},"class_list":["post-11294","page","type-page","status-publish","hentry"],"acf":[],"yoast_head":"<!-- This site is optimized with the Yoast SEO plugin v27.0 - https:\/\/yoast.com\/product\/yoast-seo-wordpress\/ -->\n<title>Residence Sansabai - Cesenatico Hotel<\/title>\n<meta name=\"robots\" content=\"index, follow, max-snippet:-1, max-image-preview:large, max-video-preview:-1\" \/>\n<link rel=\"canonical\" href=\"https:\/\/www.cesenaticohotel.com\/de\/hotels\/residence-sansabai\" \/>\n<meta property=\"og:locale\" content=\"de_DE\" \/>\n<meta property=\"og:type\" content=\"article\" \/>\n<meta property=\"og:title\" content=\"Residence Sansabai - Cesenatico Hotel\" \/>\n<meta property=\"og:description\" content=\"Das Residence Sansabai in Cesenatico genie\u00dft eine zentrale Lage im Herzen des Ponente-Gebiets, nur 70 Meter vom Meer und 5 Gehminuten vom Leonardo-Kanal-Hafen entfernt. Der Name stammt aus Thailand: Sansabai bedeutet \u201esich wohlf\u00fchlen\u201c, und genau dieses Gef\u00fchl hat das Residence in ein einzigartiges Urlaubserlebnis verwandelt. Die vollst\u00e4ndig eingerichteten und sorgf\u00e4ltig gestalteten Apartments bieten Komfort und &hellip;\" \/>\n<meta property=\"og:url\" content=\"https:\/\/www.cesenaticohotel.com\/de\/hotels\/residence-sansabai\" \/>\n<meta property=\"og:site_name\" content=\"Cesenatico Hotel\" \/>\n<meta property=\"article:modified_time\" content=\"2026-03-17T07:43:59+00:00\" \/>\n<meta property=\"og:image\" content=\"https:\/\/www.cesenaticohotel.com\/wp-content\/uploads\/2023\/05\/immagine-sito.jpg\" \/>\n\t<meta property=\"og:image:width\" content=\"1200\" \/>\n\t<meta property=\"og:image:height\" content=\"675\" \/>\n\t<meta property=\"og:image:type\" content=\"image\/jpeg\" \/>\n<meta name=\"twitter:card\" content=\"summary_large_image\" \/>\n<script type=\"application\/ld+json\" class=\"yoast-schema-graph\">{\"@context\":\"https:\/\/schema.org\",\"@graph\":[{\"@type\":\"WebPage\",\"@id\":\"https:\/\/www.cesenaticohotel.com\/de\/hotels\/residence-sansabai\",\"url\":\"https:\/\/www.cesenaticohotel.com\/de\/hotels\/residence-sansabai\",\"name\":\"Residence Sansabai - Cesenatico Hotel\",\"isPartOf\":{\"@id\":\"https:\/\/www.cesenaticohotel.com\/de#website\"},\"datePublished\":\"2026-02-10T14:33:23+00:00\",\"dateModified\":\"2026-03-17T07:43:59+00:00\",\"breadcrumb\":{\"@id\":\"https:\/\/www.cesenaticohotel.com\/de\/hotels\/residence-sansabai#breadcrumb\"},\"inLanguage\":\"de\",\"potentialAction\":[{\"@type\":\"ReadAction\",\"target\":[\"https:\/\/www.cesenaticohotel.com\/de\/hotels\/residence-sansabai\"]}]},{\"@type\":\"BreadcrumbList\",\"@id\":\"https:\/\/www.cesenaticohotel.com\/de\/hotels\/residence-sansabai#breadcrumb\",\"itemListElement\":[{\"@type\":\"ListItem\",\"position\":1,\"name\":\"Home\",\"item\":\"https:\/\/www.cesenaticohotel.com\/de\/homepage\"},{\"@type\":\"ListItem\",\"position\":2,\"name\":\"Hotel\",\"item\":\"https:\/\/www.cesenaticohotel.com\/de\/hotels\"},{\"@type\":\"ListItem\",\"position\":3,\"name\":\"Residence Sansabai\"}]},{\"@type\":\"WebSite\",\"@id\":\"https:\/\/www.cesenaticohotel.com\/de#website\",\"url\":\"https:\/\/www.cesenaticohotel.com\/de\",\"name\":\"Cesenatico Hotel\",\"description\":\"\",\"publisher\":{\"@id\":\"https:\/\/www.cesenaticohotel.com\/de#organization\"},\"potentialAction\":[{\"@type\":\"SearchAction\",\"target\":{\"@type\":\"EntryPoint\",\"urlTemplate\":\"https:\/\/www.cesenaticohotel.com\/de?s={search_term_string}\"},\"query-input\":{\"@type\":\"PropertyValueSpecification\",\"valueRequired\":true,\"valueName\":\"search_term_string\"}}],\"inLanguage\":\"de\"},{\"@type\":\"Organization\",\"@id\":\"https:\/\/www.cesenaticohotel.com\/de#organization\",\"name\":\"Cesenatico Hotel\",\"url\":\"https:\/\/www.cesenaticohotel.com\/de\",\"logo\":{\"@type\":\"ImageObject\",\"inLanguage\":\"de\",\"@id\":\"https:\/\/www.cesenaticohotel.com\/de#\/schema\/logo\/image\/\",\"url\":\"https:\/\/www.cesenaticohotel.com\/wp-content\/uploads\/2023\/05\/logo-organizzazione.jpg\",\"contentUrl\":\"https:\/\/www.cesenaticohotel.com\/wp-content\/uploads\/2023\/05\/logo-organizzazione.jpg\",\"width\":696,\"height\":696,\"caption\":\"Cesenatico Hotel\"},\"image\":{\"@id\":\"https:\/\/www.cesenaticohotel.com\/de#\/schema\/logo\/image\/\"}}]}<\/script>\n<!-- \/ Yoast SEO plugin. -->","yoast_head_json":{"title":"Residence Sansabai - Cesenatico Hotel","robots":{"index":"index","follow":"follow","max-snippet":"max-snippet:-1","max-image-preview":"max-image-preview:large","max-video-preview":"max-video-preview:-1"},"canonical":"https:\/\/www.cesenaticohotel.com\/de\/hotels\/residence-sansabai","og_locale":"de_DE","og_type":"article","og_title":"Residence Sansabai - Cesenatico Hotel","og_description":"Das Residence Sansabai in Cesenatico genie\u00dft eine zentrale Lage im Herzen des Ponente-Gebiets, nur 70 Meter vom Meer und 5 Gehminuten vom Leonardo-Kanal-Hafen entfernt. Der Name stammt aus Thailand: Sansabai bedeutet \u201esich wohlf\u00fchlen\u201c, und genau dieses Gef\u00fchl hat das Residence in ein einzigartiges Urlaubserlebnis verwandelt. Die vollst\u00e4ndig eingerichteten und sorgf\u00e4ltig gestalteten Apartments bieten Komfort und &hellip;","og_url":"https:\/\/www.cesenaticohotel.com\/de\/hotels\/residence-sansabai","og_site_name":"Cesenatico Hotel","article_modified_time":"2026-03-17T07:43:59+00:00","og_image":[{"width":1200,"height":675,"url":"https:\/\/www.cesenaticohotel.com\/wp-content\/uploads\/2023\/05\/immagine-sito.jpg","type":"image\/jpeg"}],"twitter_card":"summary_large_image","schema":{"@context":"https:\/\/schema.org","@graph":[{"@type":"WebPage","@id":"https:\/\/www.cesenaticohotel.com\/de\/hotels\/residence-sansabai","url":"https:\/\/www.cesenaticohotel.com\/de\/hotels\/residence-sansabai","name":"Residence Sansabai - Cesenatico Hotel","isPartOf":{"@id":"https:\/\/www.cesenaticohotel.com\/de#website"},"datePublished":"2026-02-10T14:33:23+00:00","dateModified":"2026-03-17T07:43:59+00:00","breadcrumb":{"@id":"https:\/\/www.cesenaticohotel.com\/de\/hotels\/residence-sansabai#breadcrumb"},"inLanguage":"de","potentialAction":[{"@type":"ReadAction","target":["https:\/\/www.cesenaticohotel.com\/de\/hotels\/residence-sansabai"]}]},{"@type":"BreadcrumbList","@id":"https:\/\/www.cesenaticohotel.com\/de\/hotels\/residence-sansabai#breadcrumb","itemListElement":[{"@type":"ListItem","position":1,"name":"Home","item":"https:\/\/www.cesenaticohotel.com\/de\/homepage"},{"@type":"ListItem","position":2,"name":"Hotel","item":"https:\/\/www.cesenaticohotel.com\/de\/hotels"},{"@type":"ListItem","position":3,"name":"Residence Sansabai"}]},{"@type":"WebSite","@id":"https:\/\/www.cesenaticohotel.com\/de#website","url":"https:\/\/www.cesenaticohotel.com\/de","name":"Cesenatico Hotel","description":"","publisher":{"@id":"https:\/\/www.cesenaticohotel.com\/de#organization"},"potentialAction":[{"@type":"SearchAction","target":{"@type":"EntryPoint","urlTemplate":"https:\/\/www.cesenaticohotel.com\/de?s={search_term_string}"},"query-input":{"@type":"PropertyValueSpecification","valueRequired":true,"valueName":"search_term_string"}}],"inLanguage":"de"},{"@type":"Organization","@id":"https:\/\/www.cesenaticohotel.com\/de#organization","name":"Cesenatico Hotel","url":"https:\/\/www.cesenaticohotel.com\/de","logo":{"@type":"ImageObject","inLanguage":"de","@id":"https:\/\/www.cesenaticohotel.com\/de#\/schema\/logo\/image\/","url":"https:\/\/www.cesenaticohotel.com\/wp-content\/uploads\/2023\/05\/logo-organizzazione.jpg","contentUrl":"https:\/\/www.cesenaticohotel.com\/wp-content\/uploads\/2023\/05\/logo-organizzazione.jpg","width":696,"height":696,"caption":"Cesenatico Hotel"},"image":{"@id":"https:\/\/www.cesenaticohotel.com\/de#\/schema\/logo\/image\/"}}]}},"_links":{"self":[{"href":"https:\/\/www.cesenaticohotel.com\/de\/wp-json\/wp\/v2\/pages\/11294","targetHints":{"allow":["GET"]}}],"collection":[{"href":"https:\/\/www.cesenaticohotel.com\/de\/wp-json\/wp\/v2\/pages"}],"about":[{"href":"https:\/\/www.cesenaticohotel.com\/de\/wp-json\/wp\/v2\/types\/page"}],"author":[{"embeddable":true,"href":"https:\/\/www.cesenaticohotel.com\/de\/wp-json\/wp\/v2\/users\/1"}],"replies":[{"embeddable":true,"href":"https:\/\/www.cesenaticohotel.com\/de\/wp-json\/wp\/v2\/comments?post=11294"}],"version-history":[{"count":2,"href":"https:\/\/www.cesenaticohotel.com\/de\/wp-json\/wp\/v2\/pages\/11294\/revisions"}],"predecessor-version":[{"id":11474,"href":"https:\/\/www.cesenaticohotel.com\/de\/wp-json\/wp\/v2\/pages\/11294\/revisions\/11474"}],"up":[{"embeddable":true,"href":"https:\/\/www.cesenaticohotel.com\/de\/wp-json\/wp\/v2\/pages\/511"}],"wp:attachment":[{"href":"https:\/\/www.cesenaticohotel.com\/de\/wp-json\/wp\/v2\/media?parent=11294"}],"curies":[{"name":"wp","href":"https:\/\/api.w.org\/{rel}","templated":true}]}}