{"id":1281,"date":"2023-04-26T12:59:19","date_gmt":"2023-04-26T10:59:19","guid":{"rendered":"https:\/\/www.cesenaticohotel.com\/hotels\/hotel-rosso-blu"},"modified":"2024-06-13T13:37:22","modified_gmt":"2024-06-13T11:37:22","slug":"hotel-rosso-blu","status":"publish","type":"page","link":"https:\/\/www.cesenaticohotel.com\/de\/hotels\/hotel-rosso-blu","title":{"rendered":"Hotel Rosso Blu"},"content":{"rendered":"\n<p>Das <b>Hotel Rosso Blu<\/b> befindet sich <b>100 Meter vom vereinbarten Strand <\/b>entfernt und in bequemer Entfernung zur lebhaften Gegend des Hafens von Cesenatico.<\/p>\n\n\n\n<p>Entspannen Sie sich im <b>intimen Garten<\/b>, w\u00e4hrend Sie einen Cocktail genie\u00dfen oder sich mit k\u00f6stlichen Leckereien verw\u00f6hnen lassen. Bestellen Sie, was immer Sie m\u00f6chten, im <b>Seaside, Das exklusive Fisch- und Aperitif-Restaurant des Hotels<\/b>. Es ist im modernen Stil eingerichtet und bietet eine reiche Auswahl an Gin, handwerklichen Bieren, leckeren Platten.<\/p>\n\n\n\n<!--more-->\n\n\n\n<p>Wenn Sie <b>mit Kindern reisen<\/b>, k\u00f6nnen Sie Babybetten und Campingbetten mit Seitengittern, Babybadewannen, Flaschenw\u00e4rmer anfordern. Es gibt auch einen Spielbereich und eine Kinderbetreuung, sowie ein Set f\u00fcr Babynahrung, Hochst\u00fchle und die M\u00f6glichkeit, frische Br\u00fchen und P\u00fcrees beim K\u00fcchenpersonal anzufordern.<\/p>\n\n\n\n<p>Am <b>Tisch<\/b> werden Sie von <b>traditionellen <\/b>Gerichten der<b> Romagna<\/b> begeistert sein, die alle frisch und t\u00e4glich zubereitet werden. Das <b>Fr\u00fchst\u00fcck ist in Buffetform<\/b> und bietet hausgemachte S\u00fc\u00dfigkeiten und Croissants, Kekse, M\u00fcsli, Aufschnitt und K\u00e4se, frisches Obst, Joghurt, Kaffee und Fruchts\u00e4fte. Die <b>Zutaten sind haupts\u00e4chlich lokal<\/b>, wie der Fisch aus der Adria und das Gem\u00fcse aus der umliegenden Landschaft. Zum Mittag- und Abendessen k\u00f6nnen Sie aus <b>3 ersten und 3 zweiten G\u00e4ngen<\/b> w\u00e4hlen, begleitet von einem reichhaltigen Gem\u00fcsebuffet und Desserts.<\/p>\n","protected":false},"excerpt":{"rendered":"<p>Das Hotel Rosso Blu befindet sich 100 Meter vom vereinbarten Strand entfernt und in bequemer Entfernung zur lebhaften Gegend des Hafens von Cesenatico. Entspannen Sie sich im intimen Garten, w\u00e4hrend Sie einen Cocktail genie\u00dfen oder sich mit k\u00f6stlichen Leckereien verw\u00f6hnen lassen. Bestellen Sie, was immer Sie m\u00f6chten, im Seaside, Das exklusive Fisch- und Aperitif-Restaurant des &hellip;<\/p>\n","protected":false},"author":1,"featured_media":0,"parent":511,"menu_order":0,"comment_status":"closed","ping_status":"closed","template":"page-templates\/scheda_hotel.php","meta":{"_acf_changed":false,"inline_featured_image":false,"footnotes":""},"class_list":["post-1281","page","type-page","status-publish","hentry"],"acf":[],"yoast_head":"<!-- This site is optimized with the Yoast SEO plugin v27.0 - https:\/\/yoast.com\/product\/yoast-seo-wordpress\/ -->\n<title>Hotel Rosso Blu*** in Cesenatico: Familienhotel<\/title>\n<meta name=\"description\" content=\"Das Hotel Rosso Blu liegt zentral, nur 100 Meter vom Meer entfernt. Besondere Dienstleistungen f\u00fcr Kinder. K\u00fcche f\u00fcr Unvertr\u00e4glichkeiten, Fahrr\u00e4der und Parkplatz.\" \/>\n<meta name=\"robots\" content=\"index, follow, max-snippet:-1, max-image-preview:large, max-video-preview:-1\" \/>\n<link rel=\"canonical\" href=\"https:\/\/www.cesenaticohotel.com\/de\/hotels\/hotel-rosso-blu\" \/>\n<meta property=\"og:locale\" content=\"de_DE\" \/>\n<meta property=\"og:type\" content=\"article\" \/>\n<meta property=\"og:title\" content=\"Hotel Rosso Blu*** in Cesenatico: Familienhotel\" \/>\n<meta property=\"og:description\" content=\"Das Hotel Rosso Blu liegt zentral, nur 100 Meter vom Meer entfernt. Besondere Dienstleistungen f\u00fcr Kinder. K\u00fcche f\u00fcr Unvertr\u00e4glichkeiten, Fahrr\u00e4der und Parkplatz.\" \/>\n<meta property=\"og:url\" content=\"https:\/\/www.cesenaticohotel.com\/de\/hotels\/hotel-rosso-blu\" \/>\n<meta property=\"og:site_name\" content=\"Cesenatico Hotel\" \/>\n<meta property=\"article:modified_time\" content=\"2024-06-13T11:37:22+00:00\" \/>\n<meta property=\"og:image\" content=\"https:\/\/www.cesenaticohotel.com\/wp-content\/uploads\/2023\/05\/immagine-sito.jpg\" \/>\n\t<meta property=\"og:image:width\" content=\"1200\" \/>\n\t<meta property=\"og:image:height\" content=\"675\" \/>\n\t<meta property=\"og:image:type\" content=\"image\/jpeg\" \/>\n<meta name=\"twitter:card\" content=\"summary_large_image\" \/>\n<meta name=\"twitter:label1\" content=\"Gesch\u00e4tzte Lesezeit\" \/>\n\t<meta name=\"twitter:data1\" content=\"2\u00a0Minuten\" \/>\n<script type=\"application\/ld+json\" class=\"yoast-schema-graph\">{\"@context\":\"https:\/\/schema.org\",\"@graph\":[{\"@type\":\"WebPage\",\"@id\":\"https:\/\/www.cesenaticohotel.com\/de\/hotels\/hotel-rosso-blu\",\"url\":\"https:\/\/www.cesenaticohotel.com\/de\/hotels\/hotel-rosso-blu\",\"name\":\"Hotel Rosso Blu*** in Cesenatico: Familienhotel\",\"isPartOf\":{\"@id\":\"https:\/\/www.cesenaticohotel.com\/de#website\"},\"datePublished\":\"2023-04-26T10:59:19+00:00\",\"dateModified\":\"2024-06-13T11:37:22+00:00\",\"description\":\"Das Hotel Rosso Blu liegt zentral, nur 100 Meter vom Meer entfernt. Besondere Dienstleistungen f\u00fcr Kinder. K\u00fcche f\u00fcr Unvertr\u00e4glichkeiten, Fahrr\u00e4der und Parkplatz.\",\"breadcrumb\":{\"@id\":\"https:\/\/www.cesenaticohotel.com\/de\/hotels\/hotel-rosso-blu#breadcrumb\"},\"inLanguage\":\"de\",\"potentialAction\":[{\"@type\":\"ReadAction\",\"target\":[\"https:\/\/www.cesenaticohotel.com\/de\/hotels\/hotel-rosso-blu\"]}]},{\"@type\":\"BreadcrumbList\",\"@id\":\"https:\/\/www.cesenaticohotel.com\/de\/hotels\/hotel-rosso-blu#breadcrumb\",\"itemListElement\":[{\"@type\":\"ListItem\",\"position\":1,\"name\":\"Home\",\"item\":\"https:\/\/www.cesenaticohotel.com\/de\/homepage\"},{\"@type\":\"ListItem\",\"position\":2,\"name\":\"Hotel\",\"item\":\"https:\/\/www.cesenaticohotel.com\/de\/hotels\"},{\"@type\":\"ListItem\",\"position\":3,\"name\":\"Hotel Rosso Blu\"}]},{\"@type\":\"WebSite\",\"@id\":\"https:\/\/www.cesenaticohotel.com\/de#website\",\"url\":\"https:\/\/www.cesenaticohotel.com\/de\",\"name\":\"Cesenatico Hotel\",\"description\":\"\",\"publisher\":{\"@id\":\"https:\/\/www.cesenaticohotel.com\/de#organization\"},\"potentialAction\":[{\"@type\":\"SearchAction\",\"target\":{\"@type\":\"EntryPoint\",\"urlTemplate\":\"https:\/\/www.cesenaticohotel.com\/de?s={search_term_string}\"},\"query-input\":{\"@type\":\"PropertyValueSpecification\",\"valueRequired\":true,\"valueName\":\"search_term_string\"}}],\"inLanguage\":\"de\"},{\"@type\":\"Organization\",\"@id\":\"https:\/\/www.cesenaticohotel.com\/de#organization\",\"name\":\"Cesenatico Hotel\",\"url\":\"https:\/\/www.cesenaticohotel.com\/de\",\"logo\":{\"@type\":\"ImageObject\",\"inLanguage\":\"de\",\"@id\":\"https:\/\/www.cesenaticohotel.com\/de#\/schema\/logo\/image\/\",\"url\":\"https:\/\/www.cesenaticohotel.com\/wp-content\/uploads\/2023\/05\/logo-organizzazione.jpg\",\"contentUrl\":\"https:\/\/www.cesenaticohotel.com\/wp-content\/uploads\/2023\/05\/logo-organizzazione.jpg\",\"width\":696,\"height\":696,\"caption\":\"Cesenatico Hotel\"},\"image\":{\"@id\":\"https:\/\/www.cesenaticohotel.com\/de#\/schema\/logo\/image\/\"}}]}<\/script>\n<!-- \/ Yoast SEO plugin. -->","yoast_head_json":{"title":"Hotel Rosso Blu*** in Cesenatico: Familienhotel","description":"Das Hotel Rosso Blu liegt zentral, nur 100 Meter vom Meer entfernt. Besondere Dienstleistungen f\u00fcr Kinder. K\u00fcche f\u00fcr Unvertr\u00e4glichkeiten, Fahrr\u00e4der und Parkplatz.","robots":{"index":"index","follow":"follow","max-snippet":"max-snippet:-1","max-image-preview":"max-image-preview:large","max-video-preview":"max-video-preview:-1"},"canonical":"https:\/\/www.cesenaticohotel.com\/de\/hotels\/hotel-rosso-blu","og_locale":"de_DE","og_type":"article","og_title":"Hotel Rosso Blu*** in Cesenatico: Familienhotel","og_description":"Das Hotel Rosso Blu liegt zentral, nur 100 Meter vom Meer entfernt. Besondere Dienstleistungen f\u00fcr Kinder. K\u00fcche f\u00fcr Unvertr\u00e4glichkeiten, Fahrr\u00e4der und Parkplatz.","og_url":"https:\/\/www.cesenaticohotel.com\/de\/hotels\/hotel-rosso-blu","og_site_name":"Cesenatico Hotel","article_modified_time":"2024-06-13T11:37:22+00:00","og_image":[{"width":1200,"height":675,"url":"https:\/\/www.cesenaticohotel.com\/wp-content\/uploads\/2023\/05\/immagine-sito.jpg","type":"image\/jpeg"}],"twitter_card":"summary_large_image","twitter_misc":{"Gesch\u00e4tzte Lesezeit":"2\u00a0Minuten"},"schema":{"@context":"https:\/\/schema.org","@graph":[{"@type":"WebPage","@id":"https:\/\/www.cesenaticohotel.com\/de\/hotels\/hotel-rosso-blu","url":"https:\/\/www.cesenaticohotel.com\/de\/hotels\/hotel-rosso-blu","name":"Hotel Rosso Blu*** in Cesenatico: Familienhotel","isPartOf":{"@id":"https:\/\/www.cesenaticohotel.com\/de#website"},"datePublished":"2023-04-26T10:59:19+00:00","dateModified":"2024-06-13T11:37:22+00:00","description":"Das Hotel Rosso Blu liegt zentral, nur 100 Meter vom Meer entfernt. Besondere Dienstleistungen f\u00fcr Kinder. K\u00fcche f\u00fcr Unvertr\u00e4glichkeiten, Fahrr\u00e4der und Parkplatz.","breadcrumb":{"@id":"https:\/\/www.cesenaticohotel.com\/de\/hotels\/hotel-rosso-blu#breadcrumb"},"inLanguage":"de","potentialAction":[{"@type":"ReadAction","target":["https:\/\/www.cesenaticohotel.com\/de\/hotels\/hotel-rosso-blu"]}]},{"@type":"BreadcrumbList","@id":"https:\/\/www.cesenaticohotel.com\/de\/hotels\/hotel-rosso-blu#breadcrumb","itemListElement":[{"@type":"ListItem","position":1,"name":"Home","item":"https:\/\/www.cesenaticohotel.com\/de\/homepage"},{"@type":"ListItem","position":2,"name":"Hotel","item":"https:\/\/www.cesenaticohotel.com\/de\/hotels"},{"@type":"ListItem","position":3,"name":"Hotel Rosso Blu"}]},{"@type":"WebSite","@id":"https:\/\/www.cesenaticohotel.com\/de#website","url":"https:\/\/www.cesenaticohotel.com\/de","name":"Cesenatico Hotel","description":"","publisher":{"@id":"https:\/\/www.cesenaticohotel.com\/de#organization"},"potentialAction":[{"@type":"SearchAction","target":{"@type":"EntryPoint","urlTemplate":"https:\/\/www.cesenaticohotel.com\/de?s={search_term_string}"},"query-input":{"@type":"PropertyValueSpecification","valueRequired":true,"valueName":"search_term_string"}}],"inLanguage":"de"},{"@type":"Organization","@id":"https:\/\/www.cesenaticohotel.com\/de#organization","name":"Cesenatico Hotel","url":"https:\/\/www.cesenaticohotel.com\/de","logo":{"@type":"ImageObject","inLanguage":"de","@id":"https:\/\/www.cesenaticohotel.com\/de#\/schema\/logo\/image\/","url":"https:\/\/www.cesenaticohotel.com\/wp-content\/uploads\/2023\/05\/logo-organizzazione.jpg","contentUrl":"https:\/\/www.cesenaticohotel.com\/wp-content\/uploads\/2023\/05\/logo-organizzazione.jpg","width":696,"height":696,"caption":"Cesenatico Hotel"},"image":{"@id":"https:\/\/www.cesenaticohotel.com\/de#\/schema\/logo\/image\/"}}]}},"_links":{"self":[{"href":"https:\/\/www.cesenaticohotel.com\/de\/wp-json\/wp\/v2\/pages\/1281","targetHints":{"allow":["GET"]}}],"collection":[{"href":"https:\/\/www.cesenaticohotel.com\/de\/wp-json\/wp\/v2\/pages"}],"about":[{"href":"https:\/\/www.cesenaticohotel.com\/de\/wp-json\/wp\/v2\/types\/page"}],"author":[{"embeddable":true,"href":"https:\/\/www.cesenaticohotel.com\/de\/wp-json\/wp\/v2\/users\/1"}],"replies":[{"embeddable":true,"href":"https:\/\/www.cesenaticohotel.com\/de\/wp-json\/wp\/v2\/comments?post=1281"}],"version-history":[{"count":3,"href":"https:\/\/www.cesenaticohotel.com\/de\/wp-json\/wp\/v2\/pages\/1281\/revisions"}],"predecessor-version":[{"id":8745,"href":"https:\/\/www.cesenaticohotel.com\/de\/wp-json\/wp\/v2\/pages\/1281\/revisions\/8745"}],"up":[{"embeddable":true,"href":"https:\/\/www.cesenaticohotel.com\/de\/wp-json\/wp\/v2\/pages\/511"}],"wp:attachment":[{"href":"https:\/\/www.cesenaticohotel.com\/de\/wp-json\/wp\/v2\/media?parent=1281"}],"curies":[{"name":"wp","href":"https:\/\/api.w.org\/{rel}","templated":true}]}}