{"id":1337,"date":"2023-04-26T13:17:41","date_gmt":"2023-04-26T11:17:41","guid":{"rendered":"https:\/\/www.cesenaticohotel.com\/hotels\/hotel-atlantica"},"modified":"2023-08-22T09:14:10","modified_gmt":"2023-08-22T07:14:10","slug":"hotel-atlantica","status":"publish","type":"page","link":"https:\/\/www.cesenaticohotel.com\/de\/hotels\/hotel-atlantica","title":{"rendered":"Hotel Atlantica"},"content":{"rendered":"\n<p>Das <b>Atlantica Hotel in Cesenatico<\/b> liegt direkt am <b>privaten Strand<\/b>: Es gen\u00fcgt, den Garten zu \u00fcberqueren, um die wundersch\u00f6ne Anlage <b>von 10.000<\/b> qm mit Beachvolleyball-, Beachtennis-, Fu\u00dfvolley-, Teqball-Feldern, Fitness- und Yogakursen, Panoramaterrasse zu erreichen. F\u00fcr <b>Kinder gibt es Ludomare<\/b>, einen Spielbereich mit Workshops und Spielen, Sportaktivit\u00e4ten und fantastischen Festen.<\/p>\n\n\n\n<!--more-->\n\n\n\n<p>Sie k\u00f6nnen die <b>All-Inclusive-Formel<\/b> w\u00e4hlen, f\u00fcr einen sorgenfreien Urlaub, der auch reservierte Sonnenschirme und Liegen, Wasser, Wein und Softdrinks zu den Mahlzeiten, w\u00f6chentliche Animation, Fitness- und Aquagym-Kurse, Fahrr\u00e4der und Parkpl\u00e4tze beinhaltet.<\/p>\n\n\n\n<p>F\u00fcr <b>Radfahrer <\/b>bietet das Atlantica Hotel <b>Spezielle Fahrraddienstleistungen <\/b>wie den Fahrradraum, die Werkstatt f\u00fcr kleinere Reparaturen, die W\u00e4scherei f\u00fcr Sportbekleidung, ein fr\u00fches verst\u00e4rktes Fr\u00fchst\u00fcck, ein Abendessen mit speziellen Men\u00fcs f\u00fcr Radfahrer, Radf\u00fchrer und die M\u00f6glichkeit, ma\u00dfgeschneiderte Radtouren zu buchen.<\/p>\n\n\n\n<p>Der Urlaub geht auch am Tisch weiter, mit einer Erfahrung f\u00fcr wahre Feinschmecker. Das <b>Fr\u00fchst\u00fcck von 7:30 bis 10:00 Uhr<\/b> ist ein <b>Buffet <\/b>mit hausgemachten Kuchen, T\u00f6rtchen und Keksen, Cr\u00eapes, Waffeln, frisch zubereiteten Eiern nach Wunsch, lokalen Wurst- und K\u00e4sespezialit\u00e4ten, Obst und Gem\u00fcses\u00e4ften mit frischen Zutaten vom vertrauensw\u00fcrdigen Obst- und Gem\u00fcseh\u00e4ndler, Joghurt, M\u00fcsli, Kaffee. Zu <b>Mittag und Abendessen k\u00f6nnen Sie w\u00e4hlen<\/b>, ob Sie im gro\u00dfen klimatisierten Saal, im Liberty-Stil-Veranda oder im Freien auf der Terrasse<b> essen<\/b> m\u00f6chten. Sie k\u00f6nnen aber auch im Strandrestaurant zu Mittag essen. Jeden Tag gibt es leckere frische Pasta, auch von Hand gemacht, Fleisch und Fisch, k\u00f6stliche Vorspeisen, frittierter Fisch, frisches Gem\u00fcse und hausgemachte Desserts.<\/p>\n","protected":false},"excerpt":{"rendered":"<p>Das Atlantica Hotel in Cesenatico liegt direkt am privaten Strand: Es gen\u00fcgt, den Garten zu \u00fcberqueren, um die wundersch\u00f6ne Anlage von 10.000 qm mit Beachvolleyball-, Beachtennis-, Fu\u00dfvolley-, Teqball-Feldern, Fitness- und Yogakursen, Panoramaterrasse zu erreichen. F\u00fcr Kinder gibt es Ludomare, einen Spielbereich mit Workshops und Spielen, Sportaktivit\u00e4ten und fantastischen Festen.<\/p>\n","protected":false},"author":1,"featured_media":0,"parent":511,"menu_order":0,"comment_status":"closed","ping_status":"closed","template":"page-templates\/scheda_hotel.php","meta":{"_acf_changed":false,"inline_featured_image":false,"footnotes":""},"class_list":["post-1337","page","type-page","status-publish","hentry"],"acf":[],"yoast_head":"<!-- This site is optimized with the Yoast SEO plugin v27.0 - https:\/\/yoast.com\/product\/yoast-seo-wordpress\/ -->\n<title>Hotel Atlantica***s in Cesenatico: Hotel f\u00fcr Sportler und Familien<\/title>\n<meta name=\"description\" content=\"Das Hotel Atlantica liegt am Meer und hat einen privaten Strand, der \u00fcber einen Innenhof erreichbar ist. All-Inclusive-Service und K\u00fcche f\u00fcr Unvertr\u00e4glichkeiten und Bio.\" \/>\n<meta name=\"robots\" content=\"index, follow, max-snippet:-1, max-image-preview:large, max-video-preview:-1\" \/>\n<link rel=\"canonical\" href=\"https:\/\/www.cesenaticohotel.com\/de\/hotels\/hotel-atlantica\" \/>\n<meta property=\"og:locale\" content=\"de_DE\" \/>\n<meta property=\"og:type\" content=\"article\" \/>\n<meta property=\"og:title\" content=\"Hotel Atlantica***s in Cesenatico: Hotel f\u00fcr Sportler und Familien\" \/>\n<meta property=\"og:description\" content=\"Das Hotel Atlantica liegt am Meer und hat einen privaten Strand, der \u00fcber einen Innenhof erreichbar ist. All-Inclusive-Service und K\u00fcche f\u00fcr Unvertr\u00e4glichkeiten und Bio.\" \/>\n<meta property=\"og:url\" content=\"https:\/\/www.cesenaticohotel.com\/de\/hotels\/hotel-atlantica\" \/>\n<meta property=\"og:site_name\" content=\"Cesenatico Hotel\" \/>\n<meta property=\"article:modified_time\" content=\"2023-08-22T07:14:10+00:00\" \/>\n<meta property=\"og:image\" content=\"https:\/\/www.cesenaticohotel.com\/wp-content\/uploads\/2023\/05\/immagine-sito.jpg\" \/>\n\t<meta property=\"og:image:width\" content=\"1200\" \/>\n\t<meta property=\"og:image:height\" content=\"675\" \/>\n\t<meta property=\"og:image:type\" content=\"image\/jpeg\" \/>\n<meta name=\"twitter:card\" content=\"summary_large_image\" \/>\n<meta name=\"twitter:label1\" content=\"Gesch\u00e4tzte Lesezeit\" \/>\n\t<meta name=\"twitter:data1\" content=\"1\u00a0Minute\" \/>\n<script type=\"application\/ld+json\" class=\"yoast-schema-graph\">{\"@context\":\"https:\/\/schema.org\",\"@graph\":[{\"@type\":\"WebPage\",\"@id\":\"https:\/\/www.cesenaticohotel.com\/de\/hotels\/hotel-atlantica\",\"url\":\"https:\/\/www.cesenaticohotel.com\/de\/hotels\/hotel-atlantica\",\"name\":\"Hotel Atlantica***s in Cesenatico: Hotel f\u00fcr Sportler und Familien\",\"isPartOf\":{\"@id\":\"https:\/\/www.cesenaticohotel.com\/de#website\"},\"datePublished\":\"2023-04-26T11:17:41+00:00\",\"dateModified\":\"2023-08-22T07:14:10+00:00\",\"description\":\"Das Hotel Atlantica liegt am Meer und hat einen privaten Strand, der \u00fcber einen Innenhof erreichbar ist. All-Inclusive-Service und K\u00fcche f\u00fcr Unvertr\u00e4glichkeiten und Bio.\",\"breadcrumb\":{\"@id\":\"https:\/\/www.cesenaticohotel.com\/de\/hotels\/hotel-atlantica#breadcrumb\"},\"inLanguage\":\"de\",\"potentialAction\":[{\"@type\":\"ReadAction\",\"target\":[\"https:\/\/www.cesenaticohotel.com\/de\/hotels\/hotel-atlantica\"]}]},{\"@type\":\"BreadcrumbList\",\"@id\":\"https:\/\/www.cesenaticohotel.com\/de\/hotels\/hotel-atlantica#breadcrumb\",\"itemListElement\":[{\"@type\":\"ListItem\",\"position\":1,\"name\":\"Home\",\"item\":\"https:\/\/www.cesenaticohotel.com\/de\/homepage\"},{\"@type\":\"ListItem\",\"position\":2,\"name\":\"Hotel\",\"item\":\"https:\/\/www.cesenaticohotel.com\/de\/hotels\"},{\"@type\":\"ListItem\",\"position\":3,\"name\":\"Hotel Atlantica\"}]},{\"@type\":\"WebSite\",\"@id\":\"https:\/\/www.cesenaticohotel.com\/de#website\",\"url\":\"https:\/\/www.cesenaticohotel.com\/de\",\"name\":\"Cesenatico Hotel\",\"description\":\"\",\"publisher\":{\"@id\":\"https:\/\/www.cesenaticohotel.com\/de#organization\"},\"potentialAction\":[{\"@type\":\"SearchAction\",\"target\":{\"@type\":\"EntryPoint\",\"urlTemplate\":\"https:\/\/www.cesenaticohotel.com\/de?s={search_term_string}\"},\"query-input\":{\"@type\":\"PropertyValueSpecification\",\"valueRequired\":true,\"valueName\":\"search_term_string\"}}],\"inLanguage\":\"de\"},{\"@type\":\"Organization\",\"@id\":\"https:\/\/www.cesenaticohotel.com\/de#organization\",\"name\":\"Cesenatico Hotel\",\"url\":\"https:\/\/www.cesenaticohotel.com\/de\",\"logo\":{\"@type\":\"ImageObject\",\"inLanguage\":\"de\",\"@id\":\"https:\/\/www.cesenaticohotel.com\/de#\/schema\/logo\/image\/\",\"url\":\"https:\/\/www.cesenaticohotel.com\/wp-content\/uploads\/2023\/05\/logo-organizzazione.jpg\",\"contentUrl\":\"https:\/\/www.cesenaticohotel.com\/wp-content\/uploads\/2023\/05\/logo-organizzazione.jpg\",\"width\":696,\"height\":696,\"caption\":\"Cesenatico Hotel\"},\"image\":{\"@id\":\"https:\/\/www.cesenaticohotel.com\/de#\/schema\/logo\/image\/\"}}]}<\/script>\n<!-- \/ Yoast SEO plugin. -->","yoast_head_json":{"title":"Hotel Atlantica***s in Cesenatico: Hotel f\u00fcr Sportler und Familien","description":"Das Hotel Atlantica liegt am Meer und hat einen privaten Strand, der \u00fcber einen Innenhof erreichbar ist. All-Inclusive-Service und K\u00fcche f\u00fcr Unvertr\u00e4glichkeiten und Bio.","robots":{"index":"index","follow":"follow","max-snippet":"max-snippet:-1","max-image-preview":"max-image-preview:large","max-video-preview":"max-video-preview:-1"},"canonical":"https:\/\/www.cesenaticohotel.com\/de\/hotels\/hotel-atlantica","og_locale":"de_DE","og_type":"article","og_title":"Hotel Atlantica***s in Cesenatico: Hotel f\u00fcr Sportler und Familien","og_description":"Das Hotel Atlantica liegt am Meer und hat einen privaten Strand, der \u00fcber einen Innenhof erreichbar ist. All-Inclusive-Service und K\u00fcche f\u00fcr Unvertr\u00e4glichkeiten und Bio.","og_url":"https:\/\/www.cesenaticohotel.com\/de\/hotels\/hotel-atlantica","og_site_name":"Cesenatico Hotel","article_modified_time":"2023-08-22T07:14:10+00:00","og_image":[{"width":1200,"height":675,"url":"https:\/\/www.cesenaticohotel.com\/wp-content\/uploads\/2023\/05\/immagine-sito.jpg","type":"image\/jpeg"}],"twitter_card":"summary_large_image","twitter_misc":{"Gesch\u00e4tzte Lesezeit":"1\u00a0Minute"},"schema":{"@context":"https:\/\/schema.org","@graph":[{"@type":"WebPage","@id":"https:\/\/www.cesenaticohotel.com\/de\/hotels\/hotel-atlantica","url":"https:\/\/www.cesenaticohotel.com\/de\/hotels\/hotel-atlantica","name":"Hotel Atlantica***s in Cesenatico: Hotel f\u00fcr Sportler und Familien","isPartOf":{"@id":"https:\/\/www.cesenaticohotel.com\/de#website"},"datePublished":"2023-04-26T11:17:41+00:00","dateModified":"2023-08-22T07:14:10+00:00","description":"Das Hotel Atlantica liegt am Meer und hat einen privaten Strand, der \u00fcber einen Innenhof erreichbar ist. All-Inclusive-Service und K\u00fcche f\u00fcr Unvertr\u00e4glichkeiten und Bio.","breadcrumb":{"@id":"https:\/\/www.cesenaticohotel.com\/de\/hotels\/hotel-atlantica#breadcrumb"},"inLanguage":"de","potentialAction":[{"@type":"ReadAction","target":["https:\/\/www.cesenaticohotel.com\/de\/hotels\/hotel-atlantica"]}]},{"@type":"BreadcrumbList","@id":"https:\/\/www.cesenaticohotel.com\/de\/hotels\/hotel-atlantica#breadcrumb","itemListElement":[{"@type":"ListItem","position":1,"name":"Home","item":"https:\/\/www.cesenaticohotel.com\/de\/homepage"},{"@type":"ListItem","position":2,"name":"Hotel","item":"https:\/\/www.cesenaticohotel.com\/de\/hotels"},{"@type":"ListItem","position":3,"name":"Hotel Atlantica"}]},{"@type":"WebSite","@id":"https:\/\/www.cesenaticohotel.com\/de#website","url":"https:\/\/www.cesenaticohotel.com\/de","name":"Cesenatico Hotel","description":"","publisher":{"@id":"https:\/\/www.cesenaticohotel.com\/de#organization"},"potentialAction":[{"@type":"SearchAction","target":{"@type":"EntryPoint","urlTemplate":"https:\/\/www.cesenaticohotel.com\/de?s={search_term_string}"},"query-input":{"@type":"PropertyValueSpecification","valueRequired":true,"valueName":"search_term_string"}}],"inLanguage":"de"},{"@type":"Organization","@id":"https:\/\/www.cesenaticohotel.com\/de#organization","name":"Cesenatico Hotel","url":"https:\/\/www.cesenaticohotel.com\/de","logo":{"@type":"ImageObject","inLanguage":"de","@id":"https:\/\/www.cesenaticohotel.com\/de#\/schema\/logo\/image\/","url":"https:\/\/www.cesenaticohotel.com\/wp-content\/uploads\/2023\/05\/logo-organizzazione.jpg","contentUrl":"https:\/\/www.cesenaticohotel.com\/wp-content\/uploads\/2023\/05\/logo-organizzazione.jpg","width":696,"height":696,"caption":"Cesenatico Hotel"},"image":{"@id":"https:\/\/www.cesenaticohotel.com\/de#\/schema\/logo\/image\/"}}]}},"_links":{"self":[{"href":"https:\/\/www.cesenaticohotel.com\/de\/wp-json\/wp\/v2\/pages\/1337","targetHints":{"allow":["GET"]}}],"collection":[{"href":"https:\/\/www.cesenaticohotel.com\/de\/wp-json\/wp\/v2\/pages"}],"about":[{"href":"https:\/\/www.cesenaticohotel.com\/de\/wp-json\/wp\/v2\/types\/page"}],"author":[{"embeddable":true,"href":"https:\/\/www.cesenaticohotel.com\/de\/wp-json\/wp\/v2\/users\/1"}],"replies":[{"embeddable":true,"href":"https:\/\/www.cesenaticohotel.com\/de\/wp-json\/wp\/v2\/comments?post=1337"}],"version-history":[{"count":2,"href":"https:\/\/www.cesenaticohotel.com\/de\/wp-json\/wp\/v2\/pages\/1337\/revisions"}],"predecessor-version":[{"id":5982,"href":"https:\/\/www.cesenaticohotel.com\/de\/wp-json\/wp\/v2\/pages\/1337\/revisions\/5982"}],"up":[{"embeddable":true,"href":"https:\/\/www.cesenaticohotel.com\/de\/wp-json\/wp\/v2\/pages\/511"}],"wp:attachment":[{"href":"https:\/\/www.cesenaticohotel.com\/de\/wp-json\/wp\/v2\/media?parent=1337"}],"curies":[{"name":"wp","href":"https:\/\/api.w.org\/{rel}","templated":true}]}}