{"id":164,"date":"2023-04-19T08:53:13","date_gmt":"2023-04-19T06:53:13","guid":{"rendered":"https:\/\/www.cesenaticohotel.com\/hotel-gattuccio"},"modified":"2023-08-22T09:12:32","modified_gmt":"2023-08-22T07:12:32","slug":"hotel-gattuccio","status":"publish","type":"page","link":"https:\/\/www.cesenaticohotel.com\/de\/hotels\/hotel-gattuccio","title":{"rendered":"Hotel Gattuccio"},"content":{"rendered":"\n<p>Das <b>Hotel Gattuccio in Valverde,<\/b> <b>Cesenatico<\/b> befindet sich <b>300 Meter vom Strand<\/b> entfernt in einer bequemen und ruhigen Lage mit viel Gr\u00fcn. Jedes Zimmer hat Zugang zu <b>1 Sonnenschirm und 2 Liegen am Partnerstrand<\/b>, wo auch kleine Haustiere erlaubt sind.<\/p>\n\n\n\n<p>Wenn Sie mit Kindern reisen, finden Sie einen <b>gro\u00dfen Au\u00dfenspielbereich, Babyausstattung<\/b> im Zimmer und im Speisesaal, <b>Babynahrung<\/b> auf Anfrage sowie <b>flexible Essenszeiten<\/b> und <b>Strandanimation.<\/b><\/p>\n\n\n\n<!--more-->\n\n\n\n<p>Das Hotel bietet <b>Halbpension mit einem verst\u00e4rkten Fr\u00fchst\u00fcck<\/b>, das bis 10:30 Uhr serviert wird, und <b>Abendessen<\/b> mit traditionellen Gerichten, immer <b>aus ausgezeichneten Zutaten<\/b>, auch aus der Region (km 0). T\u00e4glich gibt es hausgemachte Pasta, traditionelle romagnolische Gerichte, Fisch, Fleisch und viele vegetarische Optionen. <b>Wasser, Pepsi, Rot- und Wei\u00dfwein sind inbegriffen.<\/b><\/p>\n\n\n\n<p>Das Hotel Gattuccio organisiert w\u00f6chentlich <b>kostenlose Ausfl\u00fcge ins Landesinnere, zur Pferderennbahn von Cesena und Tanzabende<\/b>. Au\u00dferdem gibt es <b>Vereinbarungen<\/b> mit dem nahegelegenen <b>Schwimmbad und Minigolfplatz<\/b> f\u00fcr einen unterhaltsamen und entspannten Urlaub.<\/p>\n\n\n\n<p>Die Unterkunft verf\u00fcgt \u00fcber einen bequemen, umz\u00e4unten <b>Parkplatz<\/b>, der immer zur Verf\u00fcgung steht. <b>Haustiere sind willkommen<\/b>.<\/p>\n","protected":false},"excerpt":{"rendered":"<p>Das Hotel Gattuccio in Valverde, Cesenatico befindet sich 300 Meter vom Strand entfernt in einer bequemen und ruhigen Lage mit viel Gr\u00fcn. Jedes Zimmer hat Zugang zu 1 Sonnenschirm und 2 Liegen am Partnerstrand, wo auch kleine Haustiere erlaubt sind. Wenn Sie mit Kindern reisen, finden Sie einen gro\u00dfen Au\u00dfenspielbereich, Babyausstattung im Zimmer und im &hellip;<\/p>\n","protected":false},"author":1,"featured_media":0,"parent":511,"menu_order":0,"comment_status":"closed","ping_status":"closed","template":"page-templates\/scheda_hotel.php","meta":{"_acf_changed":false,"inline_featured_image":false,"footnotes":""},"class_list":["post-164","page","type-page","status-publish","hentry"],"acf":[],"yoast_head":"<!-- This site is optimized with the Yoast SEO plugin v27.0 - https:\/\/yoast.com\/product\/yoast-seo-wordpress\/ -->\n<title>Hotel Gattuccio*** in Cesenatico: Hotel f\u00fcr Paare und Familien<\/title>\n<meta name=\"description\" content=\"Das Hotel Gattuccio liegt 300 Meter vom Strand entfernt und bietet einen Au\u00dfenspielbereich und Kinderservices, Animation, Parkplatz und Pool. Haustiere sind willkommen.\" \/>\n<meta name=\"robots\" content=\"index, follow, max-snippet:-1, max-image-preview:large, max-video-preview:-1\" \/>\n<link rel=\"canonical\" href=\"https:\/\/www.cesenaticohotel.com\/de\/hotels\/hotel-gattuccio\" \/>\n<meta property=\"og:locale\" content=\"de_DE\" \/>\n<meta property=\"og:type\" content=\"article\" \/>\n<meta property=\"og:title\" content=\"Hotel Gattuccio*** in Cesenatico: Hotel f\u00fcr Paare und Familien\" \/>\n<meta property=\"og:description\" content=\"Das Hotel Gattuccio liegt 300 Meter vom Strand entfernt und bietet einen Au\u00dfenspielbereich und Kinderservices, Animation, Parkplatz und Pool. Haustiere sind willkommen.\" \/>\n<meta property=\"og:url\" content=\"https:\/\/www.cesenaticohotel.com\/de\/hotels\/hotel-gattuccio\" \/>\n<meta property=\"og:site_name\" content=\"Cesenatico Hotel\" \/>\n<meta property=\"article:modified_time\" content=\"2023-08-22T07:12:32+00:00\" \/>\n<meta property=\"og:image\" content=\"https:\/\/www.cesenaticohotel.com\/wp-content\/uploads\/2023\/05\/immagine-sito.jpg\" \/>\n\t<meta property=\"og:image:width\" content=\"1200\" \/>\n\t<meta property=\"og:image:height\" content=\"675\" \/>\n\t<meta property=\"og:image:type\" content=\"image\/jpeg\" \/>\n<meta name=\"twitter:card\" content=\"summary_large_image\" \/>\n<meta name=\"twitter:label1\" content=\"Gesch\u00e4tzte Lesezeit\" \/>\n\t<meta name=\"twitter:data1\" content=\"1\u00a0Minute\" \/>\n<script type=\"application\/ld+json\" class=\"yoast-schema-graph\">{\"@context\":\"https:\/\/schema.org\",\"@graph\":[{\"@type\":\"WebPage\",\"@id\":\"https:\/\/www.cesenaticohotel.com\/de\/hotels\/hotel-gattuccio\",\"url\":\"https:\/\/www.cesenaticohotel.com\/de\/hotels\/hotel-gattuccio\",\"name\":\"Hotel Gattuccio*** in Cesenatico: Hotel f\u00fcr Paare und Familien\",\"isPartOf\":{\"@id\":\"https:\/\/www.cesenaticohotel.com\/de#website\"},\"datePublished\":\"2023-04-19T06:53:13+00:00\",\"dateModified\":\"2023-08-22T07:12:32+00:00\",\"description\":\"Das Hotel Gattuccio liegt 300 Meter vom Strand entfernt und bietet einen Au\u00dfenspielbereich und Kinderservices, Animation, Parkplatz und Pool. Haustiere sind willkommen.\",\"breadcrumb\":{\"@id\":\"https:\/\/www.cesenaticohotel.com\/de\/hotels\/hotel-gattuccio#breadcrumb\"},\"inLanguage\":\"de\",\"potentialAction\":[{\"@type\":\"ReadAction\",\"target\":[\"https:\/\/www.cesenaticohotel.com\/de\/hotels\/hotel-gattuccio\"]}]},{\"@type\":\"BreadcrumbList\",\"@id\":\"https:\/\/www.cesenaticohotel.com\/de\/hotels\/hotel-gattuccio#breadcrumb\",\"itemListElement\":[{\"@type\":\"ListItem\",\"position\":1,\"name\":\"Home\",\"item\":\"https:\/\/www.cesenaticohotel.com\/de\/homepage\"},{\"@type\":\"ListItem\",\"position\":2,\"name\":\"Hotel\",\"item\":\"https:\/\/www.cesenaticohotel.com\/de\/hotels\"},{\"@type\":\"ListItem\",\"position\":3,\"name\":\"Hotel Gattuccio\"}]},{\"@type\":\"WebSite\",\"@id\":\"https:\/\/www.cesenaticohotel.com\/de#website\",\"url\":\"https:\/\/www.cesenaticohotel.com\/de\",\"name\":\"Cesenatico Hotel\",\"description\":\"\",\"publisher\":{\"@id\":\"https:\/\/www.cesenaticohotel.com\/de#organization\"},\"potentialAction\":[{\"@type\":\"SearchAction\",\"target\":{\"@type\":\"EntryPoint\",\"urlTemplate\":\"https:\/\/www.cesenaticohotel.com\/de?s={search_term_string}\"},\"query-input\":{\"@type\":\"PropertyValueSpecification\",\"valueRequired\":true,\"valueName\":\"search_term_string\"}}],\"inLanguage\":\"de\"},{\"@type\":\"Organization\",\"@id\":\"https:\/\/www.cesenaticohotel.com\/de#organization\",\"name\":\"Cesenatico Hotel\",\"url\":\"https:\/\/www.cesenaticohotel.com\/de\",\"logo\":{\"@type\":\"ImageObject\",\"inLanguage\":\"de\",\"@id\":\"https:\/\/www.cesenaticohotel.com\/de#\/schema\/logo\/image\/\",\"url\":\"https:\/\/www.cesenaticohotel.com\/wp-content\/uploads\/2023\/05\/logo-organizzazione.jpg\",\"contentUrl\":\"https:\/\/www.cesenaticohotel.com\/wp-content\/uploads\/2023\/05\/logo-organizzazione.jpg\",\"width\":696,\"height\":696,\"caption\":\"Cesenatico Hotel\"},\"image\":{\"@id\":\"https:\/\/www.cesenaticohotel.com\/de#\/schema\/logo\/image\/\"}}]}<\/script>\n<!-- \/ Yoast SEO plugin. -->","yoast_head_json":{"title":"Hotel Gattuccio*** in Cesenatico: Hotel f\u00fcr Paare und Familien","description":"Das Hotel Gattuccio liegt 300 Meter vom Strand entfernt und bietet einen Au\u00dfenspielbereich und Kinderservices, Animation, Parkplatz und Pool. Haustiere sind willkommen.","robots":{"index":"index","follow":"follow","max-snippet":"max-snippet:-1","max-image-preview":"max-image-preview:large","max-video-preview":"max-video-preview:-1"},"canonical":"https:\/\/www.cesenaticohotel.com\/de\/hotels\/hotel-gattuccio","og_locale":"de_DE","og_type":"article","og_title":"Hotel Gattuccio*** in Cesenatico: Hotel f\u00fcr Paare und Familien","og_description":"Das Hotel Gattuccio liegt 300 Meter vom Strand entfernt und bietet einen Au\u00dfenspielbereich und Kinderservices, Animation, Parkplatz und Pool. Haustiere sind willkommen.","og_url":"https:\/\/www.cesenaticohotel.com\/de\/hotels\/hotel-gattuccio","og_site_name":"Cesenatico Hotel","article_modified_time":"2023-08-22T07:12:32+00:00","og_image":[{"width":1200,"height":675,"url":"https:\/\/www.cesenaticohotel.com\/wp-content\/uploads\/2023\/05\/immagine-sito.jpg","type":"image\/jpeg"}],"twitter_card":"summary_large_image","twitter_misc":{"Gesch\u00e4tzte Lesezeit":"1\u00a0Minute"},"schema":{"@context":"https:\/\/schema.org","@graph":[{"@type":"WebPage","@id":"https:\/\/www.cesenaticohotel.com\/de\/hotels\/hotel-gattuccio","url":"https:\/\/www.cesenaticohotel.com\/de\/hotels\/hotel-gattuccio","name":"Hotel Gattuccio*** in Cesenatico: Hotel f\u00fcr Paare und Familien","isPartOf":{"@id":"https:\/\/www.cesenaticohotel.com\/de#website"},"datePublished":"2023-04-19T06:53:13+00:00","dateModified":"2023-08-22T07:12:32+00:00","description":"Das Hotel Gattuccio liegt 300 Meter vom Strand entfernt und bietet einen Au\u00dfenspielbereich und Kinderservices, Animation, Parkplatz und Pool. Haustiere sind willkommen.","breadcrumb":{"@id":"https:\/\/www.cesenaticohotel.com\/de\/hotels\/hotel-gattuccio#breadcrumb"},"inLanguage":"de","potentialAction":[{"@type":"ReadAction","target":["https:\/\/www.cesenaticohotel.com\/de\/hotels\/hotel-gattuccio"]}]},{"@type":"BreadcrumbList","@id":"https:\/\/www.cesenaticohotel.com\/de\/hotels\/hotel-gattuccio#breadcrumb","itemListElement":[{"@type":"ListItem","position":1,"name":"Home","item":"https:\/\/www.cesenaticohotel.com\/de\/homepage"},{"@type":"ListItem","position":2,"name":"Hotel","item":"https:\/\/www.cesenaticohotel.com\/de\/hotels"},{"@type":"ListItem","position":3,"name":"Hotel Gattuccio"}]},{"@type":"WebSite","@id":"https:\/\/www.cesenaticohotel.com\/de#website","url":"https:\/\/www.cesenaticohotel.com\/de","name":"Cesenatico Hotel","description":"","publisher":{"@id":"https:\/\/www.cesenaticohotel.com\/de#organization"},"potentialAction":[{"@type":"SearchAction","target":{"@type":"EntryPoint","urlTemplate":"https:\/\/www.cesenaticohotel.com\/de?s={search_term_string}"},"query-input":{"@type":"PropertyValueSpecification","valueRequired":true,"valueName":"search_term_string"}}],"inLanguage":"de"},{"@type":"Organization","@id":"https:\/\/www.cesenaticohotel.com\/de#organization","name":"Cesenatico Hotel","url":"https:\/\/www.cesenaticohotel.com\/de","logo":{"@type":"ImageObject","inLanguage":"de","@id":"https:\/\/www.cesenaticohotel.com\/de#\/schema\/logo\/image\/","url":"https:\/\/www.cesenaticohotel.com\/wp-content\/uploads\/2023\/05\/logo-organizzazione.jpg","contentUrl":"https:\/\/www.cesenaticohotel.com\/wp-content\/uploads\/2023\/05\/logo-organizzazione.jpg","width":696,"height":696,"caption":"Cesenatico Hotel"},"image":{"@id":"https:\/\/www.cesenaticohotel.com\/de#\/schema\/logo\/image\/"}}]}},"_links":{"self":[{"href":"https:\/\/www.cesenaticohotel.com\/de\/wp-json\/wp\/v2\/pages\/164","targetHints":{"allow":["GET"]}}],"collection":[{"href":"https:\/\/www.cesenaticohotel.com\/de\/wp-json\/wp\/v2\/pages"}],"about":[{"href":"https:\/\/www.cesenaticohotel.com\/de\/wp-json\/wp\/v2\/types\/page"}],"author":[{"embeddable":true,"href":"https:\/\/www.cesenaticohotel.com\/de\/wp-json\/wp\/v2\/users\/1"}],"replies":[{"embeddable":true,"href":"https:\/\/www.cesenaticohotel.com\/de\/wp-json\/wp\/v2\/comments?post=164"}],"version-history":[{"count":2,"href":"https:\/\/www.cesenaticohotel.com\/de\/wp-json\/wp\/v2\/pages\/164\/revisions"}],"predecessor-version":[{"id":5864,"href":"https:\/\/www.cesenaticohotel.com\/de\/wp-json\/wp\/v2\/pages\/164\/revisions\/5864"}],"up":[{"embeddable":true,"href":"https:\/\/www.cesenaticohotel.com\/de\/wp-json\/wp\/v2\/pages\/511"}],"wp:attachment":[{"href":"https:\/\/www.cesenaticohotel.com\/de\/wp-json\/wp\/v2\/media?parent=164"}],"curies":[{"name":"wp","href":"https:\/\/api.w.org\/{rel}","templated":true}]}}