{"id":169,"date":"2023-04-19T09:15:41","date_gmt":"2023-04-19T07:15:41","guid":{"rendered":"https:\/\/www.cesenaticohotel.com\/hotel\/hotel-croce-del-sud"},"modified":"2023-08-22T09:12:33","modified_gmt":"2023-08-22T07:12:33","slug":"hotel-croce-del-sud","status":"publish","type":"page","link":"https:\/\/www.cesenaticohotel.com\/de\/hotels\/hotel-croce-del-sud","title":{"rendered":"Hotel Croce del Sud"},"content":{"rendered":"\n<p>Das <b>Hotel Croce del Sud in Cesenatico<\/b> liegt <b>30 Meter von der Westk\u00fcste<\/b> und dem Partnerstrand entfernt. Dank seiner <b>optimalen Lage<\/b> erreichen Sie zu Fu\u00df oder mit den <b>kostenlosen Fahrr\u00e4dern<\/b> auch das lebendige Zentrum von Cesenatico mit dem Leonardesco-Kanalhafen, den Gesch\u00e4ften und Lokalen.<\/p>\n\n\n\n<!--more-->\n\n\n\n<p>Die <b>kulinarische Erfahrung<\/b> ist einer der H\u00f6hepunkte des Hotels: sorgf\u00e4ltig ausgew\u00e4hlte Zutaten, traditionelle Rezepte mit einem Hauch von Modernit\u00e4t, echte Aromen und st\u00e4ndige Forschung bilden die Grundlage f\u00fcr jedes Gericht. Das <b>Fr\u00fchst\u00fcck ist ein Buffet<\/b> mit hausgemachten Spezialit\u00e4ten wie Kuchen, Kekse, Pancakes, Cremes und herzhaften Alternativen. <b>Zu Mittag und Abendessen<\/b> fehlen k\u00f6stliche Vorspeisen, ausgezeichnete erste G\u00e4nge, frischer lokaler Fisch, verschiedene Gem\u00fcsesorten und Fleisch nicht. F\u00fcr Kinder gibt es <b>Kindergerichte<\/b> und einen <b>Babynahrungsbereich<\/b>.<\/p>\n\n\n\n<p>W\u00f6chentlich wird eine <b>Romagna-Party<\/b> veranstaltet, bei der Sie das Beste der regionalen Wein- und Gastronomieangebote kennenlernen k\u00f6nnen, wie z. B. Sangiovese-Wein, Piadina, Crescioni, Squacquerone, frittierter Fisch aus der Adria, lokale Wurstwaren, begleitet von traditioneller Musik und Tanz.<\/p>\n\n\n\n<p>Das Hotel Croce del Sud bietet <b>Zimmer mit Meerblick,<\/b> einen privaten <b>Parkplatz<\/b>, eine Hotelbar und <b>Haustierfreundlichkeit<\/b>.<\/p>\n","protected":false},"excerpt":{"rendered":"<p>Das Hotel Croce del Sud in Cesenatico liegt 30 Meter von der Westk\u00fcste und dem Partnerstrand entfernt. Dank seiner optimalen Lage erreichen Sie zu Fu\u00df oder mit den kostenlosen Fahrr\u00e4dern auch das lebendige Zentrum von Cesenatico mit dem Leonardesco-Kanalhafen, den Gesch\u00e4ften und Lokalen.<\/p>\n","protected":false},"author":1,"featured_media":0,"parent":511,"menu_order":0,"comment_status":"closed","ping_status":"closed","template":"page-templates\/scheda_hotel.php","meta":{"_acf_changed":false,"inline_featured_image":false,"footnotes":""},"class_list":["post-169","page","type-page","status-publish","hentry"],"acf":[],"yoast_head":"<!-- This site is optimized with the Yoast SEO plugin v27.0 - https:\/\/yoast.com\/product\/yoast-seo-wordpress\/ -->\n<title>Hotel Croce del Sud*** in Cesenatico: Hotel f\u00fcr Paare und Familien<\/title>\n<meta name=\"description\" content=\"Das Hotel Croce del Sud befindet sich nur 30 Meter vom vereinbarten Strand entfernt und verf\u00fcgt \u00fcber Zimmer mit Meerblick. Kostenlose Fahrr\u00e4der und privater Parkplatz.\" \/>\n<meta name=\"robots\" content=\"index, follow, max-snippet:-1, max-image-preview:large, max-video-preview:-1\" \/>\n<link rel=\"canonical\" href=\"https:\/\/www.cesenaticohotel.com\/de\/hotels\/hotel-croce-del-sud\" \/>\n<meta property=\"og:locale\" content=\"de_DE\" \/>\n<meta property=\"og:type\" content=\"article\" \/>\n<meta property=\"og:title\" content=\"Hotel Croce del Sud*** in Cesenatico: Hotel f\u00fcr Paare und Familien\" \/>\n<meta property=\"og:description\" content=\"Das Hotel Croce del Sud befindet sich nur 30 Meter vom vereinbarten Strand entfernt und verf\u00fcgt \u00fcber Zimmer mit Meerblick. Kostenlose Fahrr\u00e4der und privater Parkplatz.\" \/>\n<meta property=\"og:url\" content=\"https:\/\/www.cesenaticohotel.com\/de\/hotels\/hotel-croce-del-sud\" \/>\n<meta property=\"og:site_name\" content=\"Cesenatico Hotel\" \/>\n<meta property=\"article:modified_time\" content=\"2023-08-22T07:12:33+00:00\" \/>\n<meta property=\"og:image\" content=\"https:\/\/www.cesenaticohotel.com\/wp-content\/uploads\/2023\/05\/immagine-sito.jpg\" \/>\n\t<meta property=\"og:image:width\" content=\"1200\" \/>\n\t<meta property=\"og:image:height\" content=\"675\" \/>\n\t<meta property=\"og:image:type\" content=\"image\/jpeg\" \/>\n<meta name=\"twitter:card\" content=\"summary_large_image\" \/>\n<meta name=\"twitter:label1\" content=\"Gesch\u00e4tzte Lesezeit\" \/>\n\t<meta name=\"twitter:data1\" content=\"1\u00a0Minute\" \/>\n<script type=\"application\/ld+json\" class=\"yoast-schema-graph\">{\"@context\":\"https:\/\/schema.org\",\"@graph\":[{\"@type\":\"WebPage\",\"@id\":\"https:\/\/www.cesenaticohotel.com\/de\/hotels\/hotel-croce-del-sud\",\"url\":\"https:\/\/www.cesenaticohotel.com\/de\/hotels\/hotel-croce-del-sud\",\"name\":\"Hotel Croce del Sud*** in Cesenatico: Hotel f\u00fcr Paare und Familien\",\"isPartOf\":{\"@id\":\"https:\/\/www.cesenaticohotel.com\/de#website\"},\"datePublished\":\"2023-04-19T07:15:41+00:00\",\"dateModified\":\"2023-08-22T07:12:33+00:00\",\"description\":\"Das Hotel Croce del Sud befindet sich nur 30 Meter vom vereinbarten Strand entfernt und verf\u00fcgt \u00fcber Zimmer mit Meerblick. Kostenlose Fahrr\u00e4der und privater Parkplatz.\",\"breadcrumb\":{\"@id\":\"https:\/\/www.cesenaticohotel.com\/de\/hotels\/hotel-croce-del-sud#breadcrumb\"},\"inLanguage\":\"de\",\"potentialAction\":[{\"@type\":\"ReadAction\",\"target\":[\"https:\/\/www.cesenaticohotel.com\/de\/hotels\/hotel-croce-del-sud\"]}]},{\"@type\":\"BreadcrumbList\",\"@id\":\"https:\/\/www.cesenaticohotel.com\/de\/hotels\/hotel-croce-del-sud#breadcrumb\",\"itemListElement\":[{\"@type\":\"ListItem\",\"position\":1,\"name\":\"Home\",\"item\":\"https:\/\/www.cesenaticohotel.com\/de\/homepage\"},{\"@type\":\"ListItem\",\"position\":2,\"name\":\"Hotel\",\"item\":\"https:\/\/www.cesenaticohotel.com\/de\/hotels\"},{\"@type\":\"ListItem\",\"position\":3,\"name\":\"Hotel Croce del Sud\"}]},{\"@type\":\"WebSite\",\"@id\":\"https:\/\/www.cesenaticohotel.com\/de#website\",\"url\":\"https:\/\/www.cesenaticohotel.com\/de\",\"name\":\"Cesenatico Hotel\",\"description\":\"\",\"publisher\":{\"@id\":\"https:\/\/www.cesenaticohotel.com\/de#organization\"},\"potentialAction\":[{\"@type\":\"SearchAction\",\"target\":{\"@type\":\"EntryPoint\",\"urlTemplate\":\"https:\/\/www.cesenaticohotel.com\/de?s={search_term_string}\"},\"query-input\":{\"@type\":\"PropertyValueSpecification\",\"valueRequired\":true,\"valueName\":\"search_term_string\"}}],\"inLanguage\":\"de\"},{\"@type\":\"Organization\",\"@id\":\"https:\/\/www.cesenaticohotel.com\/de#organization\",\"name\":\"Cesenatico Hotel\",\"url\":\"https:\/\/www.cesenaticohotel.com\/de\",\"logo\":{\"@type\":\"ImageObject\",\"inLanguage\":\"de\",\"@id\":\"https:\/\/www.cesenaticohotel.com\/de#\/schema\/logo\/image\/\",\"url\":\"https:\/\/www.cesenaticohotel.com\/wp-content\/uploads\/2023\/05\/logo-organizzazione.jpg\",\"contentUrl\":\"https:\/\/www.cesenaticohotel.com\/wp-content\/uploads\/2023\/05\/logo-organizzazione.jpg\",\"width\":696,\"height\":696,\"caption\":\"Cesenatico Hotel\"},\"image\":{\"@id\":\"https:\/\/www.cesenaticohotel.com\/de#\/schema\/logo\/image\/\"}}]}<\/script>\n<!-- \/ Yoast SEO plugin. -->","yoast_head_json":{"title":"Hotel Croce del Sud*** in Cesenatico: Hotel f\u00fcr Paare und Familien","description":"Das Hotel Croce del Sud befindet sich nur 30 Meter vom vereinbarten Strand entfernt und verf\u00fcgt \u00fcber Zimmer mit Meerblick. Kostenlose Fahrr\u00e4der und privater Parkplatz.","robots":{"index":"index","follow":"follow","max-snippet":"max-snippet:-1","max-image-preview":"max-image-preview:large","max-video-preview":"max-video-preview:-1"},"canonical":"https:\/\/www.cesenaticohotel.com\/de\/hotels\/hotel-croce-del-sud","og_locale":"de_DE","og_type":"article","og_title":"Hotel Croce del Sud*** in Cesenatico: Hotel f\u00fcr Paare und Familien","og_description":"Das Hotel Croce del Sud befindet sich nur 30 Meter vom vereinbarten Strand entfernt und verf\u00fcgt \u00fcber Zimmer mit Meerblick. Kostenlose Fahrr\u00e4der und privater Parkplatz.","og_url":"https:\/\/www.cesenaticohotel.com\/de\/hotels\/hotel-croce-del-sud","og_site_name":"Cesenatico Hotel","article_modified_time":"2023-08-22T07:12:33+00:00","og_image":[{"width":1200,"height":675,"url":"https:\/\/www.cesenaticohotel.com\/wp-content\/uploads\/2023\/05\/immagine-sito.jpg","type":"image\/jpeg"}],"twitter_card":"summary_large_image","twitter_misc":{"Gesch\u00e4tzte Lesezeit":"1\u00a0Minute"},"schema":{"@context":"https:\/\/schema.org","@graph":[{"@type":"WebPage","@id":"https:\/\/www.cesenaticohotel.com\/de\/hotels\/hotel-croce-del-sud","url":"https:\/\/www.cesenaticohotel.com\/de\/hotels\/hotel-croce-del-sud","name":"Hotel Croce del Sud*** in Cesenatico: Hotel f\u00fcr Paare und Familien","isPartOf":{"@id":"https:\/\/www.cesenaticohotel.com\/de#website"},"datePublished":"2023-04-19T07:15:41+00:00","dateModified":"2023-08-22T07:12:33+00:00","description":"Das Hotel Croce del Sud befindet sich nur 30 Meter vom vereinbarten Strand entfernt und verf\u00fcgt \u00fcber Zimmer mit Meerblick. Kostenlose Fahrr\u00e4der und privater Parkplatz.","breadcrumb":{"@id":"https:\/\/www.cesenaticohotel.com\/de\/hotels\/hotel-croce-del-sud#breadcrumb"},"inLanguage":"de","potentialAction":[{"@type":"ReadAction","target":["https:\/\/www.cesenaticohotel.com\/de\/hotels\/hotel-croce-del-sud"]}]},{"@type":"BreadcrumbList","@id":"https:\/\/www.cesenaticohotel.com\/de\/hotels\/hotel-croce-del-sud#breadcrumb","itemListElement":[{"@type":"ListItem","position":1,"name":"Home","item":"https:\/\/www.cesenaticohotel.com\/de\/homepage"},{"@type":"ListItem","position":2,"name":"Hotel","item":"https:\/\/www.cesenaticohotel.com\/de\/hotels"},{"@type":"ListItem","position":3,"name":"Hotel Croce del Sud"}]},{"@type":"WebSite","@id":"https:\/\/www.cesenaticohotel.com\/de#website","url":"https:\/\/www.cesenaticohotel.com\/de","name":"Cesenatico Hotel","description":"","publisher":{"@id":"https:\/\/www.cesenaticohotel.com\/de#organization"},"potentialAction":[{"@type":"SearchAction","target":{"@type":"EntryPoint","urlTemplate":"https:\/\/www.cesenaticohotel.com\/de?s={search_term_string}"},"query-input":{"@type":"PropertyValueSpecification","valueRequired":true,"valueName":"search_term_string"}}],"inLanguage":"de"},{"@type":"Organization","@id":"https:\/\/www.cesenaticohotel.com\/de#organization","name":"Cesenatico Hotel","url":"https:\/\/www.cesenaticohotel.com\/de","logo":{"@type":"ImageObject","inLanguage":"de","@id":"https:\/\/www.cesenaticohotel.com\/de#\/schema\/logo\/image\/","url":"https:\/\/www.cesenaticohotel.com\/wp-content\/uploads\/2023\/05\/logo-organizzazione.jpg","contentUrl":"https:\/\/www.cesenaticohotel.com\/wp-content\/uploads\/2023\/05\/logo-organizzazione.jpg","width":696,"height":696,"caption":"Cesenatico Hotel"},"image":{"@id":"https:\/\/www.cesenaticohotel.com\/de#\/schema\/logo\/image\/"}}]}},"_links":{"self":[{"href":"https:\/\/www.cesenaticohotel.com\/de\/wp-json\/wp\/v2\/pages\/169","targetHints":{"allow":["GET"]}}],"collection":[{"href":"https:\/\/www.cesenaticohotel.com\/de\/wp-json\/wp\/v2\/pages"}],"about":[{"href":"https:\/\/www.cesenaticohotel.com\/de\/wp-json\/wp\/v2\/types\/page"}],"author":[{"embeddable":true,"href":"https:\/\/www.cesenaticohotel.com\/de\/wp-json\/wp\/v2\/users\/1"}],"replies":[{"embeddable":true,"href":"https:\/\/www.cesenaticohotel.com\/de\/wp-json\/wp\/v2\/comments?post=169"}],"version-history":[{"count":2,"href":"https:\/\/www.cesenaticohotel.com\/de\/wp-json\/wp\/v2\/pages\/169\/revisions"}],"predecessor-version":[{"id":5865,"href":"https:\/\/www.cesenaticohotel.com\/de\/wp-json\/wp\/v2\/pages\/169\/revisions\/5865"}],"up":[{"embeddable":true,"href":"https:\/\/www.cesenaticohotel.com\/de\/wp-json\/wp\/v2\/pages\/511"}],"wp:attachment":[{"href":"https:\/\/www.cesenaticohotel.com\/de\/wp-json\/wp\/v2\/media?parent=169"}],"curies":[{"name":"wp","href":"https:\/\/api.w.org\/{rel}","templated":true}]}}