{"id":1980,"date":"2023-04-26T15:27:05","date_gmt":"2023-04-26T13:27:05","guid":{"rendered":"https:\/\/www.cesenaticohotel.com\/hotels\/hootel-roxy-beach"},"modified":"2023-08-22T09:14:20","modified_gmt":"2023-08-22T07:14:20","slug":"hotel-roxy-beach","status":"publish","type":"page","link":"https:\/\/www.cesenaticohotel.com\/de\/hotels\/hotel-roxy-beach","title":{"rendered":"Hotel Roxy &#038; Beach"},"content":{"rendered":"\n<p>Das <b>Hotel Roxy &amp; Beach<\/b> verf\u00fcgt \u00fcber einen <b>direkten Zugang zum eigenen Privatstrand<\/b>, den du ohne \u00dcberquerung erreichen kannst. Ein modernes und ruhiges Resort, das dir zur Verf\u00fcgung steht, mit Animation und einem Spielbereich f\u00fcr Kinder.<\/p>\n\n\n\n<!--more-->\n\n\n\n<p>Im Hotel gibt es einen gro\u00dfen und wundersch\u00f6nen <b>Pool mit zwei verschiedenen H\u00f6henstufe<\/b>n, der immer von einem Bademeister \u00fcberwacht wird. Er ist ideal f\u00fcr Erwachsene und Kinder, die sicher schwimmen k\u00f6nnen.<\/p>\n\n\n\n<p>Das Roxy &amp; Beach ist ein <b>Familienhotel<\/b> mit speziell auf Familien im Urlaub zugeschnittenen Dienstleistungen: <b>Mini Club f\u00fcr Kinder von 3 bis 12 Jahren<\/b> mit professioneller Animation am Strand, Pool und im Hotel; leckere <b>Nachmittagssnacks<\/b> mit hausgemachten K\u00f6stlichkeiten; <b>Kindermen\u00fcs, Babynahrung<\/b>, Hochst\u00fchle und spezielles Besteck; ein Kit im Zimmer. So haben Kinder zu jeder Tageszeit Spa\u00df mit spielerischen und kreativen Aktivit\u00e4ten, w\u00e4hrend die Erwachsenen sich entspannen k\u00f6nnen.<\/p>\n\n\n\n<p>Wenn du Leidenschaft f\u00fcr <b>Sporturlaube<\/b> hast, kannst du im Roxy &amp; Beach dein Fahrrad mit ins Zimmer nehmen oder es im sicheren Fahrradraum lassen. Au\u00dferdem gibt es eine kleine Werkstatt, W\u00e4scheservice f\u00fcr technische Kleidung und die M\u00f6glichkeit, ein Lunchpaket zu bekommen.<\/p>\n\n\n\n<p>Mit der <b>Halbpension Plus<\/b> kannst du auch beim Essen die Ruhe genie\u00dfen und deine Mahlzeiten in gro\u00dfz\u00fcgigen Zeiten einnehmen. Das <b>Fr\u00fchst\u00fccksbuffet <\/b>wird von 7:30 bis 11:00 Uhr im Meerzimmer serviert; zum <b>Abendessen<\/b> genie\u00dfe das Beste der romagnolischen K\u00fcche, mit hochwertigen, vorwiegend lokalen Zutaten, saisonalem Gem\u00fcse und Gew\u00fcrzen aus dem Kr\u00e4utergarten. Es wird w\u00f6chentlich ein Themenabend organisiert. Kinder bis 10 Jahre k\u00f6nnen kostenlos mit den Animatoren zu Mittag essen; Erwachsene k\u00f6nnen <b>leckere \u00c0-la-carte-Gerichte<\/b> bestellen und sich am Strand, unter dem Pavillon oder in der Bar-Bereich aufhalten.<\/p>\n","protected":false},"excerpt":{"rendered":"<p>Das Hotel Roxy &amp; Beach verf\u00fcgt \u00fcber einen direkten Zugang zum eigenen Privatstrand, den du ohne \u00dcberquerung erreichen kannst. Ein modernes und ruhiges Resort, das dir zur Verf\u00fcgung steht, mit Animation und einem Spielbereich f\u00fcr Kinder.<\/p>\n","protected":false},"author":1,"featured_media":0,"parent":511,"menu_order":0,"comment_status":"closed","ping_status":"closed","template":"page-templates\/scheda_hotel.php","meta":{"_acf_changed":false,"inline_featured_image":false,"footnotes":""},"class_list":["post-1980","page","type-page","status-publish","hentry"],"acf":[],"yoast_head":"<!-- This site is optimized with the Yoast SEO plugin v27.0 - https:\/\/yoast.com\/product\/yoast-seo-wordpress\/ -->\n<title>Hotel Roxy &amp; Beach*** in Cesenatico: Hotel f\u00fcr Sportler und Familien<\/title>\n<meta name=\"description\" content=\"Das Hotel Roxy &amp; Beach bietet Zimmer mit Meerblick und einen privaten Strand mit direktem Zugang. Gro\u00dfer Pool, Miniclub und Haustiere willkommen.\" \/>\n<meta name=\"robots\" content=\"index, follow, max-snippet:-1, max-image-preview:large, max-video-preview:-1\" \/>\n<link rel=\"canonical\" href=\"https:\/\/www.cesenaticohotel.com\/de\/hotels\/hotel-roxy-beach\" \/>\n<meta property=\"og:locale\" content=\"de_DE\" \/>\n<meta property=\"og:type\" content=\"article\" \/>\n<meta property=\"og:title\" content=\"Hotel Roxy &amp; Beach*** in Cesenatico: Hotel f\u00fcr Sportler und Familien\" \/>\n<meta property=\"og:description\" content=\"Das Hotel Roxy &amp; Beach bietet Zimmer mit Meerblick und einen privaten Strand mit direktem Zugang. Gro\u00dfer Pool, Miniclub und Haustiere willkommen.\" \/>\n<meta property=\"og:url\" content=\"https:\/\/www.cesenaticohotel.com\/de\/hotels\/hotel-roxy-beach\" \/>\n<meta property=\"og:site_name\" content=\"Cesenatico Hotel\" \/>\n<meta property=\"article:modified_time\" content=\"2023-08-22T07:14:20+00:00\" \/>\n<meta property=\"og:image\" content=\"https:\/\/www.cesenaticohotel.com\/wp-content\/uploads\/2023\/05\/immagine-sito.jpg\" \/>\n\t<meta property=\"og:image:width\" content=\"1200\" \/>\n\t<meta property=\"og:image:height\" content=\"675\" \/>\n\t<meta property=\"og:image:type\" content=\"image\/jpeg\" \/>\n<meta name=\"twitter:card\" content=\"summary_large_image\" \/>\n<script type=\"application\/ld+json\" class=\"yoast-schema-graph\">{\"@context\":\"https:\/\/schema.org\",\"@graph\":[{\"@type\":\"WebPage\",\"@id\":\"https:\/\/www.cesenaticohotel.com\/de\/hotels\/hotel-roxy-beach\",\"url\":\"https:\/\/www.cesenaticohotel.com\/de\/hotels\/hotel-roxy-beach\",\"name\":\"Hotel Roxy & Beach*** in Cesenatico: Hotel f\u00fcr Sportler und Familien\",\"isPartOf\":{\"@id\":\"https:\/\/www.cesenaticohotel.com\/de#website\"},\"datePublished\":\"2023-04-26T13:27:05+00:00\",\"dateModified\":\"2023-08-22T07:14:20+00:00\",\"description\":\"Das Hotel Roxy & Beach bietet Zimmer mit Meerblick und einen privaten Strand mit direktem Zugang. Gro\u00dfer Pool, Miniclub und Haustiere willkommen.\",\"breadcrumb\":{\"@id\":\"https:\/\/www.cesenaticohotel.com\/de\/hotels\/hotel-roxy-beach#breadcrumb\"},\"inLanguage\":\"de\",\"potentialAction\":[{\"@type\":\"ReadAction\",\"target\":[\"https:\/\/www.cesenaticohotel.com\/de\/hotels\/hotel-roxy-beach\"]}]},{\"@type\":\"BreadcrumbList\",\"@id\":\"https:\/\/www.cesenaticohotel.com\/de\/hotels\/hotel-roxy-beach#breadcrumb\",\"itemListElement\":[{\"@type\":\"ListItem\",\"position\":1,\"name\":\"Home\",\"item\":\"https:\/\/www.cesenaticohotel.com\/de\/homepage\"},{\"@type\":\"ListItem\",\"position\":2,\"name\":\"Hotel\",\"item\":\"https:\/\/www.cesenaticohotel.com\/de\/hotels\"},{\"@type\":\"ListItem\",\"position\":3,\"name\":\"Hotel Roxy &#038; Beach\"}]},{\"@type\":\"WebSite\",\"@id\":\"https:\/\/www.cesenaticohotel.com\/de#website\",\"url\":\"https:\/\/www.cesenaticohotel.com\/de\",\"name\":\"Cesenatico Hotel\",\"description\":\"\",\"publisher\":{\"@id\":\"https:\/\/www.cesenaticohotel.com\/de#organization\"},\"potentialAction\":[{\"@type\":\"SearchAction\",\"target\":{\"@type\":\"EntryPoint\",\"urlTemplate\":\"https:\/\/www.cesenaticohotel.com\/de?s={search_term_string}\"},\"query-input\":{\"@type\":\"PropertyValueSpecification\",\"valueRequired\":true,\"valueName\":\"search_term_string\"}}],\"inLanguage\":\"de\"},{\"@type\":\"Organization\",\"@id\":\"https:\/\/www.cesenaticohotel.com\/de#organization\",\"name\":\"Cesenatico Hotel\",\"url\":\"https:\/\/www.cesenaticohotel.com\/de\",\"logo\":{\"@type\":\"ImageObject\",\"inLanguage\":\"de\",\"@id\":\"https:\/\/www.cesenaticohotel.com\/de#\/schema\/logo\/image\/\",\"url\":\"https:\/\/www.cesenaticohotel.com\/wp-content\/uploads\/2023\/05\/logo-organizzazione.jpg\",\"contentUrl\":\"https:\/\/www.cesenaticohotel.com\/wp-content\/uploads\/2023\/05\/logo-organizzazione.jpg\",\"width\":696,\"height\":696,\"caption\":\"Cesenatico Hotel\"},\"image\":{\"@id\":\"https:\/\/www.cesenaticohotel.com\/de#\/schema\/logo\/image\/\"}}]}<\/script>\n<!-- \/ Yoast SEO plugin. -->","yoast_head_json":{"title":"Hotel Roxy & Beach*** in Cesenatico: Hotel f\u00fcr Sportler und Familien","description":"Das Hotel Roxy & Beach bietet Zimmer mit Meerblick und einen privaten Strand mit direktem Zugang. Gro\u00dfer Pool, Miniclub und Haustiere willkommen.","robots":{"index":"index","follow":"follow","max-snippet":"max-snippet:-1","max-image-preview":"max-image-preview:large","max-video-preview":"max-video-preview:-1"},"canonical":"https:\/\/www.cesenaticohotel.com\/de\/hotels\/hotel-roxy-beach","og_locale":"de_DE","og_type":"article","og_title":"Hotel Roxy & Beach*** in Cesenatico: Hotel f\u00fcr Sportler und Familien","og_description":"Das Hotel Roxy & Beach bietet Zimmer mit Meerblick und einen privaten Strand mit direktem Zugang. Gro\u00dfer Pool, Miniclub und Haustiere willkommen.","og_url":"https:\/\/www.cesenaticohotel.com\/de\/hotels\/hotel-roxy-beach","og_site_name":"Cesenatico Hotel","article_modified_time":"2023-08-22T07:14:20+00:00","og_image":[{"width":1200,"height":675,"url":"https:\/\/www.cesenaticohotel.com\/wp-content\/uploads\/2023\/05\/immagine-sito.jpg","type":"image\/jpeg"}],"twitter_card":"summary_large_image","schema":{"@context":"https:\/\/schema.org","@graph":[{"@type":"WebPage","@id":"https:\/\/www.cesenaticohotel.com\/de\/hotels\/hotel-roxy-beach","url":"https:\/\/www.cesenaticohotel.com\/de\/hotels\/hotel-roxy-beach","name":"Hotel Roxy & Beach*** in Cesenatico: Hotel f\u00fcr Sportler und Familien","isPartOf":{"@id":"https:\/\/www.cesenaticohotel.com\/de#website"},"datePublished":"2023-04-26T13:27:05+00:00","dateModified":"2023-08-22T07:14:20+00:00","description":"Das Hotel Roxy & Beach bietet Zimmer mit Meerblick und einen privaten Strand mit direktem Zugang. Gro\u00dfer Pool, Miniclub und Haustiere willkommen.","breadcrumb":{"@id":"https:\/\/www.cesenaticohotel.com\/de\/hotels\/hotel-roxy-beach#breadcrumb"},"inLanguage":"de","potentialAction":[{"@type":"ReadAction","target":["https:\/\/www.cesenaticohotel.com\/de\/hotels\/hotel-roxy-beach"]}]},{"@type":"BreadcrumbList","@id":"https:\/\/www.cesenaticohotel.com\/de\/hotels\/hotel-roxy-beach#breadcrumb","itemListElement":[{"@type":"ListItem","position":1,"name":"Home","item":"https:\/\/www.cesenaticohotel.com\/de\/homepage"},{"@type":"ListItem","position":2,"name":"Hotel","item":"https:\/\/www.cesenaticohotel.com\/de\/hotels"},{"@type":"ListItem","position":3,"name":"Hotel Roxy &#038; Beach"}]},{"@type":"WebSite","@id":"https:\/\/www.cesenaticohotel.com\/de#website","url":"https:\/\/www.cesenaticohotel.com\/de","name":"Cesenatico Hotel","description":"","publisher":{"@id":"https:\/\/www.cesenaticohotel.com\/de#organization"},"potentialAction":[{"@type":"SearchAction","target":{"@type":"EntryPoint","urlTemplate":"https:\/\/www.cesenaticohotel.com\/de?s={search_term_string}"},"query-input":{"@type":"PropertyValueSpecification","valueRequired":true,"valueName":"search_term_string"}}],"inLanguage":"de"},{"@type":"Organization","@id":"https:\/\/www.cesenaticohotel.com\/de#organization","name":"Cesenatico Hotel","url":"https:\/\/www.cesenaticohotel.com\/de","logo":{"@type":"ImageObject","inLanguage":"de","@id":"https:\/\/www.cesenaticohotel.com\/de#\/schema\/logo\/image\/","url":"https:\/\/www.cesenaticohotel.com\/wp-content\/uploads\/2023\/05\/logo-organizzazione.jpg","contentUrl":"https:\/\/www.cesenaticohotel.com\/wp-content\/uploads\/2023\/05\/logo-organizzazione.jpg","width":696,"height":696,"caption":"Cesenatico Hotel"},"image":{"@id":"https:\/\/www.cesenaticohotel.com\/de#\/schema\/logo\/image\/"}}]}},"_links":{"self":[{"href":"https:\/\/www.cesenaticohotel.com\/de\/wp-json\/wp\/v2\/pages\/1980","targetHints":{"allow":["GET"]}}],"collection":[{"href":"https:\/\/www.cesenaticohotel.com\/de\/wp-json\/wp\/v2\/pages"}],"about":[{"href":"https:\/\/www.cesenaticohotel.com\/de\/wp-json\/wp\/v2\/types\/page"}],"author":[{"embeddable":true,"href":"https:\/\/www.cesenaticohotel.com\/de\/wp-json\/wp\/v2\/users\/1"}],"replies":[{"embeddable":true,"href":"https:\/\/www.cesenaticohotel.com\/de\/wp-json\/wp\/v2\/comments?post=1980"}],"version-history":[{"count":3,"href":"https:\/\/www.cesenaticohotel.com\/de\/wp-json\/wp\/v2\/pages\/1980\/revisions"}],"predecessor-version":[{"id":5995,"href":"https:\/\/www.cesenaticohotel.com\/de\/wp-json\/wp\/v2\/pages\/1980\/revisions\/5995"}],"up":[{"embeddable":true,"href":"https:\/\/www.cesenaticohotel.com\/de\/wp-json\/wp\/v2\/pages\/511"}],"wp:attachment":[{"href":"https:\/\/www.cesenaticohotel.com\/de\/wp-json\/wp\/v2\/media?parent=1980"}],"curies":[{"name":"wp","href":"https:\/\/api.w.org\/{rel}","templated":true}]}}