{"id":242,"date":"2023-04-19T10:54:50","date_gmt":"2023-04-19T08:54:50","guid":{"rendered":"https:\/\/www.cesenaticohotel.com\/hotel\/hotel-stefania"},"modified":"2023-08-22T09:12:36","modified_gmt":"2023-08-22T07:12:36","slug":"hotel-stefania","status":"publish","type":"page","link":"https:\/\/www.cesenaticohotel.com\/de\/hotels\/hotel-stefania","title":{"rendered":"Hotel Stefania"},"content":{"rendered":"\n<p>Das <b>Hotel Stefania<\/b> befindet sich in zentraler Lage <b>direkt an der Strandpromenade von Cesenatico<\/b>. Der Zugang zum Strand ist direkt, aber wenn Sie m\u00f6chten, k\u00f6nnen Sie im Hotel bleiben und den <b>gro\u00dfen, ruhigen Garten<\/b> mit dem wundersch\u00f6nen, <b>immer sonnigen Pool<\/b> genie\u00dfen, der von Sonnenschirmen, Liegest\u00fchlen und einer <b>Panoramaterrasse <\/b>umgeben ist. Das Hotel stellt auch weiche <b>Strandt\u00fccher<\/b> zur <b>kostenlosen<\/b> Nutzung zur Verf\u00fcgung, die sowohl am Pool als auch am Strand verwendet werden k\u00f6nnen.<\/p>\n\n\n\n<!--more-->\n\n\n\n<p>Mit der Soft <b>All-Inclusive<\/b>-Formel k\u00f6nnen Sie t\u00e4glich <b>Fr\u00fchst\u00fcck, Brunch und Abendessen<\/b> in Form eines <b>Buffets <\/b>im eleganten Restaurant mit Blick auf den Garten oder im Freien genie\u00dfen. <b>Wasser, Cola und Orangensaft sind inkludiert<\/b>. Das<b> Fr\u00fchst\u00fcck<\/b> wird von 8:00 bis 11:00 Uhr serviert und beinhaltet hausgemachte s\u00fc\u00dfe und herzhafte Kuchen, Aufschnitt, Eier, Speck, frisches Obst, Kaffee und S\u00e4fte. Von 12:00 bis 13:30 Uhr findet der <b>reichhaltige Brunch<\/b> statt, mit vielen leckeren Angeboten von Fleisch und Fisch, ersten G\u00e4ngen, Fingerfood und Desserts. Zum <b>Abendessen<\/b>, von 19:30 bis 21:00 Uhr, entdecken Sie die echten Aromen der romagnolischen Tradition, begleitet von Pizza, Salaten und s\u00fc\u00dfen und herzhaften Leckereien.<\/p>\n\n\n\n<p>Im Hotel gibt es <b>eine Innen- und Au\u00dfenbar<\/b> f\u00fcr Cocktails und Aperitifs, einen kostenlosen internen <b>Parkplatz<\/b>, einen <b>Spielbereich<\/b> f\u00fcr Kinder und kostenlose <b>Fahrr\u00e4der<\/b>. <b>Haustiere<\/b> <b>sind willkommen.<\/b><\/p>\n","protected":false},"excerpt":{"rendered":"<p>Das Hotel Stefania befindet sich in zentraler Lage direkt an der Strandpromenade von Cesenatico. Der Zugang zum Strand ist direkt, aber wenn Sie m\u00f6chten, k\u00f6nnen Sie im Hotel bleiben und den gro\u00dfen, ruhigen Garten mit dem wundersch\u00f6nen, immer sonnigen Pool genie\u00dfen, der von Sonnenschirmen, Liegest\u00fchlen und einer Panoramaterrasse umgeben ist. Das Hotel stellt auch weiche &hellip;<\/p>\n","protected":false},"author":1,"featured_media":0,"parent":511,"menu_order":0,"comment_status":"closed","ping_status":"closed","template":"page-templates\/scheda_hotel.php","meta":{"_acf_changed":false,"inline_featured_image":false,"footnotes":""},"class_list":["post-242","page","type-page","status-publish","hentry"],"acf":[],"yoast_head":"<!-- This site is optimized with the Yoast SEO plugin v27.0 - https:\/\/yoast.com\/product\/yoast-seo-wordpress\/ -->\n<title>Hotel Stefania*** in Cesenatico: Paar- und Familien-Pet-Hotel<\/title>\n<meta name=\"description\" content=\"Das Hotel Stefania liegt direkt am Meer und bietet Zugang zum vereinbarten Strand. Garten mit Pool, Panoramaterrasse. Soft All-Inclusive und Yoga.\" \/>\n<meta name=\"robots\" content=\"index, follow, max-snippet:-1, max-image-preview:large, max-video-preview:-1\" \/>\n<link rel=\"canonical\" href=\"https:\/\/www.cesenaticohotel.com\/de\/hotels\/hotel-stefania\" \/>\n<meta property=\"og:locale\" content=\"de_DE\" \/>\n<meta property=\"og:type\" content=\"article\" \/>\n<meta property=\"og:title\" content=\"Hotel Stefania*** in Cesenatico: Paar- und Familien-Pet-Hotel\" \/>\n<meta property=\"og:description\" content=\"Das Hotel Stefania liegt direkt am Meer und bietet Zugang zum vereinbarten Strand. Garten mit Pool, Panoramaterrasse. Soft All-Inclusive und Yoga.\" \/>\n<meta property=\"og:url\" content=\"https:\/\/www.cesenaticohotel.com\/de\/hotels\/hotel-stefania\" \/>\n<meta property=\"og:site_name\" content=\"Cesenatico Hotel\" \/>\n<meta property=\"article:modified_time\" content=\"2023-08-22T07:12:36+00:00\" \/>\n<meta property=\"og:image\" content=\"https:\/\/www.cesenaticohotel.com\/wp-content\/uploads\/2023\/05\/immagine-sito.jpg\" \/>\n\t<meta property=\"og:image:width\" content=\"1200\" \/>\n\t<meta property=\"og:image:height\" content=\"675\" \/>\n\t<meta property=\"og:image:type\" content=\"image\/jpeg\" \/>\n<meta name=\"twitter:card\" content=\"summary_large_image\" \/>\n<meta name=\"twitter:label1\" content=\"Gesch\u00e4tzte Lesezeit\" \/>\n\t<meta name=\"twitter:data1\" content=\"1\u00a0Minute\" \/>\n<script type=\"application\/ld+json\" class=\"yoast-schema-graph\">{\"@context\":\"https:\/\/schema.org\",\"@graph\":[{\"@type\":\"WebPage\",\"@id\":\"https:\/\/www.cesenaticohotel.com\/de\/hotels\/hotel-stefania\",\"url\":\"https:\/\/www.cesenaticohotel.com\/de\/hotels\/hotel-stefania\",\"name\":\"Hotel Stefania*** in Cesenatico: Paar- und Familien-Pet-Hotel\",\"isPartOf\":{\"@id\":\"https:\/\/www.cesenaticohotel.com\/de#website\"},\"datePublished\":\"2023-04-19T08:54:50+00:00\",\"dateModified\":\"2023-08-22T07:12:36+00:00\",\"description\":\"Das Hotel Stefania liegt direkt am Meer und bietet Zugang zum vereinbarten Strand. Garten mit Pool, Panoramaterrasse. Soft All-Inclusive und Yoga.\",\"breadcrumb\":{\"@id\":\"https:\/\/www.cesenaticohotel.com\/de\/hotels\/hotel-stefania#breadcrumb\"},\"inLanguage\":\"de\",\"potentialAction\":[{\"@type\":\"ReadAction\",\"target\":[\"https:\/\/www.cesenaticohotel.com\/de\/hotels\/hotel-stefania\"]}]},{\"@type\":\"BreadcrumbList\",\"@id\":\"https:\/\/www.cesenaticohotel.com\/de\/hotels\/hotel-stefania#breadcrumb\",\"itemListElement\":[{\"@type\":\"ListItem\",\"position\":1,\"name\":\"Home\",\"item\":\"https:\/\/www.cesenaticohotel.com\/de\/homepage\"},{\"@type\":\"ListItem\",\"position\":2,\"name\":\"Hotel\",\"item\":\"https:\/\/www.cesenaticohotel.com\/de\/hotels\"},{\"@type\":\"ListItem\",\"position\":3,\"name\":\"Hotel Stefania\"}]},{\"@type\":\"WebSite\",\"@id\":\"https:\/\/www.cesenaticohotel.com\/de#website\",\"url\":\"https:\/\/www.cesenaticohotel.com\/de\",\"name\":\"Cesenatico Hotel\",\"description\":\"\",\"publisher\":{\"@id\":\"https:\/\/www.cesenaticohotel.com\/de#organization\"},\"potentialAction\":[{\"@type\":\"SearchAction\",\"target\":{\"@type\":\"EntryPoint\",\"urlTemplate\":\"https:\/\/www.cesenaticohotel.com\/de?s={search_term_string}\"},\"query-input\":{\"@type\":\"PropertyValueSpecification\",\"valueRequired\":true,\"valueName\":\"search_term_string\"}}],\"inLanguage\":\"de\"},{\"@type\":\"Organization\",\"@id\":\"https:\/\/www.cesenaticohotel.com\/de#organization\",\"name\":\"Cesenatico Hotel\",\"url\":\"https:\/\/www.cesenaticohotel.com\/de\",\"logo\":{\"@type\":\"ImageObject\",\"inLanguage\":\"de\",\"@id\":\"https:\/\/www.cesenaticohotel.com\/de#\/schema\/logo\/image\/\",\"url\":\"https:\/\/www.cesenaticohotel.com\/wp-content\/uploads\/2023\/05\/logo-organizzazione.jpg\",\"contentUrl\":\"https:\/\/www.cesenaticohotel.com\/wp-content\/uploads\/2023\/05\/logo-organizzazione.jpg\",\"width\":696,\"height\":696,\"caption\":\"Cesenatico Hotel\"},\"image\":{\"@id\":\"https:\/\/www.cesenaticohotel.com\/de#\/schema\/logo\/image\/\"}}]}<\/script>\n<!-- \/ Yoast SEO plugin. -->","yoast_head_json":{"title":"Hotel Stefania*** in Cesenatico: Paar- und Familien-Pet-Hotel","description":"Das Hotel Stefania liegt direkt am Meer und bietet Zugang zum vereinbarten Strand. Garten mit Pool, Panoramaterrasse. Soft All-Inclusive und Yoga.","robots":{"index":"index","follow":"follow","max-snippet":"max-snippet:-1","max-image-preview":"max-image-preview:large","max-video-preview":"max-video-preview:-1"},"canonical":"https:\/\/www.cesenaticohotel.com\/de\/hotels\/hotel-stefania","og_locale":"de_DE","og_type":"article","og_title":"Hotel Stefania*** in Cesenatico: Paar- und Familien-Pet-Hotel","og_description":"Das Hotel Stefania liegt direkt am Meer und bietet Zugang zum vereinbarten Strand. Garten mit Pool, Panoramaterrasse. Soft All-Inclusive und Yoga.","og_url":"https:\/\/www.cesenaticohotel.com\/de\/hotels\/hotel-stefania","og_site_name":"Cesenatico Hotel","article_modified_time":"2023-08-22T07:12:36+00:00","og_image":[{"width":1200,"height":675,"url":"https:\/\/www.cesenaticohotel.com\/wp-content\/uploads\/2023\/05\/immagine-sito.jpg","type":"image\/jpeg"}],"twitter_card":"summary_large_image","twitter_misc":{"Gesch\u00e4tzte Lesezeit":"1\u00a0Minute"},"schema":{"@context":"https:\/\/schema.org","@graph":[{"@type":"WebPage","@id":"https:\/\/www.cesenaticohotel.com\/de\/hotels\/hotel-stefania","url":"https:\/\/www.cesenaticohotel.com\/de\/hotels\/hotel-stefania","name":"Hotel Stefania*** in Cesenatico: Paar- und Familien-Pet-Hotel","isPartOf":{"@id":"https:\/\/www.cesenaticohotel.com\/de#website"},"datePublished":"2023-04-19T08:54:50+00:00","dateModified":"2023-08-22T07:12:36+00:00","description":"Das Hotel Stefania liegt direkt am Meer und bietet Zugang zum vereinbarten Strand. Garten mit Pool, Panoramaterrasse. Soft All-Inclusive und Yoga.","breadcrumb":{"@id":"https:\/\/www.cesenaticohotel.com\/de\/hotels\/hotel-stefania#breadcrumb"},"inLanguage":"de","potentialAction":[{"@type":"ReadAction","target":["https:\/\/www.cesenaticohotel.com\/de\/hotels\/hotel-stefania"]}]},{"@type":"BreadcrumbList","@id":"https:\/\/www.cesenaticohotel.com\/de\/hotels\/hotel-stefania#breadcrumb","itemListElement":[{"@type":"ListItem","position":1,"name":"Home","item":"https:\/\/www.cesenaticohotel.com\/de\/homepage"},{"@type":"ListItem","position":2,"name":"Hotel","item":"https:\/\/www.cesenaticohotel.com\/de\/hotels"},{"@type":"ListItem","position":3,"name":"Hotel Stefania"}]},{"@type":"WebSite","@id":"https:\/\/www.cesenaticohotel.com\/de#website","url":"https:\/\/www.cesenaticohotel.com\/de","name":"Cesenatico Hotel","description":"","publisher":{"@id":"https:\/\/www.cesenaticohotel.com\/de#organization"},"potentialAction":[{"@type":"SearchAction","target":{"@type":"EntryPoint","urlTemplate":"https:\/\/www.cesenaticohotel.com\/de?s={search_term_string}"},"query-input":{"@type":"PropertyValueSpecification","valueRequired":true,"valueName":"search_term_string"}}],"inLanguage":"de"},{"@type":"Organization","@id":"https:\/\/www.cesenaticohotel.com\/de#organization","name":"Cesenatico Hotel","url":"https:\/\/www.cesenaticohotel.com\/de","logo":{"@type":"ImageObject","inLanguage":"de","@id":"https:\/\/www.cesenaticohotel.com\/de#\/schema\/logo\/image\/","url":"https:\/\/www.cesenaticohotel.com\/wp-content\/uploads\/2023\/05\/logo-organizzazione.jpg","contentUrl":"https:\/\/www.cesenaticohotel.com\/wp-content\/uploads\/2023\/05\/logo-organizzazione.jpg","width":696,"height":696,"caption":"Cesenatico Hotel"},"image":{"@id":"https:\/\/www.cesenaticohotel.com\/de#\/schema\/logo\/image\/"}}]}},"_links":{"self":[{"href":"https:\/\/www.cesenaticohotel.com\/de\/wp-json\/wp\/v2\/pages\/242","targetHints":{"allow":["GET"]}}],"collection":[{"href":"https:\/\/www.cesenaticohotel.com\/de\/wp-json\/wp\/v2\/pages"}],"about":[{"href":"https:\/\/www.cesenaticohotel.com\/de\/wp-json\/wp\/v2\/types\/page"}],"author":[{"embeddable":true,"href":"https:\/\/www.cesenaticohotel.com\/de\/wp-json\/wp\/v2\/users\/1"}],"replies":[{"embeddable":true,"href":"https:\/\/www.cesenaticohotel.com\/de\/wp-json\/wp\/v2\/comments?post=242"}],"version-history":[{"count":2,"href":"https:\/\/www.cesenaticohotel.com\/de\/wp-json\/wp\/v2\/pages\/242\/revisions"}],"predecessor-version":[{"id":5867,"href":"https:\/\/www.cesenaticohotel.com\/de\/wp-json\/wp\/v2\/pages\/242\/revisions\/5867"}],"up":[{"embeddable":true,"href":"https:\/\/www.cesenaticohotel.com\/de\/wp-json\/wp\/v2\/pages\/511"}],"wp:attachment":[{"href":"https:\/\/www.cesenaticohotel.com\/de\/wp-json\/wp\/v2\/media?parent=242"}],"curies":[{"name":"wp","href":"https:\/\/api.w.org\/{rel}","templated":true}]}}