{"id":284,"date":"2023-04-19T12:43:00","date_gmt":"2023-04-19T10:43:00","guid":{"rendered":"https:\/\/www.cesenaticohotel.com\/hotel\/hotel-stacchini"},"modified":"2023-08-22T09:12:49","modified_gmt":"2023-08-22T07:12:49","slug":"hotel-stacchini","status":"publish","type":"page","link":"https:\/\/www.cesenaticohotel.com\/de\/hotels\/hotel-stacchini","title":{"rendered":"Hotel Stacchini"},"content":{"rendered":"\n<p>Das <b>Hotel Stacchini in Cesenatico<\/b> befindet sich 70 Meter von der Strandpromenade und dem Partnerstrand entfernt, wo Ihnen <b>ein Sonnenschirm und zwei Liegest\u00fchle<\/b> zur Verf\u00fcgung stehen. Das Hotel ist von einem gut organisierten <b>Au\u00dfenbereich umgeben<\/b>, in dem Sie sich in aller Ruhe am <b>sonnigen Pool mit Whirlpool<\/b> entspannen k\u00f6nnen. Hier finden Sie Liegest\u00fchle und Sonnenschirme zur freien Nutzung. Im<b> Garten <\/b>gibt es auch <b>Entspannungsbereiche<\/b>, eine gro\u00dfe <b>Terrasse mit Bar-Service<\/b> und <b>zwei bunte Spielpl\u00e4tze<\/b>.<\/p>\n\n\n\n<!--more-->\n\n\n\n<p>Im Hotel gibt es ein <b>Animationspersona<\/b>l, das die Kleinen mit Miniclub, Kindertanz und Gesichtsbemalung begeistert. Au\u00dferdem gibt es einen <b>Innen-Spielbereich<\/b>, in dem die Kinder basteln oder mit anderen Kindern interagieren k\u00f6nnen. Die Gro\u00dfen k\u00f6nnen sich in spannenden Tischtennis- und Tischfu\u00dfball-Duellen messen. Das K\u00fcchenpersonal steht auch immer zur Verf\u00fcgung, um frischgebackenen Eltern bei der Zubereitung von <b>Babynahrung zu unterst\u00fctzen<\/b>.<\/p>\n\n\n\n<p>Bei den Mahlzeiten haben Sie jeden Tag eine gro\u00dfe Auswahl an qualitativ hochwertigen Gerichten zur Verf\u00fcgung. <b>Das <\/b>Fr\u00fchst\u00fcck wird von 7:30 bis 10:00 Uhr auf der Terrasse serviert und bietet s\u00fc\u00dfe und herzhafte Angebote: Kuchen, S\u00fc\u00dfigkeiten, hausgemachte Croissants, zum F\u00fcllen mit Marmelade, Schokolade und Honig; Joghurt, M\u00fcsli, frisches Obst; Kaffee, Milch und S\u00e4fte. Zum <b>Mittag- und Abendessen<\/b> k\u00f6nnen Sie zwischen <b>vier ersten und vier zweiten G\u00e4ngen <\/b>w\u00e4hlen, inklusive Wasser, Pepsi, Orangensaft, Zitronenlimonade, Bier, Wei\u00df- und Rotwein.<\/p>\n\n\n\n<p>Den Kunden stehen ein <b>bequemer kostenloser privater Parkplatz<\/b>, Fahrr\u00e4der und ein Digital Concierge-Service zur Verf\u00fcgung, um Ausfl\u00fcge in die Umgebung zu buchen. Das Stacchini ist ein <b>Pet Hotel<\/b>, in dem Hunde und Haustiere erlaubt sind.<\/p>\n","protected":false},"excerpt":{"rendered":"<p>Das Hotel Stacchini in Cesenatico befindet sich 70 Meter von der Strandpromenade und dem Partnerstrand entfernt, wo Ihnen ein Sonnenschirm und zwei Liegest\u00fchle zur Verf\u00fcgung stehen. Das Hotel ist von einem gut organisierten Au\u00dfenbereich umgeben, in dem Sie sich in aller Ruhe am sonnigen Pool mit Whirlpool entspannen k\u00f6nnen. Hier finden Sie Liegest\u00fchle und Sonnenschirme &hellip;<\/p>\n","protected":false},"author":1,"featured_media":0,"parent":511,"menu_order":0,"comment_status":"closed","ping_status":"closed","template":"page-templates\/scheda_hotel.php","meta":{"_acf_changed":false,"inline_featured_image":false,"footnotes":""},"class_list":["post-284","page","type-page","status-publish","hentry"],"acf":[],"yoast_head":"<!-- This site is optimized with the Yoast SEO plugin v27.0 - https:\/\/yoast.com\/product\/yoast-seo-wordpress\/ -->\n<title>Hotel Stacchini*** in Cesenatico: Hotel f\u00fcr Paare und Familien<\/title>\n<meta name=\"description\" content=\"Das Hotel Stacchini liegt nur 70 Meter vom Meer entfernt. Gro\u00dfer Garten mit Whirlpool und Spielbereichen f\u00fcr Kinder. Besondere Dienstleistungen f\u00fcr Tiere.\" \/>\n<meta name=\"robots\" content=\"index, follow, max-snippet:-1, max-image-preview:large, max-video-preview:-1\" \/>\n<link rel=\"canonical\" href=\"https:\/\/www.cesenaticohotel.com\/de\/hotels\/hotel-stacchini\" \/>\n<meta property=\"og:locale\" content=\"de_DE\" \/>\n<meta property=\"og:type\" content=\"article\" \/>\n<meta property=\"og:title\" content=\"Hotel Stacchini*** in Cesenatico: Hotel f\u00fcr Paare und Familien\" \/>\n<meta property=\"og:description\" content=\"Das Hotel Stacchini liegt nur 70 Meter vom Meer entfernt. Gro\u00dfer Garten mit Whirlpool und Spielbereichen f\u00fcr Kinder. Besondere Dienstleistungen f\u00fcr Tiere.\" \/>\n<meta property=\"og:url\" content=\"https:\/\/www.cesenaticohotel.com\/de\/hotels\/hotel-stacchini\" \/>\n<meta property=\"og:site_name\" content=\"Cesenatico Hotel\" \/>\n<meta property=\"article:modified_time\" content=\"2023-08-22T07:12:49+00:00\" \/>\n<meta property=\"og:image\" content=\"https:\/\/www.cesenaticohotel.com\/wp-content\/uploads\/2023\/05\/immagine-sito.jpg\" \/>\n\t<meta property=\"og:image:width\" content=\"1200\" \/>\n\t<meta property=\"og:image:height\" content=\"675\" \/>\n\t<meta property=\"og:image:type\" content=\"image\/jpeg\" \/>\n<meta name=\"twitter:card\" content=\"summary_large_image\" \/>\n<meta name=\"twitter:label1\" content=\"Gesch\u00e4tzte Lesezeit\" \/>\n\t<meta name=\"twitter:data1\" content=\"1\u00a0Minute\" \/>\n<script type=\"application\/ld+json\" class=\"yoast-schema-graph\">{\"@context\":\"https:\/\/schema.org\",\"@graph\":[{\"@type\":\"WebPage\",\"@id\":\"https:\/\/www.cesenaticohotel.com\/de\/hotels\/hotel-stacchini\",\"url\":\"https:\/\/www.cesenaticohotel.com\/de\/hotels\/hotel-stacchini\",\"name\":\"Hotel Stacchini*** in Cesenatico: Hotel f\u00fcr Paare und Familien\",\"isPartOf\":{\"@id\":\"https:\/\/www.cesenaticohotel.com\/de#website\"},\"datePublished\":\"2023-04-19T10:43:00+00:00\",\"dateModified\":\"2023-08-22T07:12:49+00:00\",\"description\":\"Das Hotel Stacchini liegt nur 70 Meter vom Meer entfernt. Gro\u00dfer Garten mit Whirlpool und Spielbereichen f\u00fcr Kinder. Besondere Dienstleistungen f\u00fcr Tiere.\",\"breadcrumb\":{\"@id\":\"https:\/\/www.cesenaticohotel.com\/de\/hotels\/hotel-stacchini#breadcrumb\"},\"inLanguage\":\"de\",\"potentialAction\":[{\"@type\":\"ReadAction\",\"target\":[\"https:\/\/www.cesenaticohotel.com\/de\/hotels\/hotel-stacchini\"]}]},{\"@type\":\"BreadcrumbList\",\"@id\":\"https:\/\/www.cesenaticohotel.com\/de\/hotels\/hotel-stacchini#breadcrumb\",\"itemListElement\":[{\"@type\":\"ListItem\",\"position\":1,\"name\":\"Home\",\"item\":\"https:\/\/www.cesenaticohotel.com\/de\/homepage\"},{\"@type\":\"ListItem\",\"position\":2,\"name\":\"Hotel\",\"item\":\"https:\/\/www.cesenaticohotel.com\/de\/hotels\"},{\"@type\":\"ListItem\",\"position\":3,\"name\":\"Hotel Stacchini\"}]},{\"@type\":\"WebSite\",\"@id\":\"https:\/\/www.cesenaticohotel.com\/de#website\",\"url\":\"https:\/\/www.cesenaticohotel.com\/de\",\"name\":\"Cesenatico Hotel\",\"description\":\"\",\"publisher\":{\"@id\":\"https:\/\/www.cesenaticohotel.com\/de#organization\"},\"potentialAction\":[{\"@type\":\"SearchAction\",\"target\":{\"@type\":\"EntryPoint\",\"urlTemplate\":\"https:\/\/www.cesenaticohotel.com\/de?s={search_term_string}\"},\"query-input\":{\"@type\":\"PropertyValueSpecification\",\"valueRequired\":true,\"valueName\":\"search_term_string\"}}],\"inLanguage\":\"de\"},{\"@type\":\"Organization\",\"@id\":\"https:\/\/www.cesenaticohotel.com\/de#organization\",\"name\":\"Cesenatico Hotel\",\"url\":\"https:\/\/www.cesenaticohotel.com\/de\",\"logo\":{\"@type\":\"ImageObject\",\"inLanguage\":\"de\",\"@id\":\"https:\/\/www.cesenaticohotel.com\/de#\/schema\/logo\/image\/\",\"url\":\"https:\/\/www.cesenaticohotel.com\/wp-content\/uploads\/2023\/05\/logo-organizzazione.jpg\",\"contentUrl\":\"https:\/\/www.cesenaticohotel.com\/wp-content\/uploads\/2023\/05\/logo-organizzazione.jpg\",\"width\":696,\"height\":696,\"caption\":\"Cesenatico Hotel\"},\"image\":{\"@id\":\"https:\/\/www.cesenaticohotel.com\/de#\/schema\/logo\/image\/\"}}]}<\/script>\n<!-- \/ Yoast SEO plugin. -->","yoast_head_json":{"title":"Hotel Stacchini*** in Cesenatico: Hotel f\u00fcr Paare und Familien","description":"Das Hotel Stacchini liegt nur 70 Meter vom Meer entfernt. Gro\u00dfer Garten mit Whirlpool und Spielbereichen f\u00fcr Kinder. Besondere Dienstleistungen f\u00fcr Tiere.","robots":{"index":"index","follow":"follow","max-snippet":"max-snippet:-1","max-image-preview":"max-image-preview:large","max-video-preview":"max-video-preview:-1"},"canonical":"https:\/\/www.cesenaticohotel.com\/de\/hotels\/hotel-stacchini","og_locale":"de_DE","og_type":"article","og_title":"Hotel Stacchini*** in Cesenatico: Hotel f\u00fcr Paare und Familien","og_description":"Das Hotel Stacchini liegt nur 70 Meter vom Meer entfernt. Gro\u00dfer Garten mit Whirlpool und Spielbereichen f\u00fcr Kinder. Besondere Dienstleistungen f\u00fcr Tiere.","og_url":"https:\/\/www.cesenaticohotel.com\/de\/hotels\/hotel-stacchini","og_site_name":"Cesenatico Hotel","article_modified_time":"2023-08-22T07:12:49+00:00","og_image":[{"width":1200,"height":675,"url":"https:\/\/www.cesenaticohotel.com\/wp-content\/uploads\/2023\/05\/immagine-sito.jpg","type":"image\/jpeg"}],"twitter_card":"summary_large_image","twitter_misc":{"Gesch\u00e4tzte Lesezeit":"1\u00a0Minute"},"schema":{"@context":"https:\/\/schema.org","@graph":[{"@type":"WebPage","@id":"https:\/\/www.cesenaticohotel.com\/de\/hotels\/hotel-stacchini","url":"https:\/\/www.cesenaticohotel.com\/de\/hotels\/hotel-stacchini","name":"Hotel Stacchini*** in Cesenatico: Hotel f\u00fcr Paare und Familien","isPartOf":{"@id":"https:\/\/www.cesenaticohotel.com\/de#website"},"datePublished":"2023-04-19T10:43:00+00:00","dateModified":"2023-08-22T07:12:49+00:00","description":"Das Hotel Stacchini liegt nur 70 Meter vom Meer entfernt. Gro\u00dfer Garten mit Whirlpool und Spielbereichen f\u00fcr Kinder. Besondere Dienstleistungen f\u00fcr Tiere.","breadcrumb":{"@id":"https:\/\/www.cesenaticohotel.com\/de\/hotels\/hotel-stacchini#breadcrumb"},"inLanguage":"de","potentialAction":[{"@type":"ReadAction","target":["https:\/\/www.cesenaticohotel.com\/de\/hotels\/hotel-stacchini"]}]},{"@type":"BreadcrumbList","@id":"https:\/\/www.cesenaticohotel.com\/de\/hotels\/hotel-stacchini#breadcrumb","itemListElement":[{"@type":"ListItem","position":1,"name":"Home","item":"https:\/\/www.cesenaticohotel.com\/de\/homepage"},{"@type":"ListItem","position":2,"name":"Hotel","item":"https:\/\/www.cesenaticohotel.com\/de\/hotels"},{"@type":"ListItem","position":3,"name":"Hotel Stacchini"}]},{"@type":"WebSite","@id":"https:\/\/www.cesenaticohotel.com\/de#website","url":"https:\/\/www.cesenaticohotel.com\/de","name":"Cesenatico Hotel","description":"","publisher":{"@id":"https:\/\/www.cesenaticohotel.com\/de#organization"},"potentialAction":[{"@type":"SearchAction","target":{"@type":"EntryPoint","urlTemplate":"https:\/\/www.cesenaticohotel.com\/de?s={search_term_string}"},"query-input":{"@type":"PropertyValueSpecification","valueRequired":true,"valueName":"search_term_string"}}],"inLanguage":"de"},{"@type":"Organization","@id":"https:\/\/www.cesenaticohotel.com\/de#organization","name":"Cesenatico Hotel","url":"https:\/\/www.cesenaticohotel.com\/de","logo":{"@type":"ImageObject","inLanguage":"de","@id":"https:\/\/www.cesenaticohotel.com\/de#\/schema\/logo\/image\/","url":"https:\/\/www.cesenaticohotel.com\/wp-content\/uploads\/2023\/05\/logo-organizzazione.jpg","contentUrl":"https:\/\/www.cesenaticohotel.com\/wp-content\/uploads\/2023\/05\/logo-organizzazione.jpg","width":696,"height":696,"caption":"Cesenatico Hotel"},"image":{"@id":"https:\/\/www.cesenaticohotel.com\/de#\/schema\/logo\/image\/"}}]}},"_links":{"self":[{"href":"https:\/\/www.cesenaticohotel.com\/de\/wp-json\/wp\/v2\/pages\/284","targetHints":{"allow":["GET"]}}],"collection":[{"href":"https:\/\/www.cesenaticohotel.com\/de\/wp-json\/wp\/v2\/pages"}],"about":[{"href":"https:\/\/www.cesenaticohotel.com\/de\/wp-json\/wp\/v2\/types\/page"}],"author":[{"embeddable":true,"href":"https:\/\/www.cesenaticohotel.com\/de\/wp-json\/wp\/v2\/users\/1"}],"replies":[{"embeddable":true,"href":"https:\/\/www.cesenaticohotel.com\/de\/wp-json\/wp\/v2\/comments?post=284"}],"version-history":[{"count":2,"href":"https:\/\/www.cesenaticohotel.com\/de\/wp-json\/wp\/v2\/pages\/284\/revisions"}],"predecessor-version":[{"id":5875,"href":"https:\/\/www.cesenaticohotel.com\/de\/wp-json\/wp\/v2\/pages\/284\/revisions\/5875"}],"up":[{"embeddable":true,"href":"https:\/\/www.cesenaticohotel.com\/de\/wp-json\/wp\/v2\/pages\/511"}],"wp:attachment":[{"href":"https:\/\/www.cesenaticohotel.com\/de\/wp-json\/wp\/v2\/media?parent=284"}],"curies":[{"name":"wp","href":"https:\/\/api.w.org\/{rel}","templated":true}]}}