{"id":352,"date":"2023-04-19T13:19:23","date_gmt":"2023-04-19T11:19:23","guid":{"rendered":"https:\/\/www.cesenaticohotel.com\/hotel\/hotel-donatello"},"modified":"2023-08-22T09:12:51","modified_gmt":"2023-08-22T07:12:51","slug":"hotel-donatello","status":"publish","type":"page","link":"https:\/\/www.cesenaticohotel.com\/de\/hotels\/hotel-donatello","title":{"rendered":"Hotel Donatello"},"content":{"rendered":"\n<p>Das <b>Hotel Donatello<\/b> befindet sich im <b>Herzen von Cesenatico<\/b>, in der N\u00e4he des vereinbarten Strandes. Eine <b>\u00e4u\u00dferst zentrale<\/b>, aber auch sehr <b>ruhige <\/b>Lage, die es erm\u00f6glicht, bequem zu Fu\u00df oder mit den <b>kostenlosen Fahrr\u00e4dern<\/b> zum Leonardesko-Kanalhafen und zur Viale Carducci zu gelangen, wo Sie trendige Gesch\u00e4fte und Lokale finden.<\/p>\n\n\n\n<!--more-->\n\n\n\n<p>Am Tisch finden Sie nur das Beste aus den <b>Geschmacksrichtungen der Region<\/b>, mit frischen Produkten, oft sogar aus der unmittelbaren Umgebung, f\u00fcr Gerichte, die jedem Gaumen gerecht werden. Das reichhaltige und vielf\u00e4ltige <b>Fr\u00fchst\u00fccksbuffet<\/b> bietet viele s\u00fc\u00dfe und herzhafte Optionen: Kuchen, Wurstwaren, K\u00e4se, Joghurt, Obst, Kaffee, S\u00e4fte und vieles mehr. <b>Mittag- und Abendessen<\/b> werden <b>bequem am Tisch serviert<\/b>: Jeden Tag haben Sie die M\u00f6glichkeit, zwischen hausgemachter Pasta, Fleischgerichten, frischem Fisch und verschiedenen Gem\u00fcsesorten zu w\u00e4hlen. Es gibt auch vegetarische und glutenfreie Alternativen (auf Anfrage). <b>Wasser und Hauswein sind inbegriffen<\/b>.<\/p>\n\n\n\n<p>Wenn Sie mit Ihren Kindern im Urlaub sind, stehen Hochst\u00fchle und <b>Babybesteck<\/b> zur Verf\u00fcgung, au\u00dferdem gibt es <b>ma\u00dfgeschneiderte Men\u00fcs f\u00fcr die Kleinen<\/b> und <b>Brei<\/b> f\u00fcr die Entw\u00f6hnung.<\/p>\n\n\n\n<p>Das Hotel verf\u00fcgt \u00fcber einen <b>sch\u00f6nen schattigen Au\u00dfenbereich<\/b>, auch mit einem <b>Spielbereich<\/b> f\u00fcr Kinder, helle Gemeinschaftsr\u00e4ume und sicher Parkplatz in unmittelbarer N\u00e4he.<\/p>\n","protected":false},"excerpt":{"rendered":"<p>Das Hotel Donatello befindet sich im Herzen von Cesenatico, in der N\u00e4he des vereinbarten Strandes. Eine \u00e4u\u00dferst zentrale, aber auch sehr ruhige Lage, die es erm\u00f6glicht, bequem zu Fu\u00df oder mit den kostenlosen Fahrr\u00e4dern zum Leonardesko-Kanalhafen und zur Viale Carducci zu gelangen, wo Sie trendige Gesch\u00e4fte und Lokale finden.<\/p>\n","protected":false},"author":1,"featured_media":0,"parent":511,"menu_order":0,"comment_status":"closed","ping_status":"closed","template":"page-templates\/scheda_hotel.php","meta":{"_acf_changed":false,"inline_featured_image":false,"footnotes":""},"class_list":["post-352","page","type-page","status-publish","hentry"],"acf":[],"yoast_head":"<!-- This site is optimized with the Yoast SEO plugin v27.0 - https:\/\/yoast.com\/product\/yoast-seo-wordpress\/ -->\n<title>Hotel Donatello*** in Cesenatico: Hotel f\u00fcr Paare und Familien<\/title>\n<meta name=\"description\" content=\"Das Hotel Donatello liegt zentral, in der N\u00e4he der Promenade, des Zentrums und des Hafens. Parken und kostenlose Fahrr\u00e4der, vereinbarter Strand.\" \/>\n<meta name=\"robots\" content=\"index, follow, max-snippet:-1, max-image-preview:large, max-video-preview:-1\" \/>\n<link rel=\"canonical\" href=\"https:\/\/www.cesenaticohotel.com\/de\/hotels\/hotel-donatello\" \/>\n<meta property=\"og:locale\" content=\"de_DE\" \/>\n<meta property=\"og:type\" content=\"article\" \/>\n<meta property=\"og:title\" content=\"Hotel Donatello*** in Cesenatico: Hotel f\u00fcr Paare und Familien\" \/>\n<meta property=\"og:description\" content=\"Das Hotel Donatello liegt zentral, in der N\u00e4he der Promenade, des Zentrums und des Hafens. Parken und kostenlose Fahrr\u00e4der, vereinbarter Strand.\" \/>\n<meta property=\"og:url\" content=\"https:\/\/www.cesenaticohotel.com\/de\/hotels\/hotel-donatello\" \/>\n<meta property=\"og:site_name\" content=\"Cesenatico Hotel\" \/>\n<meta property=\"article:modified_time\" content=\"2023-08-22T07:12:51+00:00\" \/>\n<meta property=\"og:image\" content=\"https:\/\/www.cesenaticohotel.com\/wp-content\/uploads\/2023\/05\/immagine-sito.jpg\" \/>\n\t<meta property=\"og:image:width\" content=\"1200\" \/>\n\t<meta property=\"og:image:height\" content=\"675\" \/>\n\t<meta property=\"og:image:type\" content=\"image\/jpeg\" \/>\n<meta name=\"twitter:card\" content=\"summary_large_image\" \/>\n<meta name=\"twitter:label1\" content=\"Gesch\u00e4tzte Lesezeit\" \/>\n\t<meta name=\"twitter:data1\" content=\"1\u00a0Minute\" \/>\n<script type=\"application\/ld+json\" class=\"yoast-schema-graph\">{\"@context\":\"https:\/\/schema.org\",\"@graph\":[{\"@type\":\"WebPage\",\"@id\":\"https:\/\/www.cesenaticohotel.com\/de\/hotels\/hotel-donatello\",\"url\":\"https:\/\/www.cesenaticohotel.com\/de\/hotels\/hotel-donatello\",\"name\":\"Hotel Donatello*** in Cesenatico: Hotel f\u00fcr Paare und Familien\",\"isPartOf\":{\"@id\":\"https:\/\/www.cesenaticohotel.com\/de#website\"},\"datePublished\":\"2023-04-19T11:19:23+00:00\",\"dateModified\":\"2023-08-22T07:12:51+00:00\",\"description\":\"Das Hotel Donatello liegt zentral, in der N\u00e4he der Promenade, des Zentrums und des Hafens. Parken und kostenlose Fahrr\u00e4der, vereinbarter Strand.\",\"breadcrumb\":{\"@id\":\"https:\/\/www.cesenaticohotel.com\/de\/hotels\/hotel-donatello#breadcrumb\"},\"inLanguage\":\"de\",\"potentialAction\":[{\"@type\":\"ReadAction\",\"target\":[\"https:\/\/www.cesenaticohotel.com\/de\/hotels\/hotel-donatello\"]}]},{\"@type\":\"BreadcrumbList\",\"@id\":\"https:\/\/www.cesenaticohotel.com\/de\/hotels\/hotel-donatello#breadcrumb\",\"itemListElement\":[{\"@type\":\"ListItem\",\"position\":1,\"name\":\"Home\",\"item\":\"https:\/\/www.cesenaticohotel.com\/de\/homepage\"},{\"@type\":\"ListItem\",\"position\":2,\"name\":\"Hotel\",\"item\":\"https:\/\/www.cesenaticohotel.com\/de\/hotels\"},{\"@type\":\"ListItem\",\"position\":3,\"name\":\"Hotel Donatello\"}]},{\"@type\":\"WebSite\",\"@id\":\"https:\/\/www.cesenaticohotel.com\/de#website\",\"url\":\"https:\/\/www.cesenaticohotel.com\/de\",\"name\":\"Cesenatico Hotel\",\"description\":\"\",\"publisher\":{\"@id\":\"https:\/\/www.cesenaticohotel.com\/de#organization\"},\"potentialAction\":[{\"@type\":\"SearchAction\",\"target\":{\"@type\":\"EntryPoint\",\"urlTemplate\":\"https:\/\/www.cesenaticohotel.com\/de?s={search_term_string}\"},\"query-input\":{\"@type\":\"PropertyValueSpecification\",\"valueRequired\":true,\"valueName\":\"search_term_string\"}}],\"inLanguage\":\"de\"},{\"@type\":\"Organization\",\"@id\":\"https:\/\/www.cesenaticohotel.com\/de#organization\",\"name\":\"Cesenatico Hotel\",\"url\":\"https:\/\/www.cesenaticohotel.com\/de\",\"logo\":{\"@type\":\"ImageObject\",\"inLanguage\":\"de\",\"@id\":\"https:\/\/www.cesenaticohotel.com\/de#\/schema\/logo\/image\/\",\"url\":\"https:\/\/www.cesenaticohotel.com\/wp-content\/uploads\/2023\/05\/logo-organizzazione.jpg\",\"contentUrl\":\"https:\/\/www.cesenaticohotel.com\/wp-content\/uploads\/2023\/05\/logo-organizzazione.jpg\",\"width\":696,\"height\":696,\"caption\":\"Cesenatico Hotel\"},\"image\":{\"@id\":\"https:\/\/www.cesenaticohotel.com\/de#\/schema\/logo\/image\/\"}}]}<\/script>\n<!-- \/ Yoast SEO plugin. -->","yoast_head_json":{"title":"Hotel Donatello*** in Cesenatico: Hotel f\u00fcr Paare und Familien","description":"Das Hotel Donatello liegt zentral, in der N\u00e4he der Promenade, des Zentrums und des Hafens. Parken und kostenlose Fahrr\u00e4der, vereinbarter Strand.","robots":{"index":"index","follow":"follow","max-snippet":"max-snippet:-1","max-image-preview":"max-image-preview:large","max-video-preview":"max-video-preview:-1"},"canonical":"https:\/\/www.cesenaticohotel.com\/de\/hotels\/hotel-donatello","og_locale":"de_DE","og_type":"article","og_title":"Hotel Donatello*** in Cesenatico: Hotel f\u00fcr Paare und Familien","og_description":"Das Hotel Donatello liegt zentral, in der N\u00e4he der Promenade, des Zentrums und des Hafens. Parken und kostenlose Fahrr\u00e4der, vereinbarter Strand.","og_url":"https:\/\/www.cesenaticohotel.com\/de\/hotels\/hotel-donatello","og_site_name":"Cesenatico Hotel","article_modified_time":"2023-08-22T07:12:51+00:00","og_image":[{"width":1200,"height":675,"url":"https:\/\/www.cesenaticohotel.com\/wp-content\/uploads\/2023\/05\/immagine-sito.jpg","type":"image\/jpeg"}],"twitter_card":"summary_large_image","twitter_misc":{"Gesch\u00e4tzte Lesezeit":"1\u00a0Minute"},"schema":{"@context":"https:\/\/schema.org","@graph":[{"@type":"WebPage","@id":"https:\/\/www.cesenaticohotel.com\/de\/hotels\/hotel-donatello","url":"https:\/\/www.cesenaticohotel.com\/de\/hotels\/hotel-donatello","name":"Hotel Donatello*** in Cesenatico: Hotel f\u00fcr Paare und Familien","isPartOf":{"@id":"https:\/\/www.cesenaticohotel.com\/de#website"},"datePublished":"2023-04-19T11:19:23+00:00","dateModified":"2023-08-22T07:12:51+00:00","description":"Das Hotel Donatello liegt zentral, in der N\u00e4he der Promenade, des Zentrums und des Hafens. Parken und kostenlose Fahrr\u00e4der, vereinbarter Strand.","breadcrumb":{"@id":"https:\/\/www.cesenaticohotel.com\/de\/hotels\/hotel-donatello#breadcrumb"},"inLanguage":"de","potentialAction":[{"@type":"ReadAction","target":["https:\/\/www.cesenaticohotel.com\/de\/hotels\/hotel-donatello"]}]},{"@type":"BreadcrumbList","@id":"https:\/\/www.cesenaticohotel.com\/de\/hotels\/hotel-donatello#breadcrumb","itemListElement":[{"@type":"ListItem","position":1,"name":"Home","item":"https:\/\/www.cesenaticohotel.com\/de\/homepage"},{"@type":"ListItem","position":2,"name":"Hotel","item":"https:\/\/www.cesenaticohotel.com\/de\/hotels"},{"@type":"ListItem","position":3,"name":"Hotel Donatello"}]},{"@type":"WebSite","@id":"https:\/\/www.cesenaticohotel.com\/de#website","url":"https:\/\/www.cesenaticohotel.com\/de","name":"Cesenatico Hotel","description":"","publisher":{"@id":"https:\/\/www.cesenaticohotel.com\/de#organization"},"potentialAction":[{"@type":"SearchAction","target":{"@type":"EntryPoint","urlTemplate":"https:\/\/www.cesenaticohotel.com\/de?s={search_term_string}"},"query-input":{"@type":"PropertyValueSpecification","valueRequired":true,"valueName":"search_term_string"}}],"inLanguage":"de"},{"@type":"Organization","@id":"https:\/\/www.cesenaticohotel.com\/de#organization","name":"Cesenatico Hotel","url":"https:\/\/www.cesenaticohotel.com\/de","logo":{"@type":"ImageObject","inLanguage":"de","@id":"https:\/\/www.cesenaticohotel.com\/de#\/schema\/logo\/image\/","url":"https:\/\/www.cesenaticohotel.com\/wp-content\/uploads\/2023\/05\/logo-organizzazione.jpg","contentUrl":"https:\/\/www.cesenaticohotel.com\/wp-content\/uploads\/2023\/05\/logo-organizzazione.jpg","width":696,"height":696,"caption":"Cesenatico Hotel"},"image":{"@id":"https:\/\/www.cesenaticohotel.com\/de#\/schema\/logo\/image\/"}}]}},"_links":{"self":[{"href":"https:\/\/www.cesenaticohotel.com\/de\/wp-json\/wp\/v2\/pages\/352","targetHints":{"allow":["GET"]}}],"collection":[{"href":"https:\/\/www.cesenaticohotel.com\/de\/wp-json\/wp\/v2\/pages"}],"about":[{"href":"https:\/\/www.cesenaticohotel.com\/de\/wp-json\/wp\/v2\/types\/page"}],"author":[{"embeddable":true,"href":"https:\/\/www.cesenaticohotel.com\/de\/wp-json\/wp\/v2\/users\/1"}],"replies":[{"embeddable":true,"href":"https:\/\/www.cesenaticohotel.com\/de\/wp-json\/wp\/v2\/comments?post=352"}],"version-history":[{"count":2,"href":"https:\/\/www.cesenaticohotel.com\/de\/wp-json\/wp\/v2\/pages\/352\/revisions"}],"predecessor-version":[{"id":5876,"href":"https:\/\/www.cesenaticohotel.com\/de\/wp-json\/wp\/v2\/pages\/352\/revisions\/5876"}],"up":[{"embeddable":true,"href":"https:\/\/www.cesenaticohotel.com\/de\/wp-json\/wp\/v2\/pages\/511"}],"wp:attachment":[{"href":"https:\/\/www.cesenaticohotel.com\/de\/wp-json\/wp\/v2\/media?parent=352"}],"curies":[{"name":"wp","href":"https:\/\/api.w.org\/{rel}","templated":true}]}}