{"id":361,"date":"2023-04-19T14:32:56","date_gmt":"2023-04-19T12:32:56","guid":{"rendered":"https:\/\/www.cesenaticohotel.com\/hotel\/hotel-tiffanyresort-spa"},"modified":"2023-08-22T09:12:52","modified_gmt":"2023-08-22T07:12:52","slug":"hotel-tiffanyresort-spa","status":"publish","type":"page","link":"https:\/\/www.cesenaticohotel.com\/de\/hotels\/hotel-tiffanyresort-spa","title":{"rendered":"Hotel TiffanyResort &#038; Spa"},"content":{"rendered":"\n<p>Das <b>TiffanyResort &amp; Spa<\/b> ist ein elegantes Resort, das in der Ruhe von <b>Valverde, Cesenatico<\/b> liegt. Es ist eine exklusive und designorientierte Lage, ideal f\u00fcr diejenigen, die sorgenfreien Wellness- und Familienurlaub lieben. <b>Das Hotel verf\u00fcgt \u00fcber ein Spa<\/b>, in dem Sie sich mit einer Wellness-Anwendung verw\u00f6hnen lassen k\u00f6nnen, darunter Sauna, Dampfbad, Eisfall, Whirlpool, Wassersprudler, emotionale Dusche und professionelle Behandlungen.<\/p>\n\n\n\n<!--more-->\n\n\n\n<p>Eine gro\u00dfe Glaswand trennt das Spa vom beheizten <b>Au\u00dfenpool mit 28\u00b0C<\/b>, ein wundersch\u00f6ner Ort, um entspannende und angenehme Stunden zu verbringen. Alternativ stehen Ihnen <b>ein Sonnenschirm und zwei Liegest\u00fchle<\/b> am nur 100 Meter entfernten vereinbarten Strand zur Verf\u00fcgung.<\/p>\n\n\n\n<p>Das TiffanyResort &amp; Spa ist auch ein <b>Familienhotel mit R\u00e4umen und Dienstleistungen, die auf die Bed\u00fcrfnisse von Familien<\/b> zugeschnitten sind: Der Mini Club Tiffany Kids f\u00fcr Kinder ab 3 Jahren mit vielen t\u00e4glichen Aktivit\u00e4ten; ein schattiger und immer offener Spielbereich im Freien, der abends in eine B\u00fchne f\u00fcr fantastische Shows verwandelt wird; ein Babyzimmer mit einer rund um die Uhr ge\u00f6ffneten ausgestatteten K\u00fcche, in der ab 11:30 Uhr frische Zutaten f\u00fcr Babynahrung vom Chef bereitgestellt werden; ma\u00dfgeschneiderte Kindermen\u00fcs zu flexiblen Zeiten und ein leckeres Nachmittags-Snack; Service im Speisesaal und im Zimmer.<\/p>\n\n\n\n<p>Wenn Sie leidenschaftlicher <b>Radsportler<\/b> sind, bietet das TiffanyResort &amp; Spa sicheren Fahrradabstellplatz mit Werkstatt f\u00fcr kleinere Reparaturen, Waschbereich und W\u00e4scheservice f\u00fcr technische Bekleidung sowie eine spezialisierte F\u00fchrung f\u00fcr Radtouren.<\/p>\n\n\n\n<p>Im TiffanyResort &amp; Spa erleben Sie die Kunst der guten K\u00fcche neu, mit <b>Gourmetgerichten aus lokalen Produkten 0 km<\/b>. Das <b>Fr\u00fchst\u00fccksbuffet <\/b>wird im Freien serviert und bietet hausgemachte Donuts, Kuchen, Kekse und Torten; Eier, Aufschnitt und K\u00e4se; Obst, Joghurt, Marmeladen, Honig, frisches Brot; S\u00e4fte und Kaffee. Zum <b>Mittag- und Abendessen<\/b> d\u00fcrfen Sie die hausgemachte Pasta, Fleisch, Fisch und das reichhaltige Buffet mit Vorspeisen und Gem\u00fcse nicht verpassen.<\/p>\n\n\n\n<p><b>Haustiere und kleine Hunde<\/b> sind im Hotel <b>willkommen<\/b>.<\/p>\n","protected":false},"excerpt":{"rendered":"<p>Das TiffanyResort &amp; Spa ist ein elegantes Resort, das in der Ruhe von Valverde, Cesenatico liegt. Es ist eine exklusive und designorientierte Lage, ideal f\u00fcr diejenigen, die sorgenfreien Wellness- und Familienurlaub lieben. Das Hotel verf\u00fcgt \u00fcber ein Spa, in dem Sie sich mit einer Wellness-Anwendung verw\u00f6hnen lassen k\u00f6nnen, darunter Sauna, Dampfbad, Eisfall, Whirlpool, Wassersprudler, emotionale &hellip;<\/p>\n","protected":false},"author":1,"featured_media":0,"parent":511,"menu_order":0,"comment_status":"closed","ping_status":"closed","template":"page-templates\/scheda_hotel.php","meta":{"_acf_changed":false,"inline_featured_image":false,"footnotes":""},"class_list":["post-361","page","type-page","status-publish","hentry"],"acf":[],"yoast_head":"<!-- This site is optimized with the Yoast SEO plugin v27.0 - https:\/\/yoast.com\/product\/yoast-seo-wordpress\/ -->\n<title>Hotel TiffanyResort &amp; Spa***s in Cesenatico: Sport-Familienhotel<\/title>\n<meta name=\"description\" content=\"Das Hotel TiffanyResort &amp; Spa befindet sich in exklusiver Lage mit Wellnesscenter und Pool. Vereinbarter Strand, besondere Dienstleistungen f\u00fcr Radfahrer.\" \/>\n<meta name=\"robots\" content=\"index, follow, max-snippet:-1, max-image-preview:large, max-video-preview:-1\" \/>\n<link rel=\"canonical\" href=\"https:\/\/www.cesenaticohotel.com\/de\/hotels\/hotel-tiffanyresort-spa\" \/>\n<meta property=\"og:locale\" content=\"de_DE\" \/>\n<meta property=\"og:type\" content=\"article\" \/>\n<meta property=\"og:title\" content=\"Hotel TiffanyResort &amp; Spa***s in Cesenatico: Sport-Familienhotel\" \/>\n<meta property=\"og:description\" content=\"Das Hotel TiffanyResort &amp; Spa befindet sich in exklusiver Lage mit Wellnesscenter und Pool. Vereinbarter Strand, besondere Dienstleistungen f\u00fcr Radfahrer.\" \/>\n<meta property=\"og:url\" content=\"https:\/\/www.cesenaticohotel.com\/de\/hotels\/hotel-tiffanyresort-spa\" \/>\n<meta property=\"og:site_name\" content=\"Cesenatico Hotel\" \/>\n<meta property=\"article:modified_time\" content=\"2023-08-22T07:12:52+00:00\" \/>\n<meta property=\"og:image\" content=\"https:\/\/www.cesenaticohotel.com\/wp-content\/uploads\/2023\/05\/immagine-sito.jpg\" \/>\n\t<meta property=\"og:image:width\" content=\"1200\" \/>\n\t<meta property=\"og:image:height\" content=\"675\" \/>\n\t<meta property=\"og:image:type\" content=\"image\/jpeg\" \/>\n<meta name=\"twitter:card\" content=\"summary_large_image\" \/>\n<meta name=\"twitter:label1\" content=\"Gesch\u00e4tzte Lesezeit\" \/>\n\t<meta name=\"twitter:data1\" content=\"2\u00a0Minuten\" \/>\n<script type=\"application\/ld+json\" class=\"yoast-schema-graph\">{\"@context\":\"https:\/\/schema.org\",\"@graph\":[{\"@type\":\"WebPage\",\"@id\":\"https:\/\/www.cesenaticohotel.com\/de\/hotels\/hotel-tiffanyresort-spa\",\"url\":\"https:\/\/www.cesenaticohotel.com\/de\/hotels\/hotel-tiffanyresort-spa\",\"name\":\"Hotel TiffanyResort & Spa***s in Cesenatico: Sport-Familienhotel\",\"isPartOf\":{\"@id\":\"https:\/\/www.cesenaticohotel.com\/de#website\"},\"datePublished\":\"2023-04-19T12:32:56+00:00\",\"dateModified\":\"2023-08-22T07:12:52+00:00\",\"description\":\"Das Hotel TiffanyResort & Spa befindet sich in exklusiver Lage mit Wellnesscenter und Pool. Vereinbarter Strand, besondere Dienstleistungen f\u00fcr Radfahrer.\",\"breadcrumb\":{\"@id\":\"https:\/\/www.cesenaticohotel.com\/de\/hotels\/hotel-tiffanyresort-spa#breadcrumb\"},\"inLanguage\":\"de\",\"potentialAction\":[{\"@type\":\"ReadAction\",\"target\":[\"https:\/\/www.cesenaticohotel.com\/de\/hotels\/hotel-tiffanyresort-spa\"]}]},{\"@type\":\"BreadcrumbList\",\"@id\":\"https:\/\/www.cesenaticohotel.com\/de\/hotels\/hotel-tiffanyresort-spa#breadcrumb\",\"itemListElement\":[{\"@type\":\"ListItem\",\"position\":1,\"name\":\"Home\",\"item\":\"https:\/\/www.cesenaticohotel.com\/de\/homepage\"},{\"@type\":\"ListItem\",\"position\":2,\"name\":\"Hotel\",\"item\":\"https:\/\/www.cesenaticohotel.com\/de\/hotels\"},{\"@type\":\"ListItem\",\"position\":3,\"name\":\"Hotel TiffanyResort &#038; Spa\"}]},{\"@type\":\"WebSite\",\"@id\":\"https:\/\/www.cesenaticohotel.com\/de#website\",\"url\":\"https:\/\/www.cesenaticohotel.com\/de\",\"name\":\"Cesenatico Hotel\",\"description\":\"\",\"publisher\":{\"@id\":\"https:\/\/www.cesenaticohotel.com\/de#organization\"},\"potentialAction\":[{\"@type\":\"SearchAction\",\"target\":{\"@type\":\"EntryPoint\",\"urlTemplate\":\"https:\/\/www.cesenaticohotel.com\/de?s={search_term_string}\"},\"query-input\":{\"@type\":\"PropertyValueSpecification\",\"valueRequired\":true,\"valueName\":\"search_term_string\"}}],\"inLanguage\":\"de\"},{\"@type\":\"Organization\",\"@id\":\"https:\/\/www.cesenaticohotel.com\/de#organization\",\"name\":\"Cesenatico Hotel\",\"url\":\"https:\/\/www.cesenaticohotel.com\/de\",\"logo\":{\"@type\":\"ImageObject\",\"inLanguage\":\"de\",\"@id\":\"https:\/\/www.cesenaticohotel.com\/de#\/schema\/logo\/image\/\",\"url\":\"https:\/\/www.cesenaticohotel.com\/wp-content\/uploads\/2023\/05\/logo-organizzazione.jpg\",\"contentUrl\":\"https:\/\/www.cesenaticohotel.com\/wp-content\/uploads\/2023\/05\/logo-organizzazione.jpg\",\"width\":696,\"height\":696,\"caption\":\"Cesenatico Hotel\"},\"image\":{\"@id\":\"https:\/\/www.cesenaticohotel.com\/de#\/schema\/logo\/image\/\"}}]}<\/script>\n<!-- \/ Yoast SEO plugin. -->","yoast_head_json":{"title":"Hotel TiffanyResort & Spa***s in Cesenatico: Sport-Familienhotel","description":"Das Hotel TiffanyResort & Spa befindet sich in exklusiver Lage mit Wellnesscenter und Pool. Vereinbarter Strand, besondere Dienstleistungen f\u00fcr Radfahrer.","robots":{"index":"index","follow":"follow","max-snippet":"max-snippet:-1","max-image-preview":"max-image-preview:large","max-video-preview":"max-video-preview:-1"},"canonical":"https:\/\/www.cesenaticohotel.com\/de\/hotels\/hotel-tiffanyresort-spa","og_locale":"de_DE","og_type":"article","og_title":"Hotel TiffanyResort & Spa***s in Cesenatico: Sport-Familienhotel","og_description":"Das Hotel TiffanyResort & Spa befindet sich in exklusiver Lage mit Wellnesscenter und Pool. Vereinbarter Strand, besondere Dienstleistungen f\u00fcr Radfahrer.","og_url":"https:\/\/www.cesenaticohotel.com\/de\/hotels\/hotel-tiffanyresort-spa","og_site_name":"Cesenatico Hotel","article_modified_time":"2023-08-22T07:12:52+00:00","og_image":[{"width":1200,"height":675,"url":"https:\/\/www.cesenaticohotel.com\/wp-content\/uploads\/2023\/05\/immagine-sito.jpg","type":"image\/jpeg"}],"twitter_card":"summary_large_image","twitter_misc":{"Gesch\u00e4tzte Lesezeit":"2\u00a0Minuten"},"schema":{"@context":"https:\/\/schema.org","@graph":[{"@type":"WebPage","@id":"https:\/\/www.cesenaticohotel.com\/de\/hotels\/hotel-tiffanyresort-spa","url":"https:\/\/www.cesenaticohotel.com\/de\/hotels\/hotel-tiffanyresort-spa","name":"Hotel TiffanyResort & Spa***s in Cesenatico: Sport-Familienhotel","isPartOf":{"@id":"https:\/\/www.cesenaticohotel.com\/de#website"},"datePublished":"2023-04-19T12:32:56+00:00","dateModified":"2023-08-22T07:12:52+00:00","description":"Das Hotel TiffanyResort & Spa befindet sich in exklusiver Lage mit Wellnesscenter und Pool. Vereinbarter Strand, besondere Dienstleistungen f\u00fcr Radfahrer.","breadcrumb":{"@id":"https:\/\/www.cesenaticohotel.com\/de\/hotels\/hotel-tiffanyresort-spa#breadcrumb"},"inLanguage":"de","potentialAction":[{"@type":"ReadAction","target":["https:\/\/www.cesenaticohotel.com\/de\/hotels\/hotel-tiffanyresort-spa"]}]},{"@type":"BreadcrumbList","@id":"https:\/\/www.cesenaticohotel.com\/de\/hotels\/hotel-tiffanyresort-spa#breadcrumb","itemListElement":[{"@type":"ListItem","position":1,"name":"Home","item":"https:\/\/www.cesenaticohotel.com\/de\/homepage"},{"@type":"ListItem","position":2,"name":"Hotel","item":"https:\/\/www.cesenaticohotel.com\/de\/hotels"},{"@type":"ListItem","position":3,"name":"Hotel TiffanyResort &#038; Spa"}]},{"@type":"WebSite","@id":"https:\/\/www.cesenaticohotel.com\/de#website","url":"https:\/\/www.cesenaticohotel.com\/de","name":"Cesenatico Hotel","description":"","publisher":{"@id":"https:\/\/www.cesenaticohotel.com\/de#organization"},"potentialAction":[{"@type":"SearchAction","target":{"@type":"EntryPoint","urlTemplate":"https:\/\/www.cesenaticohotel.com\/de?s={search_term_string}"},"query-input":{"@type":"PropertyValueSpecification","valueRequired":true,"valueName":"search_term_string"}}],"inLanguage":"de"},{"@type":"Organization","@id":"https:\/\/www.cesenaticohotel.com\/de#organization","name":"Cesenatico Hotel","url":"https:\/\/www.cesenaticohotel.com\/de","logo":{"@type":"ImageObject","inLanguage":"de","@id":"https:\/\/www.cesenaticohotel.com\/de#\/schema\/logo\/image\/","url":"https:\/\/www.cesenaticohotel.com\/wp-content\/uploads\/2023\/05\/logo-organizzazione.jpg","contentUrl":"https:\/\/www.cesenaticohotel.com\/wp-content\/uploads\/2023\/05\/logo-organizzazione.jpg","width":696,"height":696,"caption":"Cesenatico Hotel"},"image":{"@id":"https:\/\/www.cesenaticohotel.com\/de#\/schema\/logo\/image\/"}}]}},"_links":{"self":[{"href":"https:\/\/www.cesenaticohotel.com\/de\/wp-json\/wp\/v2\/pages\/361","targetHints":{"allow":["GET"]}}],"collection":[{"href":"https:\/\/www.cesenaticohotel.com\/de\/wp-json\/wp\/v2\/pages"}],"about":[{"href":"https:\/\/www.cesenaticohotel.com\/de\/wp-json\/wp\/v2\/types\/page"}],"author":[{"embeddable":true,"href":"https:\/\/www.cesenaticohotel.com\/de\/wp-json\/wp\/v2\/users\/1"}],"replies":[{"embeddable":true,"href":"https:\/\/www.cesenaticohotel.com\/de\/wp-json\/wp\/v2\/comments?post=361"}],"version-history":[{"count":2,"href":"https:\/\/www.cesenaticohotel.com\/de\/wp-json\/wp\/v2\/pages\/361\/revisions"}],"predecessor-version":[{"id":5877,"href":"https:\/\/www.cesenaticohotel.com\/de\/wp-json\/wp\/v2\/pages\/361\/revisions\/5877"}],"up":[{"embeddable":true,"href":"https:\/\/www.cesenaticohotel.com\/de\/wp-json\/wp\/v2\/pages\/511"}],"wp:attachment":[{"href":"https:\/\/www.cesenaticohotel.com\/de\/wp-json\/wp\/v2\/media?parent=361"}],"curies":[{"name":"wp","href":"https:\/\/api.w.org\/{rel}","templated":true}]}}