{"id":372,"date":"2023-04-19T14:43:14","date_gmt":"2023-04-19T12:43:14","guid":{"rendered":"https:\/\/www.cesenaticohotel.com\/hotel\/hotel-sogno"},"modified":"2023-08-22T09:12:54","modified_gmt":"2023-08-22T07:12:54","slug":"hotel-sogno","status":"publish","type":"page","link":"https:\/\/www.cesenaticohotel.com\/de\/hotels\/hotel-sogno","title":{"rendered":"Hotel Sogno"},"content":{"rendered":"\n<p>Das <b>Hotel Sogno<\/b> hat eine strategische Lage in der <b>N\u00e4he des Zentrums<\/b> von <b>Cesenatico<\/b>, sodass Sie den Leonardesko-Kanalhafen, die Fu\u00dfg\u00e4ngerzone Viale Carducci und den <b>vereinbarten Strand<\/b> in nur 170 Metern bequem zu Fu\u00df erreichen k\u00f6nnen.<\/p>\n\n\n\n<!--more-->\n\n\n\n<p>F\u00fcr Ihre <b>Kinder <\/b>gibt es einen Innen- und einen<b> Au\u00dfenspielbereich<\/b>, eine <b>Animateurin<\/b>, die Aktivit\u00e4ten zum Mittag- und Abendessen organisiert, damit Sie in Ruhe essen k\u00f6nnen, <b>Babyservices<\/b> im Zimmer und im Speisesaal &#8211; Kinderbetten, Rausfallschutz, Kinderwagen und Hochst\u00fchle &#8211; sowie <b>Spiele am Strand<\/b>.<\/p>\n\n\n\n<p>In der <b>K\u00fcche<\/b> finden Sie den <b>Geschmack der Tradition<\/b>, mit Fisch sowohl zum Mittag- als auch zum Abendessen, frischer hausgemachter Pasta, hausgemachten Desserts, Gem\u00fcse und Obst aller Art<b>. Wasser und Wein sind zu den Mahlzeiten inklusive und unbegrenzt<\/b>. Das internationale Fr\u00fchst\u00fcck wird als Buffet serviert und umfasst frisch gebackene Desserts vom Chef, Marmeladen, Honig, Joghurt, M\u00fcsli, Cornflakes, Aufschnitt und K\u00e4se, Obst sowie warme und kalte Getr\u00e4nke. Es werden auch w\u00f6chentlich <b>Themenabende<\/b> organisiert.<\/p>\n\n\n\n<p>Das Hotel verf\u00fcgt \u00fcber einen <b>Innenparkplatz<\/b>, kostenlose <b>Fahrr\u00e4der<\/b>, auch mit Helmen und Kindersitzen,<b> Elektroroller<\/b> und <b>SUP-Boards<\/b> zur Miete. Haustiere kleiner, mittlerer und gro\u00dfer Gr\u00f6\u00dfe sind <b>willkommen<\/b>, auch im Restaurant.<\/p>\n","protected":false},"excerpt":{"rendered":"<p>Das Hotel Sogno hat eine strategische Lage in der N\u00e4he des Zentrums von Cesenatico, sodass Sie den Leonardesko-Kanalhafen, die Fu\u00dfg\u00e4ngerzone Viale Carducci und den vereinbarten Strand in nur 170 Metern bequem zu Fu\u00df erreichen k\u00f6nnen.<\/p>\n","protected":false},"author":1,"featured_media":0,"parent":511,"menu_order":0,"comment_status":"closed","ping_status":"closed","template":"page-templates\/scheda_hotel.php","meta":{"_acf_changed":false,"inline_featured_image":false,"footnotes":""},"class_list":["post-372","page","type-page","status-publish","hentry"],"acf":[],"yoast_head":"<!-- This site is optimized with the Yoast SEO plugin v27.0 - https:\/\/yoast.com\/product\/yoast-seo-wordpress\/ -->\n<title>Hotel Sogno*** in Cesenatico: Paar- und Familien-Pet-Hotel<\/title>\n<meta name=\"description\" content=\"Das Hotel Sogno liegt zentral, in der N\u00e4he des Strandes, mit Meerblick. Animation f\u00fcr Kinder, Verleih von Tretrollern und SUP. Haustiere willkommen.\" \/>\n<meta name=\"robots\" content=\"index, follow, max-snippet:-1, max-image-preview:large, max-video-preview:-1\" \/>\n<link rel=\"canonical\" href=\"https:\/\/www.cesenaticohotel.com\/de\/hotels\/hotel-sogno\" \/>\n<meta property=\"og:locale\" content=\"de_DE\" \/>\n<meta property=\"og:type\" content=\"article\" \/>\n<meta property=\"og:title\" content=\"Hotel Sogno*** in Cesenatico: Paar- und Familien-Pet-Hotel\" \/>\n<meta property=\"og:description\" content=\"Das Hotel Sogno liegt zentral, in der N\u00e4he des Strandes, mit Meerblick. Animation f\u00fcr Kinder, Verleih von Tretrollern und SUP. Haustiere willkommen.\" \/>\n<meta property=\"og:url\" content=\"https:\/\/www.cesenaticohotel.com\/de\/hotels\/hotel-sogno\" \/>\n<meta property=\"og:site_name\" content=\"Cesenatico Hotel\" \/>\n<meta property=\"article:modified_time\" content=\"2023-08-22T07:12:54+00:00\" \/>\n<meta property=\"og:image\" content=\"https:\/\/www.cesenaticohotel.com\/wp-content\/uploads\/2023\/05\/immagine-sito.jpg\" \/>\n\t<meta property=\"og:image:width\" content=\"1200\" \/>\n\t<meta property=\"og:image:height\" content=\"675\" \/>\n\t<meta property=\"og:image:type\" content=\"image\/jpeg\" \/>\n<meta name=\"twitter:card\" content=\"summary_large_image\" \/>\n<meta name=\"twitter:label1\" content=\"Gesch\u00e4tzte Lesezeit\" \/>\n\t<meta name=\"twitter:data1\" content=\"1\u00a0Minute\" \/>\n<script type=\"application\/ld+json\" class=\"yoast-schema-graph\">{\"@context\":\"https:\/\/schema.org\",\"@graph\":[{\"@type\":\"WebPage\",\"@id\":\"https:\/\/www.cesenaticohotel.com\/de\/hotels\/hotel-sogno\",\"url\":\"https:\/\/www.cesenaticohotel.com\/de\/hotels\/hotel-sogno\",\"name\":\"Hotel Sogno*** in Cesenatico: Paar- und Familien-Pet-Hotel\",\"isPartOf\":{\"@id\":\"https:\/\/www.cesenaticohotel.com\/de#website\"},\"datePublished\":\"2023-04-19T12:43:14+00:00\",\"dateModified\":\"2023-08-22T07:12:54+00:00\",\"description\":\"Das Hotel Sogno liegt zentral, in der N\u00e4he des Strandes, mit Meerblick. Animation f\u00fcr Kinder, Verleih von Tretrollern und SUP. Haustiere willkommen.\",\"breadcrumb\":{\"@id\":\"https:\/\/www.cesenaticohotel.com\/de\/hotels\/hotel-sogno#breadcrumb\"},\"inLanguage\":\"de\",\"potentialAction\":[{\"@type\":\"ReadAction\",\"target\":[\"https:\/\/www.cesenaticohotel.com\/de\/hotels\/hotel-sogno\"]}]},{\"@type\":\"BreadcrumbList\",\"@id\":\"https:\/\/www.cesenaticohotel.com\/de\/hotels\/hotel-sogno#breadcrumb\",\"itemListElement\":[{\"@type\":\"ListItem\",\"position\":1,\"name\":\"Home\",\"item\":\"https:\/\/www.cesenaticohotel.com\/de\/homepage\"},{\"@type\":\"ListItem\",\"position\":2,\"name\":\"Hotel\",\"item\":\"https:\/\/www.cesenaticohotel.com\/de\/hotels\"},{\"@type\":\"ListItem\",\"position\":3,\"name\":\"Hotel Sogno\"}]},{\"@type\":\"WebSite\",\"@id\":\"https:\/\/www.cesenaticohotel.com\/de#website\",\"url\":\"https:\/\/www.cesenaticohotel.com\/de\",\"name\":\"Cesenatico Hotel\",\"description\":\"\",\"publisher\":{\"@id\":\"https:\/\/www.cesenaticohotel.com\/de#organization\"},\"potentialAction\":[{\"@type\":\"SearchAction\",\"target\":{\"@type\":\"EntryPoint\",\"urlTemplate\":\"https:\/\/www.cesenaticohotel.com\/de?s={search_term_string}\"},\"query-input\":{\"@type\":\"PropertyValueSpecification\",\"valueRequired\":true,\"valueName\":\"search_term_string\"}}],\"inLanguage\":\"de\"},{\"@type\":\"Organization\",\"@id\":\"https:\/\/www.cesenaticohotel.com\/de#organization\",\"name\":\"Cesenatico Hotel\",\"url\":\"https:\/\/www.cesenaticohotel.com\/de\",\"logo\":{\"@type\":\"ImageObject\",\"inLanguage\":\"de\",\"@id\":\"https:\/\/www.cesenaticohotel.com\/de#\/schema\/logo\/image\/\",\"url\":\"https:\/\/www.cesenaticohotel.com\/wp-content\/uploads\/2023\/05\/logo-organizzazione.jpg\",\"contentUrl\":\"https:\/\/www.cesenaticohotel.com\/wp-content\/uploads\/2023\/05\/logo-organizzazione.jpg\",\"width\":696,\"height\":696,\"caption\":\"Cesenatico Hotel\"},\"image\":{\"@id\":\"https:\/\/www.cesenaticohotel.com\/de#\/schema\/logo\/image\/\"}}]}<\/script>\n<!-- \/ Yoast SEO plugin. -->","yoast_head_json":{"title":"Hotel Sogno*** in Cesenatico: Paar- und Familien-Pet-Hotel","description":"Das Hotel Sogno liegt zentral, in der N\u00e4he des Strandes, mit Meerblick. Animation f\u00fcr Kinder, Verleih von Tretrollern und SUP. Haustiere willkommen.","robots":{"index":"index","follow":"follow","max-snippet":"max-snippet:-1","max-image-preview":"max-image-preview:large","max-video-preview":"max-video-preview:-1"},"canonical":"https:\/\/www.cesenaticohotel.com\/de\/hotels\/hotel-sogno","og_locale":"de_DE","og_type":"article","og_title":"Hotel Sogno*** in Cesenatico: Paar- und Familien-Pet-Hotel","og_description":"Das Hotel Sogno liegt zentral, in der N\u00e4he des Strandes, mit Meerblick. Animation f\u00fcr Kinder, Verleih von Tretrollern und SUP. Haustiere willkommen.","og_url":"https:\/\/www.cesenaticohotel.com\/de\/hotels\/hotel-sogno","og_site_name":"Cesenatico Hotel","article_modified_time":"2023-08-22T07:12:54+00:00","og_image":[{"width":1200,"height":675,"url":"https:\/\/www.cesenaticohotel.com\/wp-content\/uploads\/2023\/05\/immagine-sito.jpg","type":"image\/jpeg"}],"twitter_card":"summary_large_image","twitter_misc":{"Gesch\u00e4tzte Lesezeit":"1\u00a0Minute"},"schema":{"@context":"https:\/\/schema.org","@graph":[{"@type":"WebPage","@id":"https:\/\/www.cesenaticohotel.com\/de\/hotels\/hotel-sogno","url":"https:\/\/www.cesenaticohotel.com\/de\/hotels\/hotel-sogno","name":"Hotel Sogno*** in Cesenatico: Paar- und Familien-Pet-Hotel","isPartOf":{"@id":"https:\/\/www.cesenaticohotel.com\/de#website"},"datePublished":"2023-04-19T12:43:14+00:00","dateModified":"2023-08-22T07:12:54+00:00","description":"Das Hotel Sogno liegt zentral, in der N\u00e4he des Strandes, mit Meerblick. Animation f\u00fcr Kinder, Verleih von Tretrollern und SUP. Haustiere willkommen.","breadcrumb":{"@id":"https:\/\/www.cesenaticohotel.com\/de\/hotels\/hotel-sogno#breadcrumb"},"inLanguage":"de","potentialAction":[{"@type":"ReadAction","target":["https:\/\/www.cesenaticohotel.com\/de\/hotels\/hotel-sogno"]}]},{"@type":"BreadcrumbList","@id":"https:\/\/www.cesenaticohotel.com\/de\/hotels\/hotel-sogno#breadcrumb","itemListElement":[{"@type":"ListItem","position":1,"name":"Home","item":"https:\/\/www.cesenaticohotel.com\/de\/homepage"},{"@type":"ListItem","position":2,"name":"Hotel","item":"https:\/\/www.cesenaticohotel.com\/de\/hotels"},{"@type":"ListItem","position":3,"name":"Hotel Sogno"}]},{"@type":"WebSite","@id":"https:\/\/www.cesenaticohotel.com\/de#website","url":"https:\/\/www.cesenaticohotel.com\/de","name":"Cesenatico Hotel","description":"","publisher":{"@id":"https:\/\/www.cesenaticohotel.com\/de#organization"},"potentialAction":[{"@type":"SearchAction","target":{"@type":"EntryPoint","urlTemplate":"https:\/\/www.cesenaticohotel.com\/de?s={search_term_string}"},"query-input":{"@type":"PropertyValueSpecification","valueRequired":true,"valueName":"search_term_string"}}],"inLanguage":"de"},{"@type":"Organization","@id":"https:\/\/www.cesenaticohotel.com\/de#organization","name":"Cesenatico Hotel","url":"https:\/\/www.cesenaticohotel.com\/de","logo":{"@type":"ImageObject","inLanguage":"de","@id":"https:\/\/www.cesenaticohotel.com\/de#\/schema\/logo\/image\/","url":"https:\/\/www.cesenaticohotel.com\/wp-content\/uploads\/2023\/05\/logo-organizzazione.jpg","contentUrl":"https:\/\/www.cesenaticohotel.com\/wp-content\/uploads\/2023\/05\/logo-organizzazione.jpg","width":696,"height":696,"caption":"Cesenatico Hotel"},"image":{"@id":"https:\/\/www.cesenaticohotel.com\/de#\/schema\/logo\/image\/"}}]}},"_links":{"self":[{"href":"https:\/\/www.cesenaticohotel.com\/de\/wp-json\/wp\/v2\/pages\/372","targetHints":{"allow":["GET"]}}],"collection":[{"href":"https:\/\/www.cesenaticohotel.com\/de\/wp-json\/wp\/v2\/pages"}],"about":[{"href":"https:\/\/www.cesenaticohotel.com\/de\/wp-json\/wp\/v2\/types\/page"}],"author":[{"embeddable":true,"href":"https:\/\/www.cesenaticohotel.com\/de\/wp-json\/wp\/v2\/users\/1"}],"replies":[{"embeddable":true,"href":"https:\/\/www.cesenaticohotel.com\/de\/wp-json\/wp\/v2\/comments?post=372"}],"version-history":[{"count":2,"href":"https:\/\/www.cesenaticohotel.com\/de\/wp-json\/wp\/v2\/pages\/372\/revisions"}],"predecessor-version":[{"id":5878,"href":"https:\/\/www.cesenaticohotel.com\/de\/wp-json\/wp\/v2\/pages\/372\/revisions\/5878"}],"up":[{"embeddable":true,"href":"https:\/\/www.cesenaticohotel.com\/de\/wp-json\/wp\/v2\/pages\/511"}],"wp:attachment":[{"href":"https:\/\/www.cesenaticohotel.com\/de\/wp-json\/wp\/v2\/media?parent=372"}],"curies":[{"name":"wp","href":"https:\/\/api.w.org\/{rel}","templated":true}]}}