{"id":380,"date":"2023-04-19T14:51:44","date_gmt":"2023-04-19T12:51:44","guid":{"rendered":"https:\/\/www.cesenaticohotel.com\/hotel\/hotel-renzo"},"modified":"2023-08-22T09:12:56","modified_gmt":"2023-08-22T07:12:56","slug":"hotel-renzo","status":"publish","type":"page","link":"https:\/\/www.cesenaticohotel.com\/de\/hotels\/hotel-renzo","title":{"rendered":"Hotel Renzo"},"content":{"rendered":"\n<p>Das <b>Hotel Renzo<\/b> befindet sich in <b>g\u00fcnstiger Lage direkt am Meer<\/b> und bietet einen <b>direkten Zugang zum vereinbarten Strand<\/b> durch das \u00fcppige Gr\u00fcn des Pinienwaldes von <b>Zadina &#8211; Cesenatico<\/b>. Neben den gepflegten Au\u00dfenbereichen, die absolute Ruhe bieten, verf\u00fcgt das Hotel Renzo \u00fcber eine moderne <b>Dachterrasse mit Panorama-Pool und Sonnenterrasse<\/b>, die einen au\u00dfergew\u00f6hnlichen Blick auf das Meer und den Pinienwald bietet. Hier k\u00f6nnen Sie sich beim Sonnenbaden entspannen, ein gutes Buch lesen oder einen erfrischenden Cocktail genie\u00dfen.<\/p>\n\n\n\n<!--more-->\n\n\n\n<p>Am <b>Tisch<\/b> werden die authentischen <b>Aromen der echten Romagna-K\u00fcche<\/b> zubereitet, kreativ vom Chef neu interpretiert, auch mit k\u00f6stlichen <b>Kindermen\u00fcs<\/b> und alternativen Zubereitungen f\u00fcr <b>Z\u00f6liakie-Patienten und Unvertr\u00e4glichkeiten<\/b>. Die Zutaten werden sorgf\u00e4ltig aus den besten auf dem Markt verf\u00fcgbaren Produkten ausgew\u00e4hlt, vorzugsweise 0 km und t\u00e4glich frisch verarbeitet.<\/p>\n\n\n\n<p>Das <b>Fr\u00fchst\u00fccksbuffet<\/b> bietet hausgemachte Desserts sowie salzige Optionen wie Wurst und K\u00e4se, Eier, sowie eine Wellness-Ecke mit M\u00fcsli, Trockenfr\u00fcchten und Joghurt. <b>Mittag- und Abendessen <\/b>beinhalten stets Gerichte mit Fisch, Fleisch und vegetarischen Optionen; die <b>hausgemachte frische Pasta,<\/b> insbesondere Lasagne, Tagliatelle und Strozzapreti, ist ein absolutes Muss. W\u00f6chentlich werden <b>Themenabende <\/b>mit Verkostung lokaler Produkte organisiert.<\/p>\n\n\n\n<p>Das Hotel Renzo bietet seinen G\u00e4sten <b>Parkpl\u00e4tze<\/b>, kostenlose <b>Fahrr\u00e4der <\/b>und hei\u00dft auch <b>Haustiere willkommen<\/b>.<\/p>\n","protected":false},"excerpt":{"rendered":"<p>Das Hotel Renzo befindet sich in g\u00fcnstiger Lage direkt am Meer und bietet einen direkten Zugang zum vereinbarten Strand durch das \u00fcppige Gr\u00fcn des Pinienwaldes von Zadina &#8211; Cesenatico. Neben den gepflegten Au\u00dfenbereichen, die absolute Ruhe bieten, verf\u00fcgt das Hotel Renzo \u00fcber eine moderne Dachterrasse mit Panorama-Pool und Sonnenterrasse, die einen au\u00dfergew\u00f6hnlichen Blick auf das &hellip;<\/p>\n","protected":false},"author":1,"featured_media":0,"parent":511,"menu_order":0,"comment_status":"closed","ping_status":"closed","template":"page-templates\/scheda_hotel.php","meta":{"_acf_changed":false,"inline_featured_image":false,"footnotes":""},"class_list":["post-380","page","type-page","status-publish","hentry"],"acf":[],"yoast_head":"<!-- This site is optimized with the Yoast SEO plugin v27.0 - https:\/\/yoast.com\/product\/yoast-seo-wordpress\/ -->\n<title>Hotel Renzo***s in Cesenatico: Hotel f\u00fcr Sportler, Paare und Familien<\/title>\n<meta name=\"description\" content=\"Das Hotel Renzo liegt in unmittelbarer N\u00e4he des vereinbarten Strandes. Panoramapool auf dem Dach mit Meerblick. Haustiere willkommen.\" \/>\n<meta name=\"robots\" content=\"index, follow, max-snippet:-1, max-image-preview:large, max-video-preview:-1\" \/>\n<link rel=\"canonical\" href=\"https:\/\/www.cesenaticohotel.com\/de\/hotels\/hotel-renzo\" \/>\n<meta property=\"og:locale\" content=\"de_DE\" \/>\n<meta property=\"og:type\" content=\"article\" \/>\n<meta property=\"og:title\" content=\"Hotel Renzo***s in Cesenatico: Hotel f\u00fcr Sportler, Paare und Familien\" \/>\n<meta property=\"og:description\" content=\"Das Hotel Renzo liegt in unmittelbarer N\u00e4he des vereinbarten Strandes. Panoramapool auf dem Dach mit Meerblick. Haustiere willkommen.\" \/>\n<meta property=\"og:url\" content=\"https:\/\/www.cesenaticohotel.com\/de\/hotels\/hotel-renzo\" \/>\n<meta property=\"og:site_name\" content=\"Cesenatico Hotel\" \/>\n<meta property=\"article:modified_time\" content=\"2023-08-22T07:12:56+00:00\" \/>\n<meta property=\"og:image\" content=\"https:\/\/www.cesenaticohotel.com\/wp-content\/uploads\/2023\/05\/immagine-sito.jpg\" \/>\n\t<meta property=\"og:image:width\" content=\"1200\" \/>\n\t<meta property=\"og:image:height\" content=\"675\" \/>\n\t<meta property=\"og:image:type\" content=\"image\/jpeg\" \/>\n<meta name=\"twitter:card\" content=\"summary_large_image\" \/>\n<meta name=\"twitter:label1\" content=\"Gesch\u00e4tzte Lesezeit\" \/>\n\t<meta name=\"twitter:data1\" content=\"1\u00a0Minute\" \/>\n<script type=\"application\/ld+json\" class=\"yoast-schema-graph\">{\"@context\":\"https:\/\/schema.org\",\"@graph\":[{\"@type\":\"WebPage\",\"@id\":\"https:\/\/www.cesenaticohotel.com\/de\/hotels\/hotel-renzo\",\"url\":\"https:\/\/www.cesenaticohotel.com\/de\/hotels\/hotel-renzo\",\"name\":\"Hotel Renzo***s in Cesenatico: Hotel f\u00fcr Sportler, Paare und Familien\",\"isPartOf\":{\"@id\":\"https:\/\/www.cesenaticohotel.com\/de#website\"},\"datePublished\":\"2023-04-19T12:51:44+00:00\",\"dateModified\":\"2023-08-22T07:12:56+00:00\",\"description\":\"Das Hotel Renzo liegt in unmittelbarer N\u00e4he des vereinbarten Strandes. Panoramapool auf dem Dach mit Meerblick. Haustiere willkommen.\",\"breadcrumb\":{\"@id\":\"https:\/\/www.cesenaticohotel.com\/de\/hotels\/hotel-renzo#breadcrumb\"},\"inLanguage\":\"de\",\"potentialAction\":[{\"@type\":\"ReadAction\",\"target\":[\"https:\/\/www.cesenaticohotel.com\/de\/hotels\/hotel-renzo\"]}]},{\"@type\":\"BreadcrumbList\",\"@id\":\"https:\/\/www.cesenaticohotel.com\/de\/hotels\/hotel-renzo#breadcrumb\",\"itemListElement\":[{\"@type\":\"ListItem\",\"position\":1,\"name\":\"Home\",\"item\":\"https:\/\/www.cesenaticohotel.com\/de\/homepage\"},{\"@type\":\"ListItem\",\"position\":2,\"name\":\"Hotel\",\"item\":\"https:\/\/www.cesenaticohotel.com\/de\/hotels\"},{\"@type\":\"ListItem\",\"position\":3,\"name\":\"Hotel Renzo\"}]},{\"@type\":\"WebSite\",\"@id\":\"https:\/\/www.cesenaticohotel.com\/de#website\",\"url\":\"https:\/\/www.cesenaticohotel.com\/de\",\"name\":\"Cesenatico Hotel\",\"description\":\"\",\"publisher\":{\"@id\":\"https:\/\/www.cesenaticohotel.com\/de#organization\"},\"potentialAction\":[{\"@type\":\"SearchAction\",\"target\":{\"@type\":\"EntryPoint\",\"urlTemplate\":\"https:\/\/www.cesenaticohotel.com\/de?s={search_term_string}\"},\"query-input\":{\"@type\":\"PropertyValueSpecification\",\"valueRequired\":true,\"valueName\":\"search_term_string\"}}],\"inLanguage\":\"de\"},{\"@type\":\"Organization\",\"@id\":\"https:\/\/www.cesenaticohotel.com\/de#organization\",\"name\":\"Cesenatico Hotel\",\"url\":\"https:\/\/www.cesenaticohotel.com\/de\",\"logo\":{\"@type\":\"ImageObject\",\"inLanguage\":\"de\",\"@id\":\"https:\/\/www.cesenaticohotel.com\/de#\/schema\/logo\/image\/\",\"url\":\"https:\/\/www.cesenaticohotel.com\/wp-content\/uploads\/2023\/05\/logo-organizzazione.jpg\",\"contentUrl\":\"https:\/\/www.cesenaticohotel.com\/wp-content\/uploads\/2023\/05\/logo-organizzazione.jpg\",\"width\":696,\"height\":696,\"caption\":\"Cesenatico Hotel\"},\"image\":{\"@id\":\"https:\/\/www.cesenaticohotel.com\/de#\/schema\/logo\/image\/\"}}]}<\/script>\n<!-- \/ Yoast SEO plugin. -->","yoast_head_json":{"title":"Hotel Renzo***s in Cesenatico: Hotel f\u00fcr Sportler, Paare und Familien","description":"Das Hotel Renzo liegt in unmittelbarer N\u00e4he des vereinbarten Strandes. Panoramapool auf dem Dach mit Meerblick. Haustiere willkommen.","robots":{"index":"index","follow":"follow","max-snippet":"max-snippet:-1","max-image-preview":"max-image-preview:large","max-video-preview":"max-video-preview:-1"},"canonical":"https:\/\/www.cesenaticohotel.com\/de\/hotels\/hotel-renzo","og_locale":"de_DE","og_type":"article","og_title":"Hotel Renzo***s in Cesenatico: Hotel f\u00fcr Sportler, Paare und Familien","og_description":"Das Hotel Renzo liegt in unmittelbarer N\u00e4he des vereinbarten Strandes. Panoramapool auf dem Dach mit Meerblick. Haustiere willkommen.","og_url":"https:\/\/www.cesenaticohotel.com\/de\/hotels\/hotel-renzo","og_site_name":"Cesenatico Hotel","article_modified_time":"2023-08-22T07:12:56+00:00","og_image":[{"width":1200,"height":675,"url":"https:\/\/www.cesenaticohotel.com\/wp-content\/uploads\/2023\/05\/immagine-sito.jpg","type":"image\/jpeg"}],"twitter_card":"summary_large_image","twitter_misc":{"Gesch\u00e4tzte Lesezeit":"1\u00a0Minute"},"schema":{"@context":"https:\/\/schema.org","@graph":[{"@type":"WebPage","@id":"https:\/\/www.cesenaticohotel.com\/de\/hotels\/hotel-renzo","url":"https:\/\/www.cesenaticohotel.com\/de\/hotels\/hotel-renzo","name":"Hotel Renzo***s in Cesenatico: Hotel f\u00fcr Sportler, Paare und Familien","isPartOf":{"@id":"https:\/\/www.cesenaticohotel.com\/de#website"},"datePublished":"2023-04-19T12:51:44+00:00","dateModified":"2023-08-22T07:12:56+00:00","description":"Das Hotel Renzo liegt in unmittelbarer N\u00e4he des vereinbarten Strandes. Panoramapool auf dem Dach mit Meerblick. Haustiere willkommen.","breadcrumb":{"@id":"https:\/\/www.cesenaticohotel.com\/de\/hotels\/hotel-renzo#breadcrumb"},"inLanguage":"de","potentialAction":[{"@type":"ReadAction","target":["https:\/\/www.cesenaticohotel.com\/de\/hotels\/hotel-renzo"]}]},{"@type":"BreadcrumbList","@id":"https:\/\/www.cesenaticohotel.com\/de\/hotels\/hotel-renzo#breadcrumb","itemListElement":[{"@type":"ListItem","position":1,"name":"Home","item":"https:\/\/www.cesenaticohotel.com\/de\/homepage"},{"@type":"ListItem","position":2,"name":"Hotel","item":"https:\/\/www.cesenaticohotel.com\/de\/hotels"},{"@type":"ListItem","position":3,"name":"Hotel Renzo"}]},{"@type":"WebSite","@id":"https:\/\/www.cesenaticohotel.com\/de#website","url":"https:\/\/www.cesenaticohotel.com\/de","name":"Cesenatico Hotel","description":"","publisher":{"@id":"https:\/\/www.cesenaticohotel.com\/de#organization"},"potentialAction":[{"@type":"SearchAction","target":{"@type":"EntryPoint","urlTemplate":"https:\/\/www.cesenaticohotel.com\/de?s={search_term_string}"},"query-input":{"@type":"PropertyValueSpecification","valueRequired":true,"valueName":"search_term_string"}}],"inLanguage":"de"},{"@type":"Organization","@id":"https:\/\/www.cesenaticohotel.com\/de#organization","name":"Cesenatico Hotel","url":"https:\/\/www.cesenaticohotel.com\/de","logo":{"@type":"ImageObject","inLanguage":"de","@id":"https:\/\/www.cesenaticohotel.com\/de#\/schema\/logo\/image\/","url":"https:\/\/www.cesenaticohotel.com\/wp-content\/uploads\/2023\/05\/logo-organizzazione.jpg","contentUrl":"https:\/\/www.cesenaticohotel.com\/wp-content\/uploads\/2023\/05\/logo-organizzazione.jpg","width":696,"height":696,"caption":"Cesenatico Hotel"},"image":{"@id":"https:\/\/www.cesenaticohotel.com\/de#\/schema\/logo\/image\/"}}]}},"_links":{"self":[{"href":"https:\/\/www.cesenaticohotel.com\/de\/wp-json\/wp\/v2\/pages\/380","targetHints":{"allow":["GET"]}}],"collection":[{"href":"https:\/\/www.cesenaticohotel.com\/de\/wp-json\/wp\/v2\/pages"}],"about":[{"href":"https:\/\/www.cesenaticohotel.com\/de\/wp-json\/wp\/v2\/types\/page"}],"author":[{"embeddable":true,"href":"https:\/\/www.cesenaticohotel.com\/de\/wp-json\/wp\/v2\/users\/1"}],"replies":[{"embeddable":true,"href":"https:\/\/www.cesenaticohotel.com\/de\/wp-json\/wp\/v2\/comments?post=380"}],"version-history":[{"count":2,"href":"https:\/\/www.cesenaticohotel.com\/de\/wp-json\/wp\/v2\/pages\/380\/revisions"}],"predecessor-version":[{"id":5879,"href":"https:\/\/www.cesenaticohotel.com\/de\/wp-json\/wp\/v2\/pages\/380\/revisions\/5879"}],"up":[{"embeddable":true,"href":"https:\/\/www.cesenaticohotel.com\/de\/wp-json\/wp\/v2\/pages\/511"}],"wp:attachment":[{"href":"https:\/\/www.cesenaticohotel.com\/de\/wp-json\/wp\/v2\/media?parent=380"}],"curies":[{"name":"wp","href":"https:\/\/api.w.org\/{rel}","templated":true}]}}