{"id":3816,"date":"2023-05-08T12:23:05","date_gmt":"2023-05-08T10:23:05","guid":{"rendered":"https:\/\/www.cesenaticohotel.com\/hotels\/villa-lina-ricci-curbastro"},"modified":"2023-08-22T09:14:37","modified_gmt":"2023-08-22T07:14:37","slug":"villa-lina-ricci-curbastro","status":"publish","type":"page","link":"https:\/\/www.cesenaticohotel.com\/de\/hotels\/villa-lina-ricci-curbastro","title":{"rendered":"Villa Lina Ricci Curbastro"},"content":{"rendered":"\n<p>Die <b>Villa Lina Ricci Curbastro<\/b> befindet sich in zentraler Lage direkt an der <b>Lungomare Carducci von Cesenatico<\/b>, nur 100 Meter vom Meer entfernt. Es handelt sich um eine besondere Location, bestehend aus drei kleinen Villen und einer Kapelle, die von einem <b>gro\u00dfen und gepflegten Garten<\/b> umgeben sind. Hier kannst du Momente der Privatsph\u00e4re und Ruhe im Schatten genie\u00dfen, umh\u00fcllt von der Meeresbrise, w\u00e4hrend die Kinder sicher im eigens f\u00fcr sie gestalteten <b>Spielbereich<\/b> Spa\u00df haben.<\/p>\n\n\n\n<!--more-->\n\n\n\n<p>In der Villa Lina Ricci Curbastro kannst du einen Urlaub in v\u00f6lliger Gelassenheit und famili\u00e4rer Atmosph\u00e4re verbringen, nur wenige Meter von den Hauptattraktionen von Cesenatico entfernt.<\/p>\n\n\n\n<p>Beim Essen kannst du die authentische romagnolische K\u00fcche genie\u00dfen. Das <b>reichhaltige und echte Fr\u00fchst\u00fccksbuffet<\/b> besteht aus hausgemachten S\u00fc\u00dfspeisen, duftenden Croissants, Joghurt, M\u00fcsli, Aufschnitt und K\u00e4se. Zum Mittag- und Abendessen stehen dir <b>zwei Men\u00fcs<\/b> zur Auswahl, die t\u00e4glich frisch zubereitet werden, eins mit <b>Fleisch<\/b> und eins mit <b>Fisch<\/b>. Hausgemachte Pasta, Grillgerichte und frittierter Fisch sind unverzichtbar. Wasser ist immer inbegriffen, au\u00dferdem kannst du die Gerichte mit lokalen Weinen und handwerklich gebrauten Bieren begleiten. Das Hotel organisiert auch <b>Themenabend<\/b>e, und das Personal steht zur Verf\u00fcgung, um<b> Kindermen\u00fcs<\/b> und <b>Breie <\/b>in Absprache mit den Eltern zuzubereiten, sowie Alternativen f\u00fcr Personen mit Unvertr\u00e4glichkeiten.<\/p>\n\n\n\n<p>Den G\u00e4sten steht auch ein bequemer <b>kostenloser Privatparkplatz<\/b> zur Verf\u00fcgung. <b>Haustiere sind willkommen<\/b>, auch im Restaurantsaal.<\/p>\n","protected":false},"excerpt":{"rendered":"<p>Die Villa Lina Ricci Curbastro befindet sich in zentraler Lage direkt an der Lungomare Carducci von Cesenatico, nur 100 Meter vom Meer entfernt. Es handelt sich um eine besondere Location, bestehend aus drei kleinen Villen und einer Kapelle, die von einem gro\u00dfen und gepflegten Garten umgeben sind. Hier kannst du Momente der Privatsph\u00e4re und Ruhe &hellip;<\/p>\n","protected":false},"author":1,"featured_media":0,"parent":511,"menu_order":0,"comment_status":"closed","ping_status":"closed","template":"page-templates\/scheda_hotel.php","meta":{"_acf_changed":false,"inline_featured_image":false,"footnotes":""},"class_list":["post-3816","page","type-page","status-publish","hentry"],"acf":[],"yoast_head":"<!-- This site is optimized with the Yoast SEO plugin v27.0 - https:\/\/yoast.com\/product\/yoast-seo-wordpress\/ -->\n<title>Villa Lina Ricci Curbastro* in Cesenatico: f\u00fcr Paare und Familien<\/title>\n<meta name=\"description\" content=\"Die Villa Lina Ricci Curbastro liegt nur 100 Meter vom Meer entfernt. Gro\u00dfer Garten mit Pool und privatem Parkplatz. Besondere Dienstleistungen f\u00fcr Tiere.\" \/>\n<meta name=\"robots\" content=\"index, follow, max-snippet:-1, max-image-preview:large, max-video-preview:-1\" \/>\n<link rel=\"canonical\" href=\"https:\/\/www.cesenaticohotel.com\/de\/hotels\/villa-lina-ricci-curbastro\" \/>\n<meta property=\"og:locale\" content=\"de_DE\" \/>\n<meta property=\"og:type\" content=\"article\" \/>\n<meta property=\"og:title\" content=\"Villa Lina Ricci Curbastro* in Cesenatico: f\u00fcr Paare und Familien\" \/>\n<meta property=\"og:description\" content=\"Die Villa Lina Ricci Curbastro liegt nur 100 Meter vom Meer entfernt. Gro\u00dfer Garten mit Pool und privatem Parkplatz. Besondere Dienstleistungen f\u00fcr Tiere.\" \/>\n<meta property=\"og:url\" content=\"https:\/\/www.cesenaticohotel.com\/de\/hotels\/villa-lina-ricci-curbastro\" \/>\n<meta property=\"og:site_name\" content=\"Cesenatico Hotel\" \/>\n<meta property=\"article:modified_time\" content=\"2023-08-22T07:14:37+00:00\" \/>\n<meta property=\"og:image\" content=\"https:\/\/www.cesenaticohotel.com\/wp-content\/uploads\/2023\/05\/immagine-sito.jpg\" \/>\n\t<meta property=\"og:image:width\" content=\"1200\" \/>\n\t<meta property=\"og:image:height\" content=\"675\" \/>\n\t<meta property=\"og:image:type\" content=\"image\/jpeg\" \/>\n<meta name=\"twitter:card\" content=\"summary_large_image\" \/>\n<meta name=\"twitter:label1\" content=\"Gesch\u00e4tzte Lesezeit\" \/>\n\t<meta name=\"twitter:data1\" content=\"1\u00a0Minute\" \/>\n<script type=\"application\/ld+json\" class=\"yoast-schema-graph\">{\"@context\":\"https:\/\/schema.org\",\"@graph\":[{\"@type\":\"WebPage\",\"@id\":\"https:\/\/www.cesenaticohotel.com\/de\/hotels\/villa-lina-ricci-curbastro\",\"url\":\"https:\/\/www.cesenaticohotel.com\/de\/hotels\/villa-lina-ricci-curbastro\",\"name\":\"Villa Lina Ricci Curbastro* in Cesenatico: f\u00fcr Paare und Familien\",\"isPartOf\":{\"@id\":\"https:\/\/www.cesenaticohotel.com\/de#website\"},\"datePublished\":\"2023-05-08T10:23:05+00:00\",\"dateModified\":\"2023-08-22T07:14:37+00:00\",\"description\":\"Die Villa Lina Ricci Curbastro liegt nur 100 Meter vom Meer entfernt. Gro\u00dfer Garten mit Pool und privatem Parkplatz. Besondere Dienstleistungen f\u00fcr Tiere.\",\"breadcrumb\":{\"@id\":\"https:\/\/www.cesenaticohotel.com\/de\/hotels\/villa-lina-ricci-curbastro#breadcrumb\"},\"inLanguage\":\"de\",\"potentialAction\":[{\"@type\":\"ReadAction\",\"target\":[\"https:\/\/www.cesenaticohotel.com\/de\/hotels\/villa-lina-ricci-curbastro\"]}]},{\"@type\":\"BreadcrumbList\",\"@id\":\"https:\/\/www.cesenaticohotel.com\/de\/hotels\/villa-lina-ricci-curbastro#breadcrumb\",\"itemListElement\":[{\"@type\":\"ListItem\",\"position\":1,\"name\":\"Home\",\"item\":\"https:\/\/www.cesenaticohotel.com\/de\/homepage\"},{\"@type\":\"ListItem\",\"position\":2,\"name\":\"Hotel\",\"item\":\"https:\/\/www.cesenaticohotel.com\/de\/hotels\"},{\"@type\":\"ListItem\",\"position\":3,\"name\":\"Villa Lina Ricci Curbastro\"}]},{\"@type\":\"WebSite\",\"@id\":\"https:\/\/www.cesenaticohotel.com\/de#website\",\"url\":\"https:\/\/www.cesenaticohotel.com\/de\",\"name\":\"Cesenatico Hotel\",\"description\":\"\",\"publisher\":{\"@id\":\"https:\/\/www.cesenaticohotel.com\/de#organization\"},\"potentialAction\":[{\"@type\":\"SearchAction\",\"target\":{\"@type\":\"EntryPoint\",\"urlTemplate\":\"https:\/\/www.cesenaticohotel.com\/de?s={search_term_string}\"},\"query-input\":{\"@type\":\"PropertyValueSpecification\",\"valueRequired\":true,\"valueName\":\"search_term_string\"}}],\"inLanguage\":\"de\"},{\"@type\":\"Organization\",\"@id\":\"https:\/\/www.cesenaticohotel.com\/de#organization\",\"name\":\"Cesenatico Hotel\",\"url\":\"https:\/\/www.cesenaticohotel.com\/de\",\"logo\":{\"@type\":\"ImageObject\",\"inLanguage\":\"de\",\"@id\":\"https:\/\/www.cesenaticohotel.com\/de#\/schema\/logo\/image\/\",\"url\":\"https:\/\/www.cesenaticohotel.com\/wp-content\/uploads\/2023\/05\/logo-organizzazione.jpg\",\"contentUrl\":\"https:\/\/www.cesenaticohotel.com\/wp-content\/uploads\/2023\/05\/logo-organizzazione.jpg\",\"width\":696,\"height\":696,\"caption\":\"Cesenatico Hotel\"},\"image\":{\"@id\":\"https:\/\/www.cesenaticohotel.com\/de#\/schema\/logo\/image\/\"}}]}<\/script>\n<!-- \/ Yoast SEO plugin. -->","yoast_head_json":{"title":"Villa Lina Ricci Curbastro* in Cesenatico: f\u00fcr Paare und Familien","description":"Die Villa Lina Ricci Curbastro liegt nur 100 Meter vom Meer entfernt. Gro\u00dfer Garten mit Pool und privatem Parkplatz. Besondere Dienstleistungen f\u00fcr Tiere.","robots":{"index":"index","follow":"follow","max-snippet":"max-snippet:-1","max-image-preview":"max-image-preview:large","max-video-preview":"max-video-preview:-1"},"canonical":"https:\/\/www.cesenaticohotel.com\/de\/hotels\/villa-lina-ricci-curbastro","og_locale":"de_DE","og_type":"article","og_title":"Villa Lina Ricci Curbastro* in Cesenatico: f\u00fcr Paare und Familien","og_description":"Die Villa Lina Ricci Curbastro liegt nur 100 Meter vom Meer entfernt. Gro\u00dfer Garten mit Pool und privatem Parkplatz. Besondere Dienstleistungen f\u00fcr Tiere.","og_url":"https:\/\/www.cesenaticohotel.com\/de\/hotels\/villa-lina-ricci-curbastro","og_site_name":"Cesenatico Hotel","article_modified_time":"2023-08-22T07:14:37+00:00","og_image":[{"width":1200,"height":675,"url":"https:\/\/www.cesenaticohotel.com\/wp-content\/uploads\/2023\/05\/immagine-sito.jpg","type":"image\/jpeg"}],"twitter_card":"summary_large_image","twitter_misc":{"Gesch\u00e4tzte Lesezeit":"1\u00a0Minute"},"schema":{"@context":"https:\/\/schema.org","@graph":[{"@type":"WebPage","@id":"https:\/\/www.cesenaticohotel.com\/de\/hotels\/villa-lina-ricci-curbastro","url":"https:\/\/www.cesenaticohotel.com\/de\/hotels\/villa-lina-ricci-curbastro","name":"Villa Lina Ricci Curbastro* in Cesenatico: f\u00fcr Paare und Familien","isPartOf":{"@id":"https:\/\/www.cesenaticohotel.com\/de#website"},"datePublished":"2023-05-08T10:23:05+00:00","dateModified":"2023-08-22T07:14:37+00:00","description":"Die Villa Lina Ricci Curbastro liegt nur 100 Meter vom Meer entfernt. Gro\u00dfer Garten mit Pool und privatem Parkplatz. Besondere Dienstleistungen f\u00fcr Tiere.","breadcrumb":{"@id":"https:\/\/www.cesenaticohotel.com\/de\/hotels\/villa-lina-ricci-curbastro#breadcrumb"},"inLanguage":"de","potentialAction":[{"@type":"ReadAction","target":["https:\/\/www.cesenaticohotel.com\/de\/hotels\/villa-lina-ricci-curbastro"]}]},{"@type":"BreadcrumbList","@id":"https:\/\/www.cesenaticohotel.com\/de\/hotels\/villa-lina-ricci-curbastro#breadcrumb","itemListElement":[{"@type":"ListItem","position":1,"name":"Home","item":"https:\/\/www.cesenaticohotel.com\/de\/homepage"},{"@type":"ListItem","position":2,"name":"Hotel","item":"https:\/\/www.cesenaticohotel.com\/de\/hotels"},{"@type":"ListItem","position":3,"name":"Villa Lina Ricci Curbastro"}]},{"@type":"WebSite","@id":"https:\/\/www.cesenaticohotel.com\/de#website","url":"https:\/\/www.cesenaticohotel.com\/de","name":"Cesenatico Hotel","description":"","publisher":{"@id":"https:\/\/www.cesenaticohotel.com\/de#organization"},"potentialAction":[{"@type":"SearchAction","target":{"@type":"EntryPoint","urlTemplate":"https:\/\/www.cesenaticohotel.com\/de?s={search_term_string}"},"query-input":{"@type":"PropertyValueSpecification","valueRequired":true,"valueName":"search_term_string"}}],"inLanguage":"de"},{"@type":"Organization","@id":"https:\/\/www.cesenaticohotel.com\/de#organization","name":"Cesenatico Hotel","url":"https:\/\/www.cesenaticohotel.com\/de","logo":{"@type":"ImageObject","inLanguage":"de","@id":"https:\/\/www.cesenaticohotel.com\/de#\/schema\/logo\/image\/","url":"https:\/\/www.cesenaticohotel.com\/wp-content\/uploads\/2023\/05\/logo-organizzazione.jpg","contentUrl":"https:\/\/www.cesenaticohotel.com\/wp-content\/uploads\/2023\/05\/logo-organizzazione.jpg","width":696,"height":696,"caption":"Cesenatico Hotel"},"image":{"@id":"https:\/\/www.cesenaticohotel.com\/de#\/schema\/logo\/image\/"}}]}},"_links":{"self":[{"href":"https:\/\/www.cesenaticohotel.com\/de\/wp-json\/wp\/v2\/pages\/3816","targetHints":{"allow":["GET"]}}],"collection":[{"href":"https:\/\/www.cesenaticohotel.com\/de\/wp-json\/wp\/v2\/pages"}],"about":[{"href":"https:\/\/www.cesenaticohotel.com\/de\/wp-json\/wp\/v2\/types\/page"}],"author":[{"embeddable":true,"href":"https:\/\/www.cesenaticohotel.com\/de\/wp-json\/wp\/v2\/users\/1"}],"replies":[{"embeddable":true,"href":"https:\/\/www.cesenaticohotel.com\/de\/wp-json\/wp\/v2\/comments?post=3816"}],"version-history":[{"count":2,"href":"https:\/\/www.cesenaticohotel.com\/de\/wp-json\/wp\/v2\/pages\/3816\/revisions"}],"predecessor-version":[{"id":6010,"href":"https:\/\/www.cesenaticohotel.com\/de\/wp-json\/wp\/v2\/pages\/3816\/revisions\/6010"}],"up":[{"embeddable":true,"href":"https:\/\/www.cesenaticohotel.com\/de\/wp-json\/wp\/v2\/pages\/511"}],"wp:attachment":[{"href":"https:\/\/www.cesenaticohotel.com\/de\/wp-json\/wp\/v2\/media?parent=3816"}],"curies":[{"name":"wp","href":"https:\/\/api.w.org\/{rel}","templated":true}]}}