{"id":3824,"date":"2023-05-08T12:48:22","date_gmt":"2023-05-08T10:48:22","guid":{"rendered":"https:\/\/www.cesenaticohotel.com\/hotels\/park-hotel-zadina"},"modified":"2023-08-22T09:14:41","modified_gmt":"2023-08-22T07:14:41","slug":"park-hotel-zadina","status":"publish","type":"page","link":"https:\/\/www.cesenaticohotel.com\/de\/hotels\/park-hotel-zadina","title":{"rendered":"Park Hotel Zadina"},"content":{"rendered":"\n<p>Das Park Hotel Zadina in<b> Cesenatico<\/b> ist von weitl\u00e4ufigen Gr\u00fcnfl\u00e4chen umgeben, eine unwiderstehliche Mischung aus dem Pinienwald von Zadina und dem gepflegten <b>10.000 qm <\/b>gro\u00dfen <b>Garten<\/b>. Hier findest du den <b>Pool<\/b>, auch mit <b>separatem Kinderbecken<\/b>, einen ausgestatteten <b>Solariumbereich <\/b>mit Sonnenschirmen und Liegest\u00fchlen. Der Strand-Service am nur <b>100 Meter<\/b> entfernten <b>Partner-Strandbad <\/b>ist im All-Inclusive-Paket enthalten.<\/p>\n\n\n\n<!--more-->\n\n\n\n<p>Das <b>Animationsteam <\/b>unterh\u00e4lt Gro\u00df und Klein mit Freizeit- und Sportaktivit\u00e4ten wie Wassergymnastik, Muskeltraining, Aperitifspiele, Miniclub und Amateurtuniere. Die Au\u00dfenbereiche des Hotels bieten auch <b>Tennispl\u00e4tze, Bocciabahn und Tischtennis<\/b>. Radtourismus-Liebhaber haben Zugang zu einem sicheren <b>Fahrradraum<\/b>, <b>Fahrradverleih<\/b> und professionellen <b>Radf\u00fchrern<\/b>.<\/p>\n\n\n\n<p>Die K\u00fcche ist ein 5-Sterne-Erlebnis: Die <b>Bar<\/b> ist stets ge\u00f6ffnet f\u00fcr Snacks, Aperitifs und s\u00fc\u00dfe Pausen. Das <b>Fr\u00fchst\u00fcckbuffet<\/b> bietet eine gro\u00dfe Auswahl an s\u00fc\u00dfen und herzhaften Optionen. <b>Mittag- und Abendessen<\/b> lassen Raum f\u00fcr traditionelle Rezepte, die mit einem Hauch von Modernit\u00e4t interpretiert werden. Das <b>Men\u00fc bietet eine Auswahl<\/b> zwischen Fleisch und Fisch, begleitet von einem <b>Buffet mit Gem\u00fcse und Salaten<\/b>. Das Hotel organisiert auch <b>Abendessen im Freien mit Live-Musik.<\/b><\/p>\n\n\n\n<p>Vergiss das Auto auf dem f\u00fcr G\u00e4ste <b>reservierten Parkplatz<\/b> und nutze die kostenlosen <b>Fahrr\u00e4der und Mietkinderwagen<\/b> f\u00fcr angenehme und entspannte Spazierg\u00e4nge. Kleine <b>Haustiere<\/b> sind im Hotel willkommen.<\/p>\n","protected":false},"excerpt":{"rendered":"<p>Das Park Hotel Zadina in Cesenatico ist von weitl\u00e4ufigen Gr\u00fcnfl\u00e4chen umgeben, eine unwiderstehliche Mischung aus dem Pinienwald von Zadina und dem gepflegten 10.000 qm gro\u00dfen Garten. Hier findest du den Pool, auch mit separatem Kinderbecken, einen ausgestatteten Solariumbereich mit Sonnenschirmen und Liegest\u00fchlen. Der Strand-Service am nur 100 Meter entfernten Partner-Strandbad ist im All-Inclusive-Paket enthalten.<\/p>\n","protected":false},"author":1,"featured_media":0,"parent":511,"menu_order":0,"comment_status":"closed","ping_status":"closed","template":"page-templates\/scheda_hotel.php","meta":{"_acf_changed":false,"inline_featured_image":false,"footnotes":""},"class_list":["post-3824","page","type-page","status-publish","hentry"],"acf":[],"yoast_head":"<!-- This site is optimized with the Yoast SEO plugin v27.0 - https:\/\/yoast.com\/product\/yoast-seo-wordpress\/ -->\n<title>Park Hotel Zadina *** in Cesenatico: Hotel f\u00fcr Sportler und Familien<\/title>\n<meta name=\"description\" content=\"Das Park Hotel Zadina liegt nur 100 Meter vom vereinbarten Strand entfernt. Gro\u00dfer Au\u00dfengarten mit Pool und Live-Musik.\" \/>\n<meta name=\"robots\" content=\"index, follow, max-snippet:-1, max-image-preview:large, max-video-preview:-1\" \/>\n<link rel=\"canonical\" href=\"https:\/\/www.cesenaticohotel.com\/de\/hotels\/park-hotel-zadina\" \/>\n<meta property=\"og:locale\" content=\"de_DE\" \/>\n<meta property=\"og:type\" content=\"article\" \/>\n<meta property=\"og:title\" content=\"Park Hotel Zadina *** in Cesenatico: Hotel f\u00fcr Sportler und Familien\" \/>\n<meta property=\"og:description\" content=\"Das Park Hotel Zadina liegt nur 100 Meter vom vereinbarten Strand entfernt. Gro\u00dfer Au\u00dfengarten mit Pool und Live-Musik.\" \/>\n<meta property=\"og:url\" content=\"https:\/\/www.cesenaticohotel.com\/de\/hotels\/park-hotel-zadina\" \/>\n<meta property=\"og:site_name\" content=\"Cesenatico Hotel\" \/>\n<meta property=\"article:modified_time\" content=\"2023-08-22T07:14:41+00:00\" \/>\n<meta property=\"og:image\" content=\"https:\/\/www.cesenaticohotel.com\/wp-content\/uploads\/2023\/05\/immagine-sito.jpg\" \/>\n\t<meta property=\"og:image:width\" content=\"1200\" \/>\n\t<meta property=\"og:image:height\" content=\"675\" \/>\n\t<meta property=\"og:image:type\" content=\"image\/jpeg\" \/>\n<meta name=\"twitter:card\" content=\"summary_large_image\" \/>\n<meta name=\"twitter:label1\" content=\"Gesch\u00e4tzte Lesezeit\" \/>\n\t<meta name=\"twitter:data1\" content=\"1\u00a0Minute\" \/>\n<script type=\"application\/ld+json\" class=\"yoast-schema-graph\">{\"@context\":\"https:\/\/schema.org\",\"@graph\":[{\"@type\":\"WebPage\",\"@id\":\"https:\/\/www.cesenaticohotel.com\/de\/hotels\/park-hotel-zadina\",\"url\":\"https:\/\/www.cesenaticohotel.com\/de\/hotels\/park-hotel-zadina\",\"name\":\"Park Hotel Zadina *** in Cesenatico: Hotel f\u00fcr Sportler und Familien\",\"isPartOf\":{\"@id\":\"https:\/\/www.cesenaticohotel.com\/de#website\"},\"datePublished\":\"2023-05-08T10:48:22+00:00\",\"dateModified\":\"2023-08-22T07:14:41+00:00\",\"description\":\"Das Park Hotel Zadina liegt nur 100 Meter vom vereinbarten Strand entfernt. Gro\u00dfer Au\u00dfengarten mit Pool und Live-Musik.\",\"breadcrumb\":{\"@id\":\"https:\/\/www.cesenaticohotel.com\/de\/hotels\/park-hotel-zadina#breadcrumb\"},\"inLanguage\":\"de\",\"potentialAction\":[{\"@type\":\"ReadAction\",\"target\":[\"https:\/\/www.cesenaticohotel.com\/de\/hotels\/park-hotel-zadina\"]}]},{\"@type\":\"BreadcrumbList\",\"@id\":\"https:\/\/www.cesenaticohotel.com\/de\/hotels\/park-hotel-zadina#breadcrumb\",\"itemListElement\":[{\"@type\":\"ListItem\",\"position\":1,\"name\":\"Home\",\"item\":\"https:\/\/www.cesenaticohotel.com\/de\/homepage\"},{\"@type\":\"ListItem\",\"position\":2,\"name\":\"Hotel\",\"item\":\"https:\/\/www.cesenaticohotel.com\/de\/hotels\"},{\"@type\":\"ListItem\",\"position\":3,\"name\":\"Park Hotel Zadina\"}]},{\"@type\":\"WebSite\",\"@id\":\"https:\/\/www.cesenaticohotel.com\/de#website\",\"url\":\"https:\/\/www.cesenaticohotel.com\/de\",\"name\":\"Cesenatico Hotel\",\"description\":\"\",\"publisher\":{\"@id\":\"https:\/\/www.cesenaticohotel.com\/de#organization\"},\"potentialAction\":[{\"@type\":\"SearchAction\",\"target\":{\"@type\":\"EntryPoint\",\"urlTemplate\":\"https:\/\/www.cesenaticohotel.com\/de?s={search_term_string}\"},\"query-input\":{\"@type\":\"PropertyValueSpecification\",\"valueRequired\":true,\"valueName\":\"search_term_string\"}}],\"inLanguage\":\"de\"},{\"@type\":\"Organization\",\"@id\":\"https:\/\/www.cesenaticohotel.com\/de#organization\",\"name\":\"Cesenatico Hotel\",\"url\":\"https:\/\/www.cesenaticohotel.com\/de\",\"logo\":{\"@type\":\"ImageObject\",\"inLanguage\":\"de\",\"@id\":\"https:\/\/www.cesenaticohotel.com\/de#\/schema\/logo\/image\/\",\"url\":\"https:\/\/www.cesenaticohotel.com\/wp-content\/uploads\/2023\/05\/logo-organizzazione.jpg\",\"contentUrl\":\"https:\/\/www.cesenaticohotel.com\/wp-content\/uploads\/2023\/05\/logo-organizzazione.jpg\",\"width\":696,\"height\":696,\"caption\":\"Cesenatico Hotel\"},\"image\":{\"@id\":\"https:\/\/www.cesenaticohotel.com\/de#\/schema\/logo\/image\/\"}}]}<\/script>\n<!-- \/ Yoast SEO plugin. -->","yoast_head_json":{"title":"Park Hotel Zadina *** in Cesenatico: Hotel f\u00fcr Sportler und Familien","description":"Das Park Hotel Zadina liegt nur 100 Meter vom vereinbarten Strand entfernt. Gro\u00dfer Au\u00dfengarten mit Pool und Live-Musik.","robots":{"index":"index","follow":"follow","max-snippet":"max-snippet:-1","max-image-preview":"max-image-preview:large","max-video-preview":"max-video-preview:-1"},"canonical":"https:\/\/www.cesenaticohotel.com\/de\/hotels\/park-hotel-zadina","og_locale":"de_DE","og_type":"article","og_title":"Park Hotel Zadina *** in Cesenatico: Hotel f\u00fcr Sportler und Familien","og_description":"Das Park Hotel Zadina liegt nur 100 Meter vom vereinbarten Strand entfernt. Gro\u00dfer Au\u00dfengarten mit Pool und Live-Musik.","og_url":"https:\/\/www.cesenaticohotel.com\/de\/hotels\/park-hotel-zadina","og_site_name":"Cesenatico Hotel","article_modified_time":"2023-08-22T07:14:41+00:00","og_image":[{"width":1200,"height":675,"url":"https:\/\/www.cesenaticohotel.com\/wp-content\/uploads\/2023\/05\/immagine-sito.jpg","type":"image\/jpeg"}],"twitter_card":"summary_large_image","twitter_misc":{"Gesch\u00e4tzte Lesezeit":"1\u00a0Minute"},"schema":{"@context":"https:\/\/schema.org","@graph":[{"@type":"WebPage","@id":"https:\/\/www.cesenaticohotel.com\/de\/hotels\/park-hotel-zadina","url":"https:\/\/www.cesenaticohotel.com\/de\/hotels\/park-hotel-zadina","name":"Park Hotel Zadina *** in Cesenatico: Hotel f\u00fcr Sportler und Familien","isPartOf":{"@id":"https:\/\/www.cesenaticohotel.com\/de#website"},"datePublished":"2023-05-08T10:48:22+00:00","dateModified":"2023-08-22T07:14:41+00:00","description":"Das Park Hotel Zadina liegt nur 100 Meter vom vereinbarten Strand entfernt. Gro\u00dfer Au\u00dfengarten mit Pool und Live-Musik.","breadcrumb":{"@id":"https:\/\/www.cesenaticohotel.com\/de\/hotels\/park-hotel-zadina#breadcrumb"},"inLanguage":"de","potentialAction":[{"@type":"ReadAction","target":["https:\/\/www.cesenaticohotel.com\/de\/hotels\/park-hotel-zadina"]}]},{"@type":"BreadcrumbList","@id":"https:\/\/www.cesenaticohotel.com\/de\/hotels\/park-hotel-zadina#breadcrumb","itemListElement":[{"@type":"ListItem","position":1,"name":"Home","item":"https:\/\/www.cesenaticohotel.com\/de\/homepage"},{"@type":"ListItem","position":2,"name":"Hotel","item":"https:\/\/www.cesenaticohotel.com\/de\/hotels"},{"@type":"ListItem","position":3,"name":"Park Hotel Zadina"}]},{"@type":"WebSite","@id":"https:\/\/www.cesenaticohotel.com\/de#website","url":"https:\/\/www.cesenaticohotel.com\/de","name":"Cesenatico Hotel","description":"","publisher":{"@id":"https:\/\/www.cesenaticohotel.com\/de#organization"},"potentialAction":[{"@type":"SearchAction","target":{"@type":"EntryPoint","urlTemplate":"https:\/\/www.cesenaticohotel.com\/de?s={search_term_string}"},"query-input":{"@type":"PropertyValueSpecification","valueRequired":true,"valueName":"search_term_string"}}],"inLanguage":"de"},{"@type":"Organization","@id":"https:\/\/www.cesenaticohotel.com\/de#organization","name":"Cesenatico Hotel","url":"https:\/\/www.cesenaticohotel.com\/de","logo":{"@type":"ImageObject","inLanguage":"de","@id":"https:\/\/www.cesenaticohotel.com\/de#\/schema\/logo\/image\/","url":"https:\/\/www.cesenaticohotel.com\/wp-content\/uploads\/2023\/05\/logo-organizzazione.jpg","contentUrl":"https:\/\/www.cesenaticohotel.com\/wp-content\/uploads\/2023\/05\/logo-organizzazione.jpg","width":696,"height":696,"caption":"Cesenatico Hotel"},"image":{"@id":"https:\/\/www.cesenaticohotel.com\/de#\/schema\/logo\/image\/"}}]}},"_links":{"self":[{"href":"https:\/\/www.cesenaticohotel.com\/de\/wp-json\/wp\/v2\/pages\/3824","targetHints":{"allow":["GET"]}}],"collection":[{"href":"https:\/\/www.cesenaticohotel.com\/de\/wp-json\/wp\/v2\/pages"}],"about":[{"href":"https:\/\/www.cesenaticohotel.com\/de\/wp-json\/wp\/v2\/types\/page"}],"author":[{"embeddable":true,"href":"https:\/\/www.cesenaticohotel.com\/de\/wp-json\/wp\/v2\/users\/1"}],"replies":[{"embeddable":true,"href":"https:\/\/www.cesenaticohotel.com\/de\/wp-json\/wp\/v2\/comments?post=3824"}],"version-history":[{"count":2,"href":"https:\/\/www.cesenaticohotel.com\/de\/wp-json\/wp\/v2\/pages\/3824\/revisions"}],"predecessor-version":[{"id":6012,"href":"https:\/\/www.cesenaticohotel.com\/de\/wp-json\/wp\/v2\/pages\/3824\/revisions\/6012"}],"up":[{"embeddable":true,"href":"https:\/\/www.cesenaticohotel.com\/de\/wp-json\/wp\/v2\/pages\/511"}],"wp:attachment":[{"href":"https:\/\/www.cesenaticohotel.com\/de\/wp-json\/wp\/v2\/media?parent=3824"}],"curies":[{"name":"wp","href":"https:\/\/api.w.org\/{rel}","templated":true}]}}