{"id":388,"date":"2023-04-19T14:58:56","date_gmt":"2023-04-19T12:58:56","guid":{"rendered":"https:\/\/www.cesenaticohotel.com\/hotel\/hotel-michelangelo"},"modified":"2025-10-21T08:58:09","modified_gmt":"2025-10-21T06:58:09","slug":"hotel-michelangelo","status":"publish","type":"page","link":"https:\/\/www.cesenaticohotel.com\/de\/hotels\/hotel-michelangelo","title":{"rendered":"Hotel Michelangelo"},"content":{"rendered":"\n<p>Das <b>Hotel Michelangelo<\/b> in Cesenatico hei\u00dft Sie herzlich willkommen zu einem regenerierenden Urlaub in einer eleganten und bis ins kleinste Detail gepflegten Umgebung. Das Hotel verf\u00fcgt \u00fcber eine <b>gro\u00dfe Garten-Terrasse<\/b> mit Blick auf den sch\u00f6nen <b>Pool<\/b>, der einen <b>Whirlpool-Bereich und ein Kinderbecken <\/b>mit einer Tiefe von 40 cm hat \u2013 hier k\u00f6nnen Sie angenehme Stunden in v\u00f6lliger Entspannung verbringen. Der <b>vereinbarte Strand<\/b> ist nur einen kurzen Spaziergang entfernt, und ein Sonnenschirm sowie zwei Liegest\u00fchle sind in der <b>Quality All-Inclusive<\/b>-Formel enthalten.<\/p>\n\n\n\n<!--more-->\n\n\n\n<p>Das Michelangelo bietet <b>exklusive Services f\u00fcr Familien:<\/b> t\u00e4gliches und abendliches <b>Kinderanimationsprogramm<\/b> mit kreativen Workshops, Sportturnieren, Poolspielen und Kinderdisco; ein farbenfroher <b>Spielebereich<\/b> im Hotel und eine ausgestattete Au\u00dfenspielfl\u00e4che; <b>Nachmittagssnacks <\/b>am Pool; eigens f\u00fcr die Kleinsten zubereitete Men\u00fcs mit fr\u00fchzeitigem Zugang zum Speisesaal; <b>Fahrr\u00e4der<\/b> mit Kindersitzen.<\/p>\n\n\n\n<p>Das Hotel Michelangelo ist auch die perfekte Wahl f\u00fcr <b>Aktivurlauber.<\/b> Es bietet Dienstleistungen speziell f\u00fcr Radfahrer: Fahrradraum, Athletenmen\u00fc, W\u00e4scheservice f\u00fcr technische Kleidung, Verleih von Rennr\u00e4dern und Mountainbikes, physiotherapeutische Unterst\u00fctzung auf Anfrage sowie ein <b>Fitnessstudio mit Technogym-Ger\u00e4ten<\/b> auf der Panoramaterrasse.<\/p>\n\n\n\n<p>Beim Essen erwarten Sie die besten <b>Aromen der Romagna<\/b>, mit Buffet- und \u00e0-la-carte-Service, Produkten aus der Region und Gerichten, bei denen frischer Fisch, hochwertiges Fleisch und saisonales Gem\u00fcse nie fehlen. Das <b>Fr\u00fchst\u00fcck<\/b> ist reichhaltig, abwechslungsreich und authentisch. Es gibt hausgemachte Backwaren, frisches Brot, Aufschnitt und K\u00e4se, M\u00fcsli, frisch zubereitete Eier, Kaffee, S\u00e4fte und frisch gepresste S\u00e4fte.<\/p>\n","protected":false},"excerpt":{"rendered":"<p>Das Hotel Michelangelo in Cesenatico hei\u00dft Sie herzlich willkommen zu einem regenerierenden Urlaub in einer eleganten und bis ins kleinste Detail gepflegten Umgebung. Das Hotel verf\u00fcgt \u00fcber eine gro\u00dfe Garten-Terrasse mit Blick auf den sch\u00f6nen Pool, der einen Whirlpool-Bereich und ein Kinderbecken mit einer Tiefe von 40 cm hat \u2013 hier k\u00f6nnen Sie angenehme Stunden &hellip;<\/p>\n","protected":false},"author":1,"featured_media":0,"parent":511,"menu_order":0,"comment_status":"closed","ping_status":"closed","template":"page-templates\/scheda_hotel.php","meta":{"_acf_changed":false,"inline_featured_image":false,"footnotes":""},"class_list":["post-388","page","type-page","status-publish","hentry"],"acf":[],"yoast_head":"<!-- This site is optimized with the Yoast SEO plugin v27.0 - https:\/\/yoast.com\/product\/yoast-seo-wordpress\/ -->\n<title>Hotel Michelangelo**** in Cesenatico: Hotel f\u00fcr Paare und Familien<\/title>\n<meta name=\"description\" content=\"Das Hotel Michelangelo bietet Meerblick. Pool f\u00fcr Erwachsene und Kinderbecken. Spezialisierte Animation und vereinbarter Strand. Fitnessstudio.\" \/>\n<meta name=\"robots\" content=\"index, follow, max-snippet:-1, max-image-preview:large, max-video-preview:-1\" \/>\n<link rel=\"canonical\" href=\"https:\/\/www.cesenaticohotel.com\/de\/hotels\/hotel-michelangelo\" \/>\n<meta property=\"og:locale\" content=\"de_DE\" \/>\n<meta property=\"og:type\" content=\"article\" \/>\n<meta property=\"og:title\" content=\"Hotel Michelangelo**** in Cesenatico: Hotel f\u00fcr Paare und Familien\" \/>\n<meta property=\"og:description\" content=\"Das Hotel Michelangelo bietet Meerblick. Pool f\u00fcr Erwachsene und Kinderbecken. Spezialisierte Animation und vereinbarter Strand. Fitnessstudio.\" \/>\n<meta property=\"og:url\" content=\"https:\/\/www.cesenaticohotel.com\/de\/hotels\/hotel-michelangelo\" \/>\n<meta property=\"og:site_name\" content=\"Cesenatico Hotel\" \/>\n<meta property=\"article:modified_time\" content=\"2025-10-21T06:58:09+00:00\" \/>\n<meta property=\"og:image\" content=\"https:\/\/www.cesenaticohotel.com\/wp-content\/uploads\/2023\/05\/immagine-sito.jpg\" \/>\n\t<meta property=\"og:image:width\" content=\"1200\" \/>\n\t<meta property=\"og:image:height\" content=\"675\" \/>\n\t<meta property=\"og:image:type\" content=\"image\/jpeg\" \/>\n<meta name=\"twitter:card\" content=\"summary_large_image\" \/>\n<meta name=\"twitter:label1\" content=\"Gesch\u00e4tzte Lesezeit\" \/>\n\t<meta name=\"twitter:data1\" content=\"2\u00a0Minuten\" \/>\n<script type=\"application\/ld+json\" class=\"yoast-schema-graph\">{\"@context\":\"https:\/\/schema.org\",\"@graph\":[{\"@type\":\"WebPage\",\"@id\":\"https:\/\/www.cesenaticohotel.com\/de\/hotels\/hotel-michelangelo\",\"url\":\"https:\/\/www.cesenaticohotel.com\/de\/hotels\/hotel-michelangelo\",\"name\":\"Hotel Michelangelo**** in Cesenatico: Hotel f\u00fcr Paare und Familien\",\"isPartOf\":{\"@id\":\"https:\/\/www.cesenaticohotel.com\/de#website\"},\"datePublished\":\"2023-04-19T12:58:56+00:00\",\"dateModified\":\"2025-10-21T06:58:09+00:00\",\"description\":\"Das Hotel Michelangelo bietet Meerblick. Pool f\u00fcr Erwachsene und Kinderbecken. Spezialisierte Animation und vereinbarter Strand. Fitnessstudio.\",\"breadcrumb\":{\"@id\":\"https:\/\/www.cesenaticohotel.com\/de\/hotels\/hotel-michelangelo#breadcrumb\"},\"inLanguage\":\"de\",\"potentialAction\":[{\"@type\":\"ReadAction\",\"target\":[\"https:\/\/www.cesenaticohotel.com\/de\/hotels\/hotel-michelangelo\"]}]},{\"@type\":\"BreadcrumbList\",\"@id\":\"https:\/\/www.cesenaticohotel.com\/de\/hotels\/hotel-michelangelo#breadcrumb\",\"itemListElement\":[{\"@type\":\"ListItem\",\"position\":1,\"name\":\"Home\",\"item\":\"https:\/\/www.cesenaticohotel.com\/de\/homepage\"},{\"@type\":\"ListItem\",\"position\":2,\"name\":\"Hotel\",\"item\":\"https:\/\/www.cesenaticohotel.com\/de\/hotels\"},{\"@type\":\"ListItem\",\"position\":3,\"name\":\"Hotel Michelangelo\"}]},{\"@type\":\"WebSite\",\"@id\":\"https:\/\/www.cesenaticohotel.com\/de#website\",\"url\":\"https:\/\/www.cesenaticohotel.com\/de\",\"name\":\"Cesenatico Hotel\",\"description\":\"\",\"publisher\":{\"@id\":\"https:\/\/www.cesenaticohotel.com\/de#organization\"},\"potentialAction\":[{\"@type\":\"SearchAction\",\"target\":{\"@type\":\"EntryPoint\",\"urlTemplate\":\"https:\/\/www.cesenaticohotel.com\/de?s={search_term_string}\"},\"query-input\":{\"@type\":\"PropertyValueSpecification\",\"valueRequired\":true,\"valueName\":\"search_term_string\"}}],\"inLanguage\":\"de\"},{\"@type\":\"Organization\",\"@id\":\"https:\/\/www.cesenaticohotel.com\/de#organization\",\"name\":\"Cesenatico Hotel\",\"url\":\"https:\/\/www.cesenaticohotel.com\/de\",\"logo\":{\"@type\":\"ImageObject\",\"inLanguage\":\"de\",\"@id\":\"https:\/\/www.cesenaticohotel.com\/de#\/schema\/logo\/image\/\",\"url\":\"https:\/\/www.cesenaticohotel.com\/wp-content\/uploads\/2023\/05\/logo-organizzazione.jpg\",\"contentUrl\":\"https:\/\/www.cesenaticohotel.com\/wp-content\/uploads\/2023\/05\/logo-organizzazione.jpg\",\"width\":696,\"height\":696,\"caption\":\"Cesenatico Hotel\"},\"image\":{\"@id\":\"https:\/\/www.cesenaticohotel.com\/de#\/schema\/logo\/image\/\"}}]}<\/script>\n<!-- \/ Yoast SEO plugin. -->","yoast_head_json":{"title":"Hotel Michelangelo**** in Cesenatico: Hotel f\u00fcr Paare und Familien","description":"Das Hotel Michelangelo bietet Meerblick. Pool f\u00fcr Erwachsene und Kinderbecken. Spezialisierte Animation und vereinbarter Strand. Fitnessstudio.","robots":{"index":"index","follow":"follow","max-snippet":"max-snippet:-1","max-image-preview":"max-image-preview:large","max-video-preview":"max-video-preview:-1"},"canonical":"https:\/\/www.cesenaticohotel.com\/de\/hotels\/hotel-michelangelo","og_locale":"de_DE","og_type":"article","og_title":"Hotel Michelangelo**** in Cesenatico: Hotel f\u00fcr Paare und Familien","og_description":"Das Hotel Michelangelo bietet Meerblick. Pool f\u00fcr Erwachsene und Kinderbecken. Spezialisierte Animation und vereinbarter Strand. Fitnessstudio.","og_url":"https:\/\/www.cesenaticohotel.com\/de\/hotels\/hotel-michelangelo","og_site_name":"Cesenatico Hotel","article_modified_time":"2025-10-21T06:58:09+00:00","og_image":[{"width":1200,"height":675,"url":"https:\/\/www.cesenaticohotel.com\/wp-content\/uploads\/2023\/05\/immagine-sito.jpg","type":"image\/jpeg"}],"twitter_card":"summary_large_image","twitter_misc":{"Gesch\u00e4tzte Lesezeit":"2\u00a0Minuten"},"schema":{"@context":"https:\/\/schema.org","@graph":[{"@type":"WebPage","@id":"https:\/\/www.cesenaticohotel.com\/de\/hotels\/hotel-michelangelo","url":"https:\/\/www.cesenaticohotel.com\/de\/hotels\/hotel-michelangelo","name":"Hotel Michelangelo**** in Cesenatico: Hotel f\u00fcr Paare und Familien","isPartOf":{"@id":"https:\/\/www.cesenaticohotel.com\/de#website"},"datePublished":"2023-04-19T12:58:56+00:00","dateModified":"2025-10-21T06:58:09+00:00","description":"Das Hotel Michelangelo bietet Meerblick. Pool f\u00fcr Erwachsene und Kinderbecken. Spezialisierte Animation und vereinbarter Strand. Fitnessstudio.","breadcrumb":{"@id":"https:\/\/www.cesenaticohotel.com\/de\/hotels\/hotel-michelangelo#breadcrumb"},"inLanguage":"de","potentialAction":[{"@type":"ReadAction","target":["https:\/\/www.cesenaticohotel.com\/de\/hotels\/hotel-michelangelo"]}]},{"@type":"BreadcrumbList","@id":"https:\/\/www.cesenaticohotel.com\/de\/hotels\/hotel-michelangelo#breadcrumb","itemListElement":[{"@type":"ListItem","position":1,"name":"Home","item":"https:\/\/www.cesenaticohotel.com\/de\/homepage"},{"@type":"ListItem","position":2,"name":"Hotel","item":"https:\/\/www.cesenaticohotel.com\/de\/hotels"},{"@type":"ListItem","position":3,"name":"Hotel Michelangelo"}]},{"@type":"WebSite","@id":"https:\/\/www.cesenaticohotel.com\/de#website","url":"https:\/\/www.cesenaticohotel.com\/de","name":"Cesenatico Hotel","description":"","publisher":{"@id":"https:\/\/www.cesenaticohotel.com\/de#organization"},"potentialAction":[{"@type":"SearchAction","target":{"@type":"EntryPoint","urlTemplate":"https:\/\/www.cesenaticohotel.com\/de?s={search_term_string}"},"query-input":{"@type":"PropertyValueSpecification","valueRequired":true,"valueName":"search_term_string"}}],"inLanguage":"de"},{"@type":"Organization","@id":"https:\/\/www.cesenaticohotel.com\/de#organization","name":"Cesenatico Hotel","url":"https:\/\/www.cesenaticohotel.com\/de","logo":{"@type":"ImageObject","inLanguage":"de","@id":"https:\/\/www.cesenaticohotel.com\/de#\/schema\/logo\/image\/","url":"https:\/\/www.cesenaticohotel.com\/wp-content\/uploads\/2023\/05\/logo-organizzazione.jpg","contentUrl":"https:\/\/www.cesenaticohotel.com\/wp-content\/uploads\/2023\/05\/logo-organizzazione.jpg","width":696,"height":696,"caption":"Cesenatico Hotel"},"image":{"@id":"https:\/\/www.cesenaticohotel.com\/de#\/schema\/logo\/image\/"}}]}},"_links":{"self":[{"href":"https:\/\/www.cesenaticohotel.com\/de\/wp-json\/wp\/v2\/pages\/388","targetHints":{"allow":["GET"]}}],"collection":[{"href":"https:\/\/www.cesenaticohotel.com\/de\/wp-json\/wp\/v2\/pages"}],"about":[{"href":"https:\/\/www.cesenaticohotel.com\/de\/wp-json\/wp\/v2\/types\/page"}],"author":[{"embeddable":true,"href":"https:\/\/www.cesenaticohotel.com\/de\/wp-json\/wp\/v2\/users\/1"}],"replies":[{"embeddable":true,"href":"https:\/\/www.cesenaticohotel.com\/de\/wp-json\/wp\/v2\/comments?post=388"}],"version-history":[{"count":3,"href":"https:\/\/www.cesenaticohotel.com\/de\/wp-json\/wp\/v2\/pages\/388\/revisions"}],"predecessor-version":[{"id":10543,"href":"https:\/\/www.cesenaticohotel.com\/de\/wp-json\/wp\/v2\/pages\/388\/revisions\/10543"}],"up":[{"embeddable":true,"href":"https:\/\/www.cesenaticohotel.com\/de\/wp-json\/wp\/v2\/pages\/511"}],"wp:attachment":[{"href":"https:\/\/www.cesenaticohotel.com\/de\/wp-json\/wp\/v2\/media?parent=388"}],"curies":[{"name":"wp","href":"https:\/\/api.w.org\/{rel}","templated":true}]}}