{"id":396,"date":"2023-04-19T15:12:27","date_gmt":"2023-04-19T13:12:27","guid":{"rendered":"https:\/\/www.cesenaticohotel.com\/hotel\/hotel-joles"},"modified":"2023-08-22T09:13:00","modified_gmt":"2023-08-22T07:13:00","slug":"hotel-joles","status":"publish","type":"page","link":"https:\/\/www.cesenaticohotel.com\/de\/hotels\/hotel-joles","title":{"rendered":"Hotel Jole"},"content":{"rendered":"\n<p>Das <b>Hotel Jole<\/b> befindet sich in <b>Cesenatico<\/b> in \u00e4u\u00dferst g\u00fcnstiger <b>Lage in der N\u00e4he des Strandes<\/b>, direkt am Anfang der Viale Carducci, der Einkaufsstra\u00dfe. Sie k\u00f6nnen Ihr Auto auf dem <b>umz\u00e4unten Parkplatz<\/b> abstellen und sich dann zu Fu\u00df oder mit den kostenlos zur Verf\u00fcgung gestellten <b>City-Bikes<\/b> fortbewegen.<\/p>\n\n\n\n<!--more-->\n\n\n\n<p>F\u00fcr Ihre Kinder gibt es einen<b> Innen-Spielbereich<\/b> neben dem Speisesaal, so dass Sie Ihre Mahlzeiten genie\u00dfen k\u00f6nnen, w\u00e4hrend sie sicher spielen. Es gibt spezielle <b>Men\u00fcs<\/b> und die M\u00f6glichkeit, Mahlzeiten zu fr\u00fcheren Zeiten zu erhalten, <b>auf Anfrage<\/b> sogar einen <b>Kinderarzt.<\/b> Dar\u00fcber hinaus bietet das Hotel <b>Babyservices im Zimmer und im Restaurant<\/b> wie Rausfallschutz, Reisebetten, Hochst\u00fchle, Mikrowelle und Flaschenw\u00e4rmer, Kinderwagen.<\/p>\n\n\n\n<p>Im Hotel Jole zeichnet sich die <b>K\u00fcche <\/b>durch die <b>Authentizit\u00e4t der Produkte<\/b> und die <b>schlichten Aromen<\/b> aus, die immer frisch sind. Das Fr\u00fchst\u00fcck ist international, w\u00e4hrend die Gerichte aus der apulischen K\u00fcche stammen.<\/p>\n\n\n\n<p><b>Haustiere<\/b> kleiner, mittlerer und gro\u00dfer Gr\u00f6\u00dfe sind im Hotel <b>willkommen.<\/b><\/p>\n","protected":false},"excerpt":{"rendered":"<p>Das Hotel Jole befindet sich in Cesenatico in \u00e4u\u00dferst g\u00fcnstiger Lage in der N\u00e4he des Strandes, direkt am Anfang der Viale Carducci, der Einkaufsstra\u00dfe. Sie k\u00f6nnen Ihr Auto auf dem umz\u00e4unten Parkplatz abstellen und sich dann zu Fu\u00df oder mit den kostenlos zur Verf\u00fcgung gestellten City-Bikes fortbewegen.<\/p>\n","protected":false},"author":1,"featured_media":0,"parent":511,"menu_order":0,"comment_status":"closed","ping_status":"closed","template":"page-templates\/scheda_hotel.php","meta":{"_acf_changed":false,"inline_featured_image":false,"footnotes":""},"class_list":["post-396","page","type-page","status-publish","hentry"],"acf":[],"yoast_head":"<!-- This site is optimized with the Yoast SEO plugin v27.0 - https:\/\/yoast.com\/product\/yoast-seo-wordpress\/ -->\n<title>Hotel Jole***s in Cesenatico: Sport- und Paar-Pet-Hotel<\/title>\n<meta name=\"description\" content=\"Das Hotel Jole liegt zentral. Interner Parkplatz und vereinbarter Strand. Haustiere willkommen und besondere Services f\u00fcr Sportler.\" \/>\n<meta name=\"robots\" content=\"index, follow, max-snippet:-1, max-image-preview:large, max-video-preview:-1\" \/>\n<link rel=\"canonical\" href=\"https:\/\/www.cesenaticohotel.com\/de\/hotels\/hotel-joles\" \/>\n<meta property=\"og:locale\" content=\"de_DE\" \/>\n<meta property=\"og:type\" content=\"article\" \/>\n<meta property=\"og:title\" content=\"Hotel Jole***s in Cesenatico: Sport- und Paar-Pet-Hotel\" \/>\n<meta property=\"og:description\" content=\"Das Hotel Jole liegt zentral. Interner Parkplatz und vereinbarter Strand. Haustiere willkommen und besondere Services f\u00fcr Sportler.\" \/>\n<meta property=\"og:url\" content=\"https:\/\/www.cesenaticohotel.com\/de\/hotels\/hotel-joles\" \/>\n<meta property=\"og:site_name\" content=\"Cesenatico Hotel\" \/>\n<meta property=\"article:modified_time\" content=\"2023-08-22T07:13:00+00:00\" \/>\n<meta property=\"og:image\" content=\"https:\/\/www.cesenaticohotel.com\/wp-content\/uploads\/2023\/05\/immagine-sito.jpg\" \/>\n\t<meta property=\"og:image:width\" content=\"1200\" \/>\n\t<meta property=\"og:image:height\" content=\"675\" \/>\n\t<meta property=\"og:image:type\" content=\"image\/jpeg\" \/>\n<meta name=\"twitter:card\" content=\"summary_large_image\" \/>\n<script type=\"application\/ld+json\" class=\"yoast-schema-graph\">{\"@context\":\"https:\/\/schema.org\",\"@graph\":[{\"@type\":\"WebPage\",\"@id\":\"https:\/\/www.cesenaticohotel.com\/de\/hotels\/hotel-joles\",\"url\":\"https:\/\/www.cesenaticohotel.com\/de\/hotels\/hotel-joles\",\"name\":\"Hotel Jole***s in Cesenatico: Sport- und Paar-Pet-Hotel\",\"isPartOf\":{\"@id\":\"https:\/\/www.cesenaticohotel.com\/de#website\"},\"datePublished\":\"2023-04-19T13:12:27+00:00\",\"dateModified\":\"2023-08-22T07:13:00+00:00\",\"description\":\"Das Hotel Jole liegt zentral. Interner Parkplatz und vereinbarter Strand. Haustiere willkommen und besondere Services f\u00fcr Sportler.\",\"breadcrumb\":{\"@id\":\"https:\/\/www.cesenaticohotel.com\/de\/hotels\/hotel-joles#breadcrumb\"},\"inLanguage\":\"de\",\"potentialAction\":[{\"@type\":\"ReadAction\",\"target\":[\"https:\/\/www.cesenaticohotel.com\/de\/hotels\/hotel-joles\"]}]},{\"@type\":\"BreadcrumbList\",\"@id\":\"https:\/\/www.cesenaticohotel.com\/de\/hotels\/hotel-joles#breadcrumb\",\"itemListElement\":[{\"@type\":\"ListItem\",\"position\":1,\"name\":\"Home\",\"item\":\"https:\/\/www.cesenaticohotel.com\/de\/homepage\"},{\"@type\":\"ListItem\",\"position\":2,\"name\":\"Hotel\",\"item\":\"https:\/\/www.cesenaticohotel.com\/de\/hotels\"},{\"@type\":\"ListItem\",\"position\":3,\"name\":\"Hotel Jole\"}]},{\"@type\":\"WebSite\",\"@id\":\"https:\/\/www.cesenaticohotel.com\/de#website\",\"url\":\"https:\/\/www.cesenaticohotel.com\/de\",\"name\":\"Cesenatico Hotel\",\"description\":\"\",\"publisher\":{\"@id\":\"https:\/\/www.cesenaticohotel.com\/de#organization\"},\"potentialAction\":[{\"@type\":\"SearchAction\",\"target\":{\"@type\":\"EntryPoint\",\"urlTemplate\":\"https:\/\/www.cesenaticohotel.com\/de?s={search_term_string}\"},\"query-input\":{\"@type\":\"PropertyValueSpecification\",\"valueRequired\":true,\"valueName\":\"search_term_string\"}}],\"inLanguage\":\"de\"},{\"@type\":\"Organization\",\"@id\":\"https:\/\/www.cesenaticohotel.com\/de#organization\",\"name\":\"Cesenatico Hotel\",\"url\":\"https:\/\/www.cesenaticohotel.com\/de\",\"logo\":{\"@type\":\"ImageObject\",\"inLanguage\":\"de\",\"@id\":\"https:\/\/www.cesenaticohotel.com\/de#\/schema\/logo\/image\/\",\"url\":\"https:\/\/www.cesenaticohotel.com\/wp-content\/uploads\/2023\/05\/logo-organizzazione.jpg\",\"contentUrl\":\"https:\/\/www.cesenaticohotel.com\/wp-content\/uploads\/2023\/05\/logo-organizzazione.jpg\",\"width\":696,\"height\":696,\"caption\":\"Cesenatico Hotel\"},\"image\":{\"@id\":\"https:\/\/www.cesenaticohotel.com\/de#\/schema\/logo\/image\/\"}}]}<\/script>\n<!-- \/ Yoast SEO plugin. -->","yoast_head_json":{"title":"Hotel Jole***s in Cesenatico: Sport- und Paar-Pet-Hotel","description":"Das Hotel Jole liegt zentral. Interner Parkplatz und vereinbarter Strand. Haustiere willkommen und besondere Services f\u00fcr Sportler.","robots":{"index":"index","follow":"follow","max-snippet":"max-snippet:-1","max-image-preview":"max-image-preview:large","max-video-preview":"max-video-preview:-1"},"canonical":"https:\/\/www.cesenaticohotel.com\/de\/hotels\/hotel-joles","og_locale":"de_DE","og_type":"article","og_title":"Hotel Jole***s in Cesenatico: Sport- und Paar-Pet-Hotel","og_description":"Das Hotel Jole liegt zentral. Interner Parkplatz und vereinbarter Strand. Haustiere willkommen und besondere Services f\u00fcr Sportler.","og_url":"https:\/\/www.cesenaticohotel.com\/de\/hotels\/hotel-joles","og_site_name":"Cesenatico Hotel","article_modified_time":"2023-08-22T07:13:00+00:00","og_image":[{"width":1200,"height":675,"url":"https:\/\/www.cesenaticohotel.com\/wp-content\/uploads\/2023\/05\/immagine-sito.jpg","type":"image\/jpeg"}],"twitter_card":"summary_large_image","schema":{"@context":"https:\/\/schema.org","@graph":[{"@type":"WebPage","@id":"https:\/\/www.cesenaticohotel.com\/de\/hotels\/hotel-joles","url":"https:\/\/www.cesenaticohotel.com\/de\/hotels\/hotel-joles","name":"Hotel Jole***s in Cesenatico: Sport- und Paar-Pet-Hotel","isPartOf":{"@id":"https:\/\/www.cesenaticohotel.com\/de#website"},"datePublished":"2023-04-19T13:12:27+00:00","dateModified":"2023-08-22T07:13:00+00:00","description":"Das Hotel Jole liegt zentral. Interner Parkplatz und vereinbarter Strand. Haustiere willkommen und besondere Services f\u00fcr Sportler.","breadcrumb":{"@id":"https:\/\/www.cesenaticohotel.com\/de\/hotels\/hotel-joles#breadcrumb"},"inLanguage":"de","potentialAction":[{"@type":"ReadAction","target":["https:\/\/www.cesenaticohotel.com\/de\/hotels\/hotel-joles"]}]},{"@type":"BreadcrumbList","@id":"https:\/\/www.cesenaticohotel.com\/de\/hotels\/hotel-joles#breadcrumb","itemListElement":[{"@type":"ListItem","position":1,"name":"Home","item":"https:\/\/www.cesenaticohotel.com\/de\/homepage"},{"@type":"ListItem","position":2,"name":"Hotel","item":"https:\/\/www.cesenaticohotel.com\/de\/hotels"},{"@type":"ListItem","position":3,"name":"Hotel Jole"}]},{"@type":"WebSite","@id":"https:\/\/www.cesenaticohotel.com\/de#website","url":"https:\/\/www.cesenaticohotel.com\/de","name":"Cesenatico Hotel","description":"","publisher":{"@id":"https:\/\/www.cesenaticohotel.com\/de#organization"},"potentialAction":[{"@type":"SearchAction","target":{"@type":"EntryPoint","urlTemplate":"https:\/\/www.cesenaticohotel.com\/de?s={search_term_string}"},"query-input":{"@type":"PropertyValueSpecification","valueRequired":true,"valueName":"search_term_string"}}],"inLanguage":"de"},{"@type":"Organization","@id":"https:\/\/www.cesenaticohotel.com\/de#organization","name":"Cesenatico Hotel","url":"https:\/\/www.cesenaticohotel.com\/de","logo":{"@type":"ImageObject","inLanguage":"de","@id":"https:\/\/www.cesenaticohotel.com\/de#\/schema\/logo\/image\/","url":"https:\/\/www.cesenaticohotel.com\/wp-content\/uploads\/2023\/05\/logo-organizzazione.jpg","contentUrl":"https:\/\/www.cesenaticohotel.com\/wp-content\/uploads\/2023\/05\/logo-organizzazione.jpg","width":696,"height":696,"caption":"Cesenatico Hotel"},"image":{"@id":"https:\/\/www.cesenaticohotel.com\/de#\/schema\/logo\/image\/"}}]}},"_links":{"self":[{"href":"https:\/\/www.cesenaticohotel.com\/de\/wp-json\/wp\/v2\/pages\/396","targetHints":{"allow":["GET"]}}],"collection":[{"href":"https:\/\/www.cesenaticohotel.com\/de\/wp-json\/wp\/v2\/pages"}],"about":[{"href":"https:\/\/www.cesenaticohotel.com\/de\/wp-json\/wp\/v2\/types\/page"}],"author":[{"embeddable":true,"href":"https:\/\/www.cesenaticohotel.com\/de\/wp-json\/wp\/v2\/users\/1"}],"replies":[{"embeddable":true,"href":"https:\/\/www.cesenaticohotel.com\/de\/wp-json\/wp\/v2\/comments?post=396"}],"version-history":[{"count":3,"href":"https:\/\/www.cesenaticohotel.com\/de\/wp-json\/wp\/v2\/pages\/396\/revisions"}],"predecessor-version":[{"id":5881,"href":"https:\/\/www.cesenaticohotel.com\/de\/wp-json\/wp\/v2\/pages\/396\/revisions\/5881"}],"up":[{"embeddable":true,"href":"https:\/\/www.cesenaticohotel.com\/de\/wp-json\/wp\/v2\/pages\/511"}],"wp:attachment":[{"href":"https:\/\/www.cesenaticohotel.com\/de\/wp-json\/wp\/v2\/media?parent=396"}],"curies":[{"name":"wp","href":"https:\/\/api.w.org\/{rel}","templated":true}]}}