{"id":4084,"date":"2023-05-10T16:29:16","date_gmt":"2023-05-10T14:29:16","guid":{"rendered":"https:\/\/www.cesenaticohotel.com\/hotels\/hotel-iride"},"modified":"2023-08-22T09:14:44","modified_gmt":"2023-08-22T07:14:44","slug":"hotel-iride","status":"publish","type":"page","link":"https:\/\/www.cesenaticohotel.com\/de\/hotels\/hotel-iride","title":{"rendered":"Hotel Iride"},"content":{"rendered":"\n<p>Das <b>Hotel Iride in Valverde von Cesenatico<\/b> liegt <b>direkt am Meer<\/b>, und einige Zimmer bieten einen herrlichen Blick auf das weite Blau der Adria, w\u00e4hrend man bequem im Bett liegt. Das Hotel hat Vereinbarungen mit verschiedenen Strandb\u00e4dern, sodass jeder Gast das f\u00fcr seine Bed\u00fcrfnisse am besten geeignete ausw\u00e4hlen kann; der <b>Strandservice ist im Club-Angebot enthalten.<\/b><\/p>\n\n\n\n<!--more-->\n\n\n\n<p>Wenn Sie sich lieber einige Stunden exklusive Entspannung g\u00f6nnen m\u00f6chten, finden Sie im Hotel einen <b>modernen Wellnessbereich<\/b> mit einer <b>Au\u00dfenterrasse mit Sonnenliegen und Whirlpool.<\/b> Sie k\u00f6nnen w\u00e4hlen, ob Sie einen Wellness-Pfad mit t\u00fcrkischem Bad, Sauna, emotionalem Dusch- und Schlammbad, Kneipp-Parcours verfolgen m\u00f6chten oder sich den erfahrenen H\u00e4nden der t\u00e4glich anwesenden Fachkraft anvertrauen m\u00f6chten, f\u00fcr eine <b>Behandlung<\/b> oder eine <b>Massage<\/b>.<\/p>\n\n\n\n<p>F\u00fcr <b>Familien im Urlaub<\/b> gibt es ma\u00dfgeschneiderte Dienstleistungen wie ger\u00e4umige Familienzimmer, Babyausstattung mit Kinderbetten, Liegen, Seitengittern, Badewannen, eine K\u00fcche f\u00fcr Babynahrung, Hochst\u00fchle, Babybesteck, Kindermen\u00fcs, Au\u00dfenspielbereich.<\/p>\n\n\n\n<p>Ein gro\u00dfer Vorteil des Hotel Iride ist sicherlich die K\u00fcche, dank der Qualit\u00e4t der Rohstoffe, auch aus der Region, und der Frische der Zubereitungen. Das <b>XXL-Fr\u00fchst\u00fcck<\/b> ist lang, reichhaltig und abwechslungsreich, mit 12 hausgemachten Kuchensorten, vielen salzigen Optionen, Joghurt, Obst und Obstsalat sowie einer \u00e0 la carte Speisekarte, aus der Sie ausw\u00e4hlen k\u00f6nnen. Zum <b>Mittagessen <\/b>k\u00f6nnen Sie das &quot;<b>Iride to Go<\/b>&quot; bestellen, ein k\u00f6stliches und frisches Take-away, das Sie morgens abholen und wo immer Sie m\u00f6chten genie\u00dfen k\u00f6nnen, sogar unter dem Sonnenschirm. Das <b>Abendessen<\/b> ist <b>\u00e0 la carte<\/b> <b>serviert am Tisch,<\/b> begleitet von einem <b>Buffet mit Gem\u00fcse<\/b>. Sie k\u00f6nnen die Gerichte mit den besten Weinen der Region begleiten.<\/p>\n\n\n\n<p>Das Hotel Iride bietet seinen G\u00e4sten einen <b>privaten Parkplatz <\/b>in 900 Metern Entfernung, den Sie bequem mit dem Roller erreichen k\u00f6nnen, sowie kostenlose <b>Fahrr\u00e4der<\/b>. <b>Haustiere sind willkommen<\/b>.<\/p>\n","protected":false},"excerpt":{"rendered":"<p>Das Hotel Iride in Valverde von Cesenatico liegt direkt am Meer, und einige Zimmer bieten einen herrlichen Blick auf das weite Blau der Adria, w\u00e4hrend man bequem im Bett liegt. Das Hotel hat Vereinbarungen mit verschiedenen Strandb\u00e4dern, sodass jeder Gast das f\u00fcr seine Bed\u00fcrfnisse am besten geeignete ausw\u00e4hlen kann; der Strandservice ist im Club-Angebot enthalten.<\/p>\n","protected":false},"author":1,"featured_media":0,"parent":511,"menu_order":0,"comment_status":"closed","ping_status":"closed","template":"page-templates\/scheda_hotel.php","meta":{"_acf_changed":false,"inline_featured_image":false,"footnotes":""},"class_list":["post-4084","page","type-page","status-publish","hentry"],"acf":[],"yoast_head":"<!-- This site is optimized with the Yoast SEO plugin v27.0 - https:\/\/yoast.com\/product\/yoast-seo-wordpress\/ -->\n<title>Hotel Iride*** in Cesenatico: Hotel f\u00fcr Paare mit Wellnessbereich<\/title>\n<meta name=\"description\" content=\"Das Hotel Iride liegt am Meer. Wellness- und Wellnesscenter mit Sauna. Besondere Familienleistungen und XXL-Fr\u00fchst\u00fcck. Privater Parkplatz.\" \/>\n<meta name=\"robots\" content=\"index, follow, max-snippet:-1, max-image-preview:large, max-video-preview:-1\" \/>\n<link rel=\"canonical\" href=\"https:\/\/www.cesenaticohotel.com\/de\/hotels\/hotel-iride\" \/>\n<meta property=\"og:locale\" content=\"de_DE\" \/>\n<meta property=\"og:type\" content=\"article\" \/>\n<meta property=\"og:title\" content=\"Hotel Iride*** in Cesenatico: Hotel f\u00fcr Paare mit Wellnessbereich\" \/>\n<meta property=\"og:description\" content=\"Das Hotel Iride liegt am Meer. Wellness- und Wellnesscenter mit Sauna. Besondere Familienleistungen und XXL-Fr\u00fchst\u00fcck. Privater Parkplatz.\" \/>\n<meta property=\"og:url\" content=\"https:\/\/www.cesenaticohotel.com\/de\/hotels\/hotel-iride\" \/>\n<meta property=\"og:site_name\" content=\"Cesenatico Hotel\" \/>\n<meta property=\"article:modified_time\" content=\"2023-08-22T07:14:44+00:00\" \/>\n<meta property=\"og:image\" content=\"https:\/\/www.cesenaticohotel.com\/wp-content\/uploads\/2023\/05\/immagine-sito.jpg\" \/>\n\t<meta property=\"og:image:width\" content=\"1200\" \/>\n\t<meta property=\"og:image:height\" content=\"675\" \/>\n\t<meta property=\"og:image:type\" content=\"image\/jpeg\" \/>\n<meta name=\"twitter:card\" content=\"summary_large_image\" \/>\n<meta name=\"twitter:label1\" content=\"Gesch\u00e4tzte Lesezeit\" \/>\n\t<meta name=\"twitter:data1\" content=\"2\u00a0Minuten\" \/>\n<script type=\"application\/ld+json\" class=\"yoast-schema-graph\">{\"@context\":\"https:\/\/schema.org\",\"@graph\":[{\"@type\":\"WebPage\",\"@id\":\"https:\/\/www.cesenaticohotel.com\/de\/hotels\/hotel-iride\",\"url\":\"https:\/\/www.cesenaticohotel.com\/de\/hotels\/hotel-iride\",\"name\":\"Hotel Iride*** in Cesenatico: Hotel f\u00fcr Paare mit Wellnessbereich\",\"isPartOf\":{\"@id\":\"https:\/\/www.cesenaticohotel.com\/de#website\"},\"datePublished\":\"2023-05-10T14:29:16+00:00\",\"dateModified\":\"2023-08-22T07:14:44+00:00\",\"description\":\"Das Hotel Iride liegt am Meer. Wellness- und Wellnesscenter mit Sauna. Besondere Familienleistungen und XXL-Fr\u00fchst\u00fcck. Privater Parkplatz.\",\"breadcrumb\":{\"@id\":\"https:\/\/www.cesenaticohotel.com\/de\/hotels\/hotel-iride#breadcrumb\"},\"inLanguage\":\"de\",\"potentialAction\":[{\"@type\":\"ReadAction\",\"target\":[\"https:\/\/www.cesenaticohotel.com\/de\/hotels\/hotel-iride\"]}]},{\"@type\":\"BreadcrumbList\",\"@id\":\"https:\/\/www.cesenaticohotel.com\/de\/hotels\/hotel-iride#breadcrumb\",\"itemListElement\":[{\"@type\":\"ListItem\",\"position\":1,\"name\":\"Home\",\"item\":\"https:\/\/www.cesenaticohotel.com\/de\/homepage\"},{\"@type\":\"ListItem\",\"position\":2,\"name\":\"Hotel\",\"item\":\"https:\/\/www.cesenaticohotel.com\/de\/hotels\"},{\"@type\":\"ListItem\",\"position\":3,\"name\":\"Hotel Iride\"}]},{\"@type\":\"WebSite\",\"@id\":\"https:\/\/www.cesenaticohotel.com\/de#website\",\"url\":\"https:\/\/www.cesenaticohotel.com\/de\",\"name\":\"Cesenatico Hotel\",\"description\":\"\",\"publisher\":{\"@id\":\"https:\/\/www.cesenaticohotel.com\/de#organization\"},\"potentialAction\":[{\"@type\":\"SearchAction\",\"target\":{\"@type\":\"EntryPoint\",\"urlTemplate\":\"https:\/\/www.cesenaticohotel.com\/de?s={search_term_string}\"},\"query-input\":{\"@type\":\"PropertyValueSpecification\",\"valueRequired\":true,\"valueName\":\"search_term_string\"}}],\"inLanguage\":\"de\"},{\"@type\":\"Organization\",\"@id\":\"https:\/\/www.cesenaticohotel.com\/de#organization\",\"name\":\"Cesenatico Hotel\",\"url\":\"https:\/\/www.cesenaticohotel.com\/de\",\"logo\":{\"@type\":\"ImageObject\",\"inLanguage\":\"de\",\"@id\":\"https:\/\/www.cesenaticohotel.com\/de#\/schema\/logo\/image\/\",\"url\":\"https:\/\/www.cesenaticohotel.com\/wp-content\/uploads\/2023\/05\/logo-organizzazione.jpg\",\"contentUrl\":\"https:\/\/www.cesenaticohotel.com\/wp-content\/uploads\/2023\/05\/logo-organizzazione.jpg\",\"width\":696,\"height\":696,\"caption\":\"Cesenatico Hotel\"},\"image\":{\"@id\":\"https:\/\/www.cesenaticohotel.com\/de#\/schema\/logo\/image\/\"}}]}<\/script>\n<!-- \/ Yoast SEO plugin. -->","yoast_head_json":{"title":"Hotel Iride*** in Cesenatico: Hotel f\u00fcr Paare mit Wellnessbereich","description":"Das Hotel Iride liegt am Meer. Wellness- und Wellnesscenter mit Sauna. Besondere Familienleistungen und XXL-Fr\u00fchst\u00fcck. Privater Parkplatz.","robots":{"index":"index","follow":"follow","max-snippet":"max-snippet:-1","max-image-preview":"max-image-preview:large","max-video-preview":"max-video-preview:-1"},"canonical":"https:\/\/www.cesenaticohotel.com\/de\/hotels\/hotel-iride","og_locale":"de_DE","og_type":"article","og_title":"Hotel Iride*** in Cesenatico: Hotel f\u00fcr Paare mit Wellnessbereich","og_description":"Das Hotel Iride liegt am Meer. Wellness- und Wellnesscenter mit Sauna. Besondere Familienleistungen und XXL-Fr\u00fchst\u00fcck. Privater Parkplatz.","og_url":"https:\/\/www.cesenaticohotel.com\/de\/hotels\/hotel-iride","og_site_name":"Cesenatico Hotel","article_modified_time":"2023-08-22T07:14:44+00:00","og_image":[{"width":1200,"height":675,"url":"https:\/\/www.cesenaticohotel.com\/wp-content\/uploads\/2023\/05\/immagine-sito.jpg","type":"image\/jpeg"}],"twitter_card":"summary_large_image","twitter_misc":{"Gesch\u00e4tzte Lesezeit":"2\u00a0Minuten"},"schema":{"@context":"https:\/\/schema.org","@graph":[{"@type":"WebPage","@id":"https:\/\/www.cesenaticohotel.com\/de\/hotels\/hotel-iride","url":"https:\/\/www.cesenaticohotel.com\/de\/hotels\/hotel-iride","name":"Hotel Iride*** in Cesenatico: Hotel f\u00fcr Paare mit Wellnessbereich","isPartOf":{"@id":"https:\/\/www.cesenaticohotel.com\/de#website"},"datePublished":"2023-05-10T14:29:16+00:00","dateModified":"2023-08-22T07:14:44+00:00","description":"Das Hotel Iride liegt am Meer. Wellness- und Wellnesscenter mit Sauna. Besondere Familienleistungen und XXL-Fr\u00fchst\u00fcck. Privater Parkplatz.","breadcrumb":{"@id":"https:\/\/www.cesenaticohotel.com\/de\/hotels\/hotel-iride#breadcrumb"},"inLanguage":"de","potentialAction":[{"@type":"ReadAction","target":["https:\/\/www.cesenaticohotel.com\/de\/hotels\/hotel-iride"]}]},{"@type":"BreadcrumbList","@id":"https:\/\/www.cesenaticohotel.com\/de\/hotels\/hotel-iride#breadcrumb","itemListElement":[{"@type":"ListItem","position":1,"name":"Home","item":"https:\/\/www.cesenaticohotel.com\/de\/homepage"},{"@type":"ListItem","position":2,"name":"Hotel","item":"https:\/\/www.cesenaticohotel.com\/de\/hotels"},{"@type":"ListItem","position":3,"name":"Hotel Iride"}]},{"@type":"WebSite","@id":"https:\/\/www.cesenaticohotel.com\/de#website","url":"https:\/\/www.cesenaticohotel.com\/de","name":"Cesenatico Hotel","description":"","publisher":{"@id":"https:\/\/www.cesenaticohotel.com\/de#organization"},"potentialAction":[{"@type":"SearchAction","target":{"@type":"EntryPoint","urlTemplate":"https:\/\/www.cesenaticohotel.com\/de?s={search_term_string}"},"query-input":{"@type":"PropertyValueSpecification","valueRequired":true,"valueName":"search_term_string"}}],"inLanguage":"de"},{"@type":"Organization","@id":"https:\/\/www.cesenaticohotel.com\/de#organization","name":"Cesenatico Hotel","url":"https:\/\/www.cesenaticohotel.com\/de","logo":{"@type":"ImageObject","inLanguage":"de","@id":"https:\/\/www.cesenaticohotel.com\/de#\/schema\/logo\/image\/","url":"https:\/\/www.cesenaticohotel.com\/wp-content\/uploads\/2023\/05\/logo-organizzazione.jpg","contentUrl":"https:\/\/www.cesenaticohotel.com\/wp-content\/uploads\/2023\/05\/logo-organizzazione.jpg","width":696,"height":696,"caption":"Cesenatico Hotel"},"image":{"@id":"https:\/\/www.cesenaticohotel.com\/de#\/schema\/logo\/image\/"}}]}},"_links":{"self":[{"href":"https:\/\/www.cesenaticohotel.com\/de\/wp-json\/wp\/v2\/pages\/4084","targetHints":{"allow":["GET"]}}],"collection":[{"href":"https:\/\/www.cesenaticohotel.com\/de\/wp-json\/wp\/v2\/pages"}],"about":[{"href":"https:\/\/www.cesenaticohotel.com\/de\/wp-json\/wp\/v2\/types\/page"}],"author":[{"embeddable":true,"href":"https:\/\/www.cesenaticohotel.com\/de\/wp-json\/wp\/v2\/users\/1"}],"replies":[{"embeddable":true,"href":"https:\/\/www.cesenaticohotel.com\/de\/wp-json\/wp\/v2\/comments?post=4084"}],"version-history":[{"count":2,"href":"https:\/\/www.cesenaticohotel.com\/de\/wp-json\/wp\/v2\/pages\/4084\/revisions"}],"predecessor-version":[{"id":6034,"href":"https:\/\/www.cesenaticohotel.com\/de\/wp-json\/wp\/v2\/pages\/4084\/revisions\/6034"}],"up":[{"embeddable":true,"href":"https:\/\/www.cesenaticohotel.com\/de\/wp-json\/wp\/v2\/pages\/511"}],"wp:attachment":[{"href":"https:\/\/www.cesenaticohotel.com\/de\/wp-json\/wp\/v2\/media?parent=4084"}],"curies":[{"name":"wp","href":"https:\/\/api.w.org\/{rel}","templated":true}]}}