{"id":411,"date":"2023-04-19T16:10:29","date_gmt":"2023-04-19T14:10:29","guid":{"rendered":"https:\/\/www.cesenaticohotel.com\/hotel\/hotel-gioiello"},"modified":"2023-08-22T09:13:02","modified_gmt":"2023-08-22T07:13:02","slug":"hotel-gioiello","status":"publish","type":"page","link":"https:\/\/www.cesenaticohotel.com\/de\/hotels\/hotel-gioiello","title":{"rendered":"Hotel Gioiello"},"content":{"rendered":"\n<p>Das <b>Hotel Gioiello<\/b> befindet sich nur <b>170 Meter vom <\/b>Ponente<b>-Strand<\/b> entfernt, in der N\u00e4he der Darsena. In nur wenigen Gehminuten erreichen Sie die F\u00e4hre am Porto Canale Leonardesco und das Herz von Cesenatico. Neben der Entspannung am <b>vereinbarten Strand<\/b> k\u00f6nnen Sie im Hotel bleiben und den sch\u00f6nen und <b>sonnigen Pool<\/b> mit einem 6-Platz-<b>Whirlpool<\/b> genie\u00dfen, um sich inmitten des Gartens zu sonnen oder ein Buch zu lesen.<\/p>\n\n\n\n<!--more-->\n\n\n\n<p>Am <b>Tisch<\/b> dominieren die Authentizit\u00e4t der Produkte und traditionelle Rezepte, die das Beste aus Fleisch- und Fischgerichten vereinen. Das reichhaltige <b>Fr\u00fchst\u00fccksbuffet<\/b> ist ein genussvoller Moment, den Sie in aller Ruhe genie\u00dfen k\u00f6nnen, wobei <b>hausgemachte S\u00fc\u00dfigkeiten<\/b> und herzhafte Optionen nie fehlen. Zum <b>Mittag- und Abendessen<\/b> haben Sie eine Auswahl an frischer <b>handgemachter Pasta,<\/b> t\u00e4glich frischem Fisch und einer Vielzahl von Gem\u00fcsegerichten, die im hellen Speisesaal mit Blick auf den Pool serviert werden. <b>F\u00fcr Kinder<\/b> werden <b>ma\u00dfgeschneiderte Gerichte<\/b> zubereitet, und es gibt einen Bereich f\u00fcr Babynahrung mit allem, was f\u00fcr die Beikosteinf\u00fchrung ben\u00f6tigt wird.<\/p>\n\n\n\n<p>Das Hotel Gioiello bietet einen eigenen <b>Parkplatz<\/b>, eine <b>Garage f\u00fcr Fahrr\u00e4der<\/b>, eine <b>Bar<\/b> von 8 bis 24 Uhr, kostenlose <b>Fahrr\u00e4der<\/b>, <b>E-Bikes<\/b> und <b>Roller<\/b> zum Mieten sowie einen <b>Fitnessbereich.<\/b><\/p>\n","protected":false},"excerpt":{"rendered":"<p>Das Hotel Gioiello befindet sich nur 170 Meter vom Ponente-Strand entfernt, in der N\u00e4he der Darsena. In nur wenigen Gehminuten erreichen Sie die F\u00e4hre am Porto Canale Leonardesco und das Herz von Cesenatico. Neben der Entspannung am vereinbarten Strand k\u00f6nnen Sie im Hotel bleiben und den sch\u00f6nen und sonnigen Pool mit einem 6-Platz-Whirlpool genie\u00dfen, um &hellip;<\/p>\n","protected":false},"author":1,"featured_media":0,"parent":511,"menu_order":0,"comment_status":"closed","ping_status":"closed","template":"page-templates\/scheda_hotel.php","meta":{"_acf_changed":false,"inline_featured_image":false,"footnotes":""},"class_list":["post-411","page","type-page","status-publish","hentry"],"acf":[],"yoast_head":"<!-- This site is optimized with the Yoast SEO plugin v27.0 - https:\/\/yoast.com\/product\/yoast-seo-wordpress\/ -->\n<title>Hotel Gioiello*** in Cesenatico: Hotel f\u00fcr Paare und Familien<\/title>\n<meta name=\"description\" content=\"Das Hotel Gioiello liegt nur 170 Meter vom Strand und in der N\u00e4he des Zentrums entfernt. Hallenbad, Solarium und vereinbarter Strand. Parkplatz.\" \/>\n<meta name=\"robots\" content=\"index, follow, max-snippet:-1, max-image-preview:large, max-video-preview:-1\" \/>\n<link rel=\"canonical\" href=\"https:\/\/www.cesenaticohotel.com\/de\/hotels\/hotel-gioiello\" \/>\n<meta property=\"og:locale\" content=\"de_DE\" \/>\n<meta property=\"og:type\" content=\"article\" \/>\n<meta property=\"og:title\" content=\"Hotel Gioiello*** in Cesenatico: Hotel f\u00fcr Paare und Familien\" \/>\n<meta property=\"og:description\" content=\"Das Hotel Gioiello liegt nur 170 Meter vom Strand und in der N\u00e4he des Zentrums entfernt. Hallenbad, Solarium und vereinbarter Strand. Parkplatz.\" \/>\n<meta property=\"og:url\" content=\"https:\/\/www.cesenaticohotel.com\/de\/hotels\/hotel-gioiello\" \/>\n<meta property=\"og:site_name\" content=\"Cesenatico Hotel\" \/>\n<meta property=\"article:modified_time\" content=\"2023-08-22T07:13:02+00:00\" \/>\n<meta property=\"og:image\" content=\"https:\/\/www.cesenaticohotel.com\/wp-content\/uploads\/2023\/05\/immagine-sito.jpg\" \/>\n\t<meta property=\"og:image:width\" content=\"1200\" \/>\n\t<meta property=\"og:image:height\" content=\"675\" \/>\n\t<meta property=\"og:image:type\" content=\"image\/jpeg\" \/>\n<meta name=\"twitter:card\" content=\"summary_large_image\" \/>\n<meta name=\"twitter:label1\" content=\"Gesch\u00e4tzte Lesezeit\" \/>\n\t<meta name=\"twitter:data1\" content=\"1\u00a0Minute\" \/>\n<script type=\"application\/ld+json\" class=\"yoast-schema-graph\">{\"@context\":\"https:\/\/schema.org\",\"@graph\":[{\"@type\":\"WebPage\",\"@id\":\"https:\/\/www.cesenaticohotel.com\/de\/hotels\/hotel-gioiello\",\"url\":\"https:\/\/www.cesenaticohotel.com\/de\/hotels\/hotel-gioiello\",\"name\":\"Hotel Gioiello*** in Cesenatico: Hotel f\u00fcr Paare und Familien\",\"isPartOf\":{\"@id\":\"https:\/\/www.cesenaticohotel.com\/de#website\"},\"datePublished\":\"2023-04-19T14:10:29+00:00\",\"dateModified\":\"2023-08-22T07:13:02+00:00\",\"description\":\"Das Hotel Gioiello liegt nur 170 Meter vom Strand und in der N\u00e4he des Zentrums entfernt. Hallenbad, Solarium und vereinbarter Strand. Parkplatz.\",\"breadcrumb\":{\"@id\":\"https:\/\/www.cesenaticohotel.com\/de\/hotels\/hotel-gioiello#breadcrumb\"},\"inLanguage\":\"de\",\"potentialAction\":[{\"@type\":\"ReadAction\",\"target\":[\"https:\/\/www.cesenaticohotel.com\/de\/hotels\/hotel-gioiello\"]}]},{\"@type\":\"BreadcrumbList\",\"@id\":\"https:\/\/www.cesenaticohotel.com\/de\/hotels\/hotel-gioiello#breadcrumb\",\"itemListElement\":[{\"@type\":\"ListItem\",\"position\":1,\"name\":\"Home\",\"item\":\"https:\/\/www.cesenaticohotel.com\/de\/homepage\"},{\"@type\":\"ListItem\",\"position\":2,\"name\":\"Hotel\",\"item\":\"https:\/\/www.cesenaticohotel.com\/de\/hotels\"},{\"@type\":\"ListItem\",\"position\":3,\"name\":\"Hotel Gioiello\"}]},{\"@type\":\"WebSite\",\"@id\":\"https:\/\/www.cesenaticohotel.com\/de#website\",\"url\":\"https:\/\/www.cesenaticohotel.com\/de\",\"name\":\"Cesenatico Hotel\",\"description\":\"\",\"publisher\":{\"@id\":\"https:\/\/www.cesenaticohotel.com\/de#organization\"},\"potentialAction\":[{\"@type\":\"SearchAction\",\"target\":{\"@type\":\"EntryPoint\",\"urlTemplate\":\"https:\/\/www.cesenaticohotel.com\/de?s={search_term_string}\"},\"query-input\":{\"@type\":\"PropertyValueSpecification\",\"valueRequired\":true,\"valueName\":\"search_term_string\"}}],\"inLanguage\":\"de\"},{\"@type\":\"Organization\",\"@id\":\"https:\/\/www.cesenaticohotel.com\/de#organization\",\"name\":\"Cesenatico Hotel\",\"url\":\"https:\/\/www.cesenaticohotel.com\/de\",\"logo\":{\"@type\":\"ImageObject\",\"inLanguage\":\"de\",\"@id\":\"https:\/\/www.cesenaticohotel.com\/de#\/schema\/logo\/image\/\",\"url\":\"https:\/\/www.cesenaticohotel.com\/wp-content\/uploads\/2023\/05\/logo-organizzazione.jpg\",\"contentUrl\":\"https:\/\/www.cesenaticohotel.com\/wp-content\/uploads\/2023\/05\/logo-organizzazione.jpg\",\"width\":696,\"height\":696,\"caption\":\"Cesenatico Hotel\"},\"image\":{\"@id\":\"https:\/\/www.cesenaticohotel.com\/de#\/schema\/logo\/image\/\"}}]}<\/script>\n<!-- \/ Yoast SEO plugin. -->","yoast_head_json":{"title":"Hotel Gioiello*** in Cesenatico: Hotel f\u00fcr Paare und Familien","description":"Das Hotel Gioiello liegt nur 170 Meter vom Strand und in der N\u00e4he des Zentrums entfernt. Hallenbad, Solarium und vereinbarter Strand. Parkplatz.","robots":{"index":"index","follow":"follow","max-snippet":"max-snippet:-1","max-image-preview":"max-image-preview:large","max-video-preview":"max-video-preview:-1"},"canonical":"https:\/\/www.cesenaticohotel.com\/de\/hotels\/hotel-gioiello","og_locale":"de_DE","og_type":"article","og_title":"Hotel Gioiello*** in Cesenatico: Hotel f\u00fcr Paare und Familien","og_description":"Das Hotel Gioiello liegt nur 170 Meter vom Strand und in der N\u00e4he des Zentrums entfernt. Hallenbad, Solarium und vereinbarter Strand. Parkplatz.","og_url":"https:\/\/www.cesenaticohotel.com\/de\/hotels\/hotel-gioiello","og_site_name":"Cesenatico Hotel","article_modified_time":"2023-08-22T07:13:02+00:00","og_image":[{"width":1200,"height":675,"url":"https:\/\/www.cesenaticohotel.com\/wp-content\/uploads\/2023\/05\/immagine-sito.jpg","type":"image\/jpeg"}],"twitter_card":"summary_large_image","twitter_misc":{"Gesch\u00e4tzte Lesezeit":"1\u00a0Minute"},"schema":{"@context":"https:\/\/schema.org","@graph":[{"@type":"WebPage","@id":"https:\/\/www.cesenaticohotel.com\/de\/hotels\/hotel-gioiello","url":"https:\/\/www.cesenaticohotel.com\/de\/hotels\/hotel-gioiello","name":"Hotel Gioiello*** in Cesenatico: Hotel f\u00fcr Paare und Familien","isPartOf":{"@id":"https:\/\/www.cesenaticohotel.com\/de#website"},"datePublished":"2023-04-19T14:10:29+00:00","dateModified":"2023-08-22T07:13:02+00:00","description":"Das Hotel Gioiello liegt nur 170 Meter vom Strand und in der N\u00e4he des Zentrums entfernt. Hallenbad, Solarium und vereinbarter Strand. Parkplatz.","breadcrumb":{"@id":"https:\/\/www.cesenaticohotel.com\/de\/hotels\/hotel-gioiello#breadcrumb"},"inLanguage":"de","potentialAction":[{"@type":"ReadAction","target":["https:\/\/www.cesenaticohotel.com\/de\/hotels\/hotel-gioiello"]}]},{"@type":"BreadcrumbList","@id":"https:\/\/www.cesenaticohotel.com\/de\/hotels\/hotel-gioiello#breadcrumb","itemListElement":[{"@type":"ListItem","position":1,"name":"Home","item":"https:\/\/www.cesenaticohotel.com\/de\/homepage"},{"@type":"ListItem","position":2,"name":"Hotel","item":"https:\/\/www.cesenaticohotel.com\/de\/hotels"},{"@type":"ListItem","position":3,"name":"Hotel Gioiello"}]},{"@type":"WebSite","@id":"https:\/\/www.cesenaticohotel.com\/de#website","url":"https:\/\/www.cesenaticohotel.com\/de","name":"Cesenatico Hotel","description":"","publisher":{"@id":"https:\/\/www.cesenaticohotel.com\/de#organization"},"potentialAction":[{"@type":"SearchAction","target":{"@type":"EntryPoint","urlTemplate":"https:\/\/www.cesenaticohotel.com\/de?s={search_term_string}"},"query-input":{"@type":"PropertyValueSpecification","valueRequired":true,"valueName":"search_term_string"}}],"inLanguage":"de"},{"@type":"Organization","@id":"https:\/\/www.cesenaticohotel.com\/de#organization","name":"Cesenatico Hotel","url":"https:\/\/www.cesenaticohotel.com\/de","logo":{"@type":"ImageObject","inLanguage":"de","@id":"https:\/\/www.cesenaticohotel.com\/de#\/schema\/logo\/image\/","url":"https:\/\/www.cesenaticohotel.com\/wp-content\/uploads\/2023\/05\/logo-organizzazione.jpg","contentUrl":"https:\/\/www.cesenaticohotel.com\/wp-content\/uploads\/2023\/05\/logo-organizzazione.jpg","width":696,"height":696,"caption":"Cesenatico Hotel"},"image":{"@id":"https:\/\/www.cesenaticohotel.com\/de#\/schema\/logo\/image\/"}}]}},"_links":{"self":[{"href":"https:\/\/www.cesenaticohotel.com\/de\/wp-json\/wp\/v2\/pages\/411","targetHints":{"allow":["GET"]}}],"collection":[{"href":"https:\/\/www.cesenaticohotel.com\/de\/wp-json\/wp\/v2\/pages"}],"about":[{"href":"https:\/\/www.cesenaticohotel.com\/de\/wp-json\/wp\/v2\/types\/page"}],"author":[{"embeddable":true,"href":"https:\/\/www.cesenaticohotel.com\/de\/wp-json\/wp\/v2\/users\/1"}],"replies":[{"embeddable":true,"href":"https:\/\/www.cesenaticohotel.com\/de\/wp-json\/wp\/v2\/comments?post=411"}],"version-history":[{"count":2,"href":"https:\/\/www.cesenaticohotel.com\/de\/wp-json\/wp\/v2\/pages\/411\/revisions"}],"predecessor-version":[{"id":5882,"href":"https:\/\/www.cesenaticohotel.com\/de\/wp-json\/wp\/v2\/pages\/411\/revisions\/5882"}],"up":[{"embeddable":true,"href":"https:\/\/www.cesenaticohotel.com\/de\/wp-json\/wp\/v2\/pages\/511"}],"wp:attachment":[{"href":"https:\/\/www.cesenaticohotel.com\/de\/wp-json\/wp\/v2\/media?parent=411"}],"curies":[{"name":"wp","href":"https:\/\/api.w.org\/{rel}","templated":true}]}}