{"id":427,"date":"2023-04-19T16:37:52","date_gmt":"2023-04-19T14:37:52","guid":{"rendered":"https:\/\/www.cesenaticohotel.com\/hotel\/hotel-il-battello"},"modified":"2023-08-22T09:13:06","modified_gmt":"2023-08-22T07:13:06","slug":"il-battello","status":"publish","type":"page","link":"https:\/\/www.cesenaticohotel.com\/de\/hotels\/il-battello","title":{"rendered":"Il Battello"},"content":{"rendered":"\n<p>Das <b>Hotel Il Battello<\/b> ist ein <b>charmantes Bed &amp; Breakfast im Herzen von Cesenatico<\/b>, in g\u00fcnstiger und ruhiger Lage, um einen erholsamen Urlaub am Meer zu genie\u00dfen und die Sch\u00f6nheit des lebhaften Fischerdorfes zu erleben.<\/p>\n\n\n\n<p><b>Moderne Einrichtungen<\/b>, Liebe zum Detail und authentische Gastfreundschaft machen das Hotelerlebnis besonders, wo <b>jedes<\/b> <b>Zimmer einzigartig ist<\/b> und eine Hommage an das nahegelegene Museum der Schifffahrt darstellt.<\/p>\n\n\n\n<!--more-->\n\n\n\n<p>Das Hotel bietet einen <b>Self-Check-in-Service<\/b>, einen vereinbarten <b>Strand<\/b> und kostenlose <b>Fahrr\u00e4der<\/b> f\u00fcr die G\u00e4ste. <b>Haustiere<\/b> sind herzlich <b>willkommen<\/b>.<\/p>\n","protected":false},"excerpt":{"rendered":"<p>Das Hotel Il Battello ist ein charmantes Bed &amp; Breakfast im Herzen von Cesenatico, in g\u00fcnstiger und ruhiger Lage, um einen erholsamen Urlaub am Meer zu genie\u00dfen und die Sch\u00f6nheit des lebhaften Fischerdorfes zu erleben. Moderne Einrichtungen, Liebe zum Detail und authentische Gastfreundschaft machen das Hotelerlebnis besonders, wo jedes Zimmer einzigartig ist und eine Hommage &hellip;<\/p>\n","protected":false},"author":1,"featured_media":0,"parent":511,"menu_order":0,"comment_status":"closed","ping_status":"closed","template":"page-templates\/scheda_hotel.php","meta":{"_acf_changed":false,"inline_featured_image":false,"footnotes":""},"class_list":["post-427","page","type-page","status-publish","hentry"],"acf":[],"yoast_head":"<!-- This site is optimized with the Yoast SEO plugin v27.0 - https:\/\/yoast.com\/product\/yoast-seo-wordpress\/ -->\n<title>Hotel Il Battello** in Cesenatico: Hotel f\u00fcr Paare und Familien<\/title>\n<meta name=\"description\" content=\"Das Hotel Il Battello befindet sich in hervorragender Lage in der N\u00e4he des vereinbarten Strandes. Haustiere willkommen und Fahrr\u00e4der inklusive.\" \/>\n<meta name=\"robots\" content=\"index, follow, max-snippet:-1, max-image-preview:large, max-video-preview:-1\" \/>\n<link rel=\"canonical\" href=\"https:\/\/www.cesenaticohotel.com\/de\/hotels\/il-battello\" \/>\n<meta property=\"og:locale\" content=\"de_DE\" \/>\n<meta property=\"og:type\" content=\"article\" \/>\n<meta property=\"og:title\" content=\"Hotel Il Battello** in Cesenatico: Hotel f\u00fcr Paare und Familien\" \/>\n<meta property=\"og:description\" content=\"Das Hotel Il Battello befindet sich in hervorragender Lage in der N\u00e4he des vereinbarten Strandes. Haustiere willkommen und Fahrr\u00e4der inklusive.\" \/>\n<meta property=\"og:url\" content=\"https:\/\/www.cesenaticohotel.com\/de\/hotels\/il-battello\" \/>\n<meta property=\"og:site_name\" content=\"Cesenatico Hotel\" \/>\n<meta property=\"article:modified_time\" content=\"2023-08-22T07:13:06+00:00\" \/>\n<meta property=\"og:image\" content=\"https:\/\/www.cesenaticohotel.com\/wp-content\/uploads\/2023\/05\/immagine-sito.jpg\" \/>\n\t<meta property=\"og:image:width\" content=\"1200\" \/>\n\t<meta property=\"og:image:height\" content=\"675\" \/>\n\t<meta property=\"og:image:type\" content=\"image\/jpeg\" \/>\n<meta name=\"twitter:card\" content=\"summary_large_image\" \/>\n<script type=\"application\/ld+json\" class=\"yoast-schema-graph\">{\"@context\":\"https:\/\/schema.org\",\"@graph\":[{\"@type\":\"WebPage\",\"@id\":\"https:\/\/www.cesenaticohotel.com\/de\/hotels\/il-battello\",\"url\":\"https:\/\/www.cesenaticohotel.com\/de\/hotels\/il-battello\",\"name\":\"Hotel Il Battello** in Cesenatico: Hotel f\u00fcr Paare und Familien\",\"isPartOf\":{\"@id\":\"https:\/\/www.cesenaticohotel.com\/de#website\"},\"datePublished\":\"2023-04-19T14:37:52+00:00\",\"dateModified\":\"2023-08-22T07:13:06+00:00\",\"description\":\"Das Hotel Il Battello befindet sich in hervorragender Lage in der N\u00e4he des vereinbarten Strandes. Haustiere willkommen und Fahrr\u00e4der inklusive.\",\"breadcrumb\":{\"@id\":\"https:\/\/www.cesenaticohotel.com\/de\/hotels\/il-battello#breadcrumb\"},\"inLanguage\":\"de\",\"potentialAction\":[{\"@type\":\"ReadAction\",\"target\":[\"https:\/\/www.cesenaticohotel.com\/de\/hotels\/il-battello\"]}]},{\"@type\":\"BreadcrumbList\",\"@id\":\"https:\/\/www.cesenaticohotel.com\/de\/hotels\/il-battello#breadcrumb\",\"itemListElement\":[{\"@type\":\"ListItem\",\"position\":1,\"name\":\"Home\",\"item\":\"https:\/\/www.cesenaticohotel.com\/de\/homepage\"},{\"@type\":\"ListItem\",\"position\":2,\"name\":\"Hotel\",\"item\":\"https:\/\/www.cesenaticohotel.com\/de\/hotels\"},{\"@type\":\"ListItem\",\"position\":3,\"name\":\"Il Battello\"}]},{\"@type\":\"WebSite\",\"@id\":\"https:\/\/www.cesenaticohotel.com\/de#website\",\"url\":\"https:\/\/www.cesenaticohotel.com\/de\",\"name\":\"Cesenatico Hotel\",\"description\":\"\",\"publisher\":{\"@id\":\"https:\/\/www.cesenaticohotel.com\/de#organization\"},\"potentialAction\":[{\"@type\":\"SearchAction\",\"target\":{\"@type\":\"EntryPoint\",\"urlTemplate\":\"https:\/\/www.cesenaticohotel.com\/de?s={search_term_string}\"},\"query-input\":{\"@type\":\"PropertyValueSpecification\",\"valueRequired\":true,\"valueName\":\"search_term_string\"}}],\"inLanguage\":\"de\"},{\"@type\":\"Organization\",\"@id\":\"https:\/\/www.cesenaticohotel.com\/de#organization\",\"name\":\"Cesenatico Hotel\",\"url\":\"https:\/\/www.cesenaticohotel.com\/de\",\"logo\":{\"@type\":\"ImageObject\",\"inLanguage\":\"de\",\"@id\":\"https:\/\/www.cesenaticohotel.com\/de#\/schema\/logo\/image\/\",\"url\":\"https:\/\/www.cesenaticohotel.com\/wp-content\/uploads\/2023\/05\/logo-organizzazione.jpg\",\"contentUrl\":\"https:\/\/www.cesenaticohotel.com\/wp-content\/uploads\/2023\/05\/logo-organizzazione.jpg\",\"width\":696,\"height\":696,\"caption\":\"Cesenatico Hotel\"},\"image\":{\"@id\":\"https:\/\/www.cesenaticohotel.com\/de#\/schema\/logo\/image\/\"}}]}<\/script>\n<!-- \/ Yoast SEO plugin. -->","yoast_head_json":{"title":"Hotel Il Battello** in Cesenatico: Hotel f\u00fcr Paare und Familien","description":"Das Hotel Il Battello befindet sich in hervorragender Lage in der N\u00e4he des vereinbarten Strandes. Haustiere willkommen und Fahrr\u00e4der inklusive.","robots":{"index":"index","follow":"follow","max-snippet":"max-snippet:-1","max-image-preview":"max-image-preview:large","max-video-preview":"max-video-preview:-1"},"canonical":"https:\/\/www.cesenaticohotel.com\/de\/hotels\/il-battello","og_locale":"de_DE","og_type":"article","og_title":"Hotel Il Battello** in Cesenatico: Hotel f\u00fcr Paare und Familien","og_description":"Das Hotel Il Battello befindet sich in hervorragender Lage in der N\u00e4he des vereinbarten Strandes. Haustiere willkommen und Fahrr\u00e4der inklusive.","og_url":"https:\/\/www.cesenaticohotel.com\/de\/hotels\/il-battello","og_site_name":"Cesenatico Hotel","article_modified_time":"2023-08-22T07:13:06+00:00","og_image":[{"width":1200,"height":675,"url":"https:\/\/www.cesenaticohotel.com\/wp-content\/uploads\/2023\/05\/immagine-sito.jpg","type":"image\/jpeg"}],"twitter_card":"summary_large_image","schema":{"@context":"https:\/\/schema.org","@graph":[{"@type":"WebPage","@id":"https:\/\/www.cesenaticohotel.com\/de\/hotels\/il-battello","url":"https:\/\/www.cesenaticohotel.com\/de\/hotels\/il-battello","name":"Hotel Il Battello** in Cesenatico: Hotel f\u00fcr Paare und Familien","isPartOf":{"@id":"https:\/\/www.cesenaticohotel.com\/de#website"},"datePublished":"2023-04-19T14:37:52+00:00","dateModified":"2023-08-22T07:13:06+00:00","description":"Das Hotel Il Battello befindet sich in hervorragender Lage in der N\u00e4he des vereinbarten Strandes. Haustiere willkommen und Fahrr\u00e4der inklusive.","breadcrumb":{"@id":"https:\/\/www.cesenaticohotel.com\/de\/hotels\/il-battello#breadcrumb"},"inLanguage":"de","potentialAction":[{"@type":"ReadAction","target":["https:\/\/www.cesenaticohotel.com\/de\/hotels\/il-battello"]}]},{"@type":"BreadcrumbList","@id":"https:\/\/www.cesenaticohotel.com\/de\/hotels\/il-battello#breadcrumb","itemListElement":[{"@type":"ListItem","position":1,"name":"Home","item":"https:\/\/www.cesenaticohotel.com\/de\/homepage"},{"@type":"ListItem","position":2,"name":"Hotel","item":"https:\/\/www.cesenaticohotel.com\/de\/hotels"},{"@type":"ListItem","position":3,"name":"Il Battello"}]},{"@type":"WebSite","@id":"https:\/\/www.cesenaticohotel.com\/de#website","url":"https:\/\/www.cesenaticohotel.com\/de","name":"Cesenatico Hotel","description":"","publisher":{"@id":"https:\/\/www.cesenaticohotel.com\/de#organization"},"potentialAction":[{"@type":"SearchAction","target":{"@type":"EntryPoint","urlTemplate":"https:\/\/www.cesenaticohotel.com\/de?s={search_term_string}"},"query-input":{"@type":"PropertyValueSpecification","valueRequired":true,"valueName":"search_term_string"}}],"inLanguage":"de"},{"@type":"Organization","@id":"https:\/\/www.cesenaticohotel.com\/de#organization","name":"Cesenatico Hotel","url":"https:\/\/www.cesenaticohotel.com\/de","logo":{"@type":"ImageObject","inLanguage":"de","@id":"https:\/\/www.cesenaticohotel.com\/de#\/schema\/logo\/image\/","url":"https:\/\/www.cesenaticohotel.com\/wp-content\/uploads\/2023\/05\/logo-organizzazione.jpg","contentUrl":"https:\/\/www.cesenaticohotel.com\/wp-content\/uploads\/2023\/05\/logo-organizzazione.jpg","width":696,"height":696,"caption":"Cesenatico Hotel"},"image":{"@id":"https:\/\/www.cesenaticohotel.com\/de#\/schema\/logo\/image\/"}}]}},"_links":{"self":[{"href":"https:\/\/www.cesenaticohotel.com\/de\/wp-json\/wp\/v2\/pages\/427","targetHints":{"allow":["GET"]}}],"collection":[{"href":"https:\/\/www.cesenaticohotel.com\/de\/wp-json\/wp\/v2\/pages"}],"about":[{"href":"https:\/\/www.cesenaticohotel.com\/de\/wp-json\/wp\/v2\/types\/page"}],"author":[{"embeddable":true,"href":"https:\/\/www.cesenaticohotel.com\/de\/wp-json\/wp\/v2\/users\/1"}],"replies":[{"embeddable":true,"href":"https:\/\/www.cesenaticohotel.com\/de\/wp-json\/wp\/v2\/comments?post=427"}],"version-history":[{"count":3,"href":"https:\/\/www.cesenaticohotel.com\/de\/wp-json\/wp\/v2\/pages\/427\/revisions"}],"predecessor-version":[{"id":5885,"href":"https:\/\/www.cesenaticohotel.com\/de\/wp-json\/wp\/v2\/pages\/427\/revisions\/5885"}],"up":[{"embeddable":true,"href":"https:\/\/www.cesenaticohotel.com\/de\/wp-json\/wp\/v2\/pages\/511"}],"wp:attachment":[{"href":"https:\/\/www.cesenaticohotel.com\/de\/wp-json\/wp\/v2\/media?parent=427"}],"curies":[{"name":"wp","href":"https:\/\/api.w.org\/{rel}","templated":true}]}}