{"id":436,"date":"2023-04-19T16:46:41","date_gmt":"2023-04-19T14:46:41","guid":{"rendered":"https:\/\/www.cesenaticohotel.com\/hotel\/hotel-ambasciatori"},"modified":"2023-08-22T09:13:07","modified_gmt":"2023-08-22T07:13:07","slug":"hotel-ambasciatori","status":"publish","type":"page","link":"https:\/\/www.cesenaticohotel.com\/de\/hotels\/hotel-ambasciatori","title":{"rendered":"Hotel Ambasciatori"},"content":{"rendered":"\n<p>Das <b>Hotel Ambasciatori<\/b> liegt <b>nur 100 Meter von der Uferpromenade von Cesenatico<\/b> und dem vereinbarten Strand entfernt, wo Sie mit <b>All-Inclusive-Verpflegung<\/b> einen <b>Sonnenschirm und zwei Liegest\u00fchle<\/b> zur Verf\u00fcgung haben. Das Hotel verf\u00fcgt auch \u00fcber einen gro\u00dfen <b>Garten<\/b> mit einem wundersch\u00f6nen halbolympischen Pool und einer ausgestatteten Sonnenterrasse, auf der auch Kinder dank des<b> Rettungsdienstes<\/b> sicher spielen k\u00f6nnen.<\/p>\n\n\n\n<!--more-->\n\n\n\n<p>F\u00fcr Kinder gibt es A<b>nimation <\/b>im Hotel, am Strand und am Pool, einen <b>Spielbereich<\/b> und einen <b>separaten Pool<\/b>.<\/p>\n\n\n\n<p>Wenn Sie <b>Aktivurlaub<\/b> m\u00f6gen, haben Sie im Hotel freien Zugang zu <b>Tennis- und Fu\u00dfballpl\u00e4tzen<\/b>, einem Fitnessstudio und einer <b>sicheren Fahrradgarage<\/b>. Es gibt Fahrradverleih, M\u00f6glichkeit f\u00fcr <b>Radtouren<\/b>, <b>W\u00e4scheservice <\/b>f\u00fcr Sportkleidung und flexible Essenszeiten. Au\u00dferdem k\u00f6nnen Sie das <b>Dampfbad<\/b> f\u00fcr die Erholung nach dem Training nutzen.<\/p>\n\n\n\n<p>Am Tisch genie\u00dfen Sie das Beste der <b>regionalen K\u00fcche<\/b>. Der Chef w\u00e4hlt nur die besten Zutaten aus, um die G\u00e4ste mit den authentischen Aromen der Romagna zu verw\u00f6hnen. Zum <b>Fr\u00fchst\u00fcck<\/b> werden hausgemachte Kuchen, Croissants, Geb\u00e4ck, Joghurt, M\u00fcsli, Eier, Aufschnitt, K\u00e4se sowie hei\u00dfe Getr\u00e4nke und Fruchts\u00e4fte serviert. Sie k\u00f6nnen jederzeit <b>zwischen 3 ersten und 3 zweiten G\u00e4ngen<\/b> w\u00e4hlen, wobei Fisch und Fleisch nie fehlen, begleitet von einem reichen Buffet mit leckeren Vorspeisen und Gem\u00fcse. Auf Anfrage werden <b>Alternativen f\u00fcr Unvertr\u00e4glichkeiten, Vegetarier und Veganer <\/b>zubereitet. <b>Wasser, Getr\u00e4nke, roter und wei\u00dfer Wein aus den H\u00fcgeln der Romagna sind inbegriffen<\/b>.<\/p>\n\n\n\n<p>Das Hotel Ambasciatori verf\u00fcgt \u00fcber einen <b>eigenen Parkplatz<\/b>, wo Ihnen ein Parkplatz garantiert ist. Dank der zentralen Lage k\u00f6nnen Sie die zur Verf\u00fcgung stehenden <b>Fahrr\u00e4der<\/b> nutzen, um das charmante Zentrum von Cesenatico zu erkunden.<\/p>\n","protected":false},"excerpt":{"rendered":"<p>Das Hotel Ambasciatori liegt nur 100 Meter von der Uferpromenade von Cesenatico und dem vereinbarten Strand entfernt, wo Sie mit All-Inclusive-Verpflegung einen Sonnenschirm und zwei Liegest\u00fchle zur Verf\u00fcgung haben. Das Hotel verf\u00fcgt auch \u00fcber einen gro\u00dfen Garten mit einem wundersch\u00f6nen halbolympischen Pool und einer ausgestatteten Sonnenterrasse, auf der auch Kinder dank des Rettungsdienstes sicher spielen &hellip;<\/p>\n","protected":false},"author":1,"featured_media":0,"parent":511,"menu_order":0,"comment_status":"closed","ping_status":"closed","template":"page-templates\/scheda_hotel.php","meta":{"_acf_changed":false,"inline_featured_image":false,"footnotes":""},"class_list":["post-436","page","type-page","status-publish","hentry"],"acf":[],"yoast_head":"<!-- This site is optimized with the Yoast SEO plugin v27.0 - https:\/\/yoast.com\/product\/yoast-seo-wordpress\/ -->\n<title>Hotel Ambasciatori**** in Cesenatico: Sport- und Familienhotel<\/title>\n<meta name=\"description\" content=\"Das Hotel Ambasciatori liegt nur 100 Meter vom Meer entfernt und bietet All-Inclusive-Behandlung und Entspannung im halbolympischen Pool. Parken und Fahrr\u00e4der.\" \/>\n<meta name=\"robots\" content=\"index, follow, max-snippet:-1, max-image-preview:large, max-video-preview:-1\" \/>\n<link rel=\"canonical\" href=\"https:\/\/www.cesenaticohotel.com\/de\/hotels\/hotel-ambasciatori\" \/>\n<meta property=\"og:locale\" content=\"de_DE\" \/>\n<meta property=\"og:type\" content=\"article\" \/>\n<meta property=\"og:title\" content=\"Hotel Ambasciatori**** in Cesenatico: Sport- und Familienhotel\" \/>\n<meta property=\"og:description\" content=\"Das Hotel Ambasciatori liegt nur 100 Meter vom Meer entfernt und bietet All-Inclusive-Behandlung und Entspannung im halbolympischen Pool. Parken und Fahrr\u00e4der.\" \/>\n<meta property=\"og:url\" content=\"https:\/\/www.cesenaticohotel.com\/de\/hotels\/hotel-ambasciatori\" \/>\n<meta property=\"og:site_name\" content=\"Cesenatico Hotel\" \/>\n<meta property=\"article:modified_time\" content=\"2023-08-22T07:13:07+00:00\" \/>\n<meta property=\"og:image\" content=\"https:\/\/www.cesenaticohotel.com\/wp-content\/uploads\/2023\/05\/immagine-sito.jpg\" \/>\n\t<meta property=\"og:image:width\" content=\"1200\" \/>\n\t<meta property=\"og:image:height\" content=\"675\" \/>\n\t<meta property=\"og:image:type\" content=\"image\/jpeg\" \/>\n<meta name=\"twitter:card\" content=\"summary_large_image\" \/>\n<meta name=\"twitter:label1\" content=\"Gesch\u00e4tzte Lesezeit\" \/>\n\t<meta name=\"twitter:data1\" content=\"1\u00a0Minute\" \/>\n<script type=\"application\/ld+json\" class=\"yoast-schema-graph\">{\"@context\":\"https:\/\/schema.org\",\"@graph\":[{\"@type\":\"WebPage\",\"@id\":\"https:\/\/www.cesenaticohotel.com\/de\/hotels\/hotel-ambasciatori\",\"url\":\"https:\/\/www.cesenaticohotel.com\/de\/hotels\/hotel-ambasciatori\",\"name\":\"Hotel Ambasciatori**** in Cesenatico: Sport- und Familienhotel\",\"isPartOf\":{\"@id\":\"https:\/\/www.cesenaticohotel.com\/de#website\"},\"datePublished\":\"2023-04-19T14:46:41+00:00\",\"dateModified\":\"2023-08-22T07:13:07+00:00\",\"description\":\"Das Hotel Ambasciatori liegt nur 100 Meter vom Meer entfernt und bietet All-Inclusive-Behandlung und Entspannung im halbolympischen Pool. Parken und Fahrr\u00e4der.\",\"breadcrumb\":{\"@id\":\"https:\/\/www.cesenaticohotel.com\/de\/hotels\/hotel-ambasciatori#breadcrumb\"},\"inLanguage\":\"de\",\"potentialAction\":[{\"@type\":\"ReadAction\",\"target\":[\"https:\/\/www.cesenaticohotel.com\/de\/hotels\/hotel-ambasciatori\"]}]},{\"@type\":\"BreadcrumbList\",\"@id\":\"https:\/\/www.cesenaticohotel.com\/de\/hotels\/hotel-ambasciatori#breadcrumb\",\"itemListElement\":[{\"@type\":\"ListItem\",\"position\":1,\"name\":\"Home\",\"item\":\"https:\/\/www.cesenaticohotel.com\/de\/homepage\"},{\"@type\":\"ListItem\",\"position\":2,\"name\":\"Hotel\",\"item\":\"https:\/\/www.cesenaticohotel.com\/de\/hotels\"},{\"@type\":\"ListItem\",\"position\":3,\"name\":\"Hotel Ambasciatori\"}]},{\"@type\":\"WebSite\",\"@id\":\"https:\/\/www.cesenaticohotel.com\/de#website\",\"url\":\"https:\/\/www.cesenaticohotel.com\/de\",\"name\":\"Cesenatico Hotel\",\"description\":\"\",\"publisher\":{\"@id\":\"https:\/\/www.cesenaticohotel.com\/de#organization\"},\"potentialAction\":[{\"@type\":\"SearchAction\",\"target\":{\"@type\":\"EntryPoint\",\"urlTemplate\":\"https:\/\/www.cesenaticohotel.com\/de?s={search_term_string}\"},\"query-input\":{\"@type\":\"PropertyValueSpecification\",\"valueRequired\":true,\"valueName\":\"search_term_string\"}}],\"inLanguage\":\"de\"},{\"@type\":\"Organization\",\"@id\":\"https:\/\/www.cesenaticohotel.com\/de#organization\",\"name\":\"Cesenatico Hotel\",\"url\":\"https:\/\/www.cesenaticohotel.com\/de\",\"logo\":{\"@type\":\"ImageObject\",\"inLanguage\":\"de\",\"@id\":\"https:\/\/www.cesenaticohotel.com\/de#\/schema\/logo\/image\/\",\"url\":\"https:\/\/www.cesenaticohotel.com\/wp-content\/uploads\/2023\/05\/logo-organizzazione.jpg\",\"contentUrl\":\"https:\/\/www.cesenaticohotel.com\/wp-content\/uploads\/2023\/05\/logo-organizzazione.jpg\",\"width\":696,\"height\":696,\"caption\":\"Cesenatico Hotel\"},\"image\":{\"@id\":\"https:\/\/www.cesenaticohotel.com\/de#\/schema\/logo\/image\/\"}}]}<\/script>\n<!-- \/ Yoast SEO plugin. -->","yoast_head_json":{"title":"Hotel Ambasciatori**** in Cesenatico: Sport- und Familienhotel","description":"Das Hotel Ambasciatori liegt nur 100 Meter vom Meer entfernt und bietet All-Inclusive-Behandlung und Entspannung im halbolympischen Pool. Parken und Fahrr\u00e4der.","robots":{"index":"index","follow":"follow","max-snippet":"max-snippet:-1","max-image-preview":"max-image-preview:large","max-video-preview":"max-video-preview:-1"},"canonical":"https:\/\/www.cesenaticohotel.com\/de\/hotels\/hotel-ambasciatori","og_locale":"de_DE","og_type":"article","og_title":"Hotel Ambasciatori**** in Cesenatico: Sport- und Familienhotel","og_description":"Das Hotel Ambasciatori liegt nur 100 Meter vom Meer entfernt und bietet All-Inclusive-Behandlung und Entspannung im halbolympischen Pool. Parken und Fahrr\u00e4der.","og_url":"https:\/\/www.cesenaticohotel.com\/de\/hotels\/hotel-ambasciatori","og_site_name":"Cesenatico Hotel","article_modified_time":"2023-08-22T07:13:07+00:00","og_image":[{"width":1200,"height":675,"url":"https:\/\/www.cesenaticohotel.com\/wp-content\/uploads\/2023\/05\/immagine-sito.jpg","type":"image\/jpeg"}],"twitter_card":"summary_large_image","twitter_misc":{"Gesch\u00e4tzte Lesezeit":"1\u00a0Minute"},"schema":{"@context":"https:\/\/schema.org","@graph":[{"@type":"WebPage","@id":"https:\/\/www.cesenaticohotel.com\/de\/hotels\/hotel-ambasciatori","url":"https:\/\/www.cesenaticohotel.com\/de\/hotels\/hotel-ambasciatori","name":"Hotel Ambasciatori**** in Cesenatico: Sport- und Familienhotel","isPartOf":{"@id":"https:\/\/www.cesenaticohotel.com\/de#website"},"datePublished":"2023-04-19T14:46:41+00:00","dateModified":"2023-08-22T07:13:07+00:00","description":"Das Hotel Ambasciatori liegt nur 100 Meter vom Meer entfernt und bietet All-Inclusive-Behandlung und Entspannung im halbolympischen Pool. Parken und Fahrr\u00e4der.","breadcrumb":{"@id":"https:\/\/www.cesenaticohotel.com\/de\/hotels\/hotel-ambasciatori#breadcrumb"},"inLanguage":"de","potentialAction":[{"@type":"ReadAction","target":["https:\/\/www.cesenaticohotel.com\/de\/hotels\/hotel-ambasciatori"]}]},{"@type":"BreadcrumbList","@id":"https:\/\/www.cesenaticohotel.com\/de\/hotels\/hotel-ambasciatori#breadcrumb","itemListElement":[{"@type":"ListItem","position":1,"name":"Home","item":"https:\/\/www.cesenaticohotel.com\/de\/homepage"},{"@type":"ListItem","position":2,"name":"Hotel","item":"https:\/\/www.cesenaticohotel.com\/de\/hotels"},{"@type":"ListItem","position":3,"name":"Hotel Ambasciatori"}]},{"@type":"WebSite","@id":"https:\/\/www.cesenaticohotel.com\/de#website","url":"https:\/\/www.cesenaticohotel.com\/de","name":"Cesenatico Hotel","description":"","publisher":{"@id":"https:\/\/www.cesenaticohotel.com\/de#organization"},"potentialAction":[{"@type":"SearchAction","target":{"@type":"EntryPoint","urlTemplate":"https:\/\/www.cesenaticohotel.com\/de?s={search_term_string}"},"query-input":{"@type":"PropertyValueSpecification","valueRequired":true,"valueName":"search_term_string"}}],"inLanguage":"de"},{"@type":"Organization","@id":"https:\/\/www.cesenaticohotel.com\/de#organization","name":"Cesenatico Hotel","url":"https:\/\/www.cesenaticohotel.com\/de","logo":{"@type":"ImageObject","inLanguage":"de","@id":"https:\/\/www.cesenaticohotel.com\/de#\/schema\/logo\/image\/","url":"https:\/\/www.cesenaticohotel.com\/wp-content\/uploads\/2023\/05\/logo-organizzazione.jpg","contentUrl":"https:\/\/www.cesenaticohotel.com\/wp-content\/uploads\/2023\/05\/logo-organizzazione.jpg","width":696,"height":696,"caption":"Cesenatico Hotel"},"image":{"@id":"https:\/\/www.cesenaticohotel.com\/de#\/schema\/logo\/image\/"}}]}},"_links":{"self":[{"href":"https:\/\/www.cesenaticohotel.com\/de\/wp-json\/wp\/v2\/pages\/436","targetHints":{"allow":["GET"]}}],"collection":[{"href":"https:\/\/www.cesenaticohotel.com\/de\/wp-json\/wp\/v2\/pages"}],"about":[{"href":"https:\/\/www.cesenaticohotel.com\/de\/wp-json\/wp\/v2\/types\/page"}],"author":[{"embeddable":true,"href":"https:\/\/www.cesenaticohotel.com\/de\/wp-json\/wp\/v2\/users\/1"}],"replies":[{"embeddable":true,"href":"https:\/\/www.cesenaticohotel.com\/de\/wp-json\/wp\/v2\/comments?post=436"}],"version-history":[{"count":2,"href":"https:\/\/www.cesenaticohotel.com\/de\/wp-json\/wp\/v2\/pages\/436\/revisions"}],"predecessor-version":[{"id":5886,"href":"https:\/\/www.cesenaticohotel.com\/de\/wp-json\/wp\/v2\/pages\/436\/revisions\/5886"}],"up":[{"embeddable":true,"href":"https:\/\/www.cesenaticohotel.com\/de\/wp-json\/wp\/v2\/pages\/511"}],"wp:attachment":[{"href":"https:\/\/www.cesenaticohotel.com\/de\/wp-json\/wp\/v2\/media?parent=436"}],"curies":[{"name":"wp","href":"https:\/\/api.w.org\/{rel}","templated":true}]}}