{"id":4380,"date":"2023-06-15T12:56:38","date_gmt":"2023-06-15T10:56:38","guid":{"rendered":"https:\/\/www.cesenaticohotel.com\/hotels\/hotel-colorado-cesenatico"},"modified":"2023-08-22T09:14:47","modified_gmt":"2023-08-22T07:14:47","slug":"hotel-colorado","status":"publish","type":"page","link":"https:\/\/www.cesenaticohotel.com\/de\/hotels\/hotel-colorado","title":{"rendered":"Hotel Colorado"},"content":{"rendered":"\n<p>Das <b>Hotel Colorado in Valverde von Cesenatico<\/b> liegt <b>direkt am Strand<\/b> und bietet einen herrlichen <b>Meerblick<\/b> von den Zimmern und dem Speisesaal. Dank seiner <b>zentralen Lage<\/b> erreichen Sie das Stadtzentrum bequem zu Fu\u00df oder mit den kostenlosen <b>Fahrr\u00e4dern<\/b> f\u00fcr G\u00e4ste.<\/p>\n\n\n\n<!--more-->\n\n\n\n<p>Der <b>Garten<\/b> des Hotels, eine wundersch\u00f6ne Fl\u00e4che von 500 m\u00b2, beherbergt einen<b> Pool<\/b> mit Whirlpool-Ecke, der immer sonnig ist, umgeben von einem <b>Sonnendeck<\/b> mit Sonnenschirmen und Liegest\u00fchlen. Es gibt auch einen <b>Kinderpoo<\/b>l mit lustigen Geysiren. Wenn Sie sich lieber am <b>Strand<\/b> entspannen m\u00f6chten, finden Sie direkt vor dem Hotel den Strandbereich, der in der<b> All-Inclusive-Formel <\/b>enthalten ist. Hier haben Sie einen Sonnenschirm und zwei Liegest\u00fchle zur Verf\u00fcgung. Es gibt auch einen \u00f6ffentlichen Strand mit Spielpl\u00e4tzen.<\/p>\n\n\n\n<p>Der ger\u00e4umige <b>Speisesaal bietet einen Blick auf den Strand<\/b> f\u00fcr unvergessliche kulinarische Erlebnisse mit Meerblick. Besonderes Augenmerk wird auf die <b>Frische <\/b>und Qualit\u00e4t der Zutaten gelegt, vorzugsweise auf lokale Produkte wie Fisch aus der Adria, auf <b>Saisonalit\u00e4t <\/b>und auf <b>einfache<\/b>, fettarme <b>Zubereitungen<\/b>.<\/p>\n\n\n\n<p>Jeden Tag k\u00f6nnen Sie zwischen einem reichhaltigen<b> Buffet<\/b> mit Fleisch- und Fischvorspeisen, Meeresfr\u00fcchtesalaten, gekochtem und rohem Gem\u00fcse sowie frisch zubereiteten ersten und zweiten G\u00e4ngen w\u00e4hlen. Zum <b>Fr\u00fchst\u00fcck<\/b>, das im <b>Garten am Meer<\/b> serviert wird, finden Sie frisch gebackene Backwaren wie Kuchen, Croissants, Geb\u00e4ck, sowie Aufschnitt, K\u00e4se, Eier, Speck, Joghurt, M\u00fcsli, Getreide und frisches Obst. Die Kaffeebar und die Fruchts\u00e4fte stehen zur Selbstbedienung bereit.<\/p>\n\n\n\n<p>Das Hotel verf\u00fcgt \u00fcber <b>zwei umz\u00e4unte Parkpl\u00e4tze<\/b>: einen kostenpflichtigen im Hotelhof und einen kostenlosen Parkplatz 250 Meter entfernt.<\/p>\n","protected":false},"excerpt":{"rendered":"<p>Das Hotel Colorado in Valverde von Cesenatico liegt direkt am Strand und bietet einen herrlichen Meerblick von den Zimmern und dem Speisesaal. Dank seiner zentralen Lage erreichen Sie das Stadtzentrum bequem zu Fu\u00df oder mit den kostenlosen Fahrr\u00e4dern f\u00fcr G\u00e4ste.<\/p>\n","protected":false},"author":1,"featured_media":0,"parent":511,"menu_order":0,"comment_status":"closed","ping_status":"closed","template":"page-templates\/scheda_hotel.php","meta":{"_acf_changed":false,"inline_featured_image":false,"footnotes":""},"class_list":["post-4380","page","type-page","status-publish","hentry"],"acf":[],"yoast_head":"<!-- This site is optimized with the Yoast SEO plugin v27.0 - https:\/\/yoast.com\/product\/yoast-seo-wordpress\/ -->\n<title>Hotel Colorado**** in Cesenatico: Hotel f\u00fcr Paare und Familien<\/title>\n<meta name=\"description\" content=\"Das Hotel Colorado in Cesenatico liegt direkt am Strand und verf\u00fcgt \u00fcber Zimmer mit Meerblicksbalkon. Garten, Pool, zwei Parkpl\u00e4tze und Restaurant.\" \/>\n<meta name=\"robots\" content=\"index, follow, max-snippet:-1, max-image-preview:large, max-video-preview:-1\" \/>\n<link rel=\"canonical\" href=\"https:\/\/www.cesenaticohotel.com\/de\/hotels\/hotel-colorado\" \/>\n<meta property=\"og:locale\" content=\"de_DE\" \/>\n<meta property=\"og:type\" content=\"article\" \/>\n<meta property=\"og:title\" content=\"Hotel Colorado**** in Cesenatico: Hotel f\u00fcr Paare und Familien\" \/>\n<meta property=\"og:description\" content=\"Das Hotel Colorado in Cesenatico liegt direkt am Strand und verf\u00fcgt \u00fcber Zimmer mit Meerblicksbalkon. Garten, Pool, zwei Parkpl\u00e4tze und Restaurant.\" \/>\n<meta property=\"og:url\" content=\"https:\/\/www.cesenaticohotel.com\/de\/hotels\/hotel-colorado\" \/>\n<meta property=\"og:site_name\" content=\"Cesenatico Hotel\" \/>\n<meta property=\"article:modified_time\" content=\"2023-08-22T07:14:47+00:00\" \/>\n<meta property=\"og:image\" content=\"https:\/\/www.cesenaticohotel.com\/wp-content\/uploads\/2023\/05\/immagine-sito.jpg\" \/>\n\t<meta property=\"og:image:width\" content=\"1200\" \/>\n\t<meta property=\"og:image:height\" content=\"675\" \/>\n\t<meta property=\"og:image:type\" content=\"image\/jpeg\" \/>\n<meta name=\"twitter:card\" content=\"summary_large_image\" \/>\n<script type=\"application\/ld+json\" class=\"yoast-schema-graph\">{\"@context\":\"https:\/\/schema.org\",\"@graph\":[{\"@type\":\"WebPage\",\"@id\":\"https:\/\/www.cesenaticohotel.com\/de\/hotels\/hotel-colorado\",\"url\":\"https:\/\/www.cesenaticohotel.com\/de\/hotels\/hotel-colorado\",\"name\":\"Hotel Colorado**** in Cesenatico: Hotel f\u00fcr Paare und Familien\",\"isPartOf\":{\"@id\":\"https:\/\/www.cesenaticohotel.com\/de#website\"},\"datePublished\":\"2023-06-15T10:56:38+00:00\",\"dateModified\":\"2023-08-22T07:14:47+00:00\",\"description\":\"Das Hotel Colorado in Cesenatico liegt direkt am Strand und verf\u00fcgt \u00fcber Zimmer mit Meerblicksbalkon. Garten, Pool, zwei Parkpl\u00e4tze und Restaurant.\",\"breadcrumb\":{\"@id\":\"https:\/\/www.cesenaticohotel.com\/de\/hotels\/hotel-colorado#breadcrumb\"},\"inLanguage\":\"de\",\"potentialAction\":[{\"@type\":\"ReadAction\",\"target\":[\"https:\/\/www.cesenaticohotel.com\/de\/hotels\/hotel-colorado\"]}]},{\"@type\":\"BreadcrumbList\",\"@id\":\"https:\/\/www.cesenaticohotel.com\/de\/hotels\/hotel-colorado#breadcrumb\",\"itemListElement\":[{\"@type\":\"ListItem\",\"position\":1,\"name\":\"Home\",\"item\":\"https:\/\/www.cesenaticohotel.com\/de\/homepage\"},{\"@type\":\"ListItem\",\"position\":2,\"name\":\"Hotel\",\"item\":\"https:\/\/www.cesenaticohotel.com\/de\/hotels\"},{\"@type\":\"ListItem\",\"position\":3,\"name\":\"Hotel Colorado\"}]},{\"@type\":\"WebSite\",\"@id\":\"https:\/\/www.cesenaticohotel.com\/de#website\",\"url\":\"https:\/\/www.cesenaticohotel.com\/de\",\"name\":\"Cesenatico Hotel\",\"description\":\"\",\"publisher\":{\"@id\":\"https:\/\/www.cesenaticohotel.com\/de#organization\"},\"potentialAction\":[{\"@type\":\"SearchAction\",\"target\":{\"@type\":\"EntryPoint\",\"urlTemplate\":\"https:\/\/www.cesenaticohotel.com\/de?s={search_term_string}\"},\"query-input\":{\"@type\":\"PropertyValueSpecification\",\"valueRequired\":true,\"valueName\":\"search_term_string\"}}],\"inLanguage\":\"de\"},{\"@type\":\"Organization\",\"@id\":\"https:\/\/www.cesenaticohotel.com\/de#organization\",\"name\":\"Cesenatico Hotel\",\"url\":\"https:\/\/www.cesenaticohotel.com\/de\",\"logo\":{\"@type\":\"ImageObject\",\"inLanguage\":\"de\",\"@id\":\"https:\/\/www.cesenaticohotel.com\/de#\/schema\/logo\/image\/\",\"url\":\"https:\/\/www.cesenaticohotel.com\/wp-content\/uploads\/2023\/05\/logo-organizzazione.jpg\",\"contentUrl\":\"https:\/\/www.cesenaticohotel.com\/wp-content\/uploads\/2023\/05\/logo-organizzazione.jpg\",\"width\":696,\"height\":696,\"caption\":\"Cesenatico Hotel\"},\"image\":{\"@id\":\"https:\/\/www.cesenaticohotel.com\/de#\/schema\/logo\/image\/\"}}]}<\/script>\n<!-- \/ Yoast SEO plugin. -->","yoast_head_json":{"title":"Hotel Colorado**** in Cesenatico: Hotel f\u00fcr Paare und Familien","description":"Das Hotel Colorado in Cesenatico liegt direkt am Strand und verf\u00fcgt \u00fcber Zimmer mit Meerblicksbalkon. Garten, Pool, zwei Parkpl\u00e4tze und Restaurant.","robots":{"index":"index","follow":"follow","max-snippet":"max-snippet:-1","max-image-preview":"max-image-preview:large","max-video-preview":"max-video-preview:-1"},"canonical":"https:\/\/www.cesenaticohotel.com\/de\/hotels\/hotel-colorado","og_locale":"de_DE","og_type":"article","og_title":"Hotel Colorado**** in Cesenatico: Hotel f\u00fcr Paare und Familien","og_description":"Das Hotel Colorado in Cesenatico liegt direkt am Strand und verf\u00fcgt \u00fcber Zimmer mit Meerblicksbalkon. Garten, Pool, zwei Parkpl\u00e4tze und Restaurant.","og_url":"https:\/\/www.cesenaticohotel.com\/de\/hotels\/hotel-colorado","og_site_name":"Cesenatico Hotel","article_modified_time":"2023-08-22T07:14:47+00:00","og_image":[{"width":1200,"height":675,"url":"https:\/\/www.cesenaticohotel.com\/wp-content\/uploads\/2023\/05\/immagine-sito.jpg","type":"image\/jpeg"}],"twitter_card":"summary_large_image","schema":{"@context":"https:\/\/schema.org","@graph":[{"@type":"WebPage","@id":"https:\/\/www.cesenaticohotel.com\/de\/hotels\/hotel-colorado","url":"https:\/\/www.cesenaticohotel.com\/de\/hotels\/hotel-colorado","name":"Hotel Colorado**** in Cesenatico: Hotel f\u00fcr Paare und Familien","isPartOf":{"@id":"https:\/\/www.cesenaticohotel.com\/de#website"},"datePublished":"2023-06-15T10:56:38+00:00","dateModified":"2023-08-22T07:14:47+00:00","description":"Das Hotel Colorado in Cesenatico liegt direkt am Strand und verf\u00fcgt \u00fcber Zimmer mit Meerblicksbalkon. Garten, Pool, zwei Parkpl\u00e4tze und Restaurant.","breadcrumb":{"@id":"https:\/\/www.cesenaticohotel.com\/de\/hotels\/hotel-colorado#breadcrumb"},"inLanguage":"de","potentialAction":[{"@type":"ReadAction","target":["https:\/\/www.cesenaticohotel.com\/de\/hotels\/hotel-colorado"]}]},{"@type":"BreadcrumbList","@id":"https:\/\/www.cesenaticohotel.com\/de\/hotels\/hotel-colorado#breadcrumb","itemListElement":[{"@type":"ListItem","position":1,"name":"Home","item":"https:\/\/www.cesenaticohotel.com\/de\/homepage"},{"@type":"ListItem","position":2,"name":"Hotel","item":"https:\/\/www.cesenaticohotel.com\/de\/hotels"},{"@type":"ListItem","position":3,"name":"Hotel Colorado"}]},{"@type":"WebSite","@id":"https:\/\/www.cesenaticohotel.com\/de#website","url":"https:\/\/www.cesenaticohotel.com\/de","name":"Cesenatico Hotel","description":"","publisher":{"@id":"https:\/\/www.cesenaticohotel.com\/de#organization"},"potentialAction":[{"@type":"SearchAction","target":{"@type":"EntryPoint","urlTemplate":"https:\/\/www.cesenaticohotel.com\/de?s={search_term_string}"},"query-input":{"@type":"PropertyValueSpecification","valueRequired":true,"valueName":"search_term_string"}}],"inLanguage":"de"},{"@type":"Organization","@id":"https:\/\/www.cesenaticohotel.com\/de#organization","name":"Cesenatico Hotel","url":"https:\/\/www.cesenaticohotel.com\/de","logo":{"@type":"ImageObject","inLanguage":"de","@id":"https:\/\/www.cesenaticohotel.com\/de#\/schema\/logo\/image\/","url":"https:\/\/www.cesenaticohotel.com\/wp-content\/uploads\/2023\/05\/logo-organizzazione.jpg","contentUrl":"https:\/\/www.cesenaticohotel.com\/wp-content\/uploads\/2023\/05\/logo-organizzazione.jpg","width":696,"height":696,"caption":"Cesenatico Hotel"},"image":{"@id":"https:\/\/www.cesenaticohotel.com\/de#\/schema\/logo\/image\/"}}]}},"_links":{"self":[{"href":"https:\/\/www.cesenaticohotel.com\/de\/wp-json\/wp\/v2\/pages\/4380","targetHints":{"allow":["GET"]}}],"collection":[{"href":"https:\/\/www.cesenaticohotel.com\/de\/wp-json\/wp\/v2\/pages"}],"about":[{"href":"https:\/\/www.cesenaticohotel.com\/de\/wp-json\/wp\/v2\/types\/page"}],"author":[{"embeddable":true,"href":"https:\/\/www.cesenaticohotel.com\/de\/wp-json\/wp\/v2\/users\/1"}],"replies":[{"embeddable":true,"href":"https:\/\/www.cesenaticohotel.com\/de\/wp-json\/wp\/v2\/comments?post=4380"}],"version-history":[{"count":2,"href":"https:\/\/www.cesenaticohotel.com\/de\/wp-json\/wp\/v2\/pages\/4380\/revisions"}],"predecessor-version":[{"id":6035,"href":"https:\/\/www.cesenaticohotel.com\/de\/wp-json\/wp\/v2\/pages\/4380\/revisions\/6035"}],"up":[{"embeddable":true,"href":"https:\/\/www.cesenaticohotel.com\/de\/wp-json\/wp\/v2\/pages\/511"}],"wp:attachment":[{"href":"https:\/\/www.cesenaticohotel.com\/de\/wp-json\/wp\/v2\/media?parent=4380"}],"curies":[{"name":"wp","href":"https:\/\/api.w.org\/{rel}","templated":true}]}}