{"id":4384,"date":"2023-06-15T13:09:08","date_gmt":"2023-06-15T11:09:08","guid":{"rendered":"https:\/\/www.cesenaticohotel.com\/hotels\/hotel-cavour"},"modified":"2023-08-22T09:14:49","modified_gmt":"2023-08-22T07:14:49","slug":"hotel-cavour","status":"publish","type":"page","link":"https:\/\/www.cesenaticohotel.com\/de\/hotels\/hotel-cavour","title":{"rendered":"Hotel Cavour"},"content":{"rendered":"\n<p>Das <b>Hotel Cavour<\/b> befindet sich in einer ruhigen Gegend in <b>Valverde von Cesenatico,<\/b> von der aus du mit einem kurzen Spaziergang den <b>Strand <\/b>erreichen kannst. In unmittelbarer N\u00e4he befindet sich auch das <b>vereinbarte Schwimmbad<\/b>, das jederzeit<b> kostenfrei <\/b>f\u00fcr die G\u00e4ste des Hotels zug\u00e4nglich ist. Der Pool ist von einem Solarium mit Sonnenschirmen und Liegest\u00fchlen umgeben.<\/p>\n\n\n\n<!--more-->\n\n\n\n<p>Die <b>K\u00fcche<\/b> ist das Aush\u00e4ngeschild des Hotel Cavour. Neben der Suche nach den besten Zutaten, vorzugsweise aus der Region<b>, 0 km und saisonal<\/b>, bereitet Chef Nicola ausgezeichnete <b>hausgemachte Gerichte<\/b> zu, darunter Brot und frische Pasta. Starte den Tag mit einem reichhaltigen und vielf\u00e4ltigen Fr\u00fchst\u00fcck auf der Terrasse und w\u00e4hle aus einer Vielzahl von k\u00f6stlichen Angeboten: frisch gebackene Kuchen und Brot, Croissants, Marmeladen, Wurstwaren, K\u00e4se, Eier, Joghurt, Honig, M\u00fcsli, Fruchts\u00e4fte, verschiedene Teesorten, Cappuccino und Milch. <b>Mittag- und Abendessen<\/b> werden mit einer Auswahl von drei ersten und drei zweiten G\u00e4ngen serviert, begleitet von k\u00f6stlichen Vorspeisen vom Buffet, Beilagen, Desserts und Obst.<\/p>\n\n\n\n<p>Das Hotel stellt kostenlose <b>Fahrr\u00e4der<\/b> f\u00fcr die G\u00e4ste zur Verf\u00fcgung, verf\u00fcgt \u00fcber einen ausgestatteten <b>Au\u00dfenbereich<\/b>, eine <b>Bar<\/b> f\u00fcr Cocktails und Kaffee und einen eingez\u00e4unten <b>Parkplatz <\/b>in 100 Metern Entfernung.<\/p>\n","protected":false},"excerpt":{"rendered":"<p>Das Hotel Cavour befindet sich in einer ruhigen Gegend in Valverde von Cesenatico, von der aus du mit einem kurzen Spaziergang den Strand erreichen kannst. In unmittelbarer N\u00e4he befindet sich auch das vereinbarte Schwimmbad, das jederzeit kostenfrei f\u00fcr die G\u00e4ste des Hotels zug\u00e4nglich ist. Der Pool ist von einem Solarium mit Sonnenschirmen und Liegest\u00fchlen umgeben.<\/p>\n","protected":false},"author":1,"featured_media":0,"parent":511,"menu_order":0,"comment_status":"closed","ping_status":"closed","template":"page-templates\/scheda_hotel.php","meta":{"_acf_changed":false,"inline_featured_image":false,"footnotes":""},"class_list":["post-4384","page","type-page","status-publish","hentry"],"acf":[],"yoast_head":"<!-- This site is optimized with the Yoast SEO plugin v27.0 - https:\/\/yoast.com\/product\/yoast-seo-wordpress\/ -->\n<title>Hotel Cavour*** in Cesenatico: Hotel f\u00fcr Familien, Sportler und Paare<\/title>\n<meta name=\"description\" content=\"Das Hotel Cavour liegt in der N\u00e4he des vereinbarten Strandes, hat ein hauseigenes Restaurant, kostenfreien Zugang zum Pool und Zimmer mit Balkon. Parkplatz.\" \/>\n<meta name=\"robots\" content=\"index, follow, max-snippet:-1, max-image-preview:large, max-video-preview:-1\" \/>\n<link rel=\"canonical\" href=\"https:\/\/www.cesenaticohotel.com\/de\/hotels\/hotel-cavour\" \/>\n<meta property=\"og:locale\" content=\"de_DE\" \/>\n<meta property=\"og:type\" content=\"article\" \/>\n<meta property=\"og:title\" content=\"Hotel Cavour*** in Cesenatico: Hotel f\u00fcr Familien, Sportler und Paare\" \/>\n<meta property=\"og:description\" content=\"Das Hotel Cavour liegt in der N\u00e4he des vereinbarten Strandes, hat ein hauseigenes Restaurant, kostenfreien Zugang zum Pool und Zimmer mit Balkon. Parkplatz.\" \/>\n<meta property=\"og:url\" content=\"https:\/\/www.cesenaticohotel.com\/de\/hotels\/hotel-cavour\" \/>\n<meta property=\"og:site_name\" content=\"Cesenatico Hotel\" \/>\n<meta property=\"article:modified_time\" content=\"2023-08-22T07:14:49+00:00\" \/>\n<meta property=\"og:image\" content=\"https:\/\/www.cesenaticohotel.com\/wp-content\/uploads\/2023\/05\/immagine-sito.jpg\" \/>\n\t<meta property=\"og:image:width\" content=\"1200\" \/>\n\t<meta property=\"og:image:height\" content=\"675\" \/>\n\t<meta property=\"og:image:type\" content=\"image\/jpeg\" \/>\n<meta name=\"twitter:card\" content=\"summary_large_image\" \/>\n<meta name=\"twitter:label1\" content=\"Gesch\u00e4tzte Lesezeit\" \/>\n\t<meta name=\"twitter:data1\" content=\"1\u00a0Minute\" \/>\n<script type=\"application\/ld+json\" class=\"yoast-schema-graph\">{\"@context\":\"https:\/\/schema.org\",\"@graph\":[{\"@type\":\"WebPage\",\"@id\":\"https:\/\/www.cesenaticohotel.com\/de\/hotels\/hotel-cavour\",\"url\":\"https:\/\/www.cesenaticohotel.com\/de\/hotels\/hotel-cavour\",\"name\":\"Hotel Cavour*** in Cesenatico: Hotel f\u00fcr Familien, Sportler und Paare\",\"isPartOf\":{\"@id\":\"https:\/\/www.cesenaticohotel.com\/de#website\"},\"datePublished\":\"2023-06-15T11:09:08+00:00\",\"dateModified\":\"2023-08-22T07:14:49+00:00\",\"description\":\"Das Hotel Cavour liegt in der N\u00e4he des vereinbarten Strandes, hat ein hauseigenes Restaurant, kostenfreien Zugang zum Pool und Zimmer mit Balkon. Parkplatz.\",\"breadcrumb\":{\"@id\":\"https:\/\/www.cesenaticohotel.com\/de\/hotels\/hotel-cavour#breadcrumb\"},\"inLanguage\":\"de\",\"potentialAction\":[{\"@type\":\"ReadAction\",\"target\":[\"https:\/\/www.cesenaticohotel.com\/de\/hotels\/hotel-cavour\"]}]},{\"@type\":\"BreadcrumbList\",\"@id\":\"https:\/\/www.cesenaticohotel.com\/de\/hotels\/hotel-cavour#breadcrumb\",\"itemListElement\":[{\"@type\":\"ListItem\",\"position\":1,\"name\":\"Home\",\"item\":\"https:\/\/www.cesenaticohotel.com\/de\/homepage\"},{\"@type\":\"ListItem\",\"position\":2,\"name\":\"Hotel\",\"item\":\"https:\/\/www.cesenaticohotel.com\/de\/hotels\"},{\"@type\":\"ListItem\",\"position\":3,\"name\":\"Hotel Cavour\"}]},{\"@type\":\"WebSite\",\"@id\":\"https:\/\/www.cesenaticohotel.com\/de#website\",\"url\":\"https:\/\/www.cesenaticohotel.com\/de\",\"name\":\"Cesenatico Hotel\",\"description\":\"\",\"publisher\":{\"@id\":\"https:\/\/www.cesenaticohotel.com\/de#organization\"},\"potentialAction\":[{\"@type\":\"SearchAction\",\"target\":{\"@type\":\"EntryPoint\",\"urlTemplate\":\"https:\/\/www.cesenaticohotel.com\/de?s={search_term_string}\"},\"query-input\":{\"@type\":\"PropertyValueSpecification\",\"valueRequired\":true,\"valueName\":\"search_term_string\"}}],\"inLanguage\":\"de\"},{\"@type\":\"Organization\",\"@id\":\"https:\/\/www.cesenaticohotel.com\/de#organization\",\"name\":\"Cesenatico Hotel\",\"url\":\"https:\/\/www.cesenaticohotel.com\/de\",\"logo\":{\"@type\":\"ImageObject\",\"inLanguage\":\"de\",\"@id\":\"https:\/\/www.cesenaticohotel.com\/de#\/schema\/logo\/image\/\",\"url\":\"https:\/\/www.cesenaticohotel.com\/wp-content\/uploads\/2023\/05\/logo-organizzazione.jpg\",\"contentUrl\":\"https:\/\/www.cesenaticohotel.com\/wp-content\/uploads\/2023\/05\/logo-organizzazione.jpg\",\"width\":696,\"height\":696,\"caption\":\"Cesenatico Hotel\"},\"image\":{\"@id\":\"https:\/\/www.cesenaticohotel.com\/de#\/schema\/logo\/image\/\"}}]}<\/script>\n<!-- \/ Yoast SEO plugin. -->","yoast_head_json":{"title":"Hotel Cavour*** in Cesenatico: Hotel f\u00fcr Familien, Sportler und Paare","description":"Das Hotel Cavour liegt in der N\u00e4he des vereinbarten Strandes, hat ein hauseigenes Restaurant, kostenfreien Zugang zum Pool und Zimmer mit Balkon. Parkplatz.","robots":{"index":"index","follow":"follow","max-snippet":"max-snippet:-1","max-image-preview":"max-image-preview:large","max-video-preview":"max-video-preview:-1"},"canonical":"https:\/\/www.cesenaticohotel.com\/de\/hotels\/hotel-cavour","og_locale":"de_DE","og_type":"article","og_title":"Hotel Cavour*** in Cesenatico: Hotel f\u00fcr Familien, Sportler und Paare","og_description":"Das Hotel Cavour liegt in der N\u00e4he des vereinbarten Strandes, hat ein hauseigenes Restaurant, kostenfreien Zugang zum Pool und Zimmer mit Balkon. Parkplatz.","og_url":"https:\/\/www.cesenaticohotel.com\/de\/hotels\/hotel-cavour","og_site_name":"Cesenatico Hotel","article_modified_time":"2023-08-22T07:14:49+00:00","og_image":[{"width":1200,"height":675,"url":"https:\/\/www.cesenaticohotel.com\/wp-content\/uploads\/2023\/05\/immagine-sito.jpg","type":"image\/jpeg"}],"twitter_card":"summary_large_image","twitter_misc":{"Gesch\u00e4tzte Lesezeit":"1\u00a0Minute"},"schema":{"@context":"https:\/\/schema.org","@graph":[{"@type":"WebPage","@id":"https:\/\/www.cesenaticohotel.com\/de\/hotels\/hotel-cavour","url":"https:\/\/www.cesenaticohotel.com\/de\/hotels\/hotel-cavour","name":"Hotel Cavour*** in Cesenatico: Hotel f\u00fcr Familien, Sportler und Paare","isPartOf":{"@id":"https:\/\/www.cesenaticohotel.com\/de#website"},"datePublished":"2023-06-15T11:09:08+00:00","dateModified":"2023-08-22T07:14:49+00:00","description":"Das Hotel Cavour liegt in der N\u00e4he des vereinbarten Strandes, hat ein hauseigenes Restaurant, kostenfreien Zugang zum Pool und Zimmer mit Balkon. Parkplatz.","breadcrumb":{"@id":"https:\/\/www.cesenaticohotel.com\/de\/hotels\/hotel-cavour#breadcrumb"},"inLanguage":"de","potentialAction":[{"@type":"ReadAction","target":["https:\/\/www.cesenaticohotel.com\/de\/hotels\/hotel-cavour"]}]},{"@type":"BreadcrumbList","@id":"https:\/\/www.cesenaticohotel.com\/de\/hotels\/hotel-cavour#breadcrumb","itemListElement":[{"@type":"ListItem","position":1,"name":"Home","item":"https:\/\/www.cesenaticohotel.com\/de\/homepage"},{"@type":"ListItem","position":2,"name":"Hotel","item":"https:\/\/www.cesenaticohotel.com\/de\/hotels"},{"@type":"ListItem","position":3,"name":"Hotel Cavour"}]},{"@type":"WebSite","@id":"https:\/\/www.cesenaticohotel.com\/de#website","url":"https:\/\/www.cesenaticohotel.com\/de","name":"Cesenatico Hotel","description":"","publisher":{"@id":"https:\/\/www.cesenaticohotel.com\/de#organization"},"potentialAction":[{"@type":"SearchAction","target":{"@type":"EntryPoint","urlTemplate":"https:\/\/www.cesenaticohotel.com\/de?s={search_term_string}"},"query-input":{"@type":"PropertyValueSpecification","valueRequired":true,"valueName":"search_term_string"}}],"inLanguage":"de"},{"@type":"Organization","@id":"https:\/\/www.cesenaticohotel.com\/de#organization","name":"Cesenatico Hotel","url":"https:\/\/www.cesenaticohotel.com\/de","logo":{"@type":"ImageObject","inLanguage":"de","@id":"https:\/\/www.cesenaticohotel.com\/de#\/schema\/logo\/image\/","url":"https:\/\/www.cesenaticohotel.com\/wp-content\/uploads\/2023\/05\/logo-organizzazione.jpg","contentUrl":"https:\/\/www.cesenaticohotel.com\/wp-content\/uploads\/2023\/05\/logo-organizzazione.jpg","width":696,"height":696,"caption":"Cesenatico Hotel"},"image":{"@id":"https:\/\/www.cesenaticohotel.com\/de#\/schema\/logo\/image\/"}}]}},"_links":{"self":[{"href":"https:\/\/www.cesenaticohotel.com\/de\/wp-json\/wp\/v2\/pages\/4384","targetHints":{"allow":["GET"]}}],"collection":[{"href":"https:\/\/www.cesenaticohotel.com\/de\/wp-json\/wp\/v2\/pages"}],"about":[{"href":"https:\/\/www.cesenaticohotel.com\/de\/wp-json\/wp\/v2\/types\/page"}],"author":[{"embeddable":true,"href":"https:\/\/www.cesenaticohotel.com\/de\/wp-json\/wp\/v2\/users\/1"}],"replies":[{"embeddable":true,"href":"https:\/\/www.cesenaticohotel.com\/de\/wp-json\/wp\/v2\/comments?post=4384"}],"version-history":[{"count":2,"href":"https:\/\/www.cesenaticohotel.com\/de\/wp-json\/wp\/v2\/pages\/4384\/revisions"}],"predecessor-version":[{"id":6036,"href":"https:\/\/www.cesenaticohotel.com\/de\/wp-json\/wp\/v2\/pages\/4384\/revisions\/6036"}],"up":[{"embeddable":true,"href":"https:\/\/www.cesenaticohotel.com\/de\/wp-json\/wp\/v2\/pages\/511"}],"wp:attachment":[{"href":"https:\/\/www.cesenaticohotel.com\/de\/wp-json\/wp\/v2\/media?parent=4384"}],"curies":[{"name":"wp","href":"https:\/\/api.w.org\/{rel}","templated":true}]}}