{"id":4388,"date":"2023-06-15T13:17:27","date_gmt":"2023-06-15T11:17:27","guid":{"rendered":"https:\/\/www.cesenaticohotel.com\/hotels\/elisabetta-hotel"},"modified":"2023-08-22T09:14:50","modified_gmt":"2023-08-22T07:14:50","slug":"elisabetta-hotel","status":"publish","type":"page","link":"https:\/\/www.cesenaticohotel.com\/de\/hotels\/elisabetta-hotel","title":{"rendered":"Elisabetta Hotel"},"content":{"rendered":"\n<p>Das <b>Elisabetta Hotel in Cesenatico<\/b> ist von einem <b>gro\u00dfen Au\u00dfenbereich umgeben<\/b>, der mit Tischen, St\u00fchlen, Sonnenschirmen und Liegest\u00fchlen ausgestattet ist, in dem sich auch ein sonniger<b> Pool<\/b> und ein <b>Whirlpool <\/b>befinden. Der vereinbarte <b>Strand <\/b>ist nur 200 m entfernt und kann bequem zu Fu\u00df oder mit den kostenlosen <b>Fahrr\u00e4dern<\/b> erreicht werden.<\/p>\n\n\n\n<!--more-->\n\n\n\n<p>Neben dem Hotelaufenthalt k\u00f6nnen Sie zwischen zwei weiteren Optionen w\u00e4hlen: \u00dcbernachtung mit Fr\u00fchst\u00fcck im <b>Elisabetta Frontemare<\/b> oder nur \u00dcbernachtung in den modernen Apartments des <b>Elisabetta Residence.<\/b> Die Nutzung des Pools, des Parkplatzes und des Fitnessraums ist jedoch inbegriffen. Wenn Sie <b>aktive Ferien<\/b> m\u00f6gen, k\u00f6nnen Sie professionelle Fahrr\u00e4der mieten und von den flexiblen Essenszeiten profitieren. Au\u00dferdem stehen Ihnen eine Fahrradgarage mit kleiner Werkstatt und eine Waschk\u00fcche f\u00fcr technische Kleidung zur Verf\u00fcgung.<\/p>\n\n\n\n<p>Im Elisabetta Hotel erwartet Sie eine hervorragende <b>traditionelle K\u00fcche<\/b> mit hochwertigen regionalen Zutaten. Das Fr\u00fchst\u00fcck wird in Buffetform serviert, w\u00e4hrend Mittag- und Abendessen \u00e0-la-carte sind und t\u00e4glich hausgemachte frische Pasta, Fisch und Fleisch sowie Desserts und Obst bieten. Auf Anfrage sind auch Kindermen\u00fcs erh\u00e4ltlich.<\/p>\n","protected":false},"excerpt":{"rendered":"<p>Das Elisabetta Hotel in Cesenatico ist von einem gro\u00dfen Au\u00dfenbereich umgeben, der mit Tischen, St\u00fchlen, Sonnenschirmen und Liegest\u00fchlen ausgestattet ist, in dem sich auch ein sonniger Pool und ein Whirlpool befinden. Der vereinbarte Strand ist nur 200 m entfernt und kann bequem zu Fu\u00df oder mit den kostenlosen Fahrr\u00e4dern erreicht werden.<\/p>\n","protected":false},"author":1,"featured_media":0,"parent":511,"menu_order":0,"comment_status":"closed","ping_status":"closed","template":"page-templates\/scheda_hotel.php","meta":{"_acf_changed":false,"inline_featured_image":false,"footnotes":""},"class_list":["post-4388","page","type-page","status-publish","hentry"],"acf":[],"yoast_head":"<!-- This site is optimized with the Yoast SEO plugin v27.0 - https:\/\/yoast.com\/product\/yoast-seo-wordpress\/ -->\n<title>Elisabetta Hotel - Cesenatico Hotel<\/title>\n<meta name=\"robots\" content=\"index, follow, max-snippet:-1, max-image-preview:large, max-video-preview:-1\" \/>\n<link rel=\"canonical\" href=\"https:\/\/www.cesenaticohotel.com\/de\/hotels\/elisabetta-hotel\" \/>\n<meta property=\"og:locale\" content=\"de_DE\" \/>\n<meta property=\"og:type\" content=\"article\" \/>\n<meta property=\"og:title\" content=\"Elisabetta Hotel - Cesenatico Hotel\" \/>\n<meta property=\"og:description\" content=\"Das Elisabetta Hotel in Cesenatico ist von einem gro\u00dfen Au\u00dfenbereich umgeben, der mit Tischen, St\u00fchlen, Sonnenschirmen und Liegest\u00fchlen ausgestattet ist, in dem sich auch ein sonniger Pool und ein Whirlpool befinden. Der vereinbarte Strand ist nur 200 m entfernt und kann bequem zu Fu\u00df oder mit den kostenlosen Fahrr\u00e4dern erreicht werden.\" \/>\n<meta property=\"og:url\" content=\"https:\/\/www.cesenaticohotel.com\/de\/hotels\/elisabetta-hotel\" \/>\n<meta property=\"og:site_name\" content=\"Cesenatico Hotel\" \/>\n<meta property=\"article:modified_time\" content=\"2023-08-22T07:14:50+00:00\" \/>\n<meta property=\"og:image\" content=\"https:\/\/www.cesenaticohotel.com\/wp-content\/uploads\/2023\/05\/immagine-sito.jpg\" \/>\n\t<meta property=\"og:image:width\" content=\"1200\" \/>\n\t<meta property=\"og:image:height\" content=\"675\" \/>\n\t<meta property=\"og:image:type\" content=\"image\/jpeg\" \/>\n<meta name=\"twitter:card\" content=\"summary_large_image\" \/>\n<meta name=\"twitter:label1\" content=\"Gesch\u00e4tzte Lesezeit\" \/>\n\t<meta name=\"twitter:data1\" content=\"1\u00a0Minute\" \/>\n<script type=\"application\/ld+json\" class=\"yoast-schema-graph\">{\"@context\":\"https:\/\/schema.org\",\"@graph\":[{\"@type\":\"WebPage\",\"@id\":\"https:\/\/www.cesenaticohotel.com\/de\/hotels\/elisabetta-hotel\",\"url\":\"https:\/\/www.cesenaticohotel.com\/de\/hotels\/elisabetta-hotel\",\"name\":\"Elisabetta Hotel - Cesenatico Hotel\",\"isPartOf\":{\"@id\":\"https:\/\/www.cesenaticohotel.com\/de#website\"},\"datePublished\":\"2023-06-15T11:17:27+00:00\",\"dateModified\":\"2023-08-22T07:14:50+00:00\",\"breadcrumb\":{\"@id\":\"https:\/\/www.cesenaticohotel.com\/de\/hotels\/elisabetta-hotel#breadcrumb\"},\"inLanguage\":\"de\",\"potentialAction\":[{\"@type\":\"ReadAction\",\"target\":[\"https:\/\/www.cesenaticohotel.com\/de\/hotels\/elisabetta-hotel\"]}]},{\"@type\":\"BreadcrumbList\",\"@id\":\"https:\/\/www.cesenaticohotel.com\/de\/hotels\/elisabetta-hotel#breadcrumb\",\"itemListElement\":[{\"@type\":\"ListItem\",\"position\":1,\"name\":\"Home\",\"item\":\"https:\/\/www.cesenaticohotel.com\/de\/homepage\"},{\"@type\":\"ListItem\",\"position\":2,\"name\":\"Hotel\",\"item\":\"https:\/\/www.cesenaticohotel.com\/de\/hotels\"},{\"@type\":\"ListItem\",\"position\":3,\"name\":\"Elisabetta Hotel\"}]},{\"@type\":\"WebSite\",\"@id\":\"https:\/\/www.cesenaticohotel.com\/de#website\",\"url\":\"https:\/\/www.cesenaticohotel.com\/de\",\"name\":\"Cesenatico Hotel\",\"description\":\"\",\"publisher\":{\"@id\":\"https:\/\/www.cesenaticohotel.com\/de#organization\"},\"potentialAction\":[{\"@type\":\"SearchAction\",\"target\":{\"@type\":\"EntryPoint\",\"urlTemplate\":\"https:\/\/www.cesenaticohotel.com\/de?s={search_term_string}\"},\"query-input\":{\"@type\":\"PropertyValueSpecification\",\"valueRequired\":true,\"valueName\":\"search_term_string\"}}],\"inLanguage\":\"de\"},{\"@type\":\"Organization\",\"@id\":\"https:\/\/www.cesenaticohotel.com\/de#organization\",\"name\":\"Cesenatico Hotel\",\"url\":\"https:\/\/www.cesenaticohotel.com\/de\",\"logo\":{\"@type\":\"ImageObject\",\"inLanguage\":\"de\",\"@id\":\"https:\/\/www.cesenaticohotel.com\/de#\/schema\/logo\/image\/\",\"url\":\"https:\/\/www.cesenaticohotel.com\/wp-content\/uploads\/2023\/05\/logo-organizzazione.jpg\",\"contentUrl\":\"https:\/\/www.cesenaticohotel.com\/wp-content\/uploads\/2023\/05\/logo-organizzazione.jpg\",\"width\":696,\"height\":696,\"caption\":\"Cesenatico Hotel\"},\"image\":{\"@id\":\"https:\/\/www.cesenaticohotel.com\/de#\/schema\/logo\/image\/\"}}]}<\/script>\n<!-- \/ Yoast SEO plugin. -->","yoast_head_json":{"title":"Elisabetta Hotel - Cesenatico Hotel","robots":{"index":"index","follow":"follow","max-snippet":"max-snippet:-1","max-image-preview":"max-image-preview:large","max-video-preview":"max-video-preview:-1"},"canonical":"https:\/\/www.cesenaticohotel.com\/de\/hotels\/elisabetta-hotel","og_locale":"de_DE","og_type":"article","og_title":"Elisabetta Hotel - Cesenatico Hotel","og_description":"Das Elisabetta Hotel in Cesenatico ist von einem gro\u00dfen Au\u00dfenbereich umgeben, der mit Tischen, St\u00fchlen, Sonnenschirmen und Liegest\u00fchlen ausgestattet ist, in dem sich auch ein sonniger Pool und ein Whirlpool befinden. Der vereinbarte Strand ist nur 200 m entfernt und kann bequem zu Fu\u00df oder mit den kostenlosen Fahrr\u00e4dern erreicht werden.","og_url":"https:\/\/www.cesenaticohotel.com\/de\/hotels\/elisabetta-hotel","og_site_name":"Cesenatico Hotel","article_modified_time":"2023-08-22T07:14:50+00:00","og_image":[{"width":1200,"height":675,"url":"https:\/\/www.cesenaticohotel.com\/wp-content\/uploads\/2023\/05\/immagine-sito.jpg","type":"image\/jpeg"}],"twitter_card":"summary_large_image","twitter_misc":{"Gesch\u00e4tzte Lesezeit":"1\u00a0Minute"},"schema":{"@context":"https:\/\/schema.org","@graph":[{"@type":"WebPage","@id":"https:\/\/www.cesenaticohotel.com\/de\/hotels\/elisabetta-hotel","url":"https:\/\/www.cesenaticohotel.com\/de\/hotels\/elisabetta-hotel","name":"Elisabetta Hotel - Cesenatico Hotel","isPartOf":{"@id":"https:\/\/www.cesenaticohotel.com\/de#website"},"datePublished":"2023-06-15T11:17:27+00:00","dateModified":"2023-08-22T07:14:50+00:00","breadcrumb":{"@id":"https:\/\/www.cesenaticohotel.com\/de\/hotels\/elisabetta-hotel#breadcrumb"},"inLanguage":"de","potentialAction":[{"@type":"ReadAction","target":["https:\/\/www.cesenaticohotel.com\/de\/hotels\/elisabetta-hotel"]}]},{"@type":"BreadcrumbList","@id":"https:\/\/www.cesenaticohotel.com\/de\/hotels\/elisabetta-hotel#breadcrumb","itemListElement":[{"@type":"ListItem","position":1,"name":"Home","item":"https:\/\/www.cesenaticohotel.com\/de\/homepage"},{"@type":"ListItem","position":2,"name":"Hotel","item":"https:\/\/www.cesenaticohotel.com\/de\/hotels"},{"@type":"ListItem","position":3,"name":"Elisabetta Hotel"}]},{"@type":"WebSite","@id":"https:\/\/www.cesenaticohotel.com\/de#website","url":"https:\/\/www.cesenaticohotel.com\/de","name":"Cesenatico Hotel","description":"","publisher":{"@id":"https:\/\/www.cesenaticohotel.com\/de#organization"},"potentialAction":[{"@type":"SearchAction","target":{"@type":"EntryPoint","urlTemplate":"https:\/\/www.cesenaticohotel.com\/de?s={search_term_string}"},"query-input":{"@type":"PropertyValueSpecification","valueRequired":true,"valueName":"search_term_string"}}],"inLanguage":"de"},{"@type":"Organization","@id":"https:\/\/www.cesenaticohotel.com\/de#organization","name":"Cesenatico Hotel","url":"https:\/\/www.cesenaticohotel.com\/de","logo":{"@type":"ImageObject","inLanguage":"de","@id":"https:\/\/www.cesenaticohotel.com\/de#\/schema\/logo\/image\/","url":"https:\/\/www.cesenaticohotel.com\/wp-content\/uploads\/2023\/05\/logo-organizzazione.jpg","contentUrl":"https:\/\/www.cesenaticohotel.com\/wp-content\/uploads\/2023\/05\/logo-organizzazione.jpg","width":696,"height":696,"caption":"Cesenatico Hotel"},"image":{"@id":"https:\/\/www.cesenaticohotel.com\/de#\/schema\/logo\/image\/"}}]}},"_links":{"self":[{"href":"https:\/\/www.cesenaticohotel.com\/de\/wp-json\/wp\/v2\/pages\/4388","targetHints":{"allow":["GET"]}}],"collection":[{"href":"https:\/\/www.cesenaticohotel.com\/de\/wp-json\/wp\/v2\/pages"}],"about":[{"href":"https:\/\/www.cesenaticohotel.com\/de\/wp-json\/wp\/v2\/types\/page"}],"author":[{"embeddable":true,"href":"https:\/\/www.cesenaticohotel.com\/de\/wp-json\/wp\/v2\/users\/1"}],"replies":[{"embeddable":true,"href":"https:\/\/www.cesenaticohotel.com\/de\/wp-json\/wp\/v2\/comments?post=4388"}],"version-history":[{"count":2,"href":"https:\/\/www.cesenaticohotel.com\/de\/wp-json\/wp\/v2\/pages\/4388\/revisions"}],"predecessor-version":[{"id":6037,"href":"https:\/\/www.cesenaticohotel.com\/de\/wp-json\/wp\/v2\/pages\/4388\/revisions\/6037"}],"up":[{"embeddable":true,"href":"https:\/\/www.cesenaticohotel.com\/de\/wp-json\/wp\/v2\/pages\/511"}],"wp:attachment":[{"href":"https:\/\/www.cesenaticohotel.com\/de\/wp-json\/wp\/v2\/media?parent=4388"}],"curies":[{"name":"wp","href":"https:\/\/api.w.org\/{rel}","templated":true}]}}