{"id":444,"date":"2023-04-19T16:53:37","date_gmt":"2023-04-19T14:53:37","guid":{"rendered":"https:\/\/www.cesenaticohotel.com\/hotel\/hotel-verona"},"modified":"2023-08-22T09:13:09","modified_gmt":"2023-08-22T07:13:09","slug":"hotel-verona","status":"publish","type":"page","link":"https:\/\/www.cesenaticohotel.com\/de\/hotels\/hotel-verona","title":{"rendered":"Hotel Verona"},"content":{"rendered":"\n<p>Das <b>Hotel Verona<\/b> befindet sich im <b>Zentrum von Valverde, Cesenatico<\/b>, einer ruhigen und gr\u00fcnen Gegend, nur <b>60 Meter vom Meer<\/b> und dem Strand entfernt. Das Hotel ist von einem <b>gro\u00dfen und \u00fcppigen Garten<\/b> umgeben, in dem Sie sich im absoluten Entspannung entspannen k\u00f6nnen, vielleicht im h\u00fcbschen erh\u00f6hten Pool, umgeben von Sonnenschirmen und Liegest\u00fchlen, im 6 Personen <b>Whirlpool<\/b> oder bei einem guten Cocktail im Schatten.<\/p>\n\n\n\n<!--more-->\n\n\n\n<p>Im Garten gibt es auch einen sicheren und eingez\u00e4unten <b>Spielbereich<\/b>, und im Hotel finden Sie ein kleines <b>Fitnessstudio<\/b> mit Technogym-Ger\u00e4ten. Sie k\u00f6nnen Ihr Auto auf dem kostenlosen <b>Parkplatz<\/b> abstellen und sich bequem zu Fu\u00df oder mit den zur Verf\u00fcgung stehenden <b>Fahrr\u00e4dern<\/b> bewegen.<\/p>\n\n\n\n<p>Am Tisch gibt es immer eine<b> breite Auswahl an Men\u00fcs<\/b> mit frisch zubereiteten Fleisch- und Fischgerichten, die t\u00e4glich serviert werden, sowie eine Vielzahl von Gem\u00fcse, k\u00f6stliche Vorspeisenbuffets und unverzichtbare Desserts. Zum <b>Fr\u00fchst\u00fcck<\/b> k\u00f6nnen Sie zwischen zahlreichen s\u00fc\u00dfen und herzhaften Angeboten des <b>gro\u00dfen amerikanischen Buffets <\/b>w\u00e4hlen.<\/p>\n","protected":false},"excerpt":{"rendered":"<p>Das Hotel Verona befindet sich im Zentrum von Valverde, Cesenatico, einer ruhigen und gr\u00fcnen Gegend, nur 60 Meter vom Meer und dem Strand entfernt. Das Hotel ist von einem gro\u00dfen und \u00fcppigen Garten umgeben, in dem Sie sich im absoluten Entspannung entspannen k\u00f6nnen, vielleicht im h\u00fcbschen erh\u00f6hten Pool, umgeben von Sonnenschirmen und Liegest\u00fchlen, im 6 &hellip;<\/p>\n","protected":false},"author":1,"featured_media":0,"parent":511,"menu_order":0,"comment_status":"closed","ping_status":"closed","template":"page-templates\/scheda_hotel.php","meta":{"_acf_changed":false,"inline_featured_image":false,"footnotes":""},"class_list":["post-444","page","type-page","status-publish","hentry"],"acf":[],"yoast_head":"<!-- This site is optimized with the Yoast SEO plugin v27.0 - https:\/\/yoast.com\/product\/yoast-seo-wordpress\/ -->\n<title>Hotel Verona*** in Cesenatico: Hotel f\u00fcr Paare und Familien<\/title>\n<meta name=\"description\" content=\"Das Hotel Verona liegt nur 60 Meter vom vereinbarten Strand entfernt. Gro\u00dfer Garten und erh\u00f6hter Pool, Whirlpool und Parkplatz.\" \/>\n<meta name=\"robots\" content=\"index, follow, max-snippet:-1, max-image-preview:large, max-video-preview:-1\" \/>\n<link rel=\"canonical\" href=\"https:\/\/www.cesenaticohotel.com\/de\/hotels\/hotel-verona\" \/>\n<meta property=\"og:locale\" content=\"de_DE\" \/>\n<meta property=\"og:type\" content=\"article\" \/>\n<meta property=\"og:title\" content=\"Hotel Verona*** in Cesenatico: Hotel f\u00fcr Paare und Familien\" \/>\n<meta property=\"og:description\" content=\"Das Hotel Verona liegt nur 60 Meter vom vereinbarten Strand entfernt. Gro\u00dfer Garten und erh\u00f6hter Pool, Whirlpool und Parkplatz.\" \/>\n<meta property=\"og:url\" content=\"https:\/\/www.cesenaticohotel.com\/de\/hotels\/hotel-verona\" \/>\n<meta property=\"og:site_name\" content=\"Cesenatico Hotel\" \/>\n<meta property=\"article:modified_time\" content=\"2023-08-22T07:13:09+00:00\" \/>\n<meta property=\"og:image\" content=\"https:\/\/www.cesenaticohotel.com\/wp-content\/uploads\/2023\/05\/immagine-sito.jpg\" \/>\n\t<meta property=\"og:image:width\" content=\"1200\" \/>\n\t<meta property=\"og:image:height\" content=\"675\" \/>\n\t<meta property=\"og:image:type\" content=\"image\/jpeg\" \/>\n<meta name=\"twitter:card\" content=\"summary_large_image\" \/>\n<meta name=\"twitter:label1\" content=\"Gesch\u00e4tzte Lesezeit\" \/>\n\t<meta name=\"twitter:data1\" content=\"1\u00a0Minute\" \/>\n<script type=\"application\/ld+json\" class=\"yoast-schema-graph\">{\"@context\":\"https:\/\/schema.org\",\"@graph\":[{\"@type\":\"WebPage\",\"@id\":\"https:\/\/www.cesenaticohotel.com\/de\/hotels\/hotel-verona\",\"url\":\"https:\/\/www.cesenaticohotel.com\/de\/hotels\/hotel-verona\",\"name\":\"Hotel Verona*** in Cesenatico: Hotel f\u00fcr Paare und Familien\",\"isPartOf\":{\"@id\":\"https:\/\/www.cesenaticohotel.com\/de#website\"},\"datePublished\":\"2023-04-19T14:53:37+00:00\",\"dateModified\":\"2023-08-22T07:13:09+00:00\",\"description\":\"Das Hotel Verona liegt nur 60 Meter vom vereinbarten Strand entfernt. Gro\u00dfer Garten und erh\u00f6hter Pool, Whirlpool und Parkplatz.\",\"breadcrumb\":{\"@id\":\"https:\/\/www.cesenaticohotel.com\/de\/hotels\/hotel-verona#breadcrumb\"},\"inLanguage\":\"de\",\"potentialAction\":[{\"@type\":\"ReadAction\",\"target\":[\"https:\/\/www.cesenaticohotel.com\/de\/hotels\/hotel-verona\"]}]},{\"@type\":\"BreadcrumbList\",\"@id\":\"https:\/\/www.cesenaticohotel.com\/de\/hotels\/hotel-verona#breadcrumb\",\"itemListElement\":[{\"@type\":\"ListItem\",\"position\":1,\"name\":\"Home\",\"item\":\"https:\/\/www.cesenaticohotel.com\/de\/homepage\"},{\"@type\":\"ListItem\",\"position\":2,\"name\":\"Hotel\",\"item\":\"https:\/\/www.cesenaticohotel.com\/de\/hotels\"},{\"@type\":\"ListItem\",\"position\":3,\"name\":\"Hotel Verona\"}]},{\"@type\":\"WebSite\",\"@id\":\"https:\/\/www.cesenaticohotel.com\/de#website\",\"url\":\"https:\/\/www.cesenaticohotel.com\/de\",\"name\":\"Cesenatico Hotel\",\"description\":\"\",\"publisher\":{\"@id\":\"https:\/\/www.cesenaticohotel.com\/de#organization\"},\"potentialAction\":[{\"@type\":\"SearchAction\",\"target\":{\"@type\":\"EntryPoint\",\"urlTemplate\":\"https:\/\/www.cesenaticohotel.com\/de?s={search_term_string}\"},\"query-input\":{\"@type\":\"PropertyValueSpecification\",\"valueRequired\":true,\"valueName\":\"search_term_string\"}}],\"inLanguage\":\"de\"},{\"@type\":\"Organization\",\"@id\":\"https:\/\/www.cesenaticohotel.com\/de#organization\",\"name\":\"Cesenatico Hotel\",\"url\":\"https:\/\/www.cesenaticohotel.com\/de\",\"logo\":{\"@type\":\"ImageObject\",\"inLanguage\":\"de\",\"@id\":\"https:\/\/www.cesenaticohotel.com\/de#\/schema\/logo\/image\/\",\"url\":\"https:\/\/www.cesenaticohotel.com\/wp-content\/uploads\/2023\/05\/logo-organizzazione.jpg\",\"contentUrl\":\"https:\/\/www.cesenaticohotel.com\/wp-content\/uploads\/2023\/05\/logo-organizzazione.jpg\",\"width\":696,\"height\":696,\"caption\":\"Cesenatico Hotel\"},\"image\":{\"@id\":\"https:\/\/www.cesenaticohotel.com\/de#\/schema\/logo\/image\/\"}}]}<\/script>\n<!-- \/ Yoast SEO plugin. -->","yoast_head_json":{"title":"Hotel Verona*** in Cesenatico: Hotel f\u00fcr Paare und Familien","description":"Das Hotel Verona liegt nur 60 Meter vom vereinbarten Strand entfernt. Gro\u00dfer Garten und erh\u00f6hter Pool, Whirlpool und Parkplatz.","robots":{"index":"index","follow":"follow","max-snippet":"max-snippet:-1","max-image-preview":"max-image-preview:large","max-video-preview":"max-video-preview:-1"},"canonical":"https:\/\/www.cesenaticohotel.com\/de\/hotels\/hotel-verona","og_locale":"de_DE","og_type":"article","og_title":"Hotel Verona*** in Cesenatico: Hotel f\u00fcr Paare und Familien","og_description":"Das Hotel Verona liegt nur 60 Meter vom vereinbarten Strand entfernt. Gro\u00dfer Garten und erh\u00f6hter Pool, Whirlpool und Parkplatz.","og_url":"https:\/\/www.cesenaticohotel.com\/de\/hotels\/hotel-verona","og_site_name":"Cesenatico Hotel","article_modified_time":"2023-08-22T07:13:09+00:00","og_image":[{"width":1200,"height":675,"url":"https:\/\/www.cesenaticohotel.com\/wp-content\/uploads\/2023\/05\/immagine-sito.jpg","type":"image\/jpeg"}],"twitter_card":"summary_large_image","twitter_misc":{"Gesch\u00e4tzte Lesezeit":"1\u00a0Minute"},"schema":{"@context":"https:\/\/schema.org","@graph":[{"@type":"WebPage","@id":"https:\/\/www.cesenaticohotel.com\/de\/hotels\/hotel-verona","url":"https:\/\/www.cesenaticohotel.com\/de\/hotels\/hotel-verona","name":"Hotel Verona*** in Cesenatico: Hotel f\u00fcr Paare und Familien","isPartOf":{"@id":"https:\/\/www.cesenaticohotel.com\/de#website"},"datePublished":"2023-04-19T14:53:37+00:00","dateModified":"2023-08-22T07:13:09+00:00","description":"Das Hotel Verona liegt nur 60 Meter vom vereinbarten Strand entfernt. Gro\u00dfer Garten und erh\u00f6hter Pool, Whirlpool und Parkplatz.","breadcrumb":{"@id":"https:\/\/www.cesenaticohotel.com\/de\/hotels\/hotel-verona#breadcrumb"},"inLanguage":"de","potentialAction":[{"@type":"ReadAction","target":["https:\/\/www.cesenaticohotel.com\/de\/hotels\/hotel-verona"]}]},{"@type":"BreadcrumbList","@id":"https:\/\/www.cesenaticohotel.com\/de\/hotels\/hotel-verona#breadcrumb","itemListElement":[{"@type":"ListItem","position":1,"name":"Home","item":"https:\/\/www.cesenaticohotel.com\/de\/homepage"},{"@type":"ListItem","position":2,"name":"Hotel","item":"https:\/\/www.cesenaticohotel.com\/de\/hotels"},{"@type":"ListItem","position":3,"name":"Hotel Verona"}]},{"@type":"WebSite","@id":"https:\/\/www.cesenaticohotel.com\/de#website","url":"https:\/\/www.cesenaticohotel.com\/de","name":"Cesenatico Hotel","description":"","publisher":{"@id":"https:\/\/www.cesenaticohotel.com\/de#organization"},"potentialAction":[{"@type":"SearchAction","target":{"@type":"EntryPoint","urlTemplate":"https:\/\/www.cesenaticohotel.com\/de?s={search_term_string}"},"query-input":{"@type":"PropertyValueSpecification","valueRequired":true,"valueName":"search_term_string"}}],"inLanguage":"de"},{"@type":"Organization","@id":"https:\/\/www.cesenaticohotel.com\/de#organization","name":"Cesenatico Hotel","url":"https:\/\/www.cesenaticohotel.com\/de","logo":{"@type":"ImageObject","inLanguage":"de","@id":"https:\/\/www.cesenaticohotel.com\/de#\/schema\/logo\/image\/","url":"https:\/\/www.cesenaticohotel.com\/wp-content\/uploads\/2023\/05\/logo-organizzazione.jpg","contentUrl":"https:\/\/www.cesenaticohotel.com\/wp-content\/uploads\/2023\/05\/logo-organizzazione.jpg","width":696,"height":696,"caption":"Cesenatico Hotel"},"image":{"@id":"https:\/\/www.cesenaticohotel.com\/de#\/schema\/logo\/image\/"}}]}},"_links":{"self":[{"href":"https:\/\/www.cesenaticohotel.com\/de\/wp-json\/wp\/v2\/pages\/444","targetHints":{"allow":["GET"]}}],"collection":[{"href":"https:\/\/www.cesenaticohotel.com\/de\/wp-json\/wp\/v2\/pages"}],"about":[{"href":"https:\/\/www.cesenaticohotel.com\/de\/wp-json\/wp\/v2\/types\/page"}],"author":[{"embeddable":true,"href":"https:\/\/www.cesenaticohotel.com\/de\/wp-json\/wp\/v2\/users\/1"}],"replies":[{"embeddable":true,"href":"https:\/\/www.cesenaticohotel.com\/de\/wp-json\/wp\/v2\/comments?post=444"}],"version-history":[{"count":2,"href":"https:\/\/www.cesenaticohotel.com\/de\/wp-json\/wp\/v2\/pages\/444\/revisions"}],"predecessor-version":[{"id":5887,"href":"https:\/\/www.cesenaticohotel.com\/de\/wp-json\/wp\/v2\/pages\/444\/revisions\/5887"}],"up":[{"embeddable":true,"href":"https:\/\/www.cesenaticohotel.com\/de\/wp-json\/wp\/v2\/pages\/511"}],"wp:attachment":[{"href":"https:\/\/www.cesenaticohotel.com\/de\/wp-json\/wp\/v2\/media?parent=444"}],"curies":[{"name":"wp","href":"https:\/\/api.w.org\/{rel}","templated":true}]}}