{"id":452,"date":"2023-04-19T17:02:32","date_gmt":"2023-04-19T15:02:32","guid":{"rendered":"https:\/\/www.cesenaticohotel.com\/hotel\/hotel-acacia"},"modified":"2023-08-22T09:13:11","modified_gmt":"2023-08-22T07:13:11","slug":"hotel-acacia","status":"publish","type":"page","link":"https:\/\/www.cesenaticohotel.com\/de\/hotels\/hotel-acacia","title":{"rendered":"Hotel Acacia"},"content":{"rendered":"\n<p>Das <b>Hotel Acacia in Villamarina von Cesenatico,<\/b> befindet sich in bequemer Entfernung von <b>100 Metern zum vereinbarten Strand<\/b>, inklusive <b>Sonnenschirm und zwei Liegest\u00fchlen in der All-Inclusive-Formel<\/b>, und in der N\u00e4he der Fu\u00dfg\u00e4ngerzone mit Gesch\u00e4ften, Lokalen und Dienstleistungen.<\/p>\n\n\n\n<!--more-->\n\n\n\n<p>Im Hotel finden Sie einen gro\u00dfen <b>Pool mit Sonnenterrasse und Kinderbereich <\/b>sowie einen <b>Wellnessbereich<\/b> mit einem kleinen <b>Fitnessraum<\/b> mit Technogym-Ger\u00e4ten, einer finnischen <b>Sauna<\/b> und einem <b>Massageraum<\/b>. Das Acacia ist auch ein Hotel mit <b>Dienstleistungen f\u00fcr Sportler und Radfahrer<\/b>, wie zum Beispiel eine sichere Fahrradgarage, Fahrradverleih, verst\u00e4rktes Fr\u00fchst\u00fcck und Mahlzeiten zu flexiblen Zeiten, organisierte Fahrrad- und Trekkingausfl\u00fcge.<\/p>\n\n\n\n<p>Sie k\u00f6nnen Ihr Auto auf dem <b>kostenlosen Parkplatz<\/b> abstellen und in aller Ruhe Entspannung oder Aktivurlaub genie\u00dfen, direkt vom Hotel aus.<\/p>\n\n\n\n<p>Wenn Sie mit Ihren Kindern reisen, finden Sie <b>Babyservices <\/b>im Zimmer und im Speisesaal, <b>flexible Babymen\u00fcs<\/b>, <b>Animation und Unterhaltung<\/b> sowohl f\u00fcr die Kleinen als auch f\u00fcr die Erwachsenen.<\/p>\n\n\n\n<p>Die <b>K\u00fcche<\/b> ist sehr gepflegt, mit Gerichten und Rezepten aus der traditionellen Romagna und hochwertigen Zutaten. Das reichhaltige <b>Fr\u00fchst\u00fccksbuffet <\/b>bietet s\u00fc\u00dfe und herzhafte Optionen; <b>Mittag- und Abendessen<\/b> werden am Tisch serviert, mit <b>drei w\u00e4hlbaren Men\u00fcs<\/b>, immer mit Fleisch und Fisch, einem Buffet mit Gem\u00fcse und Desserts. F\u00fcr <b>Kinder <\/b>werden spezielle Men\u00fcs zubereitet, mit flexiblen Zeiten. Auf Anfrage steht das K\u00fcchenpersonal zur Verf\u00fcgung, um individuelle Gerichte <b>f\u00fcr Personen mit<\/b> <b>Unvertr\u00e4glichkeiten<\/b> zuzubereiten<\/p>\n","protected":false},"excerpt":{"rendered":"<p>Das Hotel Acacia in Villamarina von Cesenatico, befindet sich in bequemer Entfernung von 100 Metern zum vereinbarten Strand, inklusive Sonnenschirm und zwei Liegest\u00fchlen in der All-Inclusive-Formel, und in der N\u00e4he der Fu\u00dfg\u00e4ngerzone mit Gesch\u00e4ften, Lokalen und Dienstleistungen.<\/p>\n","protected":false},"author":1,"featured_media":0,"parent":511,"menu_order":0,"comment_status":"closed","ping_status":"closed","template":"page-templates\/scheda_hotel.php","meta":{"_acf_changed":false,"inline_featured_image":false,"footnotes":""},"class_list":["post-452","page","type-page","status-publish","hentry"],"acf":[],"yoast_head":"<!-- This site is optimized with the Yoast SEO plugin v27.0 - https:\/\/yoast.com\/product\/yoast-seo-wordpress\/ -->\n<title>Hotel Acacia*** in Cesenatico: Hotel f\u00fcr Sportler und Familien<\/title>\n<meta name=\"description\" content=\"Das Hotel Acacia in Cesenatico liegt 100 Meter vom Strand entfernt und verf\u00fcgt \u00fcber einen gro\u00dfen Pool und Solarium, ein Wellnesscenter und Dienstleistungen f\u00fcr Radfahrer.\" \/>\n<meta name=\"robots\" content=\"index, follow, max-snippet:-1, max-image-preview:large, max-video-preview:-1\" \/>\n<link rel=\"canonical\" href=\"https:\/\/www.cesenaticohotel.com\/de\/hotels\/hotel-acacia\" \/>\n<meta property=\"og:locale\" content=\"de_DE\" \/>\n<meta property=\"og:type\" content=\"article\" \/>\n<meta property=\"og:title\" content=\"Hotel Acacia*** in Cesenatico: Hotel f\u00fcr Sportler und Familien\" \/>\n<meta property=\"og:description\" content=\"Das Hotel Acacia in Cesenatico liegt 100 Meter vom Strand entfernt und verf\u00fcgt \u00fcber einen gro\u00dfen Pool und Solarium, ein Wellnesscenter und Dienstleistungen f\u00fcr Radfahrer.\" \/>\n<meta property=\"og:url\" content=\"https:\/\/www.cesenaticohotel.com\/de\/hotels\/hotel-acacia\" \/>\n<meta property=\"og:site_name\" content=\"Cesenatico Hotel\" \/>\n<meta property=\"article:modified_time\" content=\"2023-08-22T07:13:11+00:00\" \/>\n<meta property=\"og:image\" content=\"https:\/\/www.cesenaticohotel.com\/wp-content\/uploads\/2023\/05\/immagine-sito.jpg\" \/>\n\t<meta property=\"og:image:width\" content=\"1200\" \/>\n\t<meta property=\"og:image:height\" content=\"675\" \/>\n\t<meta property=\"og:image:type\" content=\"image\/jpeg\" \/>\n<meta name=\"twitter:card\" content=\"summary_large_image\" \/>\n<meta name=\"twitter:label1\" content=\"Gesch\u00e4tzte Lesezeit\" \/>\n\t<meta name=\"twitter:data1\" content=\"1\u00a0Minute\" \/>\n<script type=\"application\/ld+json\" class=\"yoast-schema-graph\">{\"@context\":\"https:\/\/schema.org\",\"@graph\":[{\"@type\":\"WebPage\",\"@id\":\"https:\/\/www.cesenaticohotel.com\/de\/hotels\/hotel-acacia\",\"url\":\"https:\/\/www.cesenaticohotel.com\/de\/hotels\/hotel-acacia\",\"name\":\"Hotel Acacia*** in Cesenatico: Hotel f\u00fcr Sportler und Familien\",\"isPartOf\":{\"@id\":\"https:\/\/www.cesenaticohotel.com\/de#website\"},\"datePublished\":\"2023-04-19T15:02:32+00:00\",\"dateModified\":\"2023-08-22T07:13:11+00:00\",\"description\":\"Das Hotel Acacia in Cesenatico liegt 100 Meter vom Strand entfernt und verf\u00fcgt \u00fcber einen gro\u00dfen Pool und Solarium, ein Wellnesscenter und Dienstleistungen f\u00fcr Radfahrer.\",\"breadcrumb\":{\"@id\":\"https:\/\/www.cesenaticohotel.com\/de\/hotels\/hotel-acacia#breadcrumb\"},\"inLanguage\":\"de\",\"potentialAction\":[{\"@type\":\"ReadAction\",\"target\":[\"https:\/\/www.cesenaticohotel.com\/de\/hotels\/hotel-acacia\"]}]},{\"@type\":\"BreadcrumbList\",\"@id\":\"https:\/\/www.cesenaticohotel.com\/de\/hotels\/hotel-acacia#breadcrumb\",\"itemListElement\":[{\"@type\":\"ListItem\",\"position\":1,\"name\":\"Home\",\"item\":\"https:\/\/www.cesenaticohotel.com\/de\/homepage\"},{\"@type\":\"ListItem\",\"position\":2,\"name\":\"Hotel\",\"item\":\"https:\/\/www.cesenaticohotel.com\/de\/hotels\"},{\"@type\":\"ListItem\",\"position\":3,\"name\":\"Hotel Acacia\"}]},{\"@type\":\"WebSite\",\"@id\":\"https:\/\/www.cesenaticohotel.com\/de#website\",\"url\":\"https:\/\/www.cesenaticohotel.com\/de\",\"name\":\"Cesenatico Hotel\",\"description\":\"\",\"publisher\":{\"@id\":\"https:\/\/www.cesenaticohotel.com\/de#organization\"},\"potentialAction\":[{\"@type\":\"SearchAction\",\"target\":{\"@type\":\"EntryPoint\",\"urlTemplate\":\"https:\/\/www.cesenaticohotel.com\/de?s={search_term_string}\"},\"query-input\":{\"@type\":\"PropertyValueSpecification\",\"valueRequired\":true,\"valueName\":\"search_term_string\"}}],\"inLanguage\":\"de\"},{\"@type\":\"Organization\",\"@id\":\"https:\/\/www.cesenaticohotel.com\/de#organization\",\"name\":\"Cesenatico Hotel\",\"url\":\"https:\/\/www.cesenaticohotel.com\/de\",\"logo\":{\"@type\":\"ImageObject\",\"inLanguage\":\"de\",\"@id\":\"https:\/\/www.cesenaticohotel.com\/de#\/schema\/logo\/image\/\",\"url\":\"https:\/\/www.cesenaticohotel.com\/wp-content\/uploads\/2023\/05\/logo-organizzazione.jpg\",\"contentUrl\":\"https:\/\/www.cesenaticohotel.com\/wp-content\/uploads\/2023\/05\/logo-organizzazione.jpg\",\"width\":696,\"height\":696,\"caption\":\"Cesenatico Hotel\"},\"image\":{\"@id\":\"https:\/\/www.cesenaticohotel.com\/de#\/schema\/logo\/image\/\"}}]}<\/script>\n<!-- \/ Yoast SEO plugin. -->","yoast_head_json":{"title":"Hotel Acacia*** in Cesenatico: Hotel f\u00fcr Sportler und Familien","description":"Das Hotel Acacia in Cesenatico liegt 100 Meter vom Strand entfernt und verf\u00fcgt \u00fcber einen gro\u00dfen Pool und Solarium, ein Wellnesscenter und Dienstleistungen f\u00fcr Radfahrer.","robots":{"index":"index","follow":"follow","max-snippet":"max-snippet:-1","max-image-preview":"max-image-preview:large","max-video-preview":"max-video-preview:-1"},"canonical":"https:\/\/www.cesenaticohotel.com\/de\/hotels\/hotel-acacia","og_locale":"de_DE","og_type":"article","og_title":"Hotel Acacia*** in Cesenatico: Hotel f\u00fcr Sportler und Familien","og_description":"Das Hotel Acacia in Cesenatico liegt 100 Meter vom Strand entfernt und verf\u00fcgt \u00fcber einen gro\u00dfen Pool und Solarium, ein Wellnesscenter und Dienstleistungen f\u00fcr Radfahrer.","og_url":"https:\/\/www.cesenaticohotel.com\/de\/hotels\/hotel-acacia","og_site_name":"Cesenatico Hotel","article_modified_time":"2023-08-22T07:13:11+00:00","og_image":[{"width":1200,"height":675,"url":"https:\/\/www.cesenaticohotel.com\/wp-content\/uploads\/2023\/05\/immagine-sito.jpg","type":"image\/jpeg"}],"twitter_card":"summary_large_image","twitter_misc":{"Gesch\u00e4tzte Lesezeit":"1\u00a0Minute"},"schema":{"@context":"https:\/\/schema.org","@graph":[{"@type":"WebPage","@id":"https:\/\/www.cesenaticohotel.com\/de\/hotels\/hotel-acacia","url":"https:\/\/www.cesenaticohotel.com\/de\/hotels\/hotel-acacia","name":"Hotel Acacia*** in Cesenatico: Hotel f\u00fcr Sportler und Familien","isPartOf":{"@id":"https:\/\/www.cesenaticohotel.com\/de#website"},"datePublished":"2023-04-19T15:02:32+00:00","dateModified":"2023-08-22T07:13:11+00:00","description":"Das Hotel Acacia in Cesenatico liegt 100 Meter vom Strand entfernt und verf\u00fcgt \u00fcber einen gro\u00dfen Pool und Solarium, ein Wellnesscenter und Dienstleistungen f\u00fcr Radfahrer.","breadcrumb":{"@id":"https:\/\/www.cesenaticohotel.com\/de\/hotels\/hotel-acacia#breadcrumb"},"inLanguage":"de","potentialAction":[{"@type":"ReadAction","target":["https:\/\/www.cesenaticohotel.com\/de\/hotels\/hotel-acacia"]}]},{"@type":"BreadcrumbList","@id":"https:\/\/www.cesenaticohotel.com\/de\/hotels\/hotel-acacia#breadcrumb","itemListElement":[{"@type":"ListItem","position":1,"name":"Home","item":"https:\/\/www.cesenaticohotel.com\/de\/homepage"},{"@type":"ListItem","position":2,"name":"Hotel","item":"https:\/\/www.cesenaticohotel.com\/de\/hotels"},{"@type":"ListItem","position":3,"name":"Hotel Acacia"}]},{"@type":"WebSite","@id":"https:\/\/www.cesenaticohotel.com\/de#website","url":"https:\/\/www.cesenaticohotel.com\/de","name":"Cesenatico Hotel","description":"","publisher":{"@id":"https:\/\/www.cesenaticohotel.com\/de#organization"},"potentialAction":[{"@type":"SearchAction","target":{"@type":"EntryPoint","urlTemplate":"https:\/\/www.cesenaticohotel.com\/de?s={search_term_string}"},"query-input":{"@type":"PropertyValueSpecification","valueRequired":true,"valueName":"search_term_string"}}],"inLanguage":"de"},{"@type":"Organization","@id":"https:\/\/www.cesenaticohotel.com\/de#organization","name":"Cesenatico Hotel","url":"https:\/\/www.cesenaticohotel.com\/de","logo":{"@type":"ImageObject","inLanguage":"de","@id":"https:\/\/www.cesenaticohotel.com\/de#\/schema\/logo\/image\/","url":"https:\/\/www.cesenaticohotel.com\/wp-content\/uploads\/2023\/05\/logo-organizzazione.jpg","contentUrl":"https:\/\/www.cesenaticohotel.com\/wp-content\/uploads\/2023\/05\/logo-organizzazione.jpg","width":696,"height":696,"caption":"Cesenatico Hotel"},"image":{"@id":"https:\/\/www.cesenaticohotel.com\/de#\/schema\/logo\/image\/"}}]}},"_links":{"self":[{"href":"https:\/\/www.cesenaticohotel.com\/de\/wp-json\/wp\/v2\/pages\/452","targetHints":{"allow":["GET"]}}],"collection":[{"href":"https:\/\/www.cesenaticohotel.com\/de\/wp-json\/wp\/v2\/pages"}],"about":[{"href":"https:\/\/www.cesenaticohotel.com\/de\/wp-json\/wp\/v2\/types\/page"}],"author":[{"embeddable":true,"href":"https:\/\/www.cesenaticohotel.com\/de\/wp-json\/wp\/v2\/users\/1"}],"replies":[{"embeddable":true,"href":"https:\/\/www.cesenaticohotel.com\/de\/wp-json\/wp\/v2\/comments?post=452"}],"version-history":[{"count":2,"href":"https:\/\/www.cesenaticohotel.com\/de\/wp-json\/wp\/v2\/pages\/452\/revisions"}],"predecessor-version":[{"id":5888,"href":"https:\/\/www.cesenaticohotel.com\/de\/wp-json\/wp\/v2\/pages\/452\/revisions\/5888"}],"up":[{"embeddable":true,"href":"https:\/\/www.cesenaticohotel.com\/de\/wp-json\/wp\/v2\/pages\/511"}],"wp:attachment":[{"href":"https:\/\/www.cesenaticohotel.com\/de\/wp-json\/wp\/v2\/media?parent=452"}],"curies":[{"name":"wp","href":"https:\/\/api.w.org\/{rel}","templated":true}]}}