{"id":466,"date":"2023-04-20T16:28:03","date_gmt":"2023-04-20T14:28:03","guid":{"rendered":"https:\/\/www.cesenaticohotel.com\/fruehbucher"},"modified":"2023-08-22T09:13:12","modified_gmt":"2023-08-22T07:13:12","slug":"fruehbucher","status":"publish","type":"page","link":"https:\/\/www.cesenaticohotel.com\/de\/angebote-cesenatico\/fruehbucher","title":{"rendered":"Fr\u00fchbucherangebote"},"content":{"rendered":"\n<p>M\u00f6chten Sie Ihren <b>Urlaub zum besten Preis <\/b>buchen? Entdecken Sie die <b>Fr\u00fchbucherangebote in Cesenatico<\/b> und fordern Sie unverbindlich ein Angebot von unseren Hotels an.<\/p>\n","protected":false},"excerpt":{"rendered":"<p>M\u00f6chten Sie Ihren Urlaub zum besten Preis buchen? Entdecken Sie die Fr\u00fchbucherangebote in Cesenatico und fordern Sie unverbindlich ein Angebot von unseren Hotels an.<\/p>\n","protected":false},"author":1,"featured_media":0,"parent":521,"menu_order":0,"comment_status":"closed","ping_status":"closed","template":"page-templates\/offerte_periodo.php","meta":{"_acf_changed":false,"inline_featured_image":false,"footnotes":""},"class_list":["post-466","page","type-page","status-publish","hentry"],"acf":[],"yoast_head":"<!-- This site is optimized with the Yoast SEO plugin v27.0 - https:\/\/yoast.com\/product\/yoast-seo-wordpress\/ -->\n<title>Jetzt die besten Angebote f\u00fcr Ihren Urlaub in Cesenatico buchen<\/title>\n<meta name=\"description\" content=\"Durch fr\u00fchzeitige Buchung sichern Sie sich den besten Preis, um die Romagna zu genie\u00dfen! W\u00e4hlen Sie Ihren Aufenthalt mit ma\u00dfgeschneiderten Services!\" \/>\n<meta name=\"robots\" content=\"index, follow, max-snippet:-1, max-image-preview:large, max-video-preview:-1\" \/>\n<link rel=\"canonical\" href=\"https:\/\/www.cesenaticohotel.com\/de\/angebote-cesenatico\/fruehbucher\" \/>\n<meta property=\"og:locale\" content=\"de_DE\" \/>\n<meta property=\"og:type\" content=\"article\" \/>\n<meta property=\"og:title\" content=\"Jetzt die besten Angebote f\u00fcr Ihren Urlaub in Cesenatico buchen\" \/>\n<meta property=\"og:description\" content=\"Durch fr\u00fchzeitige Buchung sichern Sie sich den besten Preis, um die Romagna zu genie\u00dfen! W\u00e4hlen Sie Ihren Aufenthalt mit ma\u00dfgeschneiderten Services!\" \/>\n<meta property=\"og:url\" content=\"https:\/\/www.cesenaticohotel.com\/de\/angebote-cesenatico\/fruehbucher\" \/>\n<meta property=\"og:site_name\" content=\"Cesenatico Hotel\" \/>\n<meta property=\"article:modified_time\" content=\"2023-08-22T07:13:12+00:00\" \/>\n<meta property=\"og:image\" content=\"https:\/\/www.cesenaticohotel.com\/wp-content\/uploads\/2023\/05\/immagine-sito.jpg\" \/>\n\t<meta property=\"og:image:width\" content=\"1200\" \/>\n\t<meta property=\"og:image:height\" content=\"675\" \/>\n\t<meta property=\"og:image:type\" content=\"image\/jpeg\" \/>\n<meta name=\"twitter:card\" content=\"summary_large_image\" \/>\n<script type=\"application\/ld+json\" class=\"yoast-schema-graph\">{\"@context\":\"https:\/\/schema.org\",\"@graph\":[{\"@type\":\"WebPage\",\"@id\":\"https:\/\/www.cesenaticohotel.com\/de\/angebote-cesenatico\/fruehbucher\",\"url\":\"https:\/\/www.cesenaticohotel.com\/de\/angebote-cesenatico\/fruehbucher\",\"name\":\"Jetzt die besten Angebote f\u00fcr Ihren Urlaub in Cesenatico buchen\",\"isPartOf\":{\"@id\":\"https:\/\/www.cesenaticohotel.com\/de#website\"},\"datePublished\":\"2023-04-20T14:28:03+00:00\",\"dateModified\":\"2023-08-22T07:13:12+00:00\",\"description\":\"Durch fr\u00fchzeitige Buchung sichern Sie sich den besten Preis, um die Romagna zu genie\u00dfen! W\u00e4hlen Sie Ihren Aufenthalt mit ma\u00dfgeschneiderten Services!\",\"breadcrumb\":{\"@id\":\"https:\/\/www.cesenaticohotel.com\/de\/angebote-cesenatico\/fruehbucher#breadcrumb\"},\"inLanguage\":\"de\",\"potentialAction\":[{\"@type\":\"ReadAction\",\"target\":[\"https:\/\/www.cesenaticohotel.com\/de\/angebote-cesenatico\/fruehbucher\"]}]},{\"@type\":\"BreadcrumbList\",\"@id\":\"https:\/\/www.cesenaticohotel.com\/de\/angebote-cesenatico\/fruehbucher#breadcrumb\",\"itemListElement\":[{\"@type\":\"ListItem\",\"position\":1,\"name\":\"Home\",\"item\":\"https:\/\/www.cesenaticohotel.com\/de\/homepage\"},{\"@type\":\"ListItem\",\"position\":2,\"name\":\"Angebote\",\"item\":\"https:\/\/www.cesenaticohotel.com\/de\/angebote-cesenatico\"},{\"@type\":\"ListItem\",\"position\":3,\"name\":\"Fr\u00fchbucherangebote\"}]},{\"@type\":\"WebSite\",\"@id\":\"https:\/\/www.cesenaticohotel.com\/de#website\",\"url\":\"https:\/\/www.cesenaticohotel.com\/de\",\"name\":\"Cesenatico Hotel\",\"description\":\"\",\"publisher\":{\"@id\":\"https:\/\/www.cesenaticohotel.com\/de#organization\"},\"potentialAction\":[{\"@type\":\"SearchAction\",\"target\":{\"@type\":\"EntryPoint\",\"urlTemplate\":\"https:\/\/www.cesenaticohotel.com\/de?s={search_term_string}\"},\"query-input\":{\"@type\":\"PropertyValueSpecification\",\"valueRequired\":true,\"valueName\":\"search_term_string\"}}],\"inLanguage\":\"de\"},{\"@type\":\"Organization\",\"@id\":\"https:\/\/www.cesenaticohotel.com\/de#organization\",\"name\":\"Cesenatico Hotel\",\"url\":\"https:\/\/www.cesenaticohotel.com\/de\",\"logo\":{\"@type\":\"ImageObject\",\"inLanguage\":\"de\",\"@id\":\"https:\/\/www.cesenaticohotel.com\/de#\/schema\/logo\/image\/\",\"url\":\"https:\/\/www.cesenaticohotel.com\/wp-content\/uploads\/2023\/05\/logo-organizzazione.jpg\",\"contentUrl\":\"https:\/\/www.cesenaticohotel.com\/wp-content\/uploads\/2023\/05\/logo-organizzazione.jpg\",\"width\":696,\"height\":696,\"caption\":\"Cesenatico Hotel\"},\"image\":{\"@id\":\"https:\/\/www.cesenaticohotel.com\/de#\/schema\/logo\/image\/\"}}]}<\/script>\n<!-- \/ Yoast SEO plugin. -->","yoast_head_json":{"title":"Jetzt die besten Angebote f\u00fcr Ihren Urlaub in Cesenatico buchen","description":"Durch fr\u00fchzeitige Buchung sichern Sie sich den besten Preis, um die Romagna zu genie\u00dfen! W\u00e4hlen Sie Ihren Aufenthalt mit ma\u00dfgeschneiderten Services!","robots":{"index":"index","follow":"follow","max-snippet":"max-snippet:-1","max-image-preview":"max-image-preview:large","max-video-preview":"max-video-preview:-1"},"canonical":"https:\/\/www.cesenaticohotel.com\/de\/angebote-cesenatico\/fruehbucher","og_locale":"de_DE","og_type":"article","og_title":"Jetzt die besten Angebote f\u00fcr Ihren Urlaub in Cesenatico buchen","og_description":"Durch fr\u00fchzeitige Buchung sichern Sie sich den besten Preis, um die Romagna zu genie\u00dfen! W\u00e4hlen Sie Ihren Aufenthalt mit ma\u00dfgeschneiderten Services!","og_url":"https:\/\/www.cesenaticohotel.com\/de\/angebote-cesenatico\/fruehbucher","og_site_name":"Cesenatico Hotel","article_modified_time":"2023-08-22T07:13:12+00:00","og_image":[{"width":1200,"height":675,"url":"https:\/\/www.cesenaticohotel.com\/wp-content\/uploads\/2023\/05\/immagine-sito.jpg","type":"image\/jpeg"}],"twitter_card":"summary_large_image","schema":{"@context":"https:\/\/schema.org","@graph":[{"@type":"WebPage","@id":"https:\/\/www.cesenaticohotel.com\/de\/angebote-cesenatico\/fruehbucher","url":"https:\/\/www.cesenaticohotel.com\/de\/angebote-cesenatico\/fruehbucher","name":"Jetzt die besten Angebote f\u00fcr Ihren Urlaub in Cesenatico buchen","isPartOf":{"@id":"https:\/\/www.cesenaticohotel.com\/de#website"},"datePublished":"2023-04-20T14:28:03+00:00","dateModified":"2023-08-22T07:13:12+00:00","description":"Durch fr\u00fchzeitige Buchung sichern Sie sich den besten Preis, um die Romagna zu genie\u00dfen! W\u00e4hlen Sie Ihren Aufenthalt mit ma\u00dfgeschneiderten Services!","breadcrumb":{"@id":"https:\/\/www.cesenaticohotel.com\/de\/angebote-cesenatico\/fruehbucher#breadcrumb"},"inLanguage":"de","potentialAction":[{"@type":"ReadAction","target":["https:\/\/www.cesenaticohotel.com\/de\/angebote-cesenatico\/fruehbucher"]}]},{"@type":"BreadcrumbList","@id":"https:\/\/www.cesenaticohotel.com\/de\/angebote-cesenatico\/fruehbucher#breadcrumb","itemListElement":[{"@type":"ListItem","position":1,"name":"Home","item":"https:\/\/www.cesenaticohotel.com\/de\/homepage"},{"@type":"ListItem","position":2,"name":"Angebote","item":"https:\/\/www.cesenaticohotel.com\/de\/angebote-cesenatico"},{"@type":"ListItem","position":3,"name":"Fr\u00fchbucherangebote"}]},{"@type":"WebSite","@id":"https:\/\/www.cesenaticohotel.com\/de#website","url":"https:\/\/www.cesenaticohotel.com\/de","name":"Cesenatico Hotel","description":"","publisher":{"@id":"https:\/\/www.cesenaticohotel.com\/de#organization"},"potentialAction":[{"@type":"SearchAction","target":{"@type":"EntryPoint","urlTemplate":"https:\/\/www.cesenaticohotel.com\/de?s={search_term_string}"},"query-input":{"@type":"PropertyValueSpecification","valueRequired":true,"valueName":"search_term_string"}}],"inLanguage":"de"},{"@type":"Organization","@id":"https:\/\/www.cesenaticohotel.com\/de#organization","name":"Cesenatico Hotel","url":"https:\/\/www.cesenaticohotel.com\/de","logo":{"@type":"ImageObject","inLanguage":"de","@id":"https:\/\/www.cesenaticohotel.com\/de#\/schema\/logo\/image\/","url":"https:\/\/www.cesenaticohotel.com\/wp-content\/uploads\/2023\/05\/logo-organizzazione.jpg","contentUrl":"https:\/\/www.cesenaticohotel.com\/wp-content\/uploads\/2023\/05\/logo-organizzazione.jpg","width":696,"height":696,"caption":"Cesenatico Hotel"},"image":{"@id":"https:\/\/www.cesenaticohotel.com\/de#\/schema\/logo\/image\/"}}]}},"_links":{"self":[{"href":"https:\/\/www.cesenaticohotel.com\/de\/wp-json\/wp\/v2\/pages\/466","targetHints":{"allow":["GET"]}}],"collection":[{"href":"https:\/\/www.cesenaticohotel.com\/de\/wp-json\/wp\/v2\/pages"}],"about":[{"href":"https:\/\/www.cesenaticohotel.com\/de\/wp-json\/wp\/v2\/types\/page"}],"author":[{"embeddable":true,"href":"https:\/\/www.cesenaticohotel.com\/de\/wp-json\/wp\/v2\/users\/1"}],"replies":[{"embeddable":true,"href":"https:\/\/www.cesenaticohotel.com\/de\/wp-json\/wp\/v2\/comments?post=466"}],"version-history":[{"count":2,"href":"https:\/\/www.cesenaticohotel.com\/de\/wp-json\/wp\/v2\/pages\/466\/revisions"}],"predecessor-version":[{"id":5890,"href":"https:\/\/www.cesenaticohotel.com\/de\/wp-json\/wp\/v2\/pages\/466\/revisions\/5890"}],"up":[{"embeddable":true,"href":"https:\/\/www.cesenaticohotel.com\/de\/wp-json\/wp\/v2\/pages\/521"}],"wp:attachment":[{"href":"https:\/\/www.cesenaticohotel.com\/de\/wp-json\/wp\/v2\/media?parent=466"}],"curies":[{"name":"wp","href":"https:\/\/api.w.org\/{rel}","templated":true}]}}