{"id":494,"date":"2023-04-20T16:33:27","date_gmt":"2023-04-20T14:33:27","guid":{"rendered":"https:\/\/www.cesenaticohotel.com\/fallen"},"modified":"2023-08-22T09:13:22","modified_gmt":"2023-08-22T07:13:22","slug":"fallen","status":"publish","type":"page","link":"https:\/\/www.cesenaticohotel.com\/de\/angebote-cesenatico\/fallen","title":{"rendered":"Herbst"},"content":{"rendered":"\n<p>In <b>Cesenatico gibt es das ganze Jahr \u00fcber etwas zu tun<\/b>: Im Herbst k\u00f6nnen Sie die Region erkunden, die besten lokalen Speisen und Weine genie\u00dfen, dank der zahlreichen Feste und Veranstaltungen, lange Strandspazierg\u00e4nge unternehmen und auf den vielen Radwegen im Landesinneren radeln. Schauen Sie sich die <b>Angebote der Hotels in Cesenatico<\/b> f\u00fcr Ihren Herbsturlaub an!<\/p>\n","protected":false},"excerpt":{"rendered":"<p>In Cesenatico gibt es das ganze Jahr \u00fcber etwas zu tun: Im Herbst k\u00f6nnen Sie die Region erkunden, die besten lokalen Speisen und Weine genie\u00dfen, dank der zahlreichen Feste und Veranstaltungen, lange Strandspazierg\u00e4nge unternehmen und auf den vielen Radwegen im Landesinneren radeln. Schauen Sie sich die Angebote der Hotels in Cesenatico f\u00fcr Ihren Herbsturlaub an!<\/p>\n","protected":false},"author":1,"featured_media":0,"parent":521,"menu_order":0,"comment_status":"closed","ping_status":"closed","template":"page-templates\/offerte_periodo.php","meta":{"_acf_changed":false,"inline_featured_image":false,"footnotes":""},"class_list":["post-494","page","type-page","status-publish","hentry"],"acf":[],"yoast_head":"<!-- This site is optimized with the Yoast SEO plugin v27.0 - https:\/\/yoast.com\/product\/yoast-seo-wordpress\/ -->\n<title>Die besten Herbstangebote f\u00fcr Ihren Urlaub in Cesenatico<\/title>\n<meta name=\"description\" content=\"Der Herbst in der Romagna ist reich an Festen und Feiern, und die Landschaften sind atemberaubend. Buchen Sie Ihren Aufenthalt mit ma\u00dfgeschneiderten Services!\" \/>\n<meta name=\"robots\" content=\"index, follow, max-snippet:-1, max-image-preview:large, max-video-preview:-1\" \/>\n<link rel=\"canonical\" href=\"https:\/\/www.cesenaticohotel.com\/de\/angebote-cesenatico\/fallen\" \/>\n<meta property=\"og:locale\" content=\"de_DE\" \/>\n<meta property=\"og:type\" content=\"article\" \/>\n<meta property=\"og:title\" content=\"Die besten Herbstangebote f\u00fcr Ihren Urlaub in Cesenatico\" \/>\n<meta property=\"og:description\" content=\"Der Herbst in der Romagna ist reich an Festen und Feiern, und die Landschaften sind atemberaubend. Buchen Sie Ihren Aufenthalt mit ma\u00dfgeschneiderten Services!\" \/>\n<meta property=\"og:url\" content=\"https:\/\/www.cesenaticohotel.com\/de\/angebote-cesenatico\/fallen\" \/>\n<meta property=\"og:site_name\" content=\"Cesenatico Hotel\" \/>\n<meta property=\"article:modified_time\" content=\"2023-08-22T07:13:22+00:00\" \/>\n<meta property=\"og:image\" content=\"https:\/\/www.cesenaticohotel.com\/wp-content\/uploads\/2023\/05\/immagine-sito.jpg\" \/>\n\t<meta property=\"og:image:width\" content=\"1200\" \/>\n\t<meta property=\"og:image:height\" content=\"675\" \/>\n\t<meta property=\"og:image:type\" content=\"image\/jpeg\" \/>\n<meta name=\"twitter:card\" content=\"summary_large_image\" \/>\n<script type=\"application\/ld+json\" class=\"yoast-schema-graph\">{\"@context\":\"https:\/\/schema.org\",\"@graph\":[{\"@type\":\"WebPage\",\"@id\":\"https:\/\/www.cesenaticohotel.com\/de\/angebote-cesenatico\/fallen\",\"url\":\"https:\/\/www.cesenaticohotel.com\/de\/angebote-cesenatico\/fallen\",\"name\":\"Die besten Herbstangebote f\u00fcr Ihren Urlaub in Cesenatico\",\"isPartOf\":{\"@id\":\"https:\/\/www.cesenaticohotel.com\/de#website\"},\"datePublished\":\"2023-04-20T14:33:27+00:00\",\"dateModified\":\"2023-08-22T07:13:22+00:00\",\"description\":\"Der Herbst in der Romagna ist reich an Festen und Feiern, und die Landschaften sind atemberaubend. Buchen Sie Ihren Aufenthalt mit ma\u00dfgeschneiderten Services!\",\"breadcrumb\":{\"@id\":\"https:\/\/www.cesenaticohotel.com\/de\/angebote-cesenatico\/fallen#breadcrumb\"},\"inLanguage\":\"de\",\"potentialAction\":[{\"@type\":\"ReadAction\",\"target\":[\"https:\/\/www.cesenaticohotel.com\/de\/angebote-cesenatico\/fallen\"]}]},{\"@type\":\"BreadcrumbList\",\"@id\":\"https:\/\/www.cesenaticohotel.com\/de\/angebote-cesenatico\/fallen#breadcrumb\",\"itemListElement\":[{\"@type\":\"ListItem\",\"position\":1,\"name\":\"Home\",\"item\":\"https:\/\/www.cesenaticohotel.com\/de\/homepage\"},{\"@type\":\"ListItem\",\"position\":2,\"name\":\"Angebote\",\"item\":\"https:\/\/www.cesenaticohotel.com\/de\/angebote-cesenatico\"},{\"@type\":\"ListItem\",\"position\":3,\"name\":\"Herbst\"}]},{\"@type\":\"WebSite\",\"@id\":\"https:\/\/www.cesenaticohotel.com\/de#website\",\"url\":\"https:\/\/www.cesenaticohotel.com\/de\",\"name\":\"Cesenatico Hotel\",\"description\":\"\",\"publisher\":{\"@id\":\"https:\/\/www.cesenaticohotel.com\/de#organization\"},\"potentialAction\":[{\"@type\":\"SearchAction\",\"target\":{\"@type\":\"EntryPoint\",\"urlTemplate\":\"https:\/\/www.cesenaticohotel.com\/de?s={search_term_string}\"},\"query-input\":{\"@type\":\"PropertyValueSpecification\",\"valueRequired\":true,\"valueName\":\"search_term_string\"}}],\"inLanguage\":\"de\"},{\"@type\":\"Organization\",\"@id\":\"https:\/\/www.cesenaticohotel.com\/de#organization\",\"name\":\"Cesenatico Hotel\",\"url\":\"https:\/\/www.cesenaticohotel.com\/de\",\"logo\":{\"@type\":\"ImageObject\",\"inLanguage\":\"de\",\"@id\":\"https:\/\/www.cesenaticohotel.com\/de#\/schema\/logo\/image\/\",\"url\":\"https:\/\/www.cesenaticohotel.com\/wp-content\/uploads\/2023\/05\/logo-organizzazione.jpg\",\"contentUrl\":\"https:\/\/www.cesenaticohotel.com\/wp-content\/uploads\/2023\/05\/logo-organizzazione.jpg\",\"width\":696,\"height\":696,\"caption\":\"Cesenatico Hotel\"},\"image\":{\"@id\":\"https:\/\/www.cesenaticohotel.com\/de#\/schema\/logo\/image\/\"}}]}<\/script>\n<!-- \/ Yoast SEO plugin. -->","yoast_head_json":{"title":"Die besten Herbstangebote f\u00fcr Ihren Urlaub in Cesenatico","description":"Der Herbst in der Romagna ist reich an Festen und Feiern, und die Landschaften sind atemberaubend. Buchen Sie Ihren Aufenthalt mit ma\u00dfgeschneiderten Services!","robots":{"index":"index","follow":"follow","max-snippet":"max-snippet:-1","max-image-preview":"max-image-preview:large","max-video-preview":"max-video-preview:-1"},"canonical":"https:\/\/www.cesenaticohotel.com\/de\/angebote-cesenatico\/fallen","og_locale":"de_DE","og_type":"article","og_title":"Die besten Herbstangebote f\u00fcr Ihren Urlaub in Cesenatico","og_description":"Der Herbst in der Romagna ist reich an Festen und Feiern, und die Landschaften sind atemberaubend. Buchen Sie Ihren Aufenthalt mit ma\u00dfgeschneiderten Services!","og_url":"https:\/\/www.cesenaticohotel.com\/de\/angebote-cesenatico\/fallen","og_site_name":"Cesenatico Hotel","article_modified_time":"2023-08-22T07:13:22+00:00","og_image":[{"width":1200,"height":675,"url":"https:\/\/www.cesenaticohotel.com\/wp-content\/uploads\/2023\/05\/immagine-sito.jpg","type":"image\/jpeg"}],"twitter_card":"summary_large_image","schema":{"@context":"https:\/\/schema.org","@graph":[{"@type":"WebPage","@id":"https:\/\/www.cesenaticohotel.com\/de\/angebote-cesenatico\/fallen","url":"https:\/\/www.cesenaticohotel.com\/de\/angebote-cesenatico\/fallen","name":"Die besten Herbstangebote f\u00fcr Ihren Urlaub in Cesenatico","isPartOf":{"@id":"https:\/\/www.cesenaticohotel.com\/de#website"},"datePublished":"2023-04-20T14:33:27+00:00","dateModified":"2023-08-22T07:13:22+00:00","description":"Der Herbst in der Romagna ist reich an Festen und Feiern, und die Landschaften sind atemberaubend. Buchen Sie Ihren Aufenthalt mit ma\u00dfgeschneiderten Services!","breadcrumb":{"@id":"https:\/\/www.cesenaticohotel.com\/de\/angebote-cesenatico\/fallen#breadcrumb"},"inLanguage":"de","potentialAction":[{"@type":"ReadAction","target":["https:\/\/www.cesenaticohotel.com\/de\/angebote-cesenatico\/fallen"]}]},{"@type":"BreadcrumbList","@id":"https:\/\/www.cesenaticohotel.com\/de\/angebote-cesenatico\/fallen#breadcrumb","itemListElement":[{"@type":"ListItem","position":1,"name":"Home","item":"https:\/\/www.cesenaticohotel.com\/de\/homepage"},{"@type":"ListItem","position":2,"name":"Angebote","item":"https:\/\/www.cesenaticohotel.com\/de\/angebote-cesenatico"},{"@type":"ListItem","position":3,"name":"Herbst"}]},{"@type":"WebSite","@id":"https:\/\/www.cesenaticohotel.com\/de#website","url":"https:\/\/www.cesenaticohotel.com\/de","name":"Cesenatico Hotel","description":"","publisher":{"@id":"https:\/\/www.cesenaticohotel.com\/de#organization"},"potentialAction":[{"@type":"SearchAction","target":{"@type":"EntryPoint","urlTemplate":"https:\/\/www.cesenaticohotel.com\/de?s={search_term_string}"},"query-input":{"@type":"PropertyValueSpecification","valueRequired":true,"valueName":"search_term_string"}}],"inLanguage":"de"},{"@type":"Organization","@id":"https:\/\/www.cesenaticohotel.com\/de#organization","name":"Cesenatico Hotel","url":"https:\/\/www.cesenaticohotel.com\/de","logo":{"@type":"ImageObject","inLanguage":"de","@id":"https:\/\/www.cesenaticohotel.com\/de#\/schema\/logo\/image\/","url":"https:\/\/www.cesenaticohotel.com\/wp-content\/uploads\/2023\/05\/logo-organizzazione.jpg","contentUrl":"https:\/\/www.cesenaticohotel.com\/wp-content\/uploads\/2023\/05\/logo-organizzazione.jpg","width":696,"height":696,"caption":"Cesenatico Hotel"},"image":{"@id":"https:\/\/www.cesenaticohotel.com\/de#\/schema\/logo\/image\/"}}]}},"_links":{"self":[{"href":"https:\/\/www.cesenaticohotel.com\/de\/wp-json\/wp\/v2\/pages\/494","targetHints":{"allow":["GET"]}}],"collection":[{"href":"https:\/\/www.cesenaticohotel.com\/de\/wp-json\/wp\/v2\/pages"}],"about":[{"href":"https:\/\/www.cesenaticohotel.com\/de\/wp-json\/wp\/v2\/types\/page"}],"author":[{"embeddable":true,"href":"https:\/\/www.cesenaticohotel.com\/de\/wp-json\/wp\/v2\/users\/1"}],"replies":[{"embeddable":true,"href":"https:\/\/www.cesenaticohotel.com\/de\/wp-json\/wp\/v2\/comments?post=494"}],"version-history":[{"count":2,"href":"https:\/\/www.cesenaticohotel.com\/de\/wp-json\/wp\/v2\/pages\/494\/revisions"}],"predecessor-version":[{"id":5904,"href":"https:\/\/www.cesenaticohotel.com\/de\/wp-json\/wp\/v2\/pages\/494\/revisions\/5904"}],"up":[{"embeddable":true,"href":"https:\/\/www.cesenaticohotel.com\/de\/wp-json\/wp\/v2\/pages\/521"}],"wp:attachment":[{"href":"https:\/\/www.cesenaticohotel.com\/de\/wp-json\/wp\/v2\/media?parent=494"}],"curies":[{"name":"wp","href":"https:\/\/api.w.org\/{rel}","templated":true}]}}