{"id":511,"date":"2023-04-18T09:29:34","date_gmt":"2023-04-18T07:29:34","guid":{"rendered":"https:\/\/www.cesenaticohotel.com\/?page_id=511"},"modified":"2023-08-22T09:12:05","modified_gmt":"2023-08-22T07:12:05","slug":"hotels","status":"publish","type":"page","link":"https:\/\/www.cesenaticohotel.com\/de\/hotels","title":{"rendered":"Hotel"},"content":{"rendered":"\n<p>Finden Sie Ihr <b>Hotel in Cesenatico<\/b>, indem Sie die f\u00fcr Sie wichtigen Dienstleistungen, Preiskategorie und Kategorie ausw\u00e4hlen. Ob es nun ein Urlaun mit Kindern, ein Paarurlaub, ein Urlaub mit Ihren Haustieren oder ein sportlicher oder Wellness-Urlaub ist, in <b>Cesenatico gibt es ein Hotel f\u00fcr jede Anforderung!<\/b><\/p>\n","protected":false},"excerpt":{"rendered":"<p>Finden Sie Ihr Hotel in Cesenatico, indem Sie die f\u00fcr Sie wichtigen Dienstleistungen, Preiskategorie und Kategorie ausw\u00e4hlen. Ob es nun ein Urlaun mit Kindern, ein Paarurlaub, ein Urlaub mit Ihren Haustieren oder ein sportlicher oder Wellness-Urlaub ist, in Cesenatico gibt es ein Hotel f\u00fcr jede Anforderung!<\/p>\n","protected":false},"author":1,"featured_media":0,"parent":0,"menu_order":0,"comment_status":"closed","ping_status":"closed","template":"page-templates\/lista_hotel.php","meta":{"_acf_changed":false,"inline_featured_image":false,"footnotes":""},"class_list":["post-511","page","type-page","status-publish","hentry"],"acf":[],"yoast_head":"<!-- This site is optimized with the Yoast SEO plugin v27.0 - https:\/\/yoast.com\/product\/yoast-seo-wordpress\/ -->\n<title>Die besten Hotels f\u00fcr jede Anforderung in Cesenatico<\/title>\n<meta name=\"description\" content=\"F\u00fcr Ihren Urlaub in der Romagna w\u00e4hlen Sie die Hotels in Cesenatico: Entdecken Sie die Preise und erhalten Sie eine schnelle und kostenlose Angebotsanfrage per E-Mail.\" \/>\n<meta name=\"robots\" content=\"index, follow, max-snippet:-1, max-image-preview:large, max-video-preview:-1\" \/>\n<link rel=\"canonical\" href=\"https:\/\/www.cesenaticohotel.com\/de\/hotels\" \/>\n<meta property=\"og:locale\" content=\"de_DE\" \/>\n<meta property=\"og:type\" content=\"article\" \/>\n<meta property=\"og:title\" content=\"Die besten Hotels f\u00fcr jede Anforderung in Cesenatico\" \/>\n<meta property=\"og:description\" content=\"F\u00fcr Ihren Urlaub in der Romagna w\u00e4hlen Sie die Hotels in Cesenatico: Entdecken Sie die Preise und erhalten Sie eine schnelle und kostenlose Angebotsanfrage per E-Mail.\" \/>\n<meta property=\"og:url\" content=\"https:\/\/www.cesenaticohotel.com\/de\/hotels\" \/>\n<meta property=\"og:site_name\" content=\"Cesenatico Hotel\" \/>\n<meta property=\"article:modified_time\" content=\"2023-08-22T07:12:05+00:00\" \/>\n<meta property=\"og:image\" content=\"https:\/\/www.cesenaticohotel.com\/wp-content\/uploads\/2023\/05\/immagine-sito.jpg\" \/>\n\t<meta property=\"og:image:width\" content=\"1200\" \/>\n\t<meta property=\"og:image:height\" content=\"675\" \/>\n\t<meta property=\"og:image:type\" content=\"image\/jpeg\" \/>\n<meta name=\"twitter:card\" content=\"summary_large_image\" \/>\n<script type=\"application\/ld+json\" class=\"yoast-schema-graph\">{\"@context\":\"https:\/\/schema.org\",\"@graph\":[{\"@type\":\"WebPage\",\"@id\":\"https:\/\/www.cesenaticohotel.com\/de\/hotels\",\"url\":\"https:\/\/www.cesenaticohotel.com\/de\/hotels\",\"name\":\"Die besten Hotels f\u00fcr jede Anforderung in Cesenatico\",\"isPartOf\":{\"@id\":\"https:\/\/www.cesenaticohotel.com\/de#website\"},\"datePublished\":\"2023-04-18T07:29:34+00:00\",\"dateModified\":\"2023-08-22T07:12:05+00:00\",\"description\":\"F\u00fcr Ihren Urlaub in der Romagna w\u00e4hlen Sie die Hotels in Cesenatico: Entdecken Sie die Preise und erhalten Sie eine schnelle und kostenlose Angebotsanfrage per E-Mail.\",\"breadcrumb\":{\"@id\":\"https:\/\/www.cesenaticohotel.com\/de\/hotels#breadcrumb\"},\"inLanguage\":\"de\",\"potentialAction\":[{\"@type\":\"ReadAction\",\"target\":[\"https:\/\/www.cesenaticohotel.com\/de\/hotels\"]}]},{\"@type\":\"BreadcrumbList\",\"@id\":\"https:\/\/www.cesenaticohotel.com\/de\/hotels#breadcrumb\",\"itemListElement\":[{\"@type\":\"ListItem\",\"position\":1,\"name\":\"Home\",\"item\":\"https:\/\/www.cesenaticohotel.com\/de\/homepage\"},{\"@type\":\"ListItem\",\"position\":2,\"name\":\"Hotel\"}]},{\"@type\":\"WebSite\",\"@id\":\"https:\/\/www.cesenaticohotel.com\/de#website\",\"url\":\"https:\/\/www.cesenaticohotel.com\/de\",\"name\":\"Cesenatico Hotel\",\"description\":\"\",\"publisher\":{\"@id\":\"https:\/\/www.cesenaticohotel.com\/de#organization\"},\"potentialAction\":[{\"@type\":\"SearchAction\",\"target\":{\"@type\":\"EntryPoint\",\"urlTemplate\":\"https:\/\/www.cesenaticohotel.com\/de?s={search_term_string}\"},\"query-input\":{\"@type\":\"PropertyValueSpecification\",\"valueRequired\":true,\"valueName\":\"search_term_string\"}}],\"inLanguage\":\"de\"},{\"@type\":\"Organization\",\"@id\":\"https:\/\/www.cesenaticohotel.com\/de#organization\",\"name\":\"Cesenatico Hotel\",\"url\":\"https:\/\/www.cesenaticohotel.com\/de\",\"logo\":{\"@type\":\"ImageObject\",\"inLanguage\":\"de\",\"@id\":\"https:\/\/www.cesenaticohotel.com\/de#\/schema\/logo\/image\/\",\"url\":\"https:\/\/www.cesenaticohotel.com\/wp-content\/uploads\/2023\/05\/logo-organizzazione.jpg\",\"contentUrl\":\"https:\/\/www.cesenaticohotel.com\/wp-content\/uploads\/2023\/05\/logo-organizzazione.jpg\",\"width\":696,\"height\":696,\"caption\":\"Cesenatico Hotel\"},\"image\":{\"@id\":\"https:\/\/www.cesenaticohotel.com\/de#\/schema\/logo\/image\/\"}}]}<\/script>\n<!-- \/ Yoast SEO plugin. -->","yoast_head_json":{"title":"Die besten Hotels f\u00fcr jede Anforderung in Cesenatico","description":"F\u00fcr Ihren Urlaub in der Romagna w\u00e4hlen Sie die Hotels in Cesenatico: Entdecken Sie die Preise und erhalten Sie eine schnelle und kostenlose Angebotsanfrage per E-Mail.","robots":{"index":"index","follow":"follow","max-snippet":"max-snippet:-1","max-image-preview":"max-image-preview:large","max-video-preview":"max-video-preview:-1"},"canonical":"https:\/\/www.cesenaticohotel.com\/de\/hotels","og_locale":"de_DE","og_type":"article","og_title":"Die besten Hotels f\u00fcr jede Anforderung in Cesenatico","og_description":"F\u00fcr Ihren Urlaub in der Romagna w\u00e4hlen Sie die Hotels in Cesenatico: Entdecken Sie die Preise und erhalten Sie eine schnelle und kostenlose Angebotsanfrage per E-Mail.","og_url":"https:\/\/www.cesenaticohotel.com\/de\/hotels","og_site_name":"Cesenatico Hotel","article_modified_time":"2023-08-22T07:12:05+00:00","og_image":[{"width":1200,"height":675,"url":"https:\/\/www.cesenaticohotel.com\/wp-content\/uploads\/2023\/05\/immagine-sito.jpg","type":"image\/jpeg"}],"twitter_card":"summary_large_image","schema":{"@context":"https:\/\/schema.org","@graph":[{"@type":"WebPage","@id":"https:\/\/www.cesenaticohotel.com\/de\/hotels","url":"https:\/\/www.cesenaticohotel.com\/de\/hotels","name":"Die besten Hotels f\u00fcr jede Anforderung in Cesenatico","isPartOf":{"@id":"https:\/\/www.cesenaticohotel.com\/de#website"},"datePublished":"2023-04-18T07:29:34+00:00","dateModified":"2023-08-22T07:12:05+00:00","description":"F\u00fcr Ihren Urlaub in der Romagna w\u00e4hlen Sie die Hotels in Cesenatico: Entdecken Sie die Preise und erhalten Sie eine schnelle und kostenlose Angebotsanfrage per E-Mail.","breadcrumb":{"@id":"https:\/\/www.cesenaticohotel.com\/de\/hotels#breadcrumb"},"inLanguage":"de","potentialAction":[{"@type":"ReadAction","target":["https:\/\/www.cesenaticohotel.com\/de\/hotels"]}]},{"@type":"BreadcrumbList","@id":"https:\/\/www.cesenaticohotel.com\/de\/hotels#breadcrumb","itemListElement":[{"@type":"ListItem","position":1,"name":"Home","item":"https:\/\/www.cesenaticohotel.com\/de\/homepage"},{"@type":"ListItem","position":2,"name":"Hotel"}]},{"@type":"WebSite","@id":"https:\/\/www.cesenaticohotel.com\/de#website","url":"https:\/\/www.cesenaticohotel.com\/de","name":"Cesenatico Hotel","description":"","publisher":{"@id":"https:\/\/www.cesenaticohotel.com\/de#organization"},"potentialAction":[{"@type":"SearchAction","target":{"@type":"EntryPoint","urlTemplate":"https:\/\/www.cesenaticohotel.com\/de?s={search_term_string}"},"query-input":{"@type":"PropertyValueSpecification","valueRequired":true,"valueName":"search_term_string"}}],"inLanguage":"de"},{"@type":"Organization","@id":"https:\/\/www.cesenaticohotel.com\/de#organization","name":"Cesenatico Hotel","url":"https:\/\/www.cesenaticohotel.com\/de","logo":{"@type":"ImageObject","inLanguage":"de","@id":"https:\/\/www.cesenaticohotel.com\/de#\/schema\/logo\/image\/","url":"https:\/\/www.cesenaticohotel.com\/wp-content\/uploads\/2023\/05\/logo-organizzazione.jpg","contentUrl":"https:\/\/www.cesenaticohotel.com\/wp-content\/uploads\/2023\/05\/logo-organizzazione.jpg","width":696,"height":696,"caption":"Cesenatico Hotel"},"image":{"@id":"https:\/\/www.cesenaticohotel.com\/de#\/schema\/logo\/image\/"}}]}},"_links":{"self":[{"href":"https:\/\/www.cesenaticohotel.com\/de\/wp-json\/wp\/v2\/pages\/511","targetHints":{"allow":["GET"]}}],"collection":[{"href":"https:\/\/www.cesenaticohotel.com\/de\/wp-json\/wp\/v2\/pages"}],"about":[{"href":"https:\/\/www.cesenaticohotel.com\/de\/wp-json\/wp\/v2\/types\/page"}],"author":[{"embeddable":true,"href":"https:\/\/www.cesenaticohotel.com\/de\/wp-json\/wp\/v2\/users\/1"}],"replies":[{"embeddable":true,"href":"https:\/\/www.cesenaticohotel.com\/de\/wp-json\/wp\/v2\/comments?post=511"}],"version-history":[{"count":3,"href":"https:\/\/www.cesenaticohotel.com\/de\/wp-json\/wp\/v2\/pages\/511\/revisions"}],"predecessor-version":[{"id":5849,"href":"https:\/\/www.cesenaticohotel.com\/de\/wp-json\/wp\/v2\/pages\/511\/revisions\/5849"}],"wp:attachment":[{"href":"https:\/\/www.cesenaticohotel.com\/de\/wp-json\/wp\/v2\/media?parent=511"}],"curies":[{"name":"wp","href":"https:\/\/api.w.org\/{rel}","templated":true}]}}