{"id":521,"date":"2023-04-18T09:29:48","date_gmt":"2023-04-18T07:29:48","guid":{"rendered":"https:\/\/www.cesenaticohotel.com\/?page_id=521"},"modified":"2023-08-22T09:12:11","modified_gmt":"2023-08-22T07:12:11","slug":"angebote-cesenatico","status":"publish","type":"page","link":"https:\/\/www.cesenaticohotel.com\/de\/angebote-cesenatico","title":{"rendered":"Angebote"},"content":{"rendered":"\n<p>Reisen Sie als Paar, Familie oder mit Freunden? Suchen Sie einen Sporturlaub oder m\u00f6chten Sie auf Wellness nicht verzichten? Schauen Sie sich die <b>Angebote der Hotels in Cesenatico<\/b> an und buchen Sie Ihren idealen Aufenthalt.<\/p>\n","protected":false},"excerpt":{"rendered":"<p>Reisen Sie als Paar, Familie oder mit Freunden? Suchen Sie einen Sporturlaub oder m\u00f6chten Sie auf Wellness nicht verzichten? Schauen Sie sich die Angebote der Hotels in Cesenatico an und buchen Sie Ihren idealen Aufenthalt.<\/p>\n","protected":false},"author":1,"featured_media":0,"parent":0,"menu_order":0,"comment_status":"closed","ping_status":"closed","template":"page-templates\/lista_offerte.php","meta":{"_acf_changed":false,"inline_featured_image":false,"footnotes":""},"class_list":["post-521","page","type-page","status-publish","hentry"],"acf":[],"yoast_head":"<!-- This site is optimized with the Yoast SEO plugin v27.0 - https:\/\/yoast.com\/product\/yoast-seo-wordpress\/ -->\n<title>Unverzichtbare Angebote in Cesenatico f\u00fcr Ihren idealen Urlaub<\/title>\n<meta name=\"description\" content=\"Die besten Angebote f\u00fcr einen unvergesslichen Aufenthalt in der Romagna. W\u00e4hlen Sie ma\u00dfgeschneiderte Dienstleistungen und buchen Sie jetzt!\" \/>\n<meta name=\"robots\" content=\"index, follow, max-snippet:-1, max-image-preview:large, max-video-preview:-1\" \/>\n<link rel=\"canonical\" href=\"https:\/\/www.cesenaticohotel.com\/de\/angebote-cesenatico\" \/>\n<meta property=\"og:locale\" content=\"de_DE\" \/>\n<meta property=\"og:type\" content=\"article\" \/>\n<meta property=\"og:title\" content=\"Unverzichtbare Angebote in Cesenatico f\u00fcr Ihren idealen Urlaub\" \/>\n<meta property=\"og:description\" content=\"Die besten Angebote f\u00fcr einen unvergesslichen Aufenthalt in der Romagna. W\u00e4hlen Sie ma\u00dfgeschneiderte Dienstleistungen und buchen Sie jetzt!\" \/>\n<meta property=\"og:url\" content=\"https:\/\/www.cesenaticohotel.com\/de\/angebote-cesenatico\" \/>\n<meta property=\"og:site_name\" content=\"Cesenatico Hotel\" \/>\n<meta property=\"article:modified_time\" content=\"2023-08-22T07:12:11+00:00\" \/>\n<meta property=\"og:image\" content=\"https:\/\/www.cesenaticohotel.com\/wp-content\/uploads\/2023\/05\/immagine-sito.jpg\" \/>\n\t<meta property=\"og:image:width\" content=\"1200\" \/>\n\t<meta property=\"og:image:height\" content=\"675\" \/>\n\t<meta property=\"og:image:type\" content=\"image\/jpeg\" \/>\n<meta name=\"twitter:card\" content=\"summary_large_image\" \/>\n<script type=\"application\/ld+json\" class=\"yoast-schema-graph\">{\"@context\":\"https:\/\/schema.org\",\"@graph\":[{\"@type\":\"WebPage\",\"@id\":\"https:\/\/www.cesenaticohotel.com\/de\/angebote-cesenatico\",\"url\":\"https:\/\/www.cesenaticohotel.com\/de\/angebote-cesenatico\",\"name\":\"Unverzichtbare Angebote in Cesenatico f\u00fcr Ihren idealen Urlaub\",\"isPartOf\":{\"@id\":\"https:\/\/www.cesenaticohotel.com\/de#website\"},\"datePublished\":\"2023-04-18T07:29:48+00:00\",\"dateModified\":\"2023-08-22T07:12:11+00:00\",\"description\":\"Die besten Angebote f\u00fcr einen unvergesslichen Aufenthalt in der Romagna. W\u00e4hlen Sie ma\u00dfgeschneiderte Dienstleistungen und buchen Sie jetzt!\",\"breadcrumb\":{\"@id\":\"https:\/\/www.cesenaticohotel.com\/de\/angebote-cesenatico#breadcrumb\"},\"inLanguage\":\"de\",\"potentialAction\":[{\"@type\":\"ReadAction\",\"target\":[\"https:\/\/www.cesenaticohotel.com\/de\/angebote-cesenatico\"]}]},{\"@type\":\"BreadcrumbList\",\"@id\":\"https:\/\/www.cesenaticohotel.com\/de\/angebote-cesenatico#breadcrumb\",\"itemListElement\":[{\"@type\":\"ListItem\",\"position\":1,\"name\":\"Home\",\"item\":\"https:\/\/www.cesenaticohotel.com\/de\/homepage\"},{\"@type\":\"ListItem\",\"position\":2,\"name\":\"Angebote\"}]},{\"@type\":\"WebSite\",\"@id\":\"https:\/\/www.cesenaticohotel.com\/de#website\",\"url\":\"https:\/\/www.cesenaticohotel.com\/de\",\"name\":\"Cesenatico Hotel\",\"description\":\"\",\"publisher\":{\"@id\":\"https:\/\/www.cesenaticohotel.com\/de#organization\"},\"potentialAction\":[{\"@type\":\"SearchAction\",\"target\":{\"@type\":\"EntryPoint\",\"urlTemplate\":\"https:\/\/www.cesenaticohotel.com\/de?s={search_term_string}\"},\"query-input\":{\"@type\":\"PropertyValueSpecification\",\"valueRequired\":true,\"valueName\":\"search_term_string\"}}],\"inLanguage\":\"de\"},{\"@type\":\"Organization\",\"@id\":\"https:\/\/www.cesenaticohotel.com\/de#organization\",\"name\":\"Cesenatico Hotel\",\"url\":\"https:\/\/www.cesenaticohotel.com\/de\",\"logo\":{\"@type\":\"ImageObject\",\"inLanguage\":\"de\",\"@id\":\"https:\/\/www.cesenaticohotel.com\/de#\/schema\/logo\/image\/\",\"url\":\"https:\/\/www.cesenaticohotel.com\/wp-content\/uploads\/2023\/05\/logo-organizzazione.jpg\",\"contentUrl\":\"https:\/\/www.cesenaticohotel.com\/wp-content\/uploads\/2023\/05\/logo-organizzazione.jpg\",\"width\":696,\"height\":696,\"caption\":\"Cesenatico Hotel\"},\"image\":{\"@id\":\"https:\/\/www.cesenaticohotel.com\/de#\/schema\/logo\/image\/\"}}]}<\/script>\n<!-- \/ Yoast SEO plugin. -->","yoast_head_json":{"title":"Unverzichtbare Angebote in Cesenatico f\u00fcr Ihren idealen Urlaub","description":"Die besten Angebote f\u00fcr einen unvergesslichen Aufenthalt in der Romagna. W\u00e4hlen Sie ma\u00dfgeschneiderte Dienstleistungen und buchen Sie jetzt!","robots":{"index":"index","follow":"follow","max-snippet":"max-snippet:-1","max-image-preview":"max-image-preview:large","max-video-preview":"max-video-preview:-1"},"canonical":"https:\/\/www.cesenaticohotel.com\/de\/angebote-cesenatico","og_locale":"de_DE","og_type":"article","og_title":"Unverzichtbare Angebote in Cesenatico f\u00fcr Ihren idealen Urlaub","og_description":"Die besten Angebote f\u00fcr einen unvergesslichen Aufenthalt in der Romagna. W\u00e4hlen Sie ma\u00dfgeschneiderte Dienstleistungen und buchen Sie jetzt!","og_url":"https:\/\/www.cesenaticohotel.com\/de\/angebote-cesenatico","og_site_name":"Cesenatico Hotel","article_modified_time":"2023-08-22T07:12:11+00:00","og_image":[{"width":1200,"height":675,"url":"https:\/\/www.cesenaticohotel.com\/wp-content\/uploads\/2023\/05\/immagine-sito.jpg","type":"image\/jpeg"}],"twitter_card":"summary_large_image","schema":{"@context":"https:\/\/schema.org","@graph":[{"@type":"WebPage","@id":"https:\/\/www.cesenaticohotel.com\/de\/angebote-cesenatico","url":"https:\/\/www.cesenaticohotel.com\/de\/angebote-cesenatico","name":"Unverzichtbare Angebote in Cesenatico f\u00fcr Ihren idealen Urlaub","isPartOf":{"@id":"https:\/\/www.cesenaticohotel.com\/de#website"},"datePublished":"2023-04-18T07:29:48+00:00","dateModified":"2023-08-22T07:12:11+00:00","description":"Die besten Angebote f\u00fcr einen unvergesslichen Aufenthalt in der Romagna. W\u00e4hlen Sie ma\u00dfgeschneiderte Dienstleistungen und buchen Sie jetzt!","breadcrumb":{"@id":"https:\/\/www.cesenaticohotel.com\/de\/angebote-cesenatico#breadcrumb"},"inLanguage":"de","potentialAction":[{"@type":"ReadAction","target":["https:\/\/www.cesenaticohotel.com\/de\/angebote-cesenatico"]}]},{"@type":"BreadcrumbList","@id":"https:\/\/www.cesenaticohotel.com\/de\/angebote-cesenatico#breadcrumb","itemListElement":[{"@type":"ListItem","position":1,"name":"Home","item":"https:\/\/www.cesenaticohotel.com\/de\/homepage"},{"@type":"ListItem","position":2,"name":"Angebote"}]},{"@type":"WebSite","@id":"https:\/\/www.cesenaticohotel.com\/de#website","url":"https:\/\/www.cesenaticohotel.com\/de","name":"Cesenatico Hotel","description":"","publisher":{"@id":"https:\/\/www.cesenaticohotel.com\/de#organization"},"potentialAction":[{"@type":"SearchAction","target":{"@type":"EntryPoint","urlTemplate":"https:\/\/www.cesenaticohotel.com\/de?s={search_term_string}"},"query-input":{"@type":"PropertyValueSpecification","valueRequired":true,"valueName":"search_term_string"}}],"inLanguage":"de"},{"@type":"Organization","@id":"https:\/\/www.cesenaticohotel.com\/de#organization","name":"Cesenatico Hotel","url":"https:\/\/www.cesenaticohotel.com\/de","logo":{"@type":"ImageObject","inLanguage":"de","@id":"https:\/\/www.cesenaticohotel.com\/de#\/schema\/logo\/image\/","url":"https:\/\/www.cesenaticohotel.com\/wp-content\/uploads\/2023\/05\/logo-organizzazione.jpg","contentUrl":"https:\/\/www.cesenaticohotel.com\/wp-content\/uploads\/2023\/05\/logo-organizzazione.jpg","width":696,"height":696,"caption":"Cesenatico Hotel"},"image":{"@id":"https:\/\/www.cesenaticohotel.com\/de#\/schema\/logo\/image\/"}}]}},"_links":{"self":[{"href":"https:\/\/www.cesenaticohotel.com\/de\/wp-json\/wp\/v2\/pages\/521","targetHints":{"allow":["GET"]}}],"collection":[{"href":"https:\/\/www.cesenaticohotel.com\/de\/wp-json\/wp\/v2\/pages"}],"about":[{"href":"https:\/\/www.cesenaticohotel.com\/de\/wp-json\/wp\/v2\/types\/page"}],"author":[{"embeddable":true,"href":"https:\/\/www.cesenaticohotel.com\/de\/wp-json\/wp\/v2\/users\/1"}],"replies":[{"embeddable":true,"href":"https:\/\/www.cesenaticohotel.com\/de\/wp-json\/wp\/v2\/comments?post=521"}],"version-history":[{"count":2,"href":"https:\/\/www.cesenaticohotel.com\/de\/wp-json\/wp\/v2\/pages\/521\/revisions"}],"predecessor-version":[{"id":5850,"href":"https:\/\/www.cesenaticohotel.com\/de\/wp-json\/wp\/v2\/pages\/521\/revisions\/5850"}],"wp:attachment":[{"href":"https:\/\/www.cesenaticohotel.com\/de\/wp-json\/wp\/v2\/media?parent=521"}],"curies":[{"name":"wp","href":"https:\/\/api.w.org\/{rel}","templated":true}]}}