{"id":524,"date":"2023-04-20T16:57:05","date_gmt":"2023-04-20T14:57:05","guid":{"rendered":"https:\/\/www.cesenaticohotel.com\/?page_id=524"},"modified":"2023-08-22T09:13:24","modified_gmt":"2023-08-22T07:13:24","slug":"angebote","status":"publish","type":"page","link":"https:\/\/www.cesenaticohotel.com\/de\/angebote","title":{"rendered":"Angebote"},"content":{"rendered":"\n<p>Entdecken Sie die <b>Angebote der Hotels in Cesenatico<\/b>: W\u00e4hlen Sie den Zeitraum oder die Art des Urlaubs und fordern Sie unverbindlich ein <b>personalisiertes Angebot<\/b> an.<\/p>\n","protected":false},"excerpt":{"rendered":"<p>Entdecken Sie die Angebote der Hotels in Cesenatico: W\u00e4hlen Sie den Zeitraum oder die Art des Urlaubs und fordern Sie unverbindlich ein personalisiertes Angebot an.<\/p>\n","protected":false},"author":1,"featured_media":0,"parent":0,"menu_order":0,"comment_status":"closed","ping_status":"closed","template":"page-templates\/smistamento_offerte.php","meta":{"_acf_changed":false,"inline_featured_image":false,"footnotes":""},"class_list":["post-524","page","type-page","status-publish","hentry"],"acf":[],"yoast_head":"<!-- This site is optimized with the Yoast SEO plugin v27.0 - https:\/\/yoast.com\/product\/yoast-seo-wordpress\/ -->\n<title>Angebote f\u00fcr einen Urlaub in Cesenatico: individuelles Angebot<\/title>\n<meta name=\"description\" content=\"Tr\u00e4umen Sie von einem Urlaub an der Riviera? Dann lassen Sie sich von den besten Angeboten f\u00fcr einen Aufenthalt in Cesenatico leiten. Kostenlose und schnelle Kostenvoranschl\u00e4ge!\" \/>\n<meta name=\"robots\" content=\"index, follow, max-snippet:-1, max-image-preview:large, max-video-preview:-1\" \/>\n<link rel=\"canonical\" href=\"https:\/\/www.cesenaticohotel.com\/de\/angebote\" \/>\n<meta property=\"og:locale\" content=\"de_DE\" \/>\n<meta property=\"og:type\" content=\"article\" \/>\n<meta property=\"og:title\" content=\"Angebote f\u00fcr einen Urlaub in Cesenatico: individuelles Angebot\" \/>\n<meta property=\"og:description\" content=\"Tr\u00e4umen Sie von einem Urlaub an der Riviera? Dann lassen Sie sich von den besten Angeboten f\u00fcr einen Aufenthalt in Cesenatico leiten. Kostenlose und schnelle Kostenvoranschl\u00e4ge!\" \/>\n<meta property=\"og:url\" content=\"https:\/\/www.cesenaticohotel.com\/de\/angebote\" \/>\n<meta property=\"og:site_name\" content=\"Cesenatico Hotel\" \/>\n<meta property=\"article:modified_time\" content=\"2023-08-22T07:13:24+00:00\" \/>\n<meta property=\"og:image\" content=\"https:\/\/www.cesenaticohotel.com\/wp-content\/uploads\/2023\/05\/immagine-sito.jpg\" \/>\n\t<meta property=\"og:image:width\" content=\"1200\" \/>\n\t<meta property=\"og:image:height\" content=\"675\" \/>\n\t<meta property=\"og:image:type\" content=\"image\/jpeg\" \/>\n<meta name=\"twitter:card\" content=\"summary_large_image\" \/>\n<script type=\"application\/ld+json\" class=\"yoast-schema-graph\">{\"@context\":\"https:\/\/schema.org\",\"@graph\":[{\"@type\":\"WebPage\",\"@id\":\"https:\/\/www.cesenaticohotel.com\/de\/angebote\",\"url\":\"https:\/\/www.cesenaticohotel.com\/de\/angebote\",\"name\":\"Angebote f\u00fcr einen Urlaub in Cesenatico: individuelles Angebot\",\"isPartOf\":{\"@id\":\"https:\/\/www.cesenaticohotel.com\/de#website\"},\"datePublished\":\"2023-04-20T14:57:05+00:00\",\"dateModified\":\"2023-08-22T07:13:24+00:00\",\"description\":\"Tr\u00e4umen Sie von einem Urlaub an der Riviera? Dann lassen Sie sich von den besten Angeboten f\u00fcr einen Aufenthalt in Cesenatico leiten. Kostenlose und schnelle Kostenvoranschl\u00e4ge!\",\"breadcrumb\":{\"@id\":\"https:\/\/www.cesenaticohotel.com\/de\/angebote#breadcrumb\"},\"inLanguage\":\"de\",\"potentialAction\":[{\"@type\":\"ReadAction\",\"target\":[\"https:\/\/www.cesenaticohotel.com\/de\/angebote\"]}]},{\"@type\":\"BreadcrumbList\",\"@id\":\"https:\/\/www.cesenaticohotel.com\/de\/angebote#breadcrumb\",\"itemListElement\":[{\"@type\":\"ListItem\",\"position\":1,\"name\":\"Home\",\"item\":\"https:\/\/www.cesenaticohotel.com\/de\/homepage\"},{\"@type\":\"ListItem\",\"position\":2,\"name\":\"Angebote\"}]},{\"@type\":\"WebSite\",\"@id\":\"https:\/\/www.cesenaticohotel.com\/de#website\",\"url\":\"https:\/\/www.cesenaticohotel.com\/de\",\"name\":\"Cesenatico Hotel\",\"description\":\"\",\"publisher\":{\"@id\":\"https:\/\/www.cesenaticohotel.com\/de#organization\"},\"potentialAction\":[{\"@type\":\"SearchAction\",\"target\":{\"@type\":\"EntryPoint\",\"urlTemplate\":\"https:\/\/www.cesenaticohotel.com\/de?s={search_term_string}\"},\"query-input\":{\"@type\":\"PropertyValueSpecification\",\"valueRequired\":true,\"valueName\":\"search_term_string\"}}],\"inLanguage\":\"de\"},{\"@type\":\"Organization\",\"@id\":\"https:\/\/www.cesenaticohotel.com\/de#organization\",\"name\":\"Cesenatico Hotel\",\"url\":\"https:\/\/www.cesenaticohotel.com\/de\",\"logo\":{\"@type\":\"ImageObject\",\"inLanguage\":\"de\",\"@id\":\"https:\/\/www.cesenaticohotel.com\/de#\/schema\/logo\/image\/\",\"url\":\"https:\/\/www.cesenaticohotel.com\/wp-content\/uploads\/2023\/05\/logo-organizzazione.jpg\",\"contentUrl\":\"https:\/\/www.cesenaticohotel.com\/wp-content\/uploads\/2023\/05\/logo-organizzazione.jpg\",\"width\":696,\"height\":696,\"caption\":\"Cesenatico Hotel\"},\"image\":{\"@id\":\"https:\/\/www.cesenaticohotel.com\/de#\/schema\/logo\/image\/\"}}]}<\/script>\n<!-- \/ Yoast SEO plugin. -->","yoast_head_json":{"title":"Angebote f\u00fcr einen Urlaub in Cesenatico: individuelles Angebot","description":"Tr\u00e4umen Sie von einem Urlaub an der Riviera? Dann lassen Sie sich von den besten Angeboten f\u00fcr einen Aufenthalt in Cesenatico leiten. Kostenlose und schnelle Kostenvoranschl\u00e4ge!","robots":{"index":"index","follow":"follow","max-snippet":"max-snippet:-1","max-image-preview":"max-image-preview:large","max-video-preview":"max-video-preview:-1"},"canonical":"https:\/\/www.cesenaticohotel.com\/de\/angebote","og_locale":"de_DE","og_type":"article","og_title":"Angebote f\u00fcr einen Urlaub in Cesenatico: individuelles Angebot","og_description":"Tr\u00e4umen Sie von einem Urlaub an der Riviera? Dann lassen Sie sich von den besten Angeboten f\u00fcr einen Aufenthalt in Cesenatico leiten. Kostenlose und schnelle Kostenvoranschl\u00e4ge!","og_url":"https:\/\/www.cesenaticohotel.com\/de\/angebote","og_site_name":"Cesenatico Hotel","article_modified_time":"2023-08-22T07:13:24+00:00","og_image":[{"width":1200,"height":675,"url":"https:\/\/www.cesenaticohotel.com\/wp-content\/uploads\/2023\/05\/immagine-sito.jpg","type":"image\/jpeg"}],"twitter_card":"summary_large_image","schema":{"@context":"https:\/\/schema.org","@graph":[{"@type":"WebPage","@id":"https:\/\/www.cesenaticohotel.com\/de\/angebote","url":"https:\/\/www.cesenaticohotel.com\/de\/angebote","name":"Angebote f\u00fcr einen Urlaub in Cesenatico: individuelles Angebot","isPartOf":{"@id":"https:\/\/www.cesenaticohotel.com\/de#website"},"datePublished":"2023-04-20T14:57:05+00:00","dateModified":"2023-08-22T07:13:24+00:00","description":"Tr\u00e4umen Sie von einem Urlaub an der Riviera? Dann lassen Sie sich von den besten Angeboten f\u00fcr einen Aufenthalt in Cesenatico leiten. Kostenlose und schnelle Kostenvoranschl\u00e4ge!","breadcrumb":{"@id":"https:\/\/www.cesenaticohotel.com\/de\/angebote#breadcrumb"},"inLanguage":"de","potentialAction":[{"@type":"ReadAction","target":["https:\/\/www.cesenaticohotel.com\/de\/angebote"]}]},{"@type":"BreadcrumbList","@id":"https:\/\/www.cesenaticohotel.com\/de\/angebote#breadcrumb","itemListElement":[{"@type":"ListItem","position":1,"name":"Home","item":"https:\/\/www.cesenaticohotel.com\/de\/homepage"},{"@type":"ListItem","position":2,"name":"Angebote"}]},{"@type":"WebSite","@id":"https:\/\/www.cesenaticohotel.com\/de#website","url":"https:\/\/www.cesenaticohotel.com\/de","name":"Cesenatico Hotel","description":"","publisher":{"@id":"https:\/\/www.cesenaticohotel.com\/de#organization"},"potentialAction":[{"@type":"SearchAction","target":{"@type":"EntryPoint","urlTemplate":"https:\/\/www.cesenaticohotel.com\/de?s={search_term_string}"},"query-input":{"@type":"PropertyValueSpecification","valueRequired":true,"valueName":"search_term_string"}}],"inLanguage":"de"},{"@type":"Organization","@id":"https:\/\/www.cesenaticohotel.com\/de#organization","name":"Cesenatico Hotel","url":"https:\/\/www.cesenaticohotel.com\/de","logo":{"@type":"ImageObject","inLanguage":"de","@id":"https:\/\/www.cesenaticohotel.com\/de#\/schema\/logo\/image\/","url":"https:\/\/www.cesenaticohotel.com\/wp-content\/uploads\/2023\/05\/logo-organizzazione.jpg","contentUrl":"https:\/\/www.cesenaticohotel.com\/wp-content\/uploads\/2023\/05\/logo-organizzazione.jpg","width":696,"height":696,"caption":"Cesenatico Hotel"},"image":{"@id":"https:\/\/www.cesenaticohotel.com\/de#\/schema\/logo\/image\/"}}]}},"_links":{"self":[{"href":"https:\/\/www.cesenaticohotel.com\/de\/wp-json\/wp\/v2\/pages\/524","targetHints":{"allow":["GET"]}}],"collection":[{"href":"https:\/\/www.cesenaticohotel.com\/de\/wp-json\/wp\/v2\/pages"}],"about":[{"href":"https:\/\/www.cesenaticohotel.com\/de\/wp-json\/wp\/v2\/types\/page"}],"author":[{"embeddable":true,"href":"https:\/\/www.cesenaticohotel.com\/de\/wp-json\/wp\/v2\/users\/1"}],"replies":[{"embeddable":true,"href":"https:\/\/www.cesenaticohotel.com\/de\/wp-json\/wp\/v2\/comments?post=524"}],"version-history":[{"count":2,"href":"https:\/\/www.cesenaticohotel.com\/de\/wp-json\/wp\/v2\/pages\/524\/revisions"}],"predecessor-version":[{"id":5907,"href":"https:\/\/www.cesenaticohotel.com\/de\/wp-json\/wp\/v2\/pages\/524\/revisions\/5907"}],"wp:attachment":[{"href":"https:\/\/www.cesenaticohotel.com\/de\/wp-json\/wp\/v2\/media?parent=524"}],"curies":[{"name":"wp","href":"https:\/\/api.w.org\/{rel}","templated":true}]}}