{"id":5267,"date":"2023-07-18T16:26:39","date_gmt":"2023-07-18T14:26:39","guid":{"rendered":"https:\/\/www.cesenaticohotel.com\/hotels\/grand-hotel-cesenatico"},"modified":"2023-08-22T09:14:55","modified_gmt":"2023-08-22T07:14:55","slug":"grand-hotel-cesenatico","status":"publish","type":"page","link":"https:\/\/www.cesenaticohotel.com\/de\/hotels\/grand-hotel-cesenatico","title":{"rendered":"Grand Hotel Cesenatico"},"content":{"rendered":"\n<p>Mit seiner wundersch\u00f6nen Lage im Herzen von Cesenatico und direkt am Meer ist das <b>Grand Hotel Cesenatico <\/b>schon immer eine Referenz f\u00fcr <b>exklusive Urlaubserlebnisse<\/b> gewesen.<\/p>\n\n\n\n<p>Das elegante historische Geb\u00e4ude aus dem Jahr 1929, das mit den <b>modernsten Annehmlichkeiten der Hotellerie<\/b> und einer sorgf\u00e4ltigen Liebe zum Detail ausgestattet ist, ist der ideale Ort f\u00fcr diejenigen, die stilvolle Aufenthalte in Cesenatico suchen. Lieben Sie es, lange entspannte Tage am Strand zu verbringen? Der <b>private Strandbereich,<\/b> der exklusiv f\u00fcr G\u00e4ste zug\u00e4nglich ist, befindet sich direkt vor dem Hotel und bietet Liegest\u00fchle, Sonnenschirme und eine private Kabine. Sie k\u00f6nnen auch im eleganten <b>Restaurant direkt am Meer<\/b> zu Mittag essen. Wenn Sie lieber den<b> Pool<\/b> bevorzugen, finden Sie im Grand Hotel Cesenatico einen wundersch\u00f6nen Pool nur wenige Meter vom Strand entfernt, umgeben von Liegest\u00fchlen und Sonnenschirmen.<\/p>\n\n\n\n<!--more-->\n\n\n\n<p>Das <b>kulinarische Erlebnis<\/b> im Grand Hotel Cesenatico vereint das Beste der italienischen K\u00fcche, kreativ neu interpretiert, und einen erstklassigen Service. Der Chefkoch bietet t\u00e4glich frisch zubereitete Spezialit\u00e4ten an, die in einem <b>Saal im Liberty-Stil<\/b> serviert werden, der den Zauber der Vergangenheit wieder aufleben l\u00e4sst. H\u00f6chste Qualit\u00e4t der Zutaten, Saisonalit\u00e4t, Frische und R\u00fccksicht auf die <b>Bed\u00fcrfnisse von Kindern<\/b>, <b>Allergikern und Z\u00f6liakiepatienten<\/b> runden das gastronomische Angebot ab. Das <b>Fr\u00fchst\u00fcck<\/b> wird sowohl im <b>Saal<\/b> als auch auf der <b>panoramischen Terrasse mit Meerblick<\/b> serviert.<\/p>\n\n\n\n<p>Das Hotel organisiert <b>gef\u00fchrte Fahrradausfl\u00fcge<\/b>,<b> Tennisstunden<\/b> auf dem eigenen Platz und thematische <b>Strandpartys<\/b>. Den G\u00e4sten stehen <b>Parkpl\u00e4tze<\/b>, eine <b>Ladestation f\u00fcr Elektroautos <\/b>und kostenlose<b> Fahrr\u00e4der <\/b>zur Verf\u00fcgung.<\/p>\n","protected":false},"excerpt":{"rendered":"<p>Mit seiner wundersch\u00f6nen Lage im Herzen von Cesenatico und direkt am Meer ist das Grand Hotel Cesenatico schon immer eine Referenz f\u00fcr exklusive Urlaubserlebnisse gewesen. Das elegante historische Geb\u00e4ude aus dem Jahr 1929, das mit den modernsten Annehmlichkeiten der Hotellerie und einer sorgf\u00e4ltigen Liebe zum Detail ausgestattet ist, ist der ideale Ort f\u00fcr diejenigen, die &hellip;<\/p>\n","protected":false},"author":1,"featured_media":0,"parent":511,"menu_order":0,"comment_status":"closed","ping_status":"closed","template":"page-templates\/scheda_hotel.php","meta":{"_acf_changed":false,"inline_featured_image":false,"footnotes":""},"class_list":["post-5267","page","type-page","status-publish","hentry"],"acf":[],"yoast_head":"<!-- This site is optimized with the Yoast SEO plugin v27.0 - https:\/\/yoast.com\/product\/yoast-seo-wordpress\/ -->\n<title>Grand Hotel Cesenatico**** in Cesenatico: Hotel f\u00fcr Paare und Familien<\/title>\n<meta name=\"description\" content=\"Das Grand Hotel Cesenatico liegt direkt am privaten Strand, verf\u00fcgt \u00fcber einen Pool, ein exzellentes Restaurant und eine exklusive Atmosph\u00e4re.\" \/>\n<meta name=\"robots\" content=\"index, follow, max-snippet:-1, max-image-preview:large, max-video-preview:-1\" \/>\n<link rel=\"canonical\" href=\"https:\/\/www.cesenaticohotel.com\/de\/hotels\/grand-hotel-cesenatico\" \/>\n<meta property=\"og:locale\" content=\"de_DE\" \/>\n<meta property=\"og:type\" content=\"article\" \/>\n<meta property=\"og:title\" content=\"Grand Hotel Cesenatico**** in Cesenatico: Hotel f\u00fcr Paare und Familien\" \/>\n<meta property=\"og:description\" content=\"Das Grand Hotel Cesenatico liegt direkt am privaten Strand, verf\u00fcgt \u00fcber einen Pool, ein exzellentes Restaurant und eine exklusive Atmosph\u00e4re.\" \/>\n<meta property=\"og:url\" content=\"https:\/\/www.cesenaticohotel.com\/de\/hotels\/grand-hotel-cesenatico\" \/>\n<meta property=\"og:site_name\" content=\"Cesenatico Hotel\" \/>\n<meta property=\"article:modified_time\" content=\"2023-08-22T07:14:55+00:00\" \/>\n<meta property=\"og:image\" content=\"https:\/\/www.cesenaticohotel.com\/wp-content\/uploads\/2023\/05\/immagine-sito.jpg\" \/>\n\t<meta property=\"og:image:width\" content=\"1200\" \/>\n\t<meta property=\"og:image:height\" content=\"675\" \/>\n\t<meta property=\"og:image:type\" content=\"image\/jpeg\" \/>\n<meta name=\"twitter:card\" content=\"summary_large_image\" \/>\n<meta name=\"twitter:label1\" content=\"Gesch\u00e4tzte Lesezeit\" \/>\n\t<meta name=\"twitter:data1\" content=\"1\u00a0Minute\" \/>\n<script type=\"application\/ld+json\" class=\"yoast-schema-graph\">{\"@context\":\"https:\/\/schema.org\",\"@graph\":[{\"@type\":\"WebPage\",\"@id\":\"https:\/\/www.cesenaticohotel.com\/de\/hotels\/grand-hotel-cesenatico\",\"url\":\"https:\/\/www.cesenaticohotel.com\/de\/hotels\/grand-hotel-cesenatico\",\"name\":\"Grand Hotel Cesenatico**** in Cesenatico: Hotel f\u00fcr Paare und Familien\",\"isPartOf\":{\"@id\":\"https:\/\/www.cesenaticohotel.com\/de#website\"},\"datePublished\":\"2023-07-18T14:26:39+00:00\",\"dateModified\":\"2023-08-22T07:14:55+00:00\",\"description\":\"Das Grand Hotel Cesenatico liegt direkt am privaten Strand, verf\u00fcgt \u00fcber einen Pool, ein exzellentes Restaurant und eine exklusive Atmosph\u00e4re.\",\"breadcrumb\":{\"@id\":\"https:\/\/www.cesenaticohotel.com\/de\/hotels\/grand-hotel-cesenatico#breadcrumb\"},\"inLanguage\":\"de\",\"potentialAction\":[{\"@type\":\"ReadAction\",\"target\":[\"https:\/\/www.cesenaticohotel.com\/de\/hotels\/grand-hotel-cesenatico\"]}]},{\"@type\":\"BreadcrumbList\",\"@id\":\"https:\/\/www.cesenaticohotel.com\/de\/hotels\/grand-hotel-cesenatico#breadcrumb\",\"itemListElement\":[{\"@type\":\"ListItem\",\"position\":1,\"name\":\"Home\",\"item\":\"https:\/\/www.cesenaticohotel.com\/de\/homepage\"},{\"@type\":\"ListItem\",\"position\":2,\"name\":\"Hotel\",\"item\":\"https:\/\/www.cesenaticohotel.com\/de\/hotels\"},{\"@type\":\"ListItem\",\"position\":3,\"name\":\"Grand Hotel Cesenatico\"}]},{\"@type\":\"WebSite\",\"@id\":\"https:\/\/www.cesenaticohotel.com\/de#website\",\"url\":\"https:\/\/www.cesenaticohotel.com\/de\",\"name\":\"Cesenatico Hotel\",\"description\":\"\",\"publisher\":{\"@id\":\"https:\/\/www.cesenaticohotel.com\/de#organization\"},\"potentialAction\":[{\"@type\":\"SearchAction\",\"target\":{\"@type\":\"EntryPoint\",\"urlTemplate\":\"https:\/\/www.cesenaticohotel.com\/de?s={search_term_string}\"},\"query-input\":{\"@type\":\"PropertyValueSpecification\",\"valueRequired\":true,\"valueName\":\"search_term_string\"}}],\"inLanguage\":\"de\"},{\"@type\":\"Organization\",\"@id\":\"https:\/\/www.cesenaticohotel.com\/de#organization\",\"name\":\"Cesenatico Hotel\",\"url\":\"https:\/\/www.cesenaticohotel.com\/de\",\"logo\":{\"@type\":\"ImageObject\",\"inLanguage\":\"de\",\"@id\":\"https:\/\/www.cesenaticohotel.com\/de#\/schema\/logo\/image\/\",\"url\":\"https:\/\/www.cesenaticohotel.com\/wp-content\/uploads\/2023\/05\/logo-organizzazione.jpg\",\"contentUrl\":\"https:\/\/www.cesenaticohotel.com\/wp-content\/uploads\/2023\/05\/logo-organizzazione.jpg\",\"width\":696,\"height\":696,\"caption\":\"Cesenatico Hotel\"},\"image\":{\"@id\":\"https:\/\/www.cesenaticohotel.com\/de#\/schema\/logo\/image\/\"}}]}<\/script>\n<!-- \/ Yoast SEO plugin. -->","yoast_head_json":{"title":"Grand Hotel Cesenatico**** in Cesenatico: Hotel f\u00fcr Paare und Familien","description":"Das Grand Hotel Cesenatico liegt direkt am privaten Strand, verf\u00fcgt \u00fcber einen Pool, ein exzellentes Restaurant und eine exklusive Atmosph\u00e4re.","robots":{"index":"index","follow":"follow","max-snippet":"max-snippet:-1","max-image-preview":"max-image-preview:large","max-video-preview":"max-video-preview:-1"},"canonical":"https:\/\/www.cesenaticohotel.com\/de\/hotels\/grand-hotel-cesenatico","og_locale":"de_DE","og_type":"article","og_title":"Grand Hotel Cesenatico**** in Cesenatico: Hotel f\u00fcr Paare und Familien","og_description":"Das Grand Hotel Cesenatico liegt direkt am privaten Strand, verf\u00fcgt \u00fcber einen Pool, ein exzellentes Restaurant und eine exklusive Atmosph\u00e4re.","og_url":"https:\/\/www.cesenaticohotel.com\/de\/hotels\/grand-hotel-cesenatico","og_site_name":"Cesenatico Hotel","article_modified_time":"2023-08-22T07:14:55+00:00","og_image":[{"width":1200,"height":675,"url":"https:\/\/www.cesenaticohotel.com\/wp-content\/uploads\/2023\/05\/immagine-sito.jpg","type":"image\/jpeg"}],"twitter_card":"summary_large_image","twitter_misc":{"Gesch\u00e4tzte Lesezeit":"1\u00a0Minute"},"schema":{"@context":"https:\/\/schema.org","@graph":[{"@type":"WebPage","@id":"https:\/\/www.cesenaticohotel.com\/de\/hotels\/grand-hotel-cesenatico","url":"https:\/\/www.cesenaticohotel.com\/de\/hotels\/grand-hotel-cesenatico","name":"Grand Hotel Cesenatico**** in Cesenatico: Hotel f\u00fcr Paare und Familien","isPartOf":{"@id":"https:\/\/www.cesenaticohotel.com\/de#website"},"datePublished":"2023-07-18T14:26:39+00:00","dateModified":"2023-08-22T07:14:55+00:00","description":"Das Grand Hotel Cesenatico liegt direkt am privaten Strand, verf\u00fcgt \u00fcber einen Pool, ein exzellentes Restaurant und eine exklusive Atmosph\u00e4re.","breadcrumb":{"@id":"https:\/\/www.cesenaticohotel.com\/de\/hotels\/grand-hotel-cesenatico#breadcrumb"},"inLanguage":"de","potentialAction":[{"@type":"ReadAction","target":["https:\/\/www.cesenaticohotel.com\/de\/hotels\/grand-hotel-cesenatico"]}]},{"@type":"BreadcrumbList","@id":"https:\/\/www.cesenaticohotel.com\/de\/hotels\/grand-hotel-cesenatico#breadcrumb","itemListElement":[{"@type":"ListItem","position":1,"name":"Home","item":"https:\/\/www.cesenaticohotel.com\/de\/homepage"},{"@type":"ListItem","position":2,"name":"Hotel","item":"https:\/\/www.cesenaticohotel.com\/de\/hotels"},{"@type":"ListItem","position":3,"name":"Grand Hotel Cesenatico"}]},{"@type":"WebSite","@id":"https:\/\/www.cesenaticohotel.com\/de#website","url":"https:\/\/www.cesenaticohotel.com\/de","name":"Cesenatico Hotel","description":"","publisher":{"@id":"https:\/\/www.cesenaticohotel.com\/de#organization"},"potentialAction":[{"@type":"SearchAction","target":{"@type":"EntryPoint","urlTemplate":"https:\/\/www.cesenaticohotel.com\/de?s={search_term_string}"},"query-input":{"@type":"PropertyValueSpecification","valueRequired":true,"valueName":"search_term_string"}}],"inLanguage":"de"},{"@type":"Organization","@id":"https:\/\/www.cesenaticohotel.com\/de#organization","name":"Cesenatico Hotel","url":"https:\/\/www.cesenaticohotel.com\/de","logo":{"@type":"ImageObject","inLanguage":"de","@id":"https:\/\/www.cesenaticohotel.com\/de#\/schema\/logo\/image\/","url":"https:\/\/www.cesenaticohotel.com\/wp-content\/uploads\/2023\/05\/logo-organizzazione.jpg","contentUrl":"https:\/\/www.cesenaticohotel.com\/wp-content\/uploads\/2023\/05\/logo-organizzazione.jpg","width":696,"height":696,"caption":"Cesenatico Hotel"},"image":{"@id":"https:\/\/www.cesenaticohotel.com\/de#\/schema\/logo\/image\/"}}]}},"_links":{"self":[{"href":"https:\/\/www.cesenaticohotel.com\/de\/wp-json\/wp\/v2\/pages\/5267","targetHints":{"allow":["GET"]}}],"collection":[{"href":"https:\/\/www.cesenaticohotel.com\/de\/wp-json\/wp\/v2\/pages"}],"about":[{"href":"https:\/\/www.cesenaticohotel.com\/de\/wp-json\/wp\/v2\/types\/page"}],"author":[{"embeddable":true,"href":"https:\/\/www.cesenaticohotel.com\/de\/wp-json\/wp\/v2\/users\/1"}],"replies":[{"embeddable":true,"href":"https:\/\/www.cesenaticohotel.com\/de\/wp-json\/wp\/v2\/comments?post=5267"}],"version-history":[{"count":2,"href":"https:\/\/www.cesenaticohotel.com\/de\/wp-json\/wp\/v2\/pages\/5267\/revisions"}],"predecessor-version":[{"id":6040,"href":"https:\/\/www.cesenaticohotel.com\/de\/wp-json\/wp\/v2\/pages\/5267\/revisions\/6040"}],"up":[{"embeddable":true,"href":"https:\/\/www.cesenaticohotel.com\/de\/wp-json\/wp\/v2\/pages\/511"}],"wp:attachment":[{"href":"https:\/\/www.cesenaticohotel.com\/de\/wp-json\/wp\/v2\/media?parent=5267"}],"curies":[{"name":"wp","href":"https:\/\/api.w.org\/{rel}","templated":true}]}}