{"id":589,"date":"2023-04-21T12:32:47","date_gmt":"2023-04-21T10:32:47","guid":{"rendered":"https:\/\/www.cesenaticohotel.com\/hotels\/hotel-lungomare"},"modified":"2023-08-22T09:13:37","modified_gmt":"2023-08-22T07:13:37","slug":"hotel-lungomare","status":"publish","type":"page","link":"https:\/\/www.cesenaticohotel.com\/de\/hotels\/hotel-lungomare","title":{"rendered":"Hotel Lungomare"},"content":{"rendered":"\n<p>L&#039;<b>Hotel Lungomare in Villamarina von Cesenatico<\/b> hat eine fantastische Lage: <b>direkt am Meer und am Strand<\/b>, den Sie bequem in weniger als 1 Minute <b>ohne das \u00dcberqueren von Stra\u00dfen<\/b> erreichen. Der wundersch\u00f6ne <b>Salzwasserpool, beheizt auf 29\u00b0C<\/b>, bietet Meerblick und ist von einer modernen Sonnenterrasse mit Sonnenschirmen und Liegen umgeben, auf der Sie sich mit einem guten Buch entspannen oder die ausgezeichneten <b>Drinks der Cocktailbar<\/b> genie\u00dfen k\u00f6nnen.<\/p>\n\n\n\n<!--more-->\n\n\n\n<p>Das Lungomare ist <b>ein renommiertes Bike Hotel mit einem Wellnesszentrum<\/b>, ideal f\u00fcr aktive und regenerierende Urlaube. Die <b>Dienstleistungen f\u00fcr Radfahrer sind von h\u00f6chster Qualit\u00e4t<\/b>, von der Bike Room mit Werkstatt bis zur Vermietung von Pinarello-Fahrr\u00e4dern, von Radtouren und speziellen Paketen bis hin zu spezialisierten lokalen F\u00fchrern und Men\u00fcs f\u00fcr Sportler. Im Lungomare wird nichts dem Zufall \u00fcberlassen.<\/p>\n\n\n\n<p>Das <b>Wellnesszentrum<\/b> empf\u00e4ngt sowohl Sportler f\u00fcr Massagen, Behandlungen und posttrainingsbezogene Programme als auch alle G\u00e4ste, die sich einige Stunden vollst\u00e4ndiger Entspannung g\u00f6nnen m\u00f6chten. Es bietet eine Sauna, ein Hammam, einen Whirlpool bei 33\u00b0C mit Cervia-Salz angereichert und einen Halotherapie-Entspannungsbereich.<\/p>\n\n\n\n<p>Wenn Sie <b>mit Ihren Kindern im Urlaub<\/b> sind, erwartet Sie von M\u00e4rz bis Oktober t\u00e4gliche Animation, ein 50 cm hoher beheizter Pool, Kinderdienstleistungen im Zimmer und im Speisesaal, Kinderwagen, Fahrr\u00e4der mit Kindersitzen und Helmen, alles, was Sie f\u00fcr die Entw\u00f6hnung ben\u00f6tigen, Brei, Br\u00fche, Smoothies, von den Chefk\u00f6chen zubereitet.<\/p>\n\n\n\n<p>An Ihrem <b>Tisch<\/b> erwarten Sie sowohl die besten Rezepte der <b>romagnolischen K\u00fcche<\/b> als auch <b>neue und kreative Gerichte<\/b>, immer aus hochwertigen, haupts\u00e4chlich lokalen Zutaten. Der <b>Service ist als Buffet<\/b> gestaltet, mit <b>gro\u00dfz\u00fcgigen und bequemen \u00d6ffnungszeiten<\/b>, sodass Sie jeden Moment Ihres Urlaubs genie\u00dfen k\u00f6nnen: Fr\u00fchst\u00fcck, Mittagessen oder Brunch, Abendessen, immer mit frisch zubereiteten Gerichten.<\/p>\n","protected":false},"excerpt":{"rendered":"<p>L&#039;Hotel Lungomare in Villamarina von Cesenatico hat eine fantastische Lage: direkt am Meer und am Strand, den Sie bequem in weniger als 1 Minute ohne das \u00dcberqueren von Stra\u00dfen erreichen. Der wundersch\u00f6ne Salzwasserpool, beheizt auf 29\u00b0C, bietet Meerblick und ist von einer modernen Sonnenterrasse mit Sonnenschirmen und Liegen umgeben, auf der Sie sich mit einem &hellip;<\/p>\n","protected":false},"author":1,"featured_media":0,"parent":511,"menu_order":0,"comment_status":"closed","ping_status":"closed","template":"page-templates\/scheda_hotel.php","meta":{"_acf_changed":false,"inline_featured_image":false,"footnotes":""},"class_list":["post-589","page","type-page","status-publish","hentry"],"acf":[],"yoast_head":"<!-- This site is optimized with the Yoast SEO plugin v27.0 - https:\/\/yoast.com\/product\/yoast-seo-wordpress\/ -->\n<title>Hotel Lungomare**** in Cesenatico: Aktivhotel mit Wellnessbereich<\/title>\n<meta name=\"description\" content=\"Das Hotel Lungomare liegt direkt am Strand. Beheizter Au\u00dfenpool mit Meerblick und Wellnessbereich. Besondere Dienstleistungen f\u00fcr Radfahrer.\" \/>\n<meta name=\"robots\" content=\"index, follow, max-snippet:-1, max-image-preview:large, max-video-preview:-1\" \/>\n<link rel=\"canonical\" href=\"https:\/\/www.cesenaticohotel.com\/de\/hotels\/hotel-lungomare\" \/>\n<meta property=\"og:locale\" content=\"de_DE\" \/>\n<meta property=\"og:type\" content=\"article\" \/>\n<meta property=\"og:title\" content=\"Hotel Lungomare**** in Cesenatico: Aktivhotel mit Wellnessbereich\" \/>\n<meta property=\"og:description\" content=\"Das Hotel Lungomare liegt direkt am Strand. Beheizter Au\u00dfenpool mit Meerblick und Wellnessbereich. Besondere Dienstleistungen f\u00fcr Radfahrer.\" \/>\n<meta property=\"og:url\" content=\"https:\/\/www.cesenaticohotel.com\/de\/hotels\/hotel-lungomare\" \/>\n<meta property=\"og:site_name\" content=\"Cesenatico Hotel\" \/>\n<meta property=\"article:modified_time\" content=\"2023-08-22T07:13:37+00:00\" \/>\n<meta property=\"og:image\" content=\"https:\/\/www.cesenaticohotel.com\/wp-content\/uploads\/2023\/05\/immagine-sito.jpg\" \/>\n\t<meta property=\"og:image:width\" content=\"1200\" \/>\n\t<meta property=\"og:image:height\" content=\"675\" \/>\n\t<meta property=\"og:image:type\" content=\"image\/jpeg\" \/>\n<meta name=\"twitter:card\" content=\"summary_large_image\" \/>\n<meta name=\"twitter:label1\" content=\"Gesch\u00e4tzte Lesezeit\" \/>\n\t<meta name=\"twitter:data1\" content=\"1\u00a0Minute\" \/>\n<script type=\"application\/ld+json\" class=\"yoast-schema-graph\">{\"@context\":\"https:\/\/schema.org\",\"@graph\":[{\"@type\":\"WebPage\",\"@id\":\"https:\/\/www.cesenaticohotel.com\/de\/hotels\/hotel-lungomare\",\"url\":\"https:\/\/www.cesenaticohotel.com\/de\/hotels\/hotel-lungomare\",\"name\":\"Hotel Lungomare**** in Cesenatico: Aktivhotel mit Wellnessbereich\",\"isPartOf\":{\"@id\":\"https:\/\/www.cesenaticohotel.com\/de#website\"},\"datePublished\":\"2023-04-21T10:32:47+00:00\",\"dateModified\":\"2023-08-22T07:13:37+00:00\",\"description\":\"Das Hotel Lungomare liegt direkt am Strand. Beheizter Au\u00dfenpool mit Meerblick und Wellnessbereich. Besondere Dienstleistungen f\u00fcr Radfahrer.\",\"breadcrumb\":{\"@id\":\"https:\/\/www.cesenaticohotel.com\/de\/hotels\/hotel-lungomare#breadcrumb\"},\"inLanguage\":\"de\",\"potentialAction\":[{\"@type\":\"ReadAction\",\"target\":[\"https:\/\/www.cesenaticohotel.com\/de\/hotels\/hotel-lungomare\"]}]},{\"@type\":\"BreadcrumbList\",\"@id\":\"https:\/\/www.cesenaticohotel.com\/de\/hotels\/hotel-lungomare#breadcrumb\",\"itemListElement\":[{\"@type\":\"ListItem\",\"position\":1,\"name\":\"Home\",\"item\":\"https:\/\/www.cesenaticohotel.com\/de\/homepage\"},{\"@type\":\"ListItem\",\"position\":2,\"name\":\"Hotel\",\"item\":\"https:\/\/www.cesenaticohotel.com\/de\/hotels\"},{\"@type\":\"ListItem\",\"position\":3,\"name\":\"Hotel Lungomare\"}]},{\"@type\":\"WebSite\",\"@id\":\"https:\/\/www.cesenaticohotel.com\/de#website\",\"url\":\"https:\/\/www.cesenaticohotel.com\/de\",\"name\":\"Cesenatico Hotel\",\"description\":\"\",\"publisher\":{\"@id\":\"https:\/\/www.cesenaticohotel.com\/de#organization\"},\"potentialAction\":[{\"@type\":\"SearchAction\",\"target\":{\"@type\":\"EntryPoint\",\"urlTemplate\":\"https:\/\/www.cesenaticohotel.com\/de?s={search_term_string}\"},\"query-input\":{\"@type\":\"PropertyValueSpecification\",\"valueRequired\":true,\"valueName\":\"search_term_string\"}}],\"inLanguage\":\"de\"},{\"@type\":\"Organization\",\"@id\":\"https:\/\/www.cesenaticohotel.com\/de#organization\",\"name\":\"Cesenatico Hotel\",\"url\":\"https:\/\/www.cesenaticohotel.com\/de\",\"logo\":{\"@type\":\"ImageObject\",\"inLanguage\":\"de\",\"@id\":\"https:\/\/www.cesenaticohotel.com\/de#\/schema\/logo\/image\/\",\"url\":\"https:\/\/www.cesenaticohotel.com\/wp-content\/uploads\/2023\/05\/logo-organizzazione.jpg\",\"contentUrl\":\"https:\/\/www.cesenaticohotel.com\/wp-content\/uploads\/2023\/05\/logo-organizzazione.jpg\",\"width\":696,\"height\":696,\"caption\":\"Cesenatico Hotel\"},\"image\":{\"@id\":\"https:\/\/www.cesenaticohotel.com\/de#\/schema\/logo\/image\/\"}}]}<\/script>\n<!-- \/ Yoast SEO plugin. -->","yoast_head_json":{"title":"Hotel Lungomare**** in Cesenatico: Aktivhotel mit Wellnessbereich","description":"Das Hotel Lungomare liegt direkt am Strand. Beheizter Au\u00dfenpool mit Meerblick und Wellnessbereich. Besondere Dienstleistungen f\u00fcr Radfahrer.","robots":{"index":"index","follow":"follow","max-snippet":"max-snippet:-1","max-image-preview":"max-image-preview:large","max-video-preview":"max-video-preview:-1"},"canonical":"https:\/\/www.cesenaticohotel.com\/de\/hotels\/hotel-lungomare","og_locale":"de_DE","og_type":"article","og_title":"Hotel Lungomare**** in Cesenatico: Aktivhotel mit Wellnessbereich","og_description":"Das Hotel Lungomare liegt direkt am Strand. Beheizter Au\u00dfenpool mit Meerblick und Wellnessbereich. Besondere Dienstleistungen f\u00fcr Radfahrer.","og_url":"https:\/\/www.cesenaticohotel.com\/de\/hotels\/hotel-lungomare","og_site_name":"Cesenatico Hotel","article_modified_time":"2023-08-22T07:13:37+00:00","og_image":[{"width":1200,"height":675,"url":"https:\/\/www.cesenaticohotel.com\/wp-content\/uploads\/2023\/05\/immagine-sito.jpg","type":"image\/jpeg"}],"twitter_card":"summary_large_image","twitter_misc":{"Gesch\u00e4tzte Lesezeit":"1\u00a0Minute"},"schema":{"@context":"https:\/\/schema.org","@graph":[{"@type":"WebPage","@id":"https:\/\/www.cesenaticohotel.com\/de\/hotels\/hotel-lungomare","url":"https:\/\/www.cesenaticohotel.com\/de\/hotels\/hotel-lungomare","name":"Hotel Lungomare**** in Cesenatico: Aktivhotel mit Wellnessbereich","isPartOf":{"@id":"https:\/\/www.cesenaticohotel.com\/de#website"},"datePublished":"2023-04-21T10:32:47+00:00","dateModified":"2023-08-22T07:13:37+00:00","description":"Das Hotel Lungomare liegt direkt am Strand. Beheizter Au\u00dfenpool mit Meerblick und Wellnessbereich. Besondere Dienstleistungen f\u00fcr Radfahrer.","breadcrumb":{"@id":"https:\/\/www.cesenaticohotel.com\/de\/hotels\/hotel-lungomare#breadcrumb"},"inLanguage":"de","potentialAction":[{"@type":"ReadAction","target":["https:\/\/www.cesenaticohotel.com\/de\/hotels\/hotel-lungomare"]}]},{"@type":"BreadcrumbList","@id":"https:\/\/www.cesenaticohotel.com\/de\/hotels\/hotel-lungomare#breadcrumb","itemListElement":[{"@type":"ListItem","position":1,"name":"Home","item":"https:\/\/www.cesenaticohotel.com\/de\/homepage"},{"@type":"ListItem","position":2,"name":"Hotel","item":"https:\/\/www.cesenaticohotel.com\/de\/hotels"},{"@type":"ListItem","position":3,"name":"Hotel Lungomare"}]},{"@type":"WebSite","@id":"https:\/\/www.cesenaticohotel.com\/de#website","url":"https:\/\/www.cesenaticohotel.com\/de","name":"Cesenatico Hotel","description":"","publisher":{"@id":"https:\/\/www.cesenaticohotel.com\/de#organization"},"potentialAction":[{"@type":"SearchAction","target":{"@type":"EntryPoint","urlTemplate":"https:\/\/www.cesenaticohotel.com\/de?s={search_term_string}"},"query-input":{"@type":"PropertyValueSpecification","valueRequired":true,"valueName":"search_term_string"}}],"inLanguage":"de"},{"@type":"Organization","@id":"https:\/\/www.cesenaticohotel.com\/de#organization","name":"Cesenatico Hotel","url":"https:\/\/www.cesenaticohotel.com\/de","logo":{"@type":"ImageObject","inLanguage":"de","@id":"https:\/\/www.cesenaticohotel.com\/de#\/schema\/logo\/image\/","url":"https:\/\/www.cesenaticohotel.com\/wp-content\/uploads\/2023\/05\/logo-organizzazione.jpg","contentUrl":"https:\/\/www.cesenaticohotel.com\/wp-content\/uploads\/2023\/05\/logo-organizzazione.jpg","width":696,"height":696,"caption":"Cesenatico Hotel"},"image":{"@id":"https:\/\/www.cesenaticohotel.com\/de#\/schema\/logo\/image\/"}}]}},"_links":{"self":[{"href":"https:\/\/www.cesenaticohotel.com\/de\/wp-json\/wp\/v2\/pages\/589","targetHints":{"allow":["GET"]}}],"collection":[{"href":"https:\/\/www.cesenaticohotel.com\/de\/wp-json\/wp\/v2\/pages"}],"about":[{"href":"https:\/\/www.cesenaticohotel.com\/de\/wp-json\/wp\/v2\/types\/page"}],"author":[{"embeddable":true,"href":"https:\/\/www.cesenaticohotel.com\/de\/wp-json\/wp\/v2\/users\/1"}],"replies":[{"embeddable":true,"href":"https:\/\/www.cesenaticohotel.com\/de\/wp-json\/wp\/v2\/comments?post=589"}],"version-history":[{"count":2,"href":"https:\/\/www.cesenaticohotel.com\/de\/wp-json\/wp\/v2\/pages\/589\/revisions"}],"predecessor-version":[{"id":5923,"href":"https:\/\/www.cesenaticohotel.com\/de\/wp-json\/wp\/v2\/pages\/589\/revisions\/5923"}],"up":[{"embeddable":true,"href":"https:\/\/www.cesenaticohotel.com\/de\/wp-json\/wp\/v2\/pages\/511"}],"wp:attachment":[{"href":"https:\/\/www.cesenaticohotel.com\/de\/wp-json\/wp\/v2\/media?parent=589"}],"curies":[{"name":"wp","href":"https:\/\/api.w.org\/{rel}","templated":true}]}}