{"id":5935,"date":"2023-04-26T12:22:25","date_gmt":"2023-04-26T10:22:25","guid":{"rendered":"https:\/\/www.cesenaticohotel.com\/erfahrungen-cesenatico\/unterhaltung"},"modified":"2023-08-22T09:15:09","modified_gmt":"2023-08-22T07:15:09","slug":"unterhaltung","status":"publish","type":"page","link":"https:\/\/www.cesenaticohotel.com\/de\/erfahrungen-cesenatico\/unterhaltung","title":{"rendered":"Unterhaltung"},"content":{"rendered":"\n<p><b>Cesenatico<\/b> ist der ideale Ausgangspunkt, um die <b>ber\u00fchmtesten Parks an der Romagnak\u00fcste<\/b> zu besuchen: <b>Buchen<\/b> Sie hier Ihr Ticket und \u00fcberspringen Sie die <b>Warteschlange am Eingang<\/b>!<\/p>\n","protected":false},"excerpt":{"rendered":"<p>Cesenatico ist der ideale Ausgangspunkt, um die ber\u00fchmtesten Parks an der Romagnak\u00fcste zu besuchen: Buchen Sie hier Ihr Ticket und \u00fcberspringen Sie die Warteschlange am Eingang!<\/p>\n","protected":false},"author":1,"featured_media":0,"parent":677,"menu_order":0,"comment_status":"closed","ping_status":"closed","template":"page-templates\/esperienze_categoria.php","meta":{"_acf_changed":false,"inline_featured_image":false,"footnotes":""},"class_list":["post-5935","page","type-page","status-publish","hentry"],"acf":[],"yoast_head":"<!-- This site is optimized with the Yoast SEO plugin v27.0 - https:\/\/yoast.com\/product\/yoast-seo-wordpress\/ -->\n<title>Entdecke den ganzen Spa\u00df der Riviera: Informationen und Tickets<\/title>\n<meta name=\"description\" content=\"Buche Eintrittskarten f\u00fcr Vergn\u00fcgungsparks und die besten Veranstaltungen in Cesenatico und Umgebung und umgehe die Warteschlangen am Eingang!\" \/>\n<meta name=\"robots\" content=\"index, follow, max-snippet:-1, max-image-preview:large, max-video-preview:-1\" \/>\n<link rel=\"canonical\" href=\"https:\/\/www.cesenaticohotel.com\/de\/erfahrungen-cesenatico\/unterhaltung\" \/>\n<meta property=\"og:locale\" content=\"de_DE\" \/>\n<meta property=\"og:type\" content=\"article\" \/>\n<meta property=\"og:title\" content=\"Entdecke den ganzen Spa\u00df der Riviera: Informationen und Tickets\" \/>\n<meta property=\"og:description\" content=\"Buche Eintrittskarten f\u00fcr Vergn\u00fcgungsparks und die besten Veranstaltungen in Cesenatico und Umgebung und umgehe die Warteschlangen am Eingang!\" \/>\n<meta property=\"og:url\" content=\"https:\/\/www.cesenaticohotel.com\/de\/erfahrungen-cesenatico\/unterhaltung\" \/>\n<meta property=\"og:site_name\" content=\"Cesenatico Hotel\" \/>\n<meta property=\"article:modified_time\" content=\"2023-08-22T07:15:09+00:00\" \/>\n<meta property=\"og:image\" content=\"https:\/\/www.cesenaticohotel.com\/wp-content\/uploads\/2023\/05\/immagine-sito.jpg\" \/>\n\t<meta property=\"og:image:width\" content=\"1200\" \/>\n\t<meta property=\"og:image:height\" content=\"675\" \/>\n\t<meta property=\"og:image:type\" content=\"image\/jpeg\" \/>\n<meta name=\"twitter:card\" content=\"summary_large_image\" \/>\n<script type=\"application\/ld+json\" class=\"yoast-schema-graph\">{\"@context\":\"https:\/\/schema.org\",\"@graph\":[{\"@type\":\"WebPage\",\"@id\":\"https:\/\/www.cesenaticohotel.com\/de\/erfahrungen-cesenatico\/unterhaltung\",\"url\":\"https:\/\/www.cesenaticohotel.com\/de\/erfahrungen-cesenatico\/unterhaltung\",\"name\":\"Entdecke den ganzen Spa\u00df der Riviera: Informationen und Tickets\",\"isPartOf\":{\"@id\":\"https:\/\/www.cesenaticohotel.com\/de#website\"},\"datePublished\":\"2023-04-26T10:22:25+00:00\",\"dateModified\":\"2023-08-22T07:15:09+00:00\",\"description\":\"Buche Eintrittskarten f\u00fcr Vergn\u00fcgungsparks und die besten Veranstaltungen in Cesenatico und Umgebung und umgehe die Warteschlangen am Eingang!\",\"breadcrumb\":{\"@id\":\"https:\/\/www.cesenaticohotel.com\/de\/erfahrungen-cesenatico\/unterhaltung#breadcrumb\"},\"inLanguage\":\"de\",\"potentialAction\":[{\"@type\":\"ReadAction\",\"target\":[\"https:\/\/www.cesenaticohotel.com\/de\/erfahrungen-cesenatico\/unterhaltung\"]}]},{\"@type\":\"BreadcrumbList\",\"@id\":\"https:\/\/www.cesenaticohotel.com\/de\/erfahrungen-cesenatico\/unterhaltung#breadcrumb\",\"itemListElement\":[{\"@type\":\"ListItem\",\"position\":1,\"name\":\"Home\",\"item\":\"https:\/\/www.cesenaticohotel.com\/de\/homepage\"},{\"@type\":\"ListItem\",\"position\":2,\"name\":\"Erlebnisse\",\"item\":\"https:\/\/www.cesenaticohotel.com\/de\/erfahrungen-cesenatico\"},{\"@type\":\"ListItem\",\"position\":3,\"name\":\"Unterhaltung\"}]},{\"@type\":\"WebSite\",\"@id\":\"https:\/\/www.cesenaticohotel.com\/de#website\",\"url\":\"https:\/\/www.cesenaticohotel.com\/de\",\"name\":\"Cesenatico Hotel\",\"description\":\"\",\"publisher\":{\"@id\":\"https:\/\/www.cesenaticohotel.com\/de#organization\"},\"potentialAction\":[{\"@type\":\"SearchAction\",\"target\":{\"@type\":\"EntryPoint\",\"urlTemplate\":\"https:\/\/www.cesenaticohotel.com\/de?s={search_term_string}\"},\"query-input\":{\"@type\":\"PropertyValueSpecification\",\"valueRequired\":true,\"valueName\":\"search_term_string\"}}],\"inLanguage\":\"de\"},{\"@type\":\"Organization\",\"@id\":\"https:\/\/www.cesenaticohotel.com\/de#organization\",\"name\":\"Cesenatico Hotel\",\"url\":\"https:\/\/www.cesenaticohotel.com\/de\",\"logo\":{\"@type\":\"ImageObject\",\"inLanguage\":\"de\",\"@id\":\"https:\/\/www.cesenaticohotel.com\/de#\/schema\/logo\/image\/\",\"url\":\"https:\/\/www.cesenaticohotel.com\/wp-content\/uploads\/2023\/05\/logo-organizzazione.jpg\",\"contentUrl\":\"https:\/\/www.cesenaticohotel.com\/wp-content\/uploads\/2023\/05\/logo-organizzazione.jpg\",\"width\":696,\"height\":696,\"caption\":\"Cesenatico Hotel\"},\"image\":{\"@id\":\"https:\/\/www.cesenaticohotel.com\/de#\/schema\/logo\/image\/\"}}]}<\/script>\n<!-- \/ Yoast SEO plugin. -->","yoast_head_json":{"title":"Entdecke den ganzen Spa\u00df der Riviera: Informationen und Tickets","description":"Buche Eintrittskarten f\u00fcr Vergn\u00fcgungsparks und die besten Veranstaltungen in Cesenatico und Umgebung und umgehe die Warteschlangen am Eingang!","robots":{"index":"index","follow":"follow","max-snippet":"max-snippet:-1","max-image-preview":"max-image-preview:large","max-video-preview":"max-video-preview:-1"},"canonical":"https:\/\/www.cesenaticohotel.com\/de\/erfahrungen-cesenatico\/unterhaltung","og_locale":"de_DE","og_type":"article","og_title":"Entdecke den ganzen Spa\u00df der Riviera: Informationen und Tickets","og_description":"Buche Eintrittskarten f\u00fcr Vergn\u00fcgungsparks und die besten Veranstaltungen in Cesenatico und Umgebung und umgehe die Warteschlangen am Eingang!","og_url":"https:\/\/www.cesenaticohotel.com\/de\/erfahrungen-cesenatico\/unterhaltung","og_site_name":"Cesenatico Hotel","article_modified_time":"2023-08-22T07:15:09+00:00","og_image":[{"width":1200,"height":675,"url":"https:\/\/www.cesenaticohotel.com\/wp-content\/uploads\/2023\/05\/immagine-sito.jpg","type":"image\/jpeg"}],"twitter_card":"summary_large_image","schema":{"@context":"https:\/\/schema.org","@graph":[{"@type":"WebPage","@id":"https:\/\/www.cesenaticohotel.com\/de\/erfahrungen-cesenatico\/unterhaltung","url":"https:\/\/www.cesenaticohotel.com\/de\/erfahrungen-cesenatico\/unterhaltung","name":"Entdecke den ganzen Spa\u00df der Riviera: Informationen und Tickets","isPartOf":{"@id":"https:\/\/www.cesenaticohotel.com\/de#website"},"datePublished":"2023-04-26T10:22:25+00:00","dateModified":"2023-08-22T07:15:09+00:00","description":"Buche Eintrittskarten f\u00fcr Vergn\u00fcgungsparks und die besten Veranstaltungen in Cesenatico und Umgebung und umgehe die Warteschlangen am Eingang!","breadcrumb":{"@id":"https:\/\/www.cesenaticohotel.com\/de\/erfahrungen-cesenatico\/unterhaltung#breadcrumb"},"inLanguage":"de","potentialAction":[{"@type":"ReadAction","target":["https:\/\/www.cesenaticohotel.com\/de\/erfahrungen-cesenatico\/unterhaltung"]}]},{"@type":"BreadcrumbList","@id":"https:\/\/www.cesenaticohotel.com\/de\/erfahrungen-cesenatico\/unterhaltung#breadcrumb","itemListElement":[{"@type":"ListItem","position":1,"name":"Home","item":"https:\/\/www.cesenaticohotel.com\/de\/homepage"},{"@type":"ListItem","position":2,"name":"Erlebnisse","item":"https:\/\/www.cesenaticohotel.com\/de\/erfahrungen-cesenatico"},{"@type":"ListItem","position":3,"name":"Unterhaltung"}]},{"@type":"WebSite","@id":"https:\/\/www.cesenaticohotel.com\/de#website","url":"https:\/\/www.cesenaticohotel.com\/de","name":"Cesenatico Hotel","description":"","publisher":{"@id":"https:\/\/www.cesenaticohotel.com\/de#organization"},"potentialAction":[{"@type":"SearchAction","target":{"@type":"EntryPoint","urlTemplate":"https:\/\/www.cesenaticohotel.com\/de?s={search_term_string}"},"query-input":{"@type":"PropertyValueSpecification","valueRequired":true,"valueName":"search_term_string"}}],"inLanguage":"de"},{"@type":"Organization","@id":"https:\/\/www.cesenaticohotel.com\/de#organization","name":"Cesenatico Hotel","url":"https:\/\/www.cesenaticohotel.com\/de","logo":{"@type":"ImageObject","inLanguage":"de","@id":"https:\/\/www.cesenaticohotel.com\/de#\/schema\/logo\/image\/","url":"https:\/\/www.cesenaticohotel.com\/wp-content\/uploads\/2023\/05\/logo-organizzazione.jpg","contentUrl":"https:\/\/www.cesenaticohotel.com\/wp-content\/uploads\/2023\/05\/logo-organizzazione.jpg","width":696,"height":696,"caption":"Cesenatico Hotel"},"image":{"@id":"https:\/\/www.cesenaticohotel.com\/de#\/schema\/logo\/image\/"}}]}},"_links":{"self":[{"href":"https:\/\/www.cesenaticohotel.com\/de\/wp-json\/wp\/v2\/pages\/5935","targetHints":{"allow":["GET"]}}],"collection":[{"href":"https:\/\/www.cesenaticohotel.com\/de\/wp-json\/wp\/v2\/pages"}],"about":[{"href":"https:\/\/www.cesenaticohotel.com\/de\/wp-json\/wp\/v2\/types\/page"}],"author":[{"embeddable":true,"href":"https:\/\/www.cesenaticohotel.com\/de\/wp-json\/wp\/v2\/users\/1"}],"replies":[{"embeddable":true,"href":"https:\/\/www.cesenaticohotel.com\/de\/wp-json\/wp\/v2\/comments?post=5935"}],"version-history":[{"count":1,"href":"https:\/\/www.cesenaticohotel.com\/de\/wp-json\/wp\/v2\/pages\/5935\/revisions"}],"predecessor-version":[{"id":5936,"href":"https:\/\/www.cesenaticohotel.com\/de\/wp-json\/wp\/v2\/pages\/5935\/revisions\/5936"}],"up":[{"embeddable":true,"href":"https:\/\/www.cesenaticohotel.com\/de\/wp-json\/wp\/v2\/pages\/677"}],"wp:attachment":[{"href":"https:\/\/www.cesenaticohotel.com\/de\/wp-json\/wp\/v2\/media?parent=5935"}],"curies":[{"name":"wp","href":"https:\/\/api.w.org\/{rel}","templated":true}]}}