{"id":599,"date":"2023-04-26T09:38:21","date_gmt":"2023-04-26T07:38:21","guid":{"rendered":"https:\/\/www.cesenaticohotel.com\/hotels\/hotel-imperiale"},"modified":"2023-08-22T09:13:38","modified_gmt":"2023-08-22T07:13:38","slug":"hotel-imperiale","status":"publish","type":"page","link":"https:\/\/www.cesenaticohotel.com\/de\/hotels\/hotel-imperiale","title":{"rendered":"Hotel Imperiale"},"content":{"rendered":"\n<p>Das <b>Hotel Imperiale in Cesenatico <\/b>befindet sich nur <b>90 Meter vom Privatstrand<\/b> entfernt, einem modernen Strandbad mit Animation f\u00fcr Kinder und Erwachsene, einer Bar mit einer sch\u00f6nen Terrasse mit Meerblick, einem Sonnenschirm und zwei Liegen im All-Inclusive-Paket.<\/p>\n\n\n\n<!--more-->\n\n\n\n<p>Wenn Sie <b>mit Kindern im Urlaub<\/b> sind, stellt das Hotel auf Anfrage Babybetten und Rausfallschutzgitter im Zimmer zur Verf\u00fcgung, bietet ein Baby-Men\u00fc und die M\u00f6glichkeit, die Mahlzeiten zuvor zu erhalten.<\/p>\n\n\n\n<p>Die <b>K\u00fcche ist sehr<\/b> <b>gepflegt<\/b>; jeden Tag finden Sie Gerichte aus der Romagna, der Region und dem ganzen Land, haupts\u00e4chlich aus regionalen Produkten (0 km) und Zutaten. Zum <b>Fr\u00fchst\u00fcck<\/b> gibt es hausgemachte Kuchen und Donuts, Croissants, Joghurt, Eier, Aufschnitt, K\u00e4se, Kaffee, Tee, Cappuccino, Fruchts\u00e4fte. <b>Mittag- und Abendessen<\/b> werden <b>\u00e0 la carte<\/b> serviert, immer mit Fleisch und Fisch, begleitet von einem Salatbuffet, saisonalem Gem\u00fcse und Obst. Wochenweise werden <b>Themenabendessen<\/b> organisiert.<\/p>\n\n\n\n<p>Das Hotel Imperiale verf\u00fcgt \u00fcber ausgestattete <b>Au\u00dfenbereiche<\/b> zum Entspannen, eine <b>Sonnenterrasse<\/b> auf dem <b>letzten Stockwerk<\/b> und einen privaten <b>Parkplatz<\/b>. Au\u00dferdem sind <b>kleine Haustiere willkommen<\/b>.<\/p>\n","protected":false},"excerpt":{"rendered":"<p>Das Hotel Imperiale in Cesenatico befindet sich nur 90 Meter vom Privatstrand entfernt, einem modernen Strandbad mit Animation f\u00fcr Kinder und Erwachsene, einer Bar mit einer sch\u00f6nen Terrasse mit Meerblick, einem Sonnenschirm und zwei Liegen im All-Inclusive-Paket.<\/p>\n","protected":false},"author":1,"featured_media":0,"parent":511,"menu_order":0,"comment_status":"closed","ping_status":"closed","template":"page-templates\/scheda_hotel.php","meta":{"_acf_changed":false,"inline_featured_image":false,"footnotes":""},"class_list":["post-599","page","type-page","status-publish","hentry"],"acf":[],"yoast_head":"<!-- This site is optimized with the Yoast SEO plugin v27.0 - https:\/\/yoast.com\/product\/yoast-seo-wordpress\/ -->\n<title>Hotel Imperiale*** in Cesenatico: Familienhotel<\/title>\n<meta name=\"description\" content=\"Das Hotel Imperiale verf\u00fcgt \u00fcber einen Privatstrand nur 90 Meter entfernt, Animation und Dienstleistungen f\u00fcr Kinder. Privatparkplatz und Haustiere willkommen.\" \/>\n<meta name=\"robots\" content=\"index, follow, max-snippet:-1, max-image-preview:large, max-video-preview:-1\" \/>\n<link rel=\"canonical\" href=\"https:\/\/www.cesenaticohotel.com\/de\/hotels\/hotel-imperiale\" \/>\n<meta property=\"og:locale\" content=\"de_DE\" \/>\n<meta property=\"og:type\" content=\"article\" \/>\n<meta property=\"og:title\" content=\"Hotel Imperiale*** in Cesenatico: Familienhotel\" \/>\n<meta property=\"og:description\" content=\"Das Hotel Imperiale verf\u00fcgt \u00fcber einen Privatstrand nur 90 Meter entfernt, Animation und Dienstleistungen f\u00fcr Kinder. Privatparkplatz und Haustiere willkommen.\" \/>\n<meta property=\"og:url\" content=\"https:\/\/www.cesenaticohotel.com\/de\/hotels\/hotel-imperiale\" \/>\n<meta property=\"og:site_name\" content=\"Cesenatico Hotel\" \/>\n<meta property=\"article:modified_time\" content=\"2023-08-22T07:13:38+00:00\" \/>\n<meta property=\"og:image\" content=\"https:\/\/www.cesenaticohotel.com\/wp-content\/uploads\/2023\/05\/immagine-sito.jpg\" \/>\n\t<meta property=\"og:image:width\" content=\"1200\" \/>\n\t<meta property=\"og:image:height\" content=\"675\" \/>\n\t<meta property=\"og:image:type\" content=\"image\/jpeg\" \/>\n<meta name=\"twitter:card\" content=\"summary_large_image\" \/>\n<meta name=\"twitter:label1\" content=\"Gesch\u00e4tzte Lesezeit\" \/>\n\t<meta name=\"twitter:data1\" content=\"1\u00a0Minute\" \/>\n<script type=\"application\/ld+json\" class=\"yoast-schema-graph\">{\"@context\":\"https:\/\/schema.org\",\"@graph\":[{\"@type\":\"WebPage\",\"@id\":\"https:\/\/www.cesenaticohotel.com\/de\/hotels\/hotel-imperiale\",\"url\":\"https:\/\/www.cesenaticohotel.com\/de\/hotels\/hotel-imperiale\",\"name\":\"Hotel Imperiale*** in Cesenatico: Familienhotel\",\"isPartOf\":{\"@id\":\"https:\/\/www.cesenaticohotel.com\/de#website\"},\"datePublished\":\"2023-04-26T07:38:21+00:00\",\"dateModified\":\"2023-08-22T07:13:38+00:00\",\"description\":\"Das Hotel Imperiale verf\u00fcgt \u00fcber einen Privatstrand nur 90 Meter entfernt, Animation und Dienstleistungen f\u00fcr Kinder. Privatparkplatz und Haustiere willkommen.\",\"breadcrumb\":{\"@id\":\"https:\/\/www.cesenaticohotel.com\/de\/hotels\/hotel-imperiale#breadcrumb\"},\"inLanguage\":\"de\",\"potentialAction\":[{\"@type\":\"ReadAction\",\"target\":[\"https:\/\/www.cesenaticohotel.com\/de\/hotels\/hotel-imperiale\"]}]},{\"@type\":\"BreadcrumbList\",\"@id\":\"https:\/\/www.cesenaticohotel.com\/de\/hotels\/hotel-imperiale#breadcrumb\",\"itemListElement\":[{\"@type\":\"ListItem\",\"position\":1,\"name\":\"Home\",\"item\":\"https:\/\/www.cesenaticohotel.com\/de\/homepage\"},{\"@type\":\"ListItem\",\"position\":2,\"name\":\"Hotel\",\"item\":\"https:\/\/www.cesenaticohotel.com\/de\/hotels\"},{\"@type\":\"ListItem\",\"position\":3,\"name\":\"Hotel Imperiale\"}]},{\"@type\":\"WebSite\",\"@id\":\"https:\/\/www.cesenaticohotel.com\/de#website\",\"url\":\"https:\/\/www.cesenaticohotel.com\/de\",\"name\":\"Cesenatico Hotel\",\"description\":\"\",\"publisher\":{\"@id\":\"https:\/\/www.cesenaticohotel.com\/de#organization\"},\"potentialAction\":[{\"@type\":\"SearchAction\",\"target\":{\"@type\":\"EntryPoint\",\"urlTemplate\":\"https:\/\/www.cesenaticohotel.com\/de?s={search_term_string}\"},\"query-input\":{\"@type\":\"PropertyValueSpecification\",\"valueRequired\":true,\"valueName\":\"search_term_string\"}}],\"inLanguage\":\"de\"},{\"@type\":\"Organization\",\"@id\":\"https:\/\/www.cesenaticohotel.com\/de#organization\",\"name\":\"Cesenatico Hotel\",\"url\":\"https:\/\/www.cesenaticohotel.com\/de\",\"logo\":{\"@type\":\"ImageObject\",\"inLanguage\":\"de\",\"@id\":\"https:\/\/www.cesenaticohotel.com\/de#\/schema\/logo\/image\/\",\"url\":\"https:\/\/www.cesenaticohotel.com\/wp-content\/uploads\/2023\/05\/logo-organizzazione.jpg\",\"contentUrl\":\"https:\/\/www.cesenaticohotel.com\/wp-content\/uploads\/2023\/05\/logo-organizzazione.jpg\",\"width\":696,\"height\":696,\"caption\":\"Cesenatico Hotel\"},\"image\":{\"@id\":\"https:\/\/www.cesenaticohotel.com\/de#\/schema\/logo\/image\/\"}}]}<\/script>\n<!-- \/ Yoast SEO plugin. -->","yoast_head_json":{"title":"Hotel Imperiale*** in Cesenatico: Familienhotel","description":"Das Hotel Imperiale verf\u00fcgt \u00fcber einen Privatstrand nur 90 Meter entfernt, Animation und Dienstleistungen f\u00fcr Kinder. Privatparkplatz und Haustiere willkommen.","robots":{"index":"index","follow":"follow","max-snippet":"max-snippet:-1","max-image-preview":"max-image-preview:large","max-video-preview":"max-video-preview:-1"},"canonical":"https:\/\/www.cesenaticohotel.com\/de\/hotels\/hotel-imperiale","og_locale":"de_DE","og_type":"article","og_title":"Hotel Imperiale*** in Cesenatico: Familienhotel","og_description":"Das Hotel Imperiale verf\u00fcgt \u00fcber einen Privatstrand nur 90 Meter entfernt, Animation und Dienstleistungen f\u00fcr Kinder. Privatparkplatz und Haustiere willkommen.","og_url":"https:\/\/www.cesenaticohotel.com\/de\/hotels\/hotel-imperiale","og_site_name":"Cesenatico Hotel","article_modified_time":"2023-08-22T07:13:38+00:00","og_image":[{"width":1200,"height":675,"url":"https:\/\/www.cesenaticohotel.com\/wp-content\/uploads\/2023\/05\/immagine-sito.jpg","type":"image\/jpeg"}],"twitter_card":"summary_large_image","twitter_misc":{"Gesch\u00e4tzte Lesezeit":"1\u00a0Minute"},"schema":{"@context":"https:\/\/schema.org","@graph":[{"@type":"WebPage","@id":"https:\/\/www.cesenaticohotel.com\/de\/hotels\/hotel-imperiale","url":"https:\/\/www.cesenaticohotel.com\/de\/hotels\/hotel-imperiale","name":"Hotel Imperiale*** in Cesenatico: Familienhotel","isPartOf":{"@id":"https:\/\/www.cesenaticohotel.com\/de#website"},"datePublished":"2023-04-26T07:38:21+00:00","dateModified":"2023-08-22T07:13:38+00:00","description":"Das Hotel Imperiale verf\u00fcgt \u00fcber einen Privatstrand nur 90 Meter entfernt, Animation und Dienstleistungen f\u00fcr Kinder. Privatparkplatz und Haustiere willkommen.","breadcrumb":{"@id":"https:\/\/www.cesenaticohotel.com\/de\/hotels\/hotel-imperiale#breadcrumb"},"inLanguage":"de","potentialAction":[{"@type":"ReadAction","target":["https:\/\/www.cesenaticohotel.com\/de\/hotels\/hotel-imperiale"]}]},{"@type":"BreadcrumbList","@id":"https:\/\/www.cesenaticohotel.com\/de\/hotels\/hotel-imperiale#breadcrumb","itemListElement":[{"@type":"ListItem","position":1,"name":"Home","item":"https:\/\/www.cesenaticohotel.com\/de\/homepage"},{"@type":"ListItem","position":2,"name":"Hotel","item":"https:\/\/www.cesenaticohotel.com\/de\/hotels"},{"@type":"ListItem","position":3,"name":"Hotel Imperiale"}]},{"@type":"WebSite","@id":"https:\/\/www.cesenaticohotel.com\/de#website","url":"https:\/\/www.cesenaticohotel.com\/de","name":"Cesenatico Hotel","description":"","publisher":{"@id":"https:\/\/www.cesenaticohotel.com\/de#organization"},"potentialAction":[{"@type":"SearchAction","target":{"@type":"EntryPoint","urlTemplate":"https:\/\/www.cesenaticohotel.com\/de?s={search_term_string}"},"query-input":{"@type":"PropertyValueSpecification","valueRequired":true,"valueName":"search_term_string"}}],"inLanguage":"de"},{"@type":"Organization","@id":"https:\/\/www.cesenaticohotel.com\/de#organization","name":"Cesenatico Hotel","url":"https:\/\/www.cesenaticohotel.com\/de","logo":{"@type":"ImageObject","inLanguage":"de","@id":"https:\/\/www.cesenaticohotel.com\/de#\/schema\/logo\/image\/","url":"https:\/\/www.cesenaticohotel.com\/wp-content\/uploads\/2023\/05\/logo-organizzazione.jpg","contentUrl":"https:\/\/www.cesenaticohotel.com\/wp-content\/uploads\/2023\/05\/logo-organizzazione.jpg","width":696,"height":696,"caption":"Cesenatico Hotel"},"image":{"@id":"https:\/\/www.cesenaticohotel.com\/de#\/schema\/logo\/image\/"}}]}},"_links":{"self":[{"href":"https:\/\/www.cesenaticohotel.com\/de\/wp-json\/wp\/v2\/pages\/599","targetHints":{"allow":["GET"]}}],"collection":[{"href":"https:\/\/www.cesenaticohotel.com\/de\/wp-json\/wp\/v2\/pages"}],"about":[{"href":"https:\/\/www.cesenaticohotel.com\/de\/wp-json\/wp\/v2\/types\/page"}],"author":[{"embeddable":true,"href":"https:\/\/www.cesenaticohotel.com\/de\/wp-json\/wp\/v2\/users\/1"}],"replies":[{"embeddable":true,"href":"https:\/\/www.cesenaticohotel.com\/de\/wp-json\/wp\/v2\/comments?post=599"}],"version-history":[{"count":2,"href":"https:\/\/www.cesenaticohotel.com\/de\/wp-json\/wp\/v2\/pages\/599\/revisions"}],"predecessor-version":[{"id":5924,"href":"https:\/\/www.cesenaticohotel.com\/de\/wp-json\/wp\/v2\/pages\/599\/revisions\/5924"}],"up":[{"embeddable":true,"href":"https:\/\/www.cesenaticohotel.com\/de\/wp-json\/wp\/v2\/pages\/511"}],"wp:attachment":[{"href":"https:\/\/www.cesenaticohotel.com\/de\/wp-json\/wp\/v2\/media?parent=599"}],"curies":[{"name":"wp","href":"https:\/\/api.w.org\/{rel}","templated":true}]}}