{"id":607,"date":"2023-04-26T10:05:34","date_gmt":"2023-04-26T08:05:34","guid":{"rendered":"https:\/\/www.cesenaticohotel.com\/hotels\/hotel-garden"},"modified":"2023-08-22T09:13:40","modified_gmt":"2023-08-22T07:13:40","slug":"hotel-garden","status":"publish","type":"page","link":"https:\/\/www.cesenaticohotel.com\/de\/hotels\/hotel-garden","title":{"rendered":"Hotel Garden"},"content":{"rendered":"\n<p>Das <b>Hotel Garden<\/b> befindet sich an der <b>Strandpromenade<\/b>, gegen\u00fcber dem Strand mit Animation, sodass du dich zwischen Entspannung unter dem Sonnenschirm und unbeschwerten Stunden im <b>Hotelpool <\/b>abwechseln kannst. Der Pool verf\u00fcgt \u00fcber ein <b>Solarium<\/b> und eine <b>ausgestattete Terrasse<\/b>, eine <b>Cocktailbar<\/b> und einen <b>Rettungsdienst,<\/b> der es auch den Kindern erm\u00f6glicht, sicher zu spielen.<\/p>\n\n\n\n<!--more-->\n\n\n\n<p>Mit der <b>All-Inclusive-Formel<\/b> kannst du einen sorglosen und v\u00f6llig entspannten Urlaub genie\u00dfen, inklusive Stranddienst mit Sonnenschirm und zwei Liegen.<\/p>\n\n\n\n<p>Im Hotel stehen ein <b>Parkplatz<\/b>, kostenlose <b>Fahrr\u00e4der<\/b>, eine <b>Fahrradgarage<\/b>, ein <b>Spielbereich<\/b> f\u00fcr die Kleinen sowie Hochst\u00fchle und Babywannen zur Verf\u00fcgung. Kleine <b>Haustiere<\/b> sind ebenfalls willkommen.<\/p>\n\n\n\n<p>Am Tisch findest du <b>hausgemachte Nudeln und Desserts<\/b>, unverzichtbar sind die &quot;Passatelli&quot; und Lasagne, frischer Fisch wie gebackene Sardinen mit &quot;Piadina&quot; und viele andere k\u00f6stliche traditionelle Gerichte. F\u00fcr <b>Kinder<\/b> steht das Personal jederzeit zur Verf\u00fcgung, um einfache und authentische Gerichte zuzubereiten, sowie <b>Br\u00fchen und p\u00fcrierte Speisen zur Entw\u00f6hnung<\/b>. Die Rohstoffe werden sorgf\u00e4ltig aus den besten <b>lokalen Produkten von 0 km<\/b> ausgew\u00e4hlt.<\/p>\n","protected":false},"excerpt":{"rendered":"<p>Das Hotel Garden befindet sich an der Strandpromenade, gegen\u00fcber dem Strand mit Animation, sodass du dich zwischen Entspannung unter dem Sonnenschirm und unbeschwerten Stunden im Hotelpool abwechseln kannst. Der Pool verf\u00fcgt \u00fcber ein Solarium und eine ausgestattete Terrasse, eine Cocktailbar und einen Rettungsdienst, der es auch den Kindern erm\u00f6glicht, sicher zu spielen.<\/p>\n","protected":false},"author":1,"featured_media":0,"parent":511,"menu_order":0,"comment_status":"closed","ping_status":"closed","template":"page-templates\/scheda_hotel.php","meta":{"_acf_changed":false,"inline_featured_image":false,"footnotes":""},"class_list":["post-607","page","type-page","status-publish","hentry"],"acf":[],"yoast_head":"<!-- This site is optimized with the Yoast SEO plugin v27.0 - https:\/\/yoast.com\/product\/yoast-seo-wordpress\/ -->\n<title>Hotel Garden*** in Cesenatico: Hotel f\u00fcr Sportler und Familien<\/title>\n<meta name=\"description\" content=\"Das Hotel Garden liegt direkt am Meer mit einem vereinbarten Strand. Es verf\u00fcgt \u00fcber einen Pool mit Sonnenterrasse, einen Spielbereich und einen privaten Au\u00dfenpool.\" \/>\n<meta name=\"robots\" content=\"index, follow, max-snippet:-1, max-image-preview:large, max-video-preview:-1\" \/>\n<link rel=\"canonical\" href=\"https:\/\/www.cesenaticohotel.com\/de\/hotels\/hotel-garden\" \/>\n<meta property=\"og:locale\" content=\"de_DE\" \/>\n<meta property=\"og:type\" content=\"article\" \/>\n<meta property=\"og:title\" content=\"Hotel Garden*** in Cesenatico: Hotel f\u00fcr Sportler und Familien\" \/>\n<meta property=\"og:description\" content=\"Das Hotel Garden liegt direkt am Meer mit einem vereinbarten Strand. Es verf\u00fcgt \u00fcber einen Pool mit Sonnenterrasse, einen Spielbereich und einen privaten Au\u00dfenpool.\" \/>\n<meta property=\"og:url\" content=\"https:\/\/www.cesenaticohotel.com\/de\/hotels\/hotel-garden\" \/>\n<meta property=\"og:site_name\" content=\"Cesenatico Hotel\" \/>\n<meta property=\"article:modified_time\" content=\"2023-08-22T07:13:40+00:00\" \/>\n<meta property=\"og:image\" content=\"https:\/\/www.cesenaticohotel.com\/wp-content\/uploads\/2023\/05\/immagine-sito.jpg\" \/>\n\t<meta property=\"og:image:width\" content=\"1200\" \/>\n\t<meta property=\"og:image:height\" content=\"675\" \/>\n\t<meta property=\"og:image:type\" content=\"image\/jpeg\" \/>\n<meta name=\"twitter:card\" content=\"summary_large_image\" \/>\n<meta name=\"twitter:label1\" content=\"Gesch\u00e4tzte Lesezeit\" \/>\n\t<meta name=\"twitter:data1\" content=\"1\u00a0Minute\" \/>\n<script type=\"application\/ld+json\" class=\"yoast-schema-graph\">{\"@context\":\"https:\/\/schema.org\",\"@graph\":[{\"@type\":\"WebPage\",\"@id\":\"https:\/\/www.cesenaticohotel.com\/de\/hotels\/hotel-garden\",\"url\":\"https:\/\/www.cesenaticohotel.com\/de\/hotels\/hotel-garden\",\"name\":\"Hotel Garden*** in Cesenatico: Hotel f\u00fcr Sportler und Familien\",\"isPartOf\":{\"@id\":\"https:\/\/www.cesenaticohotel.com\/de#website\"},\"datePublished\":\"2023-04-26T08:05:34+00:00\",\"dateModified\":\"2023-08-22T07:13:40+00:00\",\"description\":\"Das Hotel Garden liegt direkt am Meer mit einem vereinbarten Strand. Es verf\u00fcgt \u00fcber einen Pool mit Sonnenterrasse, einen Spielbereich und einen privaten Au\u00dfenpool.\",\"breadcrumb\":{\"@id\":\"https:\/\/www.cesenaticohotel.com\/de\/hotels\/hotel-garden#breadcrumb\"},\"inLanguage\":\"de\",\"potentialAction\":[{\"@type\":\"ReadAction\",\"target\":[\"https:\/\/www.cesenaticohotel.com\/de\/hotels\/hotel-garden\"]}]},{\"@type\":\"BreadcrumbList\",\"@id\":\"https:\/\/www.cesenaticohotel.com\/de\/hotels\/hotel-garden#breadcrumb\",\"itemListElement\":[{\"@type\":\"ListItem\",\"position\":1,\"name\":\"Home\",\"item\":\"https:\/\/www.cesenaticohotel.com\/de\/homepage\"},{\"@type\":\"ListItem\",\"position\":2,\"name\":\"Hotel\",\"item\":\"https:\/\/www.cesenaticohotel.com\/de\/hotels\"},{\"@type\":\"ListItem\",\"position\":3,\"name\":\"Hotel Garden\"}]},{\"@type\":\"WebSite\",\"@id\":\"https:\/\/www.cesenaticohotel.com\/de#website\",\"url\":\"https:\/\/www.cesenaticohotel.com\/de\",\"name\":\"Cesenatico Hotel\",\"description\":\"\",\"publisher\":{\"@id\":\"https:\/\/www.cesenaticohotel.com\/de#organization\"},\"potentialAction\":[{\"@type\":\"SearchAction\",\"target\":{\"@type\":\"EntryPoint\",\"urlTemplate\":\"https:\/\/www.cesenaticohotel.com\/de?s={search_term_string}\"},\"query-input\":{\"@type\":\"PropertyValueSpecification\",\"valueRequired\":true,\"valueName\":\"search_term_string\"}}],\"inLanguage\":\"de\"},{\"@type\":\"Organization\",\"@id\":\"https:\/\/www.cesenaticohotel.com\/de#organization\",\"name\":\"Cesenatico Hotel\",\"url\":\"https:\/\/www.cesenaticohotel.com\/de\",\"logo\":{\"@type\":\"ImageObject\",\"inLanguage\":\"de\",\"@id\":\"https:\/\/www.cesenaticohotel.com\/de#\/schema\/logo\/image\/\",\"url\":\"https:\/\/www.cesenaticohotel.com\/wp-content\/uploads\/2023\/05\/logo-organizzazione.jpg\",\"contentUrl\":\"https:\/\/www.cesenaticohotel.com\/wp-content\/uploads\/2023\/05\/logo-organizzazione.jpg\",\"width\":696,\"height\":696,\"caption\":\"Cesenatico Hotel\"},\"image\":{\"@id\":\"https:\/\/www.cesenaticohotel.com\/de#\/schema\/logo\/image\/\"}}]}<\/script>\n<!-- \/ Yoast SEO plugin. -->","yoast_head_json":{"title":"Hotel Garden*** in Cesenatico: Hotel f\u00fcr Sportler und Familien","description":"Das Hotel Garden liegt direkt am Meer mit einem vereinbarten Strand. Es verf\u00fcgt \u00fcber einen Pool mit Sonnenterrasse, einen Spielbereich und einen privaten Au\u00dfenpool.","robots":{"index":"index","follow":"follow","max-snippet":"max-snippet:-1","max-image-preview":"max-image-preview:large","max-video-preview":"max-video-preview:-1"},"canonical":"https:\/\/www.cesenaticohotel.com\/de\/hotels\/hotel-garden","og_locale":"de_DE","og_type":"article","og_title":"Hotel Garden*** in Cesenatico: Hotel f\u00fcr Sportler und Familien","og_description":"Das Hotel Garden liegt direkt am Meer mit einem vereinbarten Strand. Es verf\u00fcgt \u00fcber einen Pool mit Sonnenterrasse, einen Spielbereich und einen privaten Au\u00dfenpool.","og_url":"https:\/\/www.cesenaticohotel.com\/de\/hotels\/hotel-garden","og_site_name":"Cesenatico Hotel","article_modified_time":"2023-08-22T07:13:40+00:00","og_image":[{"width":1200,"height":675,"url":"https:\/\/www.cesenaticohotel.com\/wp-content\/uploads\/2023\/05\/immagine-sito.jpg","type":"image\/jpeg"}],"twitter_card":"summary_large_image","twitter_misc":{"Gesch\u00e4tzte Lesezeit":"1\u00a0Minute"},"schema":{"@context":"https:\/\/schema.org","@graph":[{"@type":"WebPage","@id":"https:\/\/www.cesenaticohotel.com\/de\/hotels\/hotel-garden","url":"https:\/\/www.cesenaticohotel.com\/de\/hotels\/hotel-garden","name":"Hotel Garden*** in Cesenatico: Hotel f\u00fcr Sportler und Familien","isPartOf":{"@id":"https:\/\/www.cesenaticohotel.com\/de#website"},"datePublished":"2023-04-26T08:05:34+00:00","dateModified":"2023-08-22T07:13:40+00:00","description":"Das Hotel Garden liegt direkt am Meer mit einem vereinbarten Strand. Es verf\u00fcgt \u00fcber einen Pool mit Sonnenterrasse, einen Spielbereich und einen privaten Au\u00dfenpool.","breadcrumb":{"@id":"https:\/\/www.cesenaticohotel.com\/de\/hotels\/hotel-garden#breadcrumb"},"inLanguage":"de","potentialAction":[{"@type":"ReadAction","target":["https:\/\/www.cesenaticohotel.com\/de\/hotels\/hotel-garden"]}]},{"@type":"BreadcrumbList","@id":"https:\/\/www.cesenaticohotel.com\/de\/hotels\/hotel-garden#breadcrumb","itemListElement":[{"@type":"ListItem","position":1,"name":"Home","item":"https:\/\/www.cesenaticohotel.com\/de\/homepage"},{"@type":"ListItem","position":2,"name":"Hotel","item":"https:\/\/www.cesenaticohotel.com\/de\/hotels"},{"@type":"ListItem","position":3,"name":"Hotel Garden"}]},{"@type":"WebSite","@id":"https:\/\/www.cesenaticohotel.com\/de#website","url":"https:\/\/www.cesenaticohotel.com\/de","name":"Cesenatico Hotel","description":"","publisher":{"@id":"https:\/\/www.cesenaticohotel.com\/de#organization"},"potentialAction":[{"@type":"SearchAction","target":{"@type":"EntryPoint","urlTemplate":"https:\/\/www.cesenaticohotel.com\/de?s={search_term_string}"},"query-input":{"@type":"PropertyValueSpecification","valueRequired":true,"valueName":"search_term_string"}}],"inLanguage":"de"},{"@type":"Organization","@id":"https:\/\/www.cesenaticohotel.com\/de#organization","name":"Cesenatico Hotel","url":"https:\/\/www.cesenaticohotel.com\/de","logo":{"@type":"ImageObject","inLanguage":"de","@id":"https:\/\/www.cesenaticohotel.com\/de#\/schema\/logo\/image\/","url":"https:\/\/www.cesenaticohotel.com\/wp-content\/uploads\/2023\/05\/logo-organizzazione.jpg","contentUrl":"https:\/\/www.cesenaticohotel.com\/wp-content\/uploads\/2023\/05\/logo-organizzazione.jpg","width":696,"height":696,"caption":"Cesenatico Hotel"},"image":{"@id":"https:\/\/www.cesenaticohotel.com\/de#\/schema\/logo\/image\/"}}]}},"_links":{"self":[{"href":"https:\/\/www.cesenaticohotel.com\/de\/wp-json\/wp\/v2\/pages\/607","targetHints":{"allow":["GET"]}}],"collection":[{"href":"https:\/\/www.cesenaticohotel.com\/de\/wp-json\/wp\/v2\/pages"}],"about":[{"href":"https:\/\/www.cesenaticohotel.com\/de\/wp-json\/wp\/v2\/types\/page"}],"author":[{"embeddable":true,"href":"https:\/\/www.cesenaticohotel.com\/de\/wp-json\/wp\/v2\/users\/1"}],"replies":[{"embeddable":true,"href":"https:\/\/www.cesenaticohotel.com\/de\/wp-json\/wp\/v2\/comments?post=607"}],"version-history":[{"count":2,"href":"https:\/\/www.cesenaticohotel.com\/de\/wp-json\/wp\/v2\/pages\/607\/revisions"}],"predecessor-version":[{"id":5925,"href":"https:\/\/www.cesenaticohotel.com\/de\/wp-json\/wp\/v2\/pages\/607\/revisions\/5925"}],"up":[{"embeddable":true,"href":"https:\/\/www.cesenaticohotel.com\/de\/wp-json\/wp\/v2\/pages\/511"}],"wp:attachment":[{"href":"https:\/\/www.cesenaticohotel.com\/de\/wp-json\/wp\/v2\/media?parent=607"}],"curies":[{"name":"wp","href":"https:\/\/api.w.org\/{rel}","templated":true}]}}