{"id":6984,"date":"2024-02-05T16:11:58","date_gmt":"2024-02-05T15:11:58","guid":{"rendered":"https:\/\/www.cesenaticohotel.com\/hotels\/hotel-apollo"},"modified":"2024-04-22T16:02:56","modified_gmt":"2024-04-22T14:02:56","slug":"hotel-apollo","status":"publish","type":"page","link":"https:\/\/www.cesenaticohotel.com\/de\/hotels\/hotel-apollo","title":{"rendered":"Hotel Apollo"},"content":{"rendered":"\n<p>Das <b>Hotel Apollo<\/b> in Valverde von Cesenatico liegt <b>50 Meter vom Meer<\/b> entfernt. Das Hotel verf\u00fcgt \u00fcber einen <b>Pool,<\/b> einen <b>Whirlpool<\/b> und eine <b>Sonnenterrasse<\/b> mit Sonnenliegen, wo man sich in aller Ruhe entspannen kann.<\/p>\n\n\n\n<!--more-->\n\n\n\n<p>Wenn Sie mit <b>Kindern im Urlaub<\/b> sind, finden Sie im Hotel Apollo einen <b>Au\u00dfenspielbereich<\/b>, Kinderwagen, Hochst\u00fchle, Kinderbetten, Babybadewannen, Flaschenw\u00e4rmer, <b>Babymen\u00fcs <\/b>und alles f\u00fcr die <b>Mahlzeiten<\/b>, mit flexiblen Essenszeiten.<\/p>\n\n\n\n<p>F\u00fcr diejenigen, die Cesenatico f\u00fcr einen <b>aktiven Urlaub<\/b> w\u00e4hlen, stehen eine Reihe von Dienstleistungen zur Verf\u00fcgung, wie individuell zubereitete <b>energiereiche Gerichte<\/b> und ein Buffet nach R\u00fcckkehr von Ausfl\u00fcgen, die M\u00f6glichkeit, das <b>Fitnessstudio<\/b> zu nutzen und <b>Sportmassagen <\/b>zu buchen, sowie die Reinigung technischer Kleidung. Dar\u00fcber hinaus ist die Lage des Hotel Apollo ideal, um mit dem Fahrrad auf einigen der sch\u00f6nsten Stra\u00dfen der gesamten Romagna zu fahren.<\/p>\n\n\n\n<p>Das <b>Restaurant des Hotel Apollo<\/b> serviert traditionelle <b>romagnolische Gerichte <\/b>wie k\u00f6stliche Fischgerichte aus der Adria, lang gekochtes Rag\u00f9 und duftende Piadina. Das <b>Fr\u00fchst\u00fcck ist ein Buffet<\/b>, w\u00e4hrend <b>Mittag- und Abendessen \u00e0 la carte <\/b>sind und immer von einem Vorspeisen- und <b>Gem\u00fcsebuffet <\/b>begleitet werden. Jede Woche werden Aperitifs, Themenabende und Snacks f\u00fcr Kinder organisiert.<\/p>\n\n\n\n<p>Im Hotel Apollo sind <b>kleine Haustiere<\/b> willkommen.<\/p>\n","protected":false},"excerpt":{"rendered":"<p>Das Hotel Apollo in Valverde von Cesenatico liegt 50 Meter vom Meer entfernt. Das Hotel verf\u00fcgt \u00fcber einen Pool, einen Whirlpool und eine Sonnenterrasse mit Sonnenliegen, wo man sich in aller Ruhe entspannen kann.<\/p>\n","protected":false},"author":1,"featured_media":0,"parent":511,"menu_order":0,"comment_status":"closed","ping_status":"closed","template":"page-templates\/scheda_hotel.php","meta":{"_acf_changed":false,"inline_featured_image":false,"footnotes":""},"class_list":["post-6984","page","type-page","status-publish","hentry"],"acf":[],"yoast_head":"<!-- This site is optimized with the Yoast SEO plugin v27.0 - https:\/\/yoast.com\/product\/yoast-seo-wordpress\/ -->\n<title>Hotel Apollo - Cesenatico Hotel<\/title>\n<meta name=\"robots\" content=\"index, follow, max-snippet:-1, max-image-preview:large, max-video-preview:-1\" \/>\n<link rel=\"canonical\" href=\"https:\/\/www.cesenaticohotel.com\/de\/hotels\/hotel-apollo\" \/>\n<meta property=\"og:locale\" content=\"de_DE\" \/>\n<meta property=\"og:type\" content=\"article\" \/>\n<meta property=\"og:title\" content=\"Hotel Apollo - Cesenatico Hotel\" \/>\n<meta property=\"og:description\" content=\"Das Hotel Apollo in Valverde von Cesenatico liegt 50 Meter vom Meer entfernt. Das Hotel verf\u00fcgt \u00fcber einen Pool, einen Whirlpool und eine Sonnenterrasse mit Sonnenliegen, wo man sich in aller Ruhe entspannen kann.\" \/>\n<meta property=\"og:url\" content=\"https:\/\/www.cesenaticohotel.com\/de\/hotels\/hotel-apollo\" \/>\n<meta property=\"og:site_name\" content=\"Cesenatico Hotel\" \/>\n<meta property=\"article:modified_time\" content=\"2024-04-22T14:02:56+00:00\" \/>\n<meta property=\"og:image\" content=\"https:\/\/www.cesenaticohotel.com\/wp-content\/uploads\/2023\/05\/immagine-sito.jpg\" \/>\n\t<meta property=\"og:image:width\" content=\"1200\" \/>\n\t<meta property=\"og:image:height\" content=\"675\" \/>\n\t<meta property=\"og:image:type\" content=\"image\/jpeg\" \/>\n<meta name=\"twitter:card\" content=\"summary_large_image\" \/>\n<meta name=\"twitter:label1\" content=\"Gesch\u00e4tzte Lesezeit\" \/>\n\t<meta name=\"twitter:data1\" content=\"1\u00a0Minute\" \/>\n<script type=\"application\/ld+json\" class=\"yoast-schema-graph\">{\"@context\":\"https:\/\/schema.org\",\"@graph\":[{\"@type\":\"WebPage\",\"@id\":\"https:\/\/www.cesenaticohotel.com\/de\/hotels\/hotel-apollo\",\"url\":\"https:\/\/www.cesenaticohotel.com\/de\/hotels\/hotel-apollo\",\"name\":\"Hotel Apollo - Cesenatico Hotel\",\"isPartOf\":{\"@id\":\"https:\/\/www.cesenaticohotel.com\/de#website\"},\"datePublished\":\"2024-02-05T15:11:58+00:00\",\"dateModified\":\"2024-04-22T14:02:56+00:00\",\"breadcrumb\":{\"@id\":\"https:\/\/www.cesenaticohotel.com\/de\/hotels\/hotel-apollo#breadcrumb\"},\"inLanguage\":\"de\",\"potentialAction\":[{\"@type\":\"ReadAction\",\"target\":[\"https:\/\/www.cesenaticohotel.com\/de\/hotels\/hotel-apollo\"]}]},{\"@type\":\"BreadcrumbList\",\"@id\":\"https:\/\/www.cesenaticohotel.com\/de\/hotels\/hotel-apollo#breadcrumb\",\"itemListElement\":[{\"@type\":\"ListItem\",\"position\":1,\"name\":\"Home\",\"item\":\"https:\/\/www.cesenaticohotel.com\/de\/homepage\"},{\"@type\":\"ListItem\",\"position\":2,\"name\":\"Hotel\",\"item\":\"https:\/\/www.cesenaticohotel.com\/de\/hotels\"},{\"@type\":\"ListItem\",\"position\":3,\"name\":\"Hotel Apollo\"}]},{\"@type\":\"WebSite\",\"@id\":\"https:\/\/www.cesenaticohotel.com\/de#website\",\"url\":\"https:\/\/www.cesenaticohotel.com\/de\",\"name\":\"Cesenatico Hotel\",\"description\":\"\",\"publisher\":{\"@id\":\"https:\/\/www.cesenaticohotel.com\/de#organization\"},\"potentialAction\":[{\"@type\":\"SearchAction\",\"target\":{\"@type\":\"EntryPoint\",\"urlTemplate\":\"https:\/\/www.cesenaticohotel.com\/de?s={search_term_string}\"},\"query-input\":{\"@type\":\"PropertyValueSpecification\",\"valueRequired\":true,\"valueName\":\"search_term_string\"}}],\"inLanguage\":\"de\"},{\"@type\":\"Organization\",\"@id\":\"https:\/\/www.cesenaticohotel.com\/de#organization\",\"name\":\"Cesenatico Hotel\",\"url\":\"https:\/\/www.cesenaticohotel.com\/de\",\"logo\":{\"@type\":\"ImageObject\",\"inLanguage\":\"de\",\"@id\":\"https:\/\/www.cesenaticohotel.com\/de#\/schema\/logo\/image\/\",\"url\":\"https:\/\/www.cesenaticohotel.com\/wp-content\/uploads\/2023\/05\/logo-organizzazione.jpg\",\"contentUrl\":\"https:\/\/www.cesenaticohotel.com\/wp-content\/uploads\/2023\/05\/logo-organizzazione.jpg\",\"width\":696,\"height\":696,\"caption\":\"Cesenatico Hotel\"},\"image\":{\"@id\":\"https:\/\/www.cesenaticohotel.com\/de#\/schema\/logo\/image\/\"}}]}<\/script>\n<!-- \/ Yoast SEO plugin. -->","yoast_head_json":{"title":"Hotel Apollo - Cesenatico Hotel","robots":{"index":"index","follow":"follow","max-snippet":"max-snippet:-1","max-image-preview":"max-image-preview:large","max-video-preview":"max-video-preview:-1"},"canonical":"https:\/\/www.cesenaticohotel.com\/de\/hotels\/hotel-apollo","og_locale":"de_DE","og_type":"article","og_title":"Hotel Apollo - Cesenatico Hotel","og_description":"Das Hotel Apollo in Valverde von Cesenatico liegt 50 Meter vom Meer entfernt. Das Hotel verf\u00fcgt \u00fcber einen Pool, einen Whirlpool und eine Sonnenterrasse mit Sonnenliegen, wo man sich in aller Ruhe entspannen kann.","og_url":"https:\/\/www.cesenaticohotel.com\/de\/hotels\/hotel-apollo","og_site_name":"Cesenatico Hotel","article_modified_time":"2024-04-22T14:02:56+00:00","og_image":[{"width":1200,"height":675,"url":"https:\/\/www.cesenaticohotel.com\/wp-content\/uploads\/2023\/05\/immagine-sito.jpg","type":"image\/jpeg"}],"twitter_card":"summary_large_image","twitter_misc":{"Gesch\u00e4tzte Lesezeit":"1\u00a0Minute"},"schema":{"@context":"https:\/\/schema.org","@graph":[{"@type":"WebPage","@id":"https:\/\/www.cesenaticohotel.com\/de\/hotels\/hotel-apollo","url":"https:\/\/www.cesenaticohotel.com\/de\/hotels\/hotel-apollo","name":"Hotel Apollo - Cesenatico Hotel","isPartOf":{"@id":"https:\/\/www.cesenaticohotel.com\/de#website"},"datePublished":"2024-02-05T15:11:58+00:00","dateModified":"2024-04-22T14:02:56+00:00","breadcrumb":{"@id":"https:\/\/www.cesenaticohotel.com\/de\/hotels\/hotel-apollo#breadcrumb"},"inLanguage":"de","potentialAction":[{"@type":"ReadAction","target":["https:\/\/www.cesenaticohotel.com\/de\/hotels\/hotel-apollo"]}]},{"@type":"BreadcrumbList","@id":"https:\/\/www.cesenaticohotel.com\/de\/hotels\/hotel-apollo#breadcrumb","itemListElement":[{"@type":"ListItem","position":1,"name":"Home","item":"https:\/\/www.cesenaticohotel.com\/de\/homepage"},{"@type":"ListItem","position":2,"name":"Hotel","item":"https:\/\/www.cesenaticohotel.com\/de\/hotels"},{"@type":"ListItem","position":3,"name":"Hotel Apollo"}]},{"@type":"WebSite","@id":"https:\/\/www.cesenaticohotel.com\/de#website","url":"https:\/\/www.cesenaticohotel.com\/de","name":"Cesenatico Hotel","description":"","publisher":{"@id":"https:\/\/www.cesenaticohotel.com\/de#organization"},"potentialAction":[{"@type":"SearchAction","target":{"@type":"EntryPoint","urlTemplate":"https:\/\/www.cesenaticohotel.com\/de?s={search_term_string}"},"query-input":{"@type":"PropertyValueSpecification","valueRequired":true,"valueName":"search_term_string"}}],"inLanguage":"de"},{"@type":"Organization","@id":"https:\/\/www.cesenaticohotel.com\/de#organization","name":"Cesenatico Hotel","url":"https:\/\/www.cesenaticohotel.com\/de","logo":{"@type":"ImageObject","inLanguage":"de","@id":"https:\/\/www.cesenaticohotel.com\/de#\/schema\/logo\/image\/","url":"https:\/\/www.cesenaticohotel.com\/wp-content\/uploads\/2023\/05\/logo-organizzazione.jpg","contentUrl":"https:\/\/www.cesenaticohotel.com\/wp-content\/uploads\/2023\/05\/logo-organizzazione.jpg","width":696,"height":696,"caption":"Cesenatico Hotel"},"image":{"@id":"https:\/\/www.cesenaticohotel.com\/de#\/schema\/logo\/image\/"}}]}},"_links":{"self":[{"href":"https:\/\/www.cesenaticohotel.com\/de\/wp-json\/wp\/v2\/pages\/6984","targetHints":{"allow":["GET"]}}],"collection":[{"href":"https:\/\/www.cesenaticohotel.com\/de\/wp-json\/wp\/v2\/pages"}],"about":[{"href":"https:\/\/www.cesenaticohotel.com\/de\/wp-json\/wp\/v2\/types\/page"}],"author":[{"embeddable":true,"href":"https:\/\/www.cesenaticohotel.com\/de\/wp-json\/wp\/v2\/users\/1"}],"replies":[{"embeddable":true,"href":"https:\/\/www.cesenaticohotel.com\/de\/wp-json\/wp\/v2\/comments?post=6984"}],"version-history":[{"count":2,"href":"https:\/\/www.cesenaticohotel.com\/de\/wp-json\/wp\/v2\/pages\/6984\/revisions"}],"predecessor-version":[{"id":8521,"href":"https:\/\/www.cesenaticohotel.com\/de\/wp-json\/wp\/v2\/pages\/6984\/revisions\/8521"}],"up":[{"embeddable":true,"href":"https:\/\/www.cesenaticohotel.com\/de\/wp-json\/wp\/v2\/pages\/511"}],"wp:attachment":[{"href":"https:\/\/www.cesenaticohotel.com\/de\/wp-json\/wp\/v2\/media?parent=6984"}],"curies":[{"name":"wp","href":"https:\/\/api.w.org\/{rel}","templated":true}]}}