{"id":6988,"date":"2024-02-05T16:18:02","date_gmt":"2024-02-05T15:18:02","guid":{"rendered":"https:\/\/www.cesenaticohotel.com\/hotels\/hotel-de-blasi"},"modified":"2024-04-22T16:02:57","modified_gmt":"2024-04-22T14:02:57","slug":"hotel-de-blasi","status":"publish","type":"page","link":"https:\/\/www.cesenaticohotel.com\/de\/hotels\/hotel-de-blasi","title":{"rendered":"Hotel De Blasi"},"content":{"rendered":"\n<p>Das <b>Hotel De Blasi<\/b> in Cesenatico, in g\u00fcnstiger Lage in der <b>N\u00e4he des Meeres<\/b> und des vereinbarten Strandes, bietet verschiedene Arten von Aufenthalten, darunter die All-<b>Inclusive-Formel<\/b>. Zu den Annehmlichkeiten f\u00fcr die G\u00e4ste geh\u00f6ren unter anderem kostenlose <b>Parkpl\u00e4tze<\/b> in der N\u00e4he und <b>Fahrradservice<\/b>.<\/p>\n\n\n\n<!--more-->\n\n\n\n<p><b>Die K\u00fcche<\/b>, die von den G\u00e4sten sehr gesch\u00e4tzt wird, wird <b>direkt von den Besitzern betreut<\/b>, die sich pers\u00f6nlich um die Auswahl der Rohstoffe k\u00fcmmern. Die hausgemachten Desserts sind sehr beliebt. F\u00fcr <b>Kinder<\/b> werden <b>auf Wunsch Gerichte<\/b> zubereitet, au\u00dferdem stehen Kinderbetten, Kinderwagen, Hochst\u00fchle, Flaschenw\u00e4rmer, Rausfallschutzgitter und Babybadewannen zur Verf\u00fcgung.<\/p>\n\n\n\n<p><b>Haustiere<\/b> sind im <b>Hotel willkommen<\/b>, auch im Speisesaal.<\/p>\n","protected":false},"excerpt":{"rendered":"<p>Das Hotel De Blasi in Cesenatico, in g\u00fcnstiger Lage in der N\u00e4he des Meeres und des vereinbarten Strandes, bietet verschiedene Arten von Aufenthalten, darunter die All-Inclusive-Formel. Zu den Annehmlichkeiten f\u00fcr die G\u00e4ste geh\u00f6ren unter anderem kostenlose Parkpl\u00e4tze in der N\u00e4he und Fahrradservice.<\/p>\n","protected":false},"author":1,"featured_media":0,"parent":511,"menu_order":0,"comment_status":"closed","ping_status":"closed","template":"page-templates\/scheda_hotel.php","meta":{"_acf_changed":false,"inline_featured_image":false,"footnotes":""},"class_list":["post-6988","page","type-page","status-publish","hentry"],"acf":[],"yoast_head":"<!-- This site is optimized with the Yoast SEO plugin v27.0 - https:\/\/yoast.com\/product\/yoast-seo-wordpress\/ -->\n<title>Hotel De Blasi - Cesenatico Hotel<\/title>\n<meta name=\"robots\" content=\"index, follow, max-snippet:-1, max-image-preview:large, max-video-preview:-1\" \/>\n<link rel=\"canonical\" href=\"https:\/\/www.cesenaticohotel.com\/de\/hotels\/hotel-de-blasi\" \/>\n<meta property=\"og:locale\" content=\"de_DE\" \/>\n<meta property=\"og:type\" content=\"article\" \/>\n<meta property=\"og:title\" content=\"Hotel De Blasi - Cesenatico Hotel\" \/>\n<meta property=\"og:description\" content=\"Das Hotel De Blasi in Cesenatico, in g\u00fcnstiger Lage in der N\u00e4he des Meeres und des vereinbarten Strandes, bietet verschiedene Arten von Aufenthalten, darunter die All-Inclusive-Formel. Zu den Annehmlichkeiten f\u00fcr die G\u00e4ste geh\u00f6ren unter anderem kostenlose Parkpl\u00e4tze in der N\u00e4he und Fahrradservice.\" \/>\n<meta property=\"og:url\" content=\"https:\/\/www.cesenaticohotel.com\/de\/hotels\/hotel-de-blasi\" \/>\n<meta property=\"og:site_name\" content=\"Cesenatico Hotel\" \/>\n<meta property=\"article:modified_time\" content=\"2024-04-22T14:02:57+00:00\" \/>\n<meta property=\"og:image\" content=\"https:\/\/www.cesenaticohotel.com\/wp-content\/uploads\/2023\/05\/immagine-sito.jpg\" \/>\n\t<meta property=\"og:image:width\" content=\"1200\" \/>\n\t<meta property=\"og:image:height\" content=\"675\" \/>\n\t<meta property=\"og:image:type\" content=\"image\/jpeg\" \/>\n<meta name=\"twitter:card\" content=\"summary_large_image\" \/>\n<meta name=\"twitter:label1\" content=\"Gesch\u00e4tzte Lesezeit\" \/>\n\t<meta name=\"twitter:data1\" content=\"1\u00a0Minute\" \/>\n<script type=\"application\/ld+json\" class=\"yoast-schema-graph\">{\"@context\":\"https:\/\/schema.org\",\"@graph\":[{\"@type\":\"WebPage\",\"@id\":\"https:\/\/www.cesenaticohotel.com\/de\/hotels\/hotel-de-blasi\",\"url\":\"https:\/\/www.cesenaticohotel.com\/de\/hotels\/hotel-de-blasi\",\"name\":\"Hotel De Blasi - Cesenatico Hotel\",\"isPartOf\":{\"@id\":\"https:\/\/www.cesenaticohotel.com\/de#website\"},\"datePublished\":\"2024-02-05T15:18:02+00:00\",\"dateModified\":\"2024-04-22T14:02:57+00:00\",\"breadcrumb\":{\"@id\":\"https:\/\/www.cesenaticohotel.com\/de\/hotels\/hotel-de-blasi#breadcrumb\"},\"inLanguage\":\"de\",\"potentialAction\":[{\"@type\":\"ReadAction\",\"target\":[\"https:\/\/www.cesenaticohotel.com\/de\/hotels\/hotel-de-blasi\"]}]},{\"@type\":\"BreadcrumbList\",\"@id\":\"https:\/\/www.cesenaticohotel.com\/de\/hotels\/hotel-de-blasi#breadcrumb\",\"itemListElement\":[{\"@type\":\"ListItem\",\"position\":1,\"name\":\"Home\",\"item\":\"https:\/\/www.cesenaticohotel.com\/de\/homepage\"},{\"@type\":\"ListItem\",\"position\":2,\"name\":\"Hotel\",\"item\":\"https:\/\/www.cesenaticohotel.com\/de\/hotels\"},{\"@type\":\"ListItem\",\"position\":3,\"name\":\"Hotel De Blasi\"}]},{\"@type\":\"WebSite\",\"@id\":\"https:\/\/www.cesenaticohotel.com\/de#website\",\"url\":\"https:\/\/www.cesenaticohotel.com\/de\",\"name\":\"Cesenatico Hotel\",\"description\":\"\",\"publisher\":{\"@id\":\"https:\/\/www.cesenaticohotel.com\/de#organization\"},\"potentialAction\":[{\"@type\":\"SearchAction\",\"target\":{\"@type\":\"EntryPoint\",\"urlTemplate\":\"https:\/\/www.cesenaticohotel.com\/de?s={search_term_string}\"},\"query-input\":{\"@type\":\"PropertyValueSpecification\",\"valueRequired\":true,\"valueName\":\"search_term_string\"}}],\"inLanguage\":\"de\"},{\"@type\":\"Organization\",\"@id\":\"https:\/\/www.cesenaticohotel.com\/de#organization\",\"name\":\"Cesenatico Hotel\",\"url\":\"https:\/\/www.cesenaticohotel.com\/de\",\"logo\":{\"@type\":\"ImageObject\",\"inLanguage\":\"de\",\"@id\":\"https:\/\/www.cesenaticohotel.com\/de#\/schema\/logo\/image\/\",\"url\":\"https:\/\/www.cesenaticohotel.com\/wp-content\/uploads\/2023\/05\/logo-organizzazione.jpg\",\"contentUrl\":\"https:\/\/www.cesenaticohotel.com\/wp-content\/uploads\/2023\/05\/logo-organizzazione.jpg\",\"width\":696,\"height\":696,\"caption\":\"Cesenatico Hotel\"},\"image\":{\"@id\":\"https:\/\/www.cesenaticohotel.com\/de#\/schema\/logo\/image\/\"}}]}<\/script>\n<!-- \/ Yoast SEO plugin. -->","yoast_head_json":{"title":"Hotel De Blasi - Cesenatico Hotel","robots":{"index":"index","follow":"follow","max-snippet":"max-snippet:-1","max-image-preview":"max-image-preview:large","max-video-preview":"max-video-preview:-1"},"canonical":"https:\/\/www.cesenaticohotel.com\/de\/hotels\/hotel-de-blasi","og_locale":"de_DE","og_type":"article","og_title":"Hotel De Blasi - Cesenatico Hotel","og_description":"Das Hotel De Blasi in Cesenatico, in g\u00fcnstiger Lage in der N\u00e4he des Meeres und des vereinbarten Strandes, bietet verschiedene Arten von Aufenthalten, darunter die All-Inclusive-Formel. Zu den Annehmlichkeiten f\u00fcr die G\u00e4ste geh\u00f6ren unter anderem kostenlose Parkpl\u00e4tze in der N\u00e4he und Fahrradservice.","og_url":"https:\/\/www.cesenaticohotel.com\/de\/hotels\/hotel-de-blasi","og_site_name":"Cesenatico Hotel","article_modified_time":"2024-04-22T14:02:57+00:00","og_image":[{"width":1200,"height":675,"url":"https:\/\/www.cesenaticohotel.com\/wp-content\/uploads\/2023\/05\/immagine-sito.jpg","type":"image\/jpeg"}],"twitter_card":"summary_large_image","twitter_misc":{"Gesch\u00e4tzte Lesezeit":"1\u00a0Minute"},"schema":{"@context":"https:\/\/schema.org","@graph":[{"@type":"WebPage","@id":"https:\/\/www.cesenaticohotel.com\/de\/hotels\/hotel-de-blasi","url":"https:\/\/www.cesenaticohotel.com\/de\/hotels\/hotel-de-blasi","name":"Hotel De Blasi - Cesenatico Hotel","isPartOf":{"@id":"https:\/\/www.cesenaticohotel.com\/de#website"},"datePublished":"2024-02-05T15:18:02+00:00","dateModified":"2024-04-22T14:02:57+00:00","breadcrumb":{"@id":"https:\/\/www.cesenaticohotel.com\/de\/hotels\/hotel-de-blasi#breadcrumb"},"inLanguage":"de","potentialAction":[{"@type":"ReadAction","target":["https:\/\/www.cesenaticohotel.com\/de\/hotels\/hotel-de-blasi"]}]},{"@type":"BreadcrumbList","@id":"https:\/\/www.cesenaticohotel.com\/de\/hotels\/hotel-de-blasi#breadcrumb","itemListElement":[{"@type":"ListItem","position":1,"name":"Home","item":"https:\/\/www.cesenaticohotel.com\/de\/homepage"},{"@type":"ListItem","position":2,"name":"Hotel","item":"https:\/\/www.cesenaticohotel.com\/de\/hotels"},{"@type":"ListItem","position":3,"name":"Hotel De Blasi"}]},{"@type":"WebSite","@id":"https:\/\/www.cesenaticohotel.com\/de#website","url":"https:\/\/www.cesenaticohotel.com\/de","name":"Cesenatico Hotel","description":"","publisher":{"@id":"https:\/\/www.cesenaticohotel.com\/de#organization"},"potentialAction":[{"@type":"SearchAction","target":{"@type":"EntryPoint","urlTemplate":"https:\/\/www.cesenaticohotel.com\/de?s={search_term_string}"},"query-input":{"@type":"PropertyValueSpecification","valueRequired":true,"valueName":"search_term_string"}}],"inLanguage":"de"},{"@type":"Organization","@id":"https:\/\/www.cesenaticohotel.com\/de#organization","name":"Cesenatico Hotel","url":"https:\/\/www.cesenaticohotel.com\/de","logo":{"@type":"ImageObject","inLanguage":"de","@id":"https:\/\/www.cesenaticohotel.com\/de#\/schema\/logo\/image\/","url":"https:\/\/www.cesenaticohotel.com\/wp-content\/uploads\/2023\/05\/logo-organizzazione.jpg","contentUrl":"https:\/\/www.cesenaticohotel.com\/wp-content\/uploads\/2023\/05\/logo-organizzazione.jpg","width":696,"height":696,"caption":"Cesenatico Hotel"},"image":{"@id":"https:\/\/www.cesenaticohotel.com\/de#\/schema\/logo\/image\/"}}]}},"_links":{"self":[{"href":"https:\/\/www.cesenaticohotel.com\/de\/wp-json\/wp\/v2\/pages\/6988","targetHints":{"allow":["GET"]}}],"collection":[{"href":"https:\/\/www.cesenaticohotel.com\/de\/wp-json\/wp\/v2\/pages"}],"about":[{"href":"https:\/\/www.cesenaticohotel.com\/de\/wp-json\/wp\/v2\/types\/page"}],"author":[{"embeddable":true,"href":"https:\/\/www.cesenaticohotel.com\/de\/wp-json\/wp\/v2\/users\/1"}],"replies":[{"embeddable":true,"href":"https:\/\/www.cesenaticohotel.com\/de\/wp-json\/wp\/v2\/comments?post=6988"}],"version-history":[{"count":2,"href":"https:\/\/www.cesenaticohotel.com\/de\/wp-json\/wp\/v2\/pages\/6988\/revisions"}],"predecessor-version":[{"id":8522,"href":"https:\/\/www.cesenaticohotel.com\/de\/wp-json\/wp\/v2\/pages\/6988\/revisions\/8522"}],"up":[{"embeddable":true,"href":"https:\/\/www.cesenaticohotel.com\/de\/wp-json\/wp\/v2\/pages\/511"}],"wp:attachment":[{"href":"https:\/\/www.cesenaticohotel.com\/de\/wp-json\/wp\/v2\/media?parent=6988"}],"curies":[{"name":"wp","href":"https:\/\/api.w.org\/{rel}","templated":true}]}}