{"id":7176,"date":"2024-02-14T10:24:14","date_gmt":"2024-02-14T09:24:14","guid":{"rendered":"https:\/\/www.cesenaticohotel.com\/hotels\/hotel-bisanzio"},"modified":"2024-04-22T16:03:01","modified_gmt":"2024-04-22T14:03:01","slug":"hotel-bisanzio","status":"publish","type":"page","link":"https:\/\/www.cesenaticohotel.com\/de\/hotels\/hotel-bisanzio","title":{"rendered":"Hotel Bisanzio"},"content":{"rendered":"\n<p>Das <b>Hotel Bisanzio<\/b>, das sich in einer beneidenswerten Lage in Cesenatico befindet, bietet nicht nur einen au\u00dfergew\u00f6hnlichen Aufenthalt, sondern auch eine unvergessliche kulinarische Erfahrung. Direkt <b>am Meer<\/b> gelegen, ohne die Notwendigkeit, Stra\u00dfen zu \u00fcberqueren, ist es die perfekte Wahl f\u00fcr diejenigen, die einen erholsamen Strandurlaub w\u00fcnschen. <b>Im Herzen von Cesenatico<\/b>, wischen dem Hafen und dem Platz des Wolkenkratzers, k\u00f6nnen die G\u00e4ste abends angenehme Familienausfl\u00fcge unternehmen.<\/p>\n\n\n\n<!--more-->\n\n\n\n<p>Zum Mittag- und Abendessen bieten eine Vielzahl von <b>Vorspeisen und Hauptgerichten<\/b>, zubereitet mit frischem <b>Fleisch und Fisch<\/b>, auch die anspruchsvollsten Gaumen zufrieden, w\u00e4hrend spezielle Men\u00fcs <b>f\u00fcr die Kleinen<\/b> die Zufriedenheit der Kinder garantieren. F\u00fcr diejenigen, die jeden Moment am Strand genie\u00dfen m\u00f6chten, steht das &quot;<b>Meeresmen\u00fc<\/b>&quot; zur Verf\u00fcgung, eine k\u00f6stliche Option, die direkt <b>unter dem Sonnenschirm<\/b> <b>genossen <\/b>werden kann.<\/p>\n\n\n\n<p>W\u00e4hrend des Aufenthalts k\u00f6nnen die G\u00e4ste an <b>Themenabenden<\/b> des Hotels teilnehmen, wie z.B. Romagna-Abend, Spanischer Abend, Piratenabend und das gro\u00dfe Galadinner.<\/p>\n\n\n\n<p>Freundlichkeit und Aufmerksamkeit sind wesentliche Elemente in der Gastfreundschaft des Hotels Bisanzio, das sich durch seine <b>familienfreundlichen Dienstleistungen<\/b> auszeichnet und es zu einem einladenden Ort f\u00fcr Familien macht. Neben der strategischen Lage bietet das Hotel eine Reihe von Dienstleistungen, um einen komfortablen und angenehmen Aufenthalt zu gew\u00e4hrleisten, darunter einen <b>privaten Parkplatz<\/b>, einen kleinen <b>Pool mit Whirlpool<\/b> und Liegest\u00fchlen, <b>ger\u00e4umige Zimmer<\/b> mit Balkon und Meerblick und ein <b>reichhaltiges Fr\u00fchst\u00fcck<\/b>, um den Tag bestm\u00f6glich zu beginnen. Dar\u00fcber hinaus k\u00f6nnen die G\u00e4ste einen <b>privaten, ausgestatteten Strand<\/b> nutzen, der neben dem Pool liegt.<\/p>\n","protected":false},"excerpt":{"rendered":"<p>Das Hotel Bisanzio, das sich in einer beneidenswerten Lage in Cesenatico befindet, bietet nicht nur einen au\u00dfergew\u00f6hnlichen Aufenthalt, sondern auch eine unvergessliche kulinarische Erfahrung. Direkt am Meer gelegen, ohne die Notwendigkeit, Stra\u00dfen zu \u00fcberqueren, ist es die perfekte Wahl f\u00fcr diejenigen, die einen erholsamen Strandurlaub w\u00fcnschen. Im Herzen von Cesenatico, wischen dem Hafen und dem &hellip;<\/p>\n","protected":false},"author":1,"featured_media":0,"parent":511,"menu_order":0,"comment_status":"closed","ping_status":"closed","template":"page-templates\/scheda_hotel.php","meta":{"_acf_changed":false,"inline_featured_image":false,"footnotes":""},"class_list":["post-7176","page","type-page","status-publish","hentry"],"acf":[],"yoast_head":"<!-- This site is optimized with the Yoast SEO plugin v27.6 - https:\/\/yoast.com\/product\/yoast-seo-wordpress\/ -->\n<title>Hotel Bisanzio - Cesenatico Hotel<\/title>\n<meta name=\"robots\" content=\"index, follow, max-snippet:-1, max-image-preview:large, max-video-preview:-1\" \/>\n<link rel=\"canonical\" href=\"https:\/\/www.cesenaticohotel.com\/de\/hotels\/hotel-bisanzio\" \/>\n<meta property=\"og:locale\" content=\"de_DE\" \/>\n<meta property=\"og:type\" content=\"article\" \/>\n<meta property=\"og:title\" content=\"Hotel Bisanzio - Cesenatico Hotel\" \/>\n<meta property=\"og:description\" content=\"Das Hotel Bisanzio, das sich in einer beneidenswerten Lage in Cesenatico befindet, bietet nicht nur einen au\u00dfergew\u00f6hnlichen Aufenthalt, sondern auch eine unvergessliche kulinarische Erfahrung. Direkt am Meer gelegen, ohne die Notwendigkeit, Stra\u00dfen zu \u00fcberqueren, ist es die perfekte Wahl f\u00fcr diejenigen, die einen erholsamen Strandurlaub w\u00fcnschen. Im Herzen von Cesenatico, wischen dem Hafen und dem &hellip;\" \/>\n<meta property=\"og:url\" content=\"https:\/\/www.cesenaticohotel.com\/de\/hotels\/hotel-bisanzio\" \/>\n<meta property=\"og:site_name\" content=\"Cesenatico Hotel\" \/>\n<meta property=\"article:modified_time\" content=\"2024-04-22T14:03:01+00:00\" \/>\n<meta property=\"og:image\" content=\"https:\/\/www.cesenaticohotel.com\/wp-content\/uploads\/2023\/05\/immagine-sito.jpg\" \/>\n\t<meta property=\"og:image:width\" content=\"1200\" \/>\n\t<meta property=\"og:image:height\" content=\"675\" \/>\n\t<meta property=\"og:image:type\" content=\"image\/jpeg\" \/>\n<meta name=\"twitter:card\" content=\"summary_large_image\" \/>\n<meta name=\"twitter:label1\" content=\"Gesch\u00e4tzte Lesezeit\" \/>\n\t<meta name=\"twitter:data1\" content=\"1\u00a0Minute\" \/>\n<script type=\"application\/ld+json\" class=\"yoast-schema-graph\">{\"@context\":\"https:\\\/\\\/schema.org\",\"@graph\":[{\"@type\":\"WebPage\",\"@id\":\"https:\\\/\\\/www.cesenaticohotel.com\\\/de\\\/hotels\\\/hotel-bisanzio\",\"url\":\"https:\\\/\\\/www.cesenaticohotel.com\\\/de\\\/hotels\\\/hotel-bisanzio\",\"name\":\"Hotel Bisanzio - Cesenatico Hotel\",\"isPartOf\":{\"@id\":\"https:\\\/\\\/www.cesenaticohotel.com\\\/de#website\"},\"datePublished\":\"2024-02-14T09:24:14+00:00\",\"dateModified\":\"2024-04-22T14:03:01+00:00\",\"breadcrumb\":{\"@id\":\"https:\\\/\\\/www.cesenaticohotel.com\\\/de\\\/hotels\\\/hotel-bisanzio#breadcrumb\"},\"inLanguage\":\"de\",\"potentialAction\":[{\"@type\":\"ReadAction\",\"target\":[\"https:\\\/\\\/www.cesenaticohotel.com\\\/de\\\/hotels\\\/hotel-bisanzio\"]}]},{\"@type\":\"BreadcrumbList\",\"@id\":\"https:\\\/\\\/www.cesenaticohotel.com\\\/de\\\/hotels\\\/hotel-bisanzio#breadcrumb\",\"itemListElement\":[{\"@type\":\"ListItem\",\"position\":1,\"name\":\"Home\",\"item\":\"https:\\\/\\\/www.cesenaticohotel.com\\\/de\\\/homepage\"},{\"@type\":\"ListItem\",\"position\":2,\"name\":\"Hotel\",\"item\":\"https:\\\/\\\/www.cesenaticohotel.com\\\/de\\\/hotels\"},{\"@type\":\"ListItem\",\"position\":3,\"name\":\"Hotel Bisanzio\"}]},{\"@type\":\"WebSite\",\"@id\":\"https:\\\/\\\/www.cesenaticohotel.com\\\/de#website\",\"url\":\"https:\\\/\\\/www.cesenaticohotel.com\\\/de\",\"name\":\"Cesenatico Hotel\",\"description\":\"\",\"publisher\":{\"@id\":\"https:\\\/\\\/www.cesenaticohotel.com\\\/de#organization\"},\"potentialAction\":[{\"@type\":\"SearchAction\",\"target\":{\"@type\":\"EntryPoint\",\"urlTemplate\":\"https:\\\/\\\/www.cesenaticohotel.com\\\/de?s={search_term_string}\"},\"query-input\":{\"@type\":\"PropertyValueSpecification\",\"valueRequired\":true,\"valueName\":\"search_term_string\"}}],\"inLanguage\":\"de\"},{\"@type\":\"Organization\",\"@id\":\"https:\\\/\\\/www.cesenaticohotel.com\\\/de#organization\",\"name\":\"Cesenatico Hotel\",\"url\":\"https:\\\/\\\/www.cesenaticohotel.com\\\/de\",\"logo\":{\"@type\":\"ImageObject\",\"inLanguage\":\"de\",\"@id\":\"https:\\\/\\\/www.cesenaticohotel.com\\\/de#\\\/schema\\\/logo\\\/image\\\/\",\"url\":\"https:\\\/\\\/www.cesenaticohotel.com\\\/wp-content\\\/uploads\\\/2023\\\/05\\\/logo-organizzazione.jpg\",\"contentUrl\":\"https:\\\/\\\/www.cesenaticohotel.com\\\/wp-content\\\/uploads\\\/2023\\\/05\\\/logo-organizzazione.jpg\",\"width\":696,\"height\":696,\"caption\":\"Cesenatico Hotel\"},\"image\":{\"@id\":\"https:\\\/\\\/www.cesenaticohotel.com\\\/de#\\\/schema\\\/logo\\\/image\\\/\"}}]}<\/script>\n<!-- \/ Yoast SEO plugin. -->","yoast_head_json":{"title":"Hotel Bisanzio - Cesenatico Hotel","robots":{"index":"index","follow":"follow","max-snippet":"max-snippet:-1","max-image-preview":"max-image-preview:large","max-video-preview":"max-video-preview:-1"},"canonical":"https:\/\/www.cesenaticohotel.com\/de\/hotels\/hotel-bisanzio","og_locale":"de_DE","og_type":"article","og_title":"Hotel Bisanzio - Cesenatico Hotel","og_description":"Das Hotel Bisanzio, das sich in einer beneidenswerten Lage in Cesenatico befindet, bietet nicht nur einen au\u00dfergew\u00f6hnlichen Aufenthalt, sondern auch eine unvergessliche kulinarische Erfahrung. Direkt am Meer gelegen, ohne die Notwendigkeit, Stra\u00dfen zu \u00fcberqueren, ist es die perfekte Wahl f\u00fcr diejenigen, die einen erholsamen Strandurlaub w\u00fcnschen. Im Herzen von Cesenatico, wischen dem Hafen und dem &hellip;","og_url":"https:\/\/www.cesenaticohotel.com\/de\/hotels\/hotel-bisanzio","og_site_name":"Cesenatico Hotel","article_modified_time":"2024-04-22T14:03:01+00:00","og_image":[{"width":1200,"height":675,"url":"https:\/\/www.cesenaticohotel.com\/wp-content\/uploads\/2023\/05\/immagine-sito.jpg","type":"image\/jpeg"}],"twitter_card":"summary_large_image","twitter_misc":{"Gesch\u00e4tzte Lesezeit":"1\u00a0Minute"},"schema":{"@context":"https:\/\/schema.org","@graph":[{"@type":"WebPage","@id":"https:\/\/www.cesenaticohotel.com\/de\/hotels\/hotel-bisanzio","url":"https:\/\/www.cesenaticohotel.com\/de\/hotels\/hotel-bisanzio","name":"Hotel Bisanzio - Cesenatico Hotel","isPartOf":{"@id":"https:\/\/www.cesenaticohotel.com\/de#website"},"datePublished":"2024-02-14T09:24:14+00:00","dateModified":"2024-04-22T14:03:01+00:00","breadcrumb":{"@id":"https:\/\/www.cesenaticohotel.com\/de\/hotels\/hotel-bisanzio#breadcrumb"},"inLanguage":"de","potentialAction":[{"@type":"ReadAction","target":["https:\/\/www.cesenaticohotel.com\/de\/hotels\/hotel-bisanzio"]}]},{"@type":"BreadcrumbList","@id":"https:\/\/www.cesenaticohotel.com\/de\/hotels\/hotel-bisanzio#breadcrumb","itemListElement":[{"@type":"ListItem","position":1,"name":"Home","item":"https:\/\/www.cesenaticohotel.com\/de\/homepage"},{"@type":"ListItem","position":2,"name":"Hotel","item":"https:\/\/www.cesenaticohotel.com\/de\/hotels"},{"@type":"ListItem","position":3,"name":"Hotel Bisanzio"}]},{"@type":"WebSite","@id":"https:\/\/www.cesenaticohotel.com\/de#website","url":"https:\/\/www.cesenaticohotel.com\/de","name":"Cesenatico Hotel","description":"","publisher":{"@id":"https:\/\/www.cesenaticohotel.com\/de#organization"},"potentialAction":[{"@type":"SearchAction","target":{"@type":"EntryPoint","urlTemplate":"https:\/\/www.cesenaticohotel.com\/de?s={search_term_string}"},"query-input":{"@type":"PropertyValueSpecification","valueRequired":true,"valueName":"search_term_string"}}],"inLanguage":"de"},{"@type":"Organization","@id":"https:\/\/www.cesenaticohotel.com\/de#organization","name":"Cesenatico Hotel","url":"https:\/\/www.cesenaticohotel.com\/de","logo":{"@type":"ImageObject","inLanguage":"de","@id":"https:\/\/www.cesenaticohotel.com\/de#\/schema\/logo\/image\/","url":"https:\/\/www.cesenaticohotel.com\/wp-content\/uploads\/2023\/05\/logo-organizzazione.jpg","contentUrl":"https:\/\/www.cesenaticohotel.com\/wp-content\/uploads\/2023\/05\/logo-organizzazione.jpg","width":696,"height":696,"caption":"Cesenatico Hotel"},"image":{"@id":"https:\/\/www.cesenaticohotel.com\/de#\/schema\/logo\/image\/"}}]}},"_links":{"self":[{"href":"https:\/\/www.cesenaticohotel.com\/de\/wp-json\/wp\/v2\/pages\/7176","targetHints":{"allow":["GET"]}}],"collection":[{"href":"https:\/\/www.cesenaticohotel.com\/de\/wp-json\/wp\/v2\/pages"}],"about":[{"href":"https:\/\/www.cesenaticohotel.com\/de\/wp-json\/wp\/v2\/types\/page"}],"author":[{"embeddable":true,"href":"https:\/\/www.cesenaticohotel.com\/de\/wp-json\/wp\/v2\/users\/1"}],"replies":[{"embeddable":true,"href":"https:\/\/www.cesenaticohotel.com\/de\/wp-json\/wp\/v2\/comments?post=7176"}],"version-history":[{"count":2,"href":"https:\/\/www.cesenaticohotel.com\/de\/wp-json\/wp\/v2\/pages\/7176\/revisions"}],"predecessor-version":[{"id":8526,"href":"https:\/\/www.cesenaticohotel.com\/de\/wp-json\/wp\/v2\/pages\/7176\/revisions\/8526"}],"up":[{"embeddable":true,"href":"https:\/\/www.cesenaticohotel.com\/de\/wp-json\/wp\/v2\/pages\/511"}],"wp:attachment":[{"href":"https:\/\/www.cesenaticohotel.com\/de\/wp-json\/wp\/v2\/media?parent=7176"}],"curies":[{"name":"wp","href":"https:\/\/api.w.org\/{rel}","templated":true}]}}