{"id":7815,"date":"2024-03-04T11:46:07","date_gmt":"2024-03-04T10:46:07","guid":{"rendered":"https:\/\/www.cesenaticohotel.com\/hotels\/hotel-abel-residence"},"modified":"2024-04-22T16:03:06","modified_gmt":"2024-04-22T14:03:06","slug":"hotel-abel-residence","status":"publish","type":"page","link":"https:\/\/www.cesenaticohotel.com\/de\/hotels\/hotel-abel-residence","title":{"rendered":"Hotel Abel &#038; Residence"},"content":{"rendered":"\n<p>Das <b>Hotel Abel &amp; Residence<\/b>, nur <b>30 Meter vom Strand von Cesenatico <\/b>entfernt, bietet eine unvergleichliche Gastfreundschaft. Mit einer <b>ausgezeichneten K\u00fcche<\/b> und einer strategischen Lage, um die Stadt zu erkunden, ist es eine ideale Wahl f\u00fcr einen ruhigen und komfortablen Aufenthalt in Cesenatico.<\/p>\n\n\n\n<!--more-->\n\n\n\n<p>Das Hotel ist <b>bekannt<\/b> f\u00fcr seine typisch romagnolischen Gerichte und ein reichhaltiges Buffet mit lokalen Spezialit\u00e4ten und italienischen K\u00f6stlichkeiten. Die Spezialit\u00e4ten und klassischen Gerichte werden mit Leidenschaft und Hingabe zubereitet. Das <b>Fr\u00fchst\u00fcck<\/b>, das in einer Vielzahl von s\u00fc\u00dfen und herzhaften Produkten erh\u00e4ltlich ist, ist der perfekte Start in den Tag. Die Zimmer sind so gestaltet, dass sie maximalen Komfort bieten, ausgestattet mit Klimaanlage, Flachbild-TV, Safe, eigenem Bad mit Haartrockner und Pflegeprodukten. Dar\u00fcber hinaus stehen <b>kostenlose Fahrr\u00e4der<\/b> und WLAN zur Verf\u00fcgung, um einen noch angenehmeren Aufenthalt zu garantieren.<\/p>\n","protected":false},"excerpt":{"rendered":"<p>Das Hotel Abel &amp; Residence, nur 30 Meter vom Strand von Cesenatico entfernt, bietet eine unvergleichliche Gastfreundschaft. Mit einer ausgezeichneten K\u00fcche und einer strategischen Lage, um die Stadt zu erkunden, ist es eine ideale Wahl f\u00fcr einen ruhigen und komfortablen Aufenthalt in Cesenatico.<\/p>\n","protected":false},"author":1,"featured_media":0,"parent":511,"menu_order":0,"comment_status":"closed","ping_status":"closed","template":"page-templates\/scheda_hotel.php","meta":{"_acf_changed":false,"inline_featured_image":false,"footnotes":""},"class_list":["post-7815","page","type-page","status-publish","hentry"],"acf":[],"yoast_head":"<!-- This site is optimized with the Yoast SEO plugin v27.0 - https:\/\/yoast.com\/product\/yoast-seo-wordpress\/ -->\n<title>Hotel Abel &amp; Residence - Cesenatico Hotel<\/title>\n<meta name=\"robots\" content=\"index, follow, max-snippet:-1, max-image-preview:large, max-video-preview:-1\" \/>\n<link rel=\"canonical\" href=\"https:\/\/www.cesenaticohotel.com\/de\/hotels\/hotel-abel-residence\" \/>\n<meta property=\"og:locale\" content=\"de_DE\" \/>\n<meta property=\"og:type\" content=\"article\" \/>\n<meta property=\"og:title\" content=\"Hotel Abel &amp; Residence - Cesenatico Hotel\" \/>\n<meta property=\"og:description\" content=\"Das Hotel Abel &amp; Residence, nur 30 Meter vom Strand von Cesenatico entfernt, bietet eine unvergleichliche Gastfreundschaft. Mit einer ausgezeichneten K\u00fcche und einer strategischen Lage, um die Stadt zu erkunden, ist es eine ideale Wahl f\u00fcr einen ruhigen und komfortablen Aufenthalt in Cesenatico.\" \/>\n<meta property=\"og:url\" content=\"https:\/\/www.cesenaticohotel.com\/de\/hotels\/hotel-abel-residence\" \/>\n<meta property=\"og:site_name\" content=\"Cesenatico Hotel\" \/>\n<meta property=\"article:modified_time\" content=\"2024-04-22T14:03:06+00:00\" \/>\n<meta property=\"og:image\" content=\"https:\/\/www.cesenaticohotel.com\/wp-content\/uploads\/2023\/05\/immagine-sito.jpg\" \/>\n\t<meta property=\"og:image:width\" content=\"1200\" \/>\n\t<meta property=\"og:image:height\" content=\"675\" \/>\n\t<meta property=\"og:image:type\" content=\"image\/jpeg\" \/>\n<meta name=\"twitter:card\" content=\"summary_large_image\" \/>\n<meta name=\"twitter:label1\" content=\"Gesch\u00e4tzte Lesezeit\" \/>\n\t<meta name=\"twitter:data1\" content=\"1\u00a0Minute\" \/>\n<script type=\"application\/ld+json\" class=\"yoast-schema-graph\">{\"@context\":\"https:\/\/schema.org\",\"@graph\":[{\"@type\":\"WebPage\",\"@id\":\"https:\/\/www.cesenaticohotel.com\/de\/hotels\/hotel-abel-residence\",\"url\":\"https:\/\/www.cesenaticohotel.com\/de\/hotels\/hotel-abel-residence\",\"name\":\"Hotel Abel & Residence - Cesenatico Hotel\",\"isPartOf\":{\"@id\":\"https:\/\/www.cesenaticohotel.com\/de#website\"},\"datePublished\":\"2024-03-04T10:46:07+00:00\",\"dateModified\":\"2024-04-22T14:03:06+00:00\",\"breadcrumb\":{\"@id\":\"https:\/\/www.cesenaticohotel.com\/de\/hotels\/hotel-abel-residence#breadcrumb\"},\"inLanguage\":\"de\",\"potentialAction\":[{\"@type\":\"ReadAction\",\"target\":[\"https:\/\/www.cesenaticohotel.com\/de\/hotels\/hotel-abel-residence\"]}]},{\"@type\":\"BreadcrumbList\",\"@id\":\"https:\/\/www.cesenaticohotel.com\/de\/hotels\/hotel-abel-residence#breadcrumb\",\"itemListElement\":[{\"@type\":\"ListItem\",\"position\":1,\"name\":\"Home\",\"item\":\"https:\/\/www.cesenaticohotel.com\/de\/homepage\"},{\"@type\":\"ListItem\",\"position\":2,\"name\":\"Hotel\",\"item\":\"https:\/\/www.cesenaticohotel.com\/de\/hotels\"},{\"@type\":\"ListItem\",\"position\":3,\"name\":\"Hotel Abel &#038; Residence\"}]},{\"@type\":\"WebSite\",\"@id\":\"https:\/\/www.cesenaticohotel.com\/de#website\",\"url\":\"https:\/\/www.cesenaticohotel.com\/de\",\"name\":\"Cesenatico Hotel\",\"description\":\"\",\"publisher\":{\"@id\":\"https:\/\/www.cesenaticohotel.com\/de#organization\"},\"potentialAction\":[{\"@type\":\"SearchAction\",\"target\":{\"@type\":\"EntryPoint\",\"urlTemplate\":\"https:\/\/www.cesenaticohotel.com\/de?s={search_term_string}\"},\"query-input\":{\"@type\":\"PropertyValueSpecification\",\"valueRequired\":true,\"valueName\":\"search_term_string\"}}],\"inLanguage\":\"de\"},{\"@type\":\"Organization\",\"@id\":\"https:\/\/www.cesenaticohotel.com\/de#organization\",\"name\":\"Cesenatico Hotel\",\"url\":\"https:\/\/www.cesenaticohotel.com\/de\",\"logo\":{\"@type\":\"ImageObject\",\"inLanguage\":\"de\",\"@id\":\"https:\/\/www.cesenaticohotel.com\/de#\/schema\/logo\/image\/\",\"url\":\"https:\/\/www.cesenaticohotel.com\/wp-content\/uploads\/2023\/05\/logo-organizzazione.jpg\",\"contentUrl\":\"https:\/\/www.cesenaticohotel.com\/wp-content\/uploads\/2023\/05\/logo-organizzazione.jpg\",\"width\":696,\"height\":696,\"caption\":\"Cesenatico Hotel\"},\"image\":{\"@id\":\"https:\/\/www.cesenaticohotel.com\/de#\/schema\/logo\/image\/\"}}]}<\/script>\n<!-- \/ Yoast SEO plugin. -->","yoast_head_json":{"title":"Hotel Abel & Residence - Cesenatico Hotel","robots":{"index":"index","follow":"follow","max-snippet":"max-snippet:-1","max-image-preview":"max-image-preview:large","max-video-preview":"max-video-preview:-1"},"canonical":"https:\/\/www.cesenaticohotel.com\/de\/hotels\/hotel-abel-residence","og_locale":"de_DE","og_type":"article","og_title":"Hotel Abel & Residence - Cesenatico Hotel","og_description":"Das Hotel Abel &amp; Residence, nur 30 Meter vom Strand von Cesenatico entfernt, bietet eine unvergleichliche Gastfreundschaft. Mit einer ausgezeichneten K\u00fcche und einer strategischen Lage, um die Stadt zu erkunden, ist es eine ideale Wahl f\u00fcr einen ruhigen und komfortablen Aufenthalt in Cesenatico.","og_url":"https:\/\/www.cesenaticohotel.com\/de\/hotels\/hotel-abel-residence","og_site_name":"Cesenatico Hotel","article_modified_time":"2024-04-22T14:03:06+00:00","og_image":[{"width":1200,"height":675,"url":"https:\/\/www.cesenaticohotel.com\/wp-content\/uploads\/2023\/05\/immagine-sito.jpg","type":"image\/jpeg"}],"twitter_card":"summary_large_image","twitter_misc":{"Gesch\u00e4tzte Lesezeit":"1\u00a0Minute"},"schema":{"@context":"https:\/\/schema.org","@graph":[{"@type":"WebPage","@id":"https:\/\/www.cesenaticohotel.com\/de\/hotels\/hotel-abel-residence","url":"https:\/\/www.cesenaticohotel.com\/de\/hotels\/hotel-abel-residence","name":"Hotel Abel & Residence - Cesenatico Hotel","isPartOf":{"@id":"https:\/\/www.cesenaticohotel.com\/de#website"},"datePublished":"2024-03-04T10:46:07+00:00","dateModified":"2024-04-22T14:03:06+00:00","breadcrumb":{"@id":"https:\/\/www.cesenaticohotel.com\/de\/hotels\/hotel-abel-residence#breadcrumb"},"inLanguage":"de","potentialAction":[{"@type":"ReadAction","target":["https:\/\/www.cesenaticohotel.com\/de\/hotels\/hotel-abel-residence"]}]},{"@type":"BreadcrumbList","@id":"https:\/\/www.cesenaticohotel.com\/de\/hotels\/hotel-abel-residence#breadcrumb","itemListElement":[{"@type":"ListItem","position":1,"name":"Home","item":"https:\/\/www.cesenaticohotel.com\/de\/homepage"},{"@type":"ListItem","position":2,"name":"Hotel","item":"https:\/\/www.cesenaticohotel.com\/de\/hotels"},{"@type":"ListItem","position":3,"name":"Hotel Abel &#038; Residence"}]},{"@type":"WebSite","@id":"https:\/\/www.cesenaticohotel.com\/de#website","url":"https:\/\/www.cesenaticohotel.com\/de","name":"Cesenatico Hotel","description":"","publisher":{"@id":"https:\/\/www.cesenaticohotel.com\/de#organization"},"potentialAction":[{"@type":"SearchAction","target":{"@type":"EntryPoint","urlTemplate":"https:\/\/www.cesenaticohotel.com\/de?s={search_term_string}"},"query-input":{"@type":"PropertyValueSpecification","valueRequired":true,"valueName":"search_term_string"}}],"inLanguage":"de"},{"@type":"Organization","@id":"https:\/\/www.cesenaticohotel.com\/de#organization","name":"Cesenatico Hotel","url":"https:\/\/www.cesenaticohotel.com\/de","logo":{"@type":"ImageObject","inLanguage":"de","@id":"https:\/\/www.cesenaticohotel.com\/de#\/schema\/logo\/image\/","url":"https:\/\/www.cesenaticohotel.com\/wp-content\/uploads\/2023\/05\/logo-organizzazione.jpg","contentUrl":"https:\/\/www.cesenaticohotel.com\/wp-content\/uploads\/2023\/05\/logo-organizzazione.jpg","width":696,"height":696,"caption":"Cesenatico Hotel"},"image":{"@id":"https:\/\/www.cesenaticohotel.com\/de#\/schema\/logo\/image\/"}}]}},"_links":{"self":[{"href":"https:\/\/www.cesenaticohotel.com\/de\/wp-json\/wp\/v2\/pages\/7815","targetHints":{"allow":["GET"]}}],"collection":[{"href":"https:\/\/www.cesenaticohotel.com\/de\/wp-json\/wp\/v2\/pages"}],"about":[{"href":"https:\/\/www.cesenaticohotel.com\/de\/wp-json\/wp\/v2\/types\/page"}],"author":[{"embeddable":true,"href":"https:\/\/www.cesenaticohotel.com\/de\/wp-json\/wp\/v2\/users\/1"}],"replies":[{"embeddable":true,"href":"https:\/\/www.cesenaticohotel.com\/de\/wp-json\/wp\/v2\/comments?post=7815"}],"version-history":[{"count":2,"href":"https:\/\/www.cesenaticohotel.com\/de\/wp-json\/wp\/v2\/pages\/7815\/revisions"}],"predecessor-version":[{"id":8531,"href":"https:\/\/www.cesenaticohotel.com\/de\/wp-json\/wp\/v2\/pages\/7815\/revisions\/8531"}],"up":[{"embeddable":true,"href":"https:\/\/www.cesenaticohotel.com\/de\/wp-json\/wp\/v2\/pages\/511"}],"wp:attachment":[{"href":"https:\/\/www.cesenaticohotel.com\/de\/wp-json\/wp\/v2\/media?parent=7815"}],"curies":[{"name":"wp","href":"https:\/\/api.w.org\/{rel}","templated":true}]}}