{"id":7823,"date":"2024-03-07T12:51:39","date_gmt":"2024-03-07T11:51:39","guid":{"rendered":"https:\/\/www.cesenaticohotel.com\/hotels\/hotel-principe"},"modified":"2024-04-22T16:03:06","modified_gmt":"2024-04-22T14:03:06","slug":"hotel-principe","status":"publish","type":"page","link":"https:\/\/www.cesenaticohotel.com\/de\/hotels\/hotel-principe","title":{"rendered":"Hotel Principe"},"content":{"rendered":"\n<p>Das <b>Hotel Principe<\/b> befindet sich in einer strategischen Lage nur 5 km von <b>Cesenatico<\/b> und <b>30 Meter vom Strand<\/b> entfernt, ideal gelegen, um das Zentrum und die ber\u00fchmtesten Vergn\u00fcgungsparks der Romagna Riviera zu erreichen &#8211; vielleicht mit den <b>kostenlos Fahrr\u00e4dern<\/b>.<\/p>\n\n\n\n<!--more-->\n\n\n\n\n\n<p>Im Hotel Principe k\u00f6nnen Sie auch eine g\u00fcnstige <b>All-Inclusive-Formel<\/b> w\u00e4hlen, f\u00fcr einen sorgenfreien Urlaub. Die <b>K\u00fcche<\/b>, mit regionalen und romagnolischen Rezepten, wird direkt <b>von der Besitzerin gepflegt<\/b>, die sorgf\u00e4ltig die besten Zutaten ausw\u00e4hlt und t\u00e4glich frisch zubereitet. Das <b>Fr\u00fchst\u00fcck<\/b> umfasst ein reichhaltiges <b>Buffet<\/b> mit s\u00fc\u00dfen und herzhaften Croissants, hausgemachten Leckereien wie unverzichtbarem Joghurtkuchen, Tarte und Schokoladenkuchen, erstklassigen Wurstwaren, verschiedenen K\u00e4sesorten, Joghurt, Fruchts\u00e4ften, Kaffee und vielem mehr. <b>Mittag- und Abendessen<\/b> werden <b>am Tisch<\/b> in dem sehr hellen Speisesaal serviert und bieten stets frischen Fisch aus der Adria, Fleischgerichte und ein Buffet mit viel frischem Gem\u00fcse und saisonalem Obst.<\/p>\n\n\n\n\n\n<p>Das Hotel Principe verf\u00fcgt \u00fcber einen gro\u00dfen <b>Garten<\/b>, eine <b>Bar<\/b> und <b>kostenlose Parkpl\u00e4tze<\/b> f\u00fcr die G\u00e4ste.<\/p>\n\n\n","protected":false},"excerpt":{"rendered":"<p>Das Hotel Principe befindet sich in einer strategischen Lage nur 5 km von Cesenatico und 30 Meter vom Strand entfernt, ideal gelegen, um das Zentrum und die ber\u00fchmtesten Vergn\u00fcgungsparks der Romagna Riviera zu erreichen &#8211; vielleicht mit den kostenlos Fahrr\u00e4dern.<\/p>\n","protected":false},"author":1,"featured_media":0,"parent":511,"menu_order":0,"comment_status":"closed","ping_status":"closed","template":"page-templates\/scheda_hotel.php","meta":{"_acf_changed":false,"inline_featured_image":false,"footnotes":""},"class_list":["post-7823","page","type-page","status-publish","hentry"],"acf":[],"yoast_head":"<!-- This site is optimized with the Yoast SEO plugin v27.0 - https:\/\/yoast.com\/product\/yoast-seo-wordpress\/ -->\n<title>Hotel Principe - Cesenatico Hotel<\/title>\n<meta name=\"robots\" content=\"index, follow, max-snippet:-1, max-image-preview:large, max-video-preview:-1\" \/>\n<link rel=\"canonical\" href=\"https:\/\/www.cesenaticohotel.com\/de\/hotels\/hotel-principe\" \/>\n<meta property=\"og:locale\" content=\"de_DE\" \/>\n<meta property=\"og:type\" content=\"article\" \/>\n<meta property=\"og:title\" content=\"Hotel Principe - Cesenatico Hotel\" \/>\n<meta property=\"og:description\" content=\"Das Hotel Principe befindet sich in einer strategischen Lage nur 5 km von Cesenatico und 30 Meter vom Strand entfernt, ideal gelegen, um das Zentrum und die ber\u00fchmtesten Vergn\u00fcgungsparks der Romagna Riviera zu erreichen &#8211; vielleicht mit den kostenlos Fahrr\u00e4dern.\" \/>\n<meta property=\"og:url\" content=\"https:\/\/www.cesenaticohotel.com\/de\/hotels\/hotel-principe\" \/>\n<meta property=\"og:site_name\" content=\"Cesenatico Hotel\" \/>\n<meta property=\"article:modified_time\" content=\"2024-04-22T14:03:06+00:00\" \/>\n<meta property=\"og:image\" content=\"https:\/\/www.cesenaticohotel.com\/wp-content\/uploads\/2023\/05\/immagine-sito.jpg\" \/>\n\t<meta property=\"og:image:width\" content=\"1200\" \/>\n\t<meta property=\"og:image:height\" content=\"675\" \/>\n\t<meta property=\"og:image:type\" content=\"image\/jpeg\" \/>\n<meta name=\"twitter:card\" content=\"summary_large_image\" \/>\n<meta name=\"twitter:label1\" content=\"Gesch\u00e4tzte Lesezeit\" \/>\n\t<meta name=\"twitter:data1\" content=\"1\u00a0Minute\" \/>\n<script type=\"application\/ld+json\" class=\"yoast-schema-graph\">{\"@context\":\"https:\/\/schema.org\",\"@graph\":[{\"@type\":\"WebPage\",\"@id\":\"https:\/\/www.cesenaticohotel.com\/de\/hotels\/hotel-principe\",\"url\":\"https:\/\/www.cesenaticohotel.com\/de\/hotels\/hotel-principe\",\"name\":\"Hotel Principe - Cesenatico Hotel\",\"isPartOf\":{\"@id\":\"https:\/\/www.cesenaticohotel.com\/de#website\"},\"datePublished\":\"2024-03-07T11:51:39+00:00\",\"dateModified\":\"2024-04-22T14:03:06+00:00\",\"breadcrumb\":{\"@id\":\"https:\/\/www.cesenaticohotel.com\/de\/hotels\/hotel-principe#breadcrumb\"},\"inLanguage\":\"de\",\"potentialAction\":[{\"@type\":\"ReadAction\",\"target\":[\"https:\/\/www.cesenaticohotel.com\/de\/hotels\/hotel-principe\"]}]},{\"@type\":\"BreadcrumbList\",\"@id\":\"https:\/\/www.cesenaticohotel.com\/de\/hotels\/hotel-principe#breadcrumb\",\"itemListElement\":[{\"@type\":\"ListItem\",\"position\":1,\"name\":\"Home\",\"item\":\"https:\/\/www.cesenaticohotel.com\/de\/homepage\"},{\"@type\":\"ListItem\",\"position\":2,\"name\":\"Hotel\",\"item\":\"https:\/\/www.cesenaticohotel.com\/de\/hotels\"},{\"@type\":\"ListItem\",\"position\":3,\"name\":\"Hotel Principe\"}]},{\"@type\":\"WebSite\",\"@id\":\"https:\/\/www.cesenaticohotel.com\/de#website\",\"url\":\"https:\/\/www.cesenaticohotel.com\/de\",\"name\":\"Cesenatico Hotel\",\"description\":\"\",\"publisher\":{\"@id\":\"https:\/\/www.cesenaticohotel.com\/de#organization\"},\"potentialAction\":[{\"@type\":\"SearchAction\",\"target\":{\"@type\":\"EntryPoint\",\"urlTemplate\":\"https:\/\/www.cesenaticohotel.com\/de?s={search_term_string}\"},\"query-input\":{\"@type\":\"PropertyValueSpecification\",\"valueRequired\":true,\"valueName\":\"search_term_string\"}}],\"inLanguage\":\"de\"},{\"@type\":\"Organization\",\"@id\":\"https:\/\/www.cesenaticohotel.com\/de#organization\",\"name\":\"Cesenatico Hotel\",\"url\":\"https:\/\/www.cesenaticohotel.com\/de\",\"logo\":{\"@type\":\"ImageObject\",\"inLanguage\":\"de\",\"@id\":\"https:\/\/www.cesenaticohotel.com\/de#\/schema\/logo\/image\/\",\"url\":\"https:\/\/www.cesenaticohotel.com\/wp-content\/uploads\/2023\/05\/logo-organizzazione.jpg\",\"contentUrl\":\"https:\/\/www.cesenaticohotel.com\/wp-content\/uploads\/2023\/05\/logo-organizzazione.jpg\",\"width\":696,\"height\":696,\"caption\":\"Cesenatico Hotel\"},\"image\":{\"@id\":\"https:\/\/www.cesenaticohotel.com\/de#\/schema\/logo\/image\/\"}}]}<\/script>\n<!-- \/ Yoast SEO plugin. -->","yoast_head_json":{"title":"Hotel Principe - Cesenatico Hotel","robots":{"index":"index","follow":"follow","max-snippet":"max-snippet:-1","max-image-preview":"max-image-preview:large","max-video-preview":"max-video-preview:-1"},"canonical":"https:\/\/www.cesenaticohotel.com\/de\/hotels\/hotel-principe","og_locale":"de_DE","og_type":"article","og_title":"Hotel Principe - Cesenatico Hotel","og_description":"Das Hotel Principe befindet sich in einer strategischen Lage nur 5 km von Cesenatico und 30 Meter vom Strand entfernt, ideal gelegen, um das Zentrum und die ber\u00fchmtesten Vergn\u00fcgungsparks der Romagna Riviera zu erreichen &#8211; vielleicht mit den kostenlos Fahrr\u00e4dern.","og_url":"https:\/\/www.cesenaticohotel.com\/de\/hotels\/hotel-principe","og_site_name":"Cesenatico Hotel","article_modified_time":"2024-04-22T14:03:06+00:00","og_image":[{"width":1200,"height":675,"url":"https:\/\/www.cesenaticohotel.com\/wp-content\/uploads\/2023\/05\/immagine-sito.jpg","type":"image\/jpeg"}],"twitter_card":"summary_large_image","twitter_misc":{"Gesch\u00e4tzte Lesezeit":"1\u00a0Minute"},"schema":{"@context":"https:\/\/schema.org","@graph":[{"@type":"WebPage","@id":"https:\/\/www.cesenaticohotel.com\/de\/hotels\/hotel-principe","url":"https:\/\/www.cesenaticohotel.com\/de\/hotels\/hotel-principe","name":"Hotel Principe - Cesenatico Hotel","isPartOf":{"@id":"https:\/\/www.cesenaticohotel.com\/de#website"},"datePublished":"2024-03-07T11:51:39+00:00","dateModified":"2024-04-22T14:03:06+00:00","breadcrumb":{"@id":"https:\/\/www.cesenaticohotel.com\/de\/hotels\/hotel-principe#breadcrumb"},"inLanguage":"de","potentialAction":[{"@type":"ReadAction","target":["https:\/\/www.cesenaticohotel.com\/de\/hotels\/hotel-principe"]}]},{"@type":"BreadcrumbList","@id":"https:\/\/www.cesenaticohotel.com\/de\/hotels\/hotel-principe#breadcrumb","itemListElement":[{"@type":"ListItem","position":1,"name":"Home","item":"https:\/\/www.cesenaticohotel.com\/de\/homepage"},{"@type":"ListItem","position":2,"name":"Hotel","item":"https:\/\/www.cesenaticohotel.com\/de\/hotels"},{"@type":"ListItem","position":3,"name":"Hotel Principe"}]},{"@type":"WebSite","@id":"https:\/\/www.cesenaticohotel.com\/de#website","url":"https:\/\/www.cesenaticohotel.com\/de","name":"Cesenatico Hotel","description":"","publisher":{"@id":"https:\/\/www.cesenaticohotel.com\/de#organization"},"potentialAction":[{"@type":"SearchAction","target":{"@type":"EntryPoint","urlTemplate":"https:\/\/www.cesenaticohotel.com\/de?s={search_term_string}"},"query-input":{"@type":"PropertyValueSpecification","valueRequired":true,"valueName":"search_term_string"}}],"inLanguage":"de"},{"@type":"Organization","@id":"https:\/\/www.cesenaticohotel.com\/de#organization","name":"Cesenatico Hotel","url":"https:\/\/www.cesenaticohotel.com\/de","logo":{"@type":"ImageObject","inLanguage":"de","@id":"https:\/\/www.cesenaticohotel.com\/de#\/schema\/logo\/image\/","url":"https:\/\/www.cesenaticohotel.com\/wp-content\/uploads\/2023\/05\/logo-organizzazione.jpg","contentUrl":"https:\/\/www.cesenaticohotel.com\/wp-content\/uploads\/2023\/05\/logo-organizzazione.jpg","width":696,"height":696,"caption":"Cesenatico Hotel"},"image":{"@id":"https:\/\/www.cesenaticohotel.com\/de#\/schema\/logo\/image\/"}}]}},"_links":{"self":[{"href":"https:\/\/www.cesenaticohotel.com\/de\/wp-json\/wp\/v2\/pages\/7823","targetHints":{"allow":["GET"]}}],"collection":[{"href":"https:\/\/www.cesenaticohotel.com\/de\/wp-json\/wp\/v2\/pages"}],"about":[{"href":"https:\/\/www.cesenaticohotel.com\/de\/wp-json\/wp\/v2\/types\/page"}],"author":[{"embeddable":true,"href":"https:\/\/www.cesenaticohotel.com\/de\/wp-json\/wp\/v2\/users\/1"}],"replies":[{"embeddable":true,"href":"https:\/\/www.cesenaticohotel.com\/de\/wp-json\/wp\/v2\/comments?post=7823"}],"version-history":[{"count":2,"href":"https:\/\/www.cesenaticohotel.com\/de\/wp-json\/wp\/v2\/pages\/7823\/revisions"}],"predecessor-version":[{"id":8532,"href":"https:\/\/www.cesenaticohotel.com\/de\/wp-json\/wp\/v2\/pages\/7823\/revisions\/8532"}],"up":[{"embeddable":true,"href":"https:\/\/www.cesenaticohotel.com\/de\/wp-json\/wp\/v2\/pages\/511"}],"wp:attachment":[{"href":"https:\/\/www.cesenaticohotel.com\/de\/wp-json\/wp\/v2\/media?parent=7823"}],"curies":[{"name":"wp","href":"https:\/\/api.w.org\/{rel}","templated":true}]}}