{"id":7992,"date":"2024-03-15T11:06:50","date_gmt":"2024-03-15T10:06:50","guid":{"rendered":"https:\/\/www.cesenaticohotel.com\/hotels\/hotel-esplanade"},"modified":"2024-04-22T16:03:07","modified_gmt":"2024-04-22T14:03:07","slug":"hotel-esplanade","status":"publish","type":"page","link":"https:\/\/www.cesenaticohotel.com\/de\/hotels\/hotel-esplanade","title":{"rendered":"Hotel Esplanade"},"content":{"rendered":"\n<p>Das Hotel Esplanade ist ein 3-Sterne-Hotel mit <b>Meerblick<\/b> im Zentrum von Cesenatico, nur wenige Schritte vom Riesenrad entfernt.  Vom exklusiven Rooftop k\u00f6nnen Sie einen atemberaubenden Blick auf die gesamte K\u00fcste genie\u00dfen und sich auf <b>Liegest\u00fchlen<\/b> oder im <b>Whirlpool<\/b> entspannen.<\/p>\n\n\n\n<!--more-->\n\n\n\n<p>Das Strandbad, mit dem das Hotel zusammenarbeitet, bietet einen ausgezeichneten <b>Animationsdienst <\/b>f\u00fcr Kinder. Die Zimmer bieten maximalen <b>Komfort<\/b>, und <b>Haustiere<\/b> sind willkommen. Die K\u00fcche bietet Gerichte aus der besten <b>Romagna-Tradition <\/b>mit <b>Produkten aus der Region<\/b>. Einmal pro Woche findet ein Verkostungsabend auf der <b>Panoramaterrasse<\/b> statt. Neben dem Chefkoch wird ein Konditor Sie zum <b>Fr\u00fchst\u00fcck<\/b> mit hausgemachten <b>Torten und Kuchen<\/b> verw\u00f6hnen, w\u00e4hrend Sie mittags und abends zwischen 5 Dessertoptionen w\u00e4hlen k\u00f6nnen.<\/p>\n\n\n\n<p>Auch die <b>All-Inclusive-Formel<\/b> mit unbegrenzten <b>Getr\u00e4nken<\/b> zu den Mahlzeiten, <b>Strandservice <\/b>(1 Sonnenschirm und 2 Liegest\u00fchle) und <b>Eintritt in Atlantica<\/b> an den \u00d6ffnungstagen ist verf\u00fcgbar. Es gibt Vereinbarungen f\u00fcr erm\u00e4\u00dfigte Tickets in Vergn\u00fcgungsparks.<\/p>\n","protected":false},"excerpt":{"rendered":"<p>Das Hotel Esplanade ist ein 3-Sterne-Hotel mit Meerblick im Zentrum von Cesenatico, nur wenige Schritte vom Riesenrad entfernt. Vom exklusiven Rooftop k\u00f6nnen Sie einen atemberaubenden Blick auf die gesamte K\u00fcste genie\u00dfen und sich auf Liegest\u00fchlen oder im Whirlpool entspannen.<\/p>\n","protected":false},"author":1,"featured_media":0,"parent":511,"menu_order":0,"comment_status":"closed","ping_status":"closed","template":"page-templates\/scheda_hotel.php","meta":{"_acf_changed":false,"inline_featured_image":false,"footnotes":""},"class_list":["post-7992","page","type-page","status-publish","hentry"],"acf":[],"yoast_head":"<!-- This site is optimized with the Yoast SEO plugin v27.0 - https:\/\/yoast.com\/product\/yoast-seo-wordpress\/ -->\n<title>Hotel Esplanade - Cesenatico Hotel<\/title>\n<meta name=\"robots\" content=\"index, follow, max-snippet:-1, max-image-preview:large, max-video-preview:-1\" \/>\n<link rel=\"canonical\" href=\"https:\/\/www.cesenaticohotel.com\/de\/hotels\/hotel-esplanade\" \/>\n<meta property=\"og:locale\" content=\"de_DE\" \/>\n<meta property=\"og:type\" content=\"article\" \/>\n<meta property=\"og:title\" content=\"Hotel Esplanade - Cesenatico Hotel\" \/>\n<meta property=\"og:description\" content=\"Das Hotel Esplanade ist ein 3-Sterne-Hotel mit Meerblick im Zentrum von Cesenatico, nur wenige Schritte vom Riesenrad entfernt. Vom exklusiven Rooftop k\u00f6nnen Sie einen atemberaubenden Blick auf die gesamte K\u00fcste genie\u00dfen und sich auf Liegest\u00fchlen oder im Whirlpool entspannen.\" \/>\n<meta property=\"og:url\" content=\"https:\/\/www.cesenaticohotel.com\/de\/hotels\/hotel-esplanade\" \/>\n<meta property=\"og:site_name\" content=\"Cesenatico Hotel\" \/>\n<meta property=\"article:modified_time\" content=\"2024-04-22T14:03:07+00:00\" \/>\n<meta property=\"og:image\" content=\"https:\/\/www.cesenaticohotel.com\/wp-content\/uploads\/2023\/05\/immagine-sito.jpg\" \/>\n\t<meta property=\"og:image:width\" content=\"1200\" \/>\n\t<meta property=\"og:image:height\" content=\"675\" \/>\n\t<meta property=\"og:image:type\" content=\"image\/jpeg\" \/>\n<meta name=\"twitter:card\" content=\"summary_large_image\" \/>\n<meta name=\"twitter:label1\" content=\"Gesch\u00e4tzte Lesezeit\" \/>\n\t<meta name=\"twitter:data1\" content=\"1\u00a0Minute\" \/>\n<script type=\"application\/ld+json\" class=\"yoast-schema-graph\">{\"@context\":\"https:\/\/schema.org\",\"@graph\":[{\"@type\":\"WebPage\",\"@id\":\"https:\/\/www.cesenaticohotel.com\/de\/hotels\/hotel-esplanade\",\"url\":\"https:\/\/www.cesenaticohotel.com\/de\/hotels\/hotel-esplanade\",\"name\":\"Hotel Esplanade - Cesenatico Hotel\",\"isPartOf\":{\"@id\":\"https:\/\/www.cesenaticohotel.com\/de#website\"},\"datePublished\":\"2024-03-15T10:06:50+00:00\",\"dateModified\":\"2024-04-22T14:03:07+00:00\",\"breadcrumb\":{\"@id\":\"https:\/\/www.cesenaticohotel.com\/de\/hotels\/hotel-esplanade#breadcrumb\"},\"inLanguage\":\"de\",\"potentialAction\":[{\"@type\":\"ReadAction\",\"target\":[\"https:\/\/www.cesenaticohotel.com\/de\/hotels\/hotel-esplanade\"]}]},{\"@type\":\"BreadcrumbList\",\"@id\":\"https:\/\/www.cesenaticohotel.com\/de\/hotels\/hotel-esplanade#breadcrumb\",\"itemListElement\":[{\"@type\":\"ListItem\",\"position\":1,\"name\":\"Home\",\"item\":\"https:\/\/www.cesenaticohotel.com\/de\/homepage\"},{\"@type\":\"ListItem\",\"position\":2,\"name\":\"Hotel\",\"item\":\"https:\/\/www.cesenaticohotel.com\/de\/hotels\"},{\"@type\":\"ListItem\",\"position\":3,\"name\":\"Hotel Esplanade\"}]},{\"@type\":\"WebSite\",\"@id\":\"https:\/\/www.cesenaticohotel.com\/de#website\",\"url\":\"https:\/\/www.cesenaticohotel.com\/de\",\"name\":\"Cesenatico Hotel\",\"description\":\"\",\"publisher\":{\"@id\":\"https:\/\/www.cesenaticohotel.com\/de#organization\"},\"potentialAction\":[{\"@type\":\"SearchAction\",\"target\":{\"@type\":\"EntryPoint\",\"urlTemplate\":\"https:\/\/www.cesenaticohotel.com\/de?s={search_term_string}\"},\"query-input\":{\"@type\":\"PropertyValueSpecification\",\"valueRequired\":true,\"valueName\":\"search_term_string\"}}],\"inLanguage\":\"de\"},{\"@type\":\"Organization\",\"@id\":\"https:\/\/www.cesenaticohotel.com\/de#organization\",\"name\":\"Cesenatico Hotel\",\"url\":\"https:\/\/www.cesenaticohotel.com\/de\",\"logo\":{\"@type\":\"ImageObject\",\"inLanguage\":\"de\",\"@id\":\"https:\/\/www.cesenaticohotel.com\/de#\/schema\/logo\/image\/\",\"url\":\"https:\/\/www.cesenaticohotel.com\/wp-content\/uploads\/2023\/05\/logo-organizzazione.jpg\",\"contentUrl\":\"https:\/\/www.cesenaticohotel.com\/wp-content\/uploads\/2023\/05\/logo-organizzazione.jpg\",\"width\":696,\"height\":696,\"caption\":\"Cesenatico Hotel\"},\"image\":{\"@id\":\"https:\/\/www.cesenaticohotel.com\/de#\/schema\/logo\/image\/\"}}]}<\/script>\n<!-- \/ Yoast SEO plugin. -->","yoast_head_json":{"title":"Hotel Esplanade - Cesenatico Hotel","robots":{"index":"index","follow":"follow","max-snippet":"max-snippet:-1","max-image-preview":"max-image-preview:large","max-video-preview":"max-video-preview:-1"},"canonical":"https:\/\/www.cesenaticohotel.com\/de\/hotels\/hotel-esplanade","og_locale":"de_DE","og_type":"article","og_title":"Hotel Esplanade - Cesenatico Hotel","og_description":"Das Hotel Esplanade ist ein 3-Sterne-Hotel mit Meerblick im Zentrum von Cesenatico, nur wenige Schritte vom Riesenrad entfernt. Vom exklusiven Rooftop k\u00f6nnen Sie einen atemberaubenden Blick auf die gesamte K\u00fcste genie\u00dfen und sich auf Liegest\u00fchlen oder im Whirlpool entspannen.","og_url":"https:\/\/www.cesenaticohotel.com\/de\/hotels\/hotel-esplanade","og_site_name":"Cesenatico Hotel","article_modified_time":"2024-04-22T14:03:07+00:00","og_image":[{"width":1200,"height":675,"url":"https:\/\/www.cesenaticohotel.com\/wp-content\/uploads\/2023\/05\/immagine-sito.jpg","type":"image\/jpeg"}],"twitter_card":"summary_large_image","twitter_misc":{"Gesch\u00e4tzte Lesezeit":"1\u00a0Minute"},"schema":{"@context":"https:\/\/schema.org","@graph":[{"@type":"WebPage","@id":"https:\/\/www.cesenaticohotel.com\/de\/hotels\/hotel-esplanade","url":"https:\/\/www.cesenaticohotel.com\/de\/hotels\/hotel-esplanade","name":"Hotel Esplanade - Cesenatico Hotel","isPartOf":{"@id":"https:\/\/www.cesenaticohotel.com\/de#website"},"datePublished":"2024-03-15T10:06:50+00:00","dateModified":"2024-04-22T14:03:07+00:00","breadcrumb":{"@id":"https:\/\/www.cesenaticohotel.com\/de\/hotels\/hotel-esplanade#breadcrumb"},"inLanguage":"de","potentialAction":[{"@type":"ReadAction","target":["https:\/\/www.cesenaticohotel.com\/de\/hotels\/hotel-esplanade"]}]},{"@type":"BreadcrumbList","@id":"https:\/\/www.cesenaticohotel.com\/de\/hotels\/hotel-esplanade#breadcrumb","itemListElement":[{"@type":"ListItem","position":1,"name":"Home","item":"https:\/\/www.cesenaticohotel.com\/de\/homepage"},{"@type":"ListItem","position":2,"name":"Hotel","item":"https:\/\/www.cesenaticohotel.com\/de\/hotels"},{"@type":"ListItem","position":3,"name":"Hotel Esplanade"}]},{"@type":"WebSite","@id":"https:\/\/www.cesenaticohotel.com\/de#website","url":"https:\/\/www.cesenaticohotel.com\/de","name":"Cesenatico Hotel","description":"","publisher":{"@id":"https:\/\/www.cesenaticohotel.com\/de#organization"},"potentialAction":[{"@type":"SearchAction","target":{"@type":"EntryPoint","urlTemplate":"https:\/\/www.cesenaticohotel.com\/de?s={search_term_string}"},"query-input":{"@type":"PropertyValueSpecification","valueRequired":true,"valueName":"search_term_string"}}],"inLanguage":"de"},{"@type":"Organization","@id":"https:\/\/www.cesenaticohotel.com\/de#organization","name":"Cesenatico Hotel","url":"https:\/\/www.cesenaticohotel.com\/de","logo":{"@type":"ImageObject","inLanguage":"de","@id":"https:\/\/www.cesenaticohotel.com\/de#\/schema\/logo\/image\/","url":"https:\/\/www.cesenaticohotel.com\/wp-content\/uploads\/2023\/05\/logo-organizzazione.jpg","contentUrl":"https:\/\/www.cesenaticohotel.com\/wp-content\/uploads\/2023\/05\/logo-organizzazione.jpg","width":696,"height":696,"caption":"Cesenatico Hotel"},"image":{"@id":"https:\/\/www.cesenaticohotel.com\/de#\/schema\/logo\/image\/"}}]}},"_links":{"self":[{"href":"https:\/\/www.cesenaticohotel.com\/de\/wp-json\/wp\/v2\/pages\/7992","targetHints":{"allow":["GET"]}}],"collection":[{"href":"https:\/\/www.cesenaticohotel.com\/de\/wp-json\/wp\/v2\/pages"}],"about":[{"href":"https:\/\/www.cesenaticohotel.com\/de\/wp-json\/wp\/v2\/types\/page"}],"author":[{"embeddable":true,"href":"https:\/\/www.cesenaticohotel.com\/de\/wp-json\/wp\/v2\/users\/1"}],"replies":[{"embeddable":true,"href":"https:\/\/www.cesenaticohotel.com\/de\/wp-json\/wp\/v2\/comments?post=7992"}],"version-history":[{"count":2,"href":"https:\/\/www.cesenaticohotel.com\/de\/wp-json\/wp\/v2\/pages\/7992\/revisions"}],"predecessor-version":[{"id":8533,"href":"https:\/\/www.cesenaticohotel.com\/de\/wp-json\/wp\/v2\/pages\/7992\/revisions\/8533"}],"up":[{"embeddable":true,"href":"https:\/\/www.cesenaticohotel.com\/de\/wp-json\/wp\/v2\/pages\/511"}],"wp:attachment":[{"href":"https:\/\/www.cesenaticohotel.com\/de\/wp-json\/wp\/v2\/media?parent=7992"}],"curies":[{"name":"wp","href":"https:\/\/api.w.org\/{rel}","templated":true}]}}