{"id":8347,"date":"2024-03-27T14:35:13","date_gmt":"2024-03-27T13:35:13","guid":{"rendered":"https:\/\/www.cesenaticohotel.com\/hotels\/family-hotel-palme-cesenatico"},"modified":"2024-04-22T16:03:08","modified_gmt":"2024-04-22T14:03:08","slug":"family-hotel-palme-cesenatico","status":"publish","type":"page","link":"https:\/\/www.cesenaticohotel.com\/de\/hotels\/family-hotel-palme-cesenatico","title":{"rendered":"Family Hotel Palme Cesenatico"},"content":{"rendered":"\n<p>Das <b>Family Hotel Palme in Cesenatico<\/b> hei\u00dft Familien f\u00fcr einen entspannten und sorglosen Urlaub willkommen, dank des speziellen <b>All-Inclusive-<\/b>Angebots und der <b>Kinderanimation<\/b> f\u00fcr Kinder ab 4 Jahren, <b>7 Tage die Woche<\/b>, von morgens bis abends.<\/p>\n\n\n\n<p><b>Aktivit\u00e4ten <\/b>und<b> Spiele<\/b> am <b>Strand<\/b> und im <b>Hotel<\/b>, ein besonderes abendliches <b>Unterhaltungsprogramm <\/b>mit <b>Shows<\/b> f\u00fcr Familien, Zaubervorstellungen und Kabarett, ein bunter <b>Spielbereich<\/b> im Freien, der sicher f\u00fcr Kinder jeden Alters ausgestattet ist.<\/p>\n\n\n\n\n\n<!--more-->\n\n\n\n\n\n<p>Zu den familienfreundlichen Leistungen geh\u00f6rt auch ein<b> kostenloser Kinderarzt<\/b> f\u00fcr die gesamte Dauer des Aufenthalts, ein <b>Snackbereich <\/b>und eine <b>Nasch-Ecke<\/b>, alles Notwendige zur Zubereitung von <b>Babynahrung<\/b> und f\u00fcr eine <b>leichte Reise mit Babys<\/b>: Flaschenw\u00e4rmer, Babybadewanne, Wickeltisch, WC-Aufsatz, Kinderbett, Fallschutzgitter, Hochstuhl und Babygeschirr. So k\u00f6nnen Mama und Papa sich entspannen und den Urlaub mit einem erfrischenden Bad im <b>Pool<\/b>, einem angenehmen Spaziergang und auch am Strand genie\u00dfen, wo <b>1 Sonnenschirm und 2 Liegest\u00fchle inklusive<\/b> sind.<\/p>\n\n\n\n\n\n<p>Fr\u00fchst\u00fcck, Mittag- und Abendessen werden als <b>Buffet serviert<\/b>. Zum <b>Fr\u00fchst\u00fcck<\/b> gibt es eine gro\u00dfe Auswahl an <b>hausgemachten S\u00fc\u00dfigkeiten, Kuchen und Torten<\/b>, Keksen, Marmeladen, Honig, Aufstrichen, Joghurt, Obst und M\u00fcsli. F\u00fcr Liebhaber von Herzhaftem gibt es Wurstwaren, K\u00e4se, Eier, Brot und Zwieback. Sie k\u00f6nnen auch hei\u00dfe <b>Getr\u00e4nke<\/b> und <b>Fruchts\u00e4fte<\/b> bestellen. Zum Mittag- und Abendessen k\u00f6nnen Sie Ihren Teller nach Belieben zusammenstellen: Es gibt immer eine Auswahl an <b>Fleisch-, Fisch- und vegetarischen<\/b> Gerichten, eine reiche Auswahl an Vorspeisen und Beilagen, und zum Abschluss gibt es einen <b>Naschbereich mit Desserts<\/b>, hausgemachten Kuchen und saisonalem Obst.<\/p>\n\n\n\n\n\n<p>In der <b>All-Inclusive<\/b>-Formel sind <b>Mineralwasser,<\/b> Sodawasser, <b>Hauswein <\/b>(wei\u00df und rot), <b>Softdrinks<\/b>, <b>Kaffee<\/b> und <b>Digestifs<\/b> enthalten.<\/p>\n\n\n","protected":false},"excerpt":{"rendered":"<p>Das Family Hotel Palme in Cesenatico hei\u00dft Familien f\u00fcr einen entspannten und sorglosen Urlaub willkommen, dank des speziellen All-Inclusive-Angebots und der Kinderanimation f\u00fcr Kinder ab 4 Jahren, 7 Tage die Woche, von morgens bis abends. Aktivit\u00e4ten und Spiele am Strand und im Hotel, ein besonderes abendliches Unterhaltungsprogramm mit Shows f\u00fcr Familien, Zaubervorstellungen und Kabarett, ein &hellip;<\/p>\n","protected":false},"author":1,"featured_media":0,"parent":511,"menu_order":0,"comment_status":"closed","ping_status":"closed","template":"page-templates\/scheda_hotel.php","meta":{"_acf_changed":false,"inline_featured_image":false,"footnotes":""},"class_list":["post-8347","page","type-page","status-publish","hentry"],"acf":[],"yoast_head":"<!-- This site is optimized with the Yoast SEO plugin v27.0 - https:\/\/yoast.com\/product\/yoast-seo-wordpress\/ -->\n<title>Family Hotel Palme Cesenatico - Cesenatico Hotel<\/title>\n<meta name=\"robots\" content=\"index, follow, max-snippet:-1, max-image-preview:large, max-video-preview:-1\" \/>\n<link rel=\"canonical\" href=\"https:\/\/www.cesenaticohotel.com\/de\/hotels\/family-hotel-palme-cesenatico\" \/>\n<meta property=\"og:locale\" content=\"de_DE\" \/>\n<meta property=\"og:type\" content=\"article\" \/>\n<meta property=\"og:title\" content=\"Family Hotel Palme Cesenatico - Cesenatico Hotel\" \/>\n<meta property=\"og:description\" content=\"Das Family Hotel Palme in Cesenatico hei\u00dft Familien f\u00fcr einen entspannten und sorglosen Urlaub willkommen, dank des speziellen All-Inclusive-Angebots und der Kinderanimation f\u00fcr Kinder ab 4 Jahren, 7 Tage die Woche, von morgens bis abends. Aktivit\u00e4ten und Spiele am Strand und im Hotel, ein besonderes abendliches Unterhaltungsprogramm mit Shows f\u00fcr Familien, Zaubervorstellungen und Kabarett, ein &hellip;\" \/>\n<meta property=\"og:url\" content=\"https:\/\/www.cesenaticohotel.com\/de\/hotels\/family-hotel-palme-cesenatico\" \/>\n<meta property=\"og:site_name\" content=\"Cesenatico Hotel\" \/>\n<meta property=\"article:modified_time\" content=\"2024-04-22T14:03:08+00:00\" \/>\n<meta property=\"og:image\" content=\"https:\/\/www.cesenaticohotel.com\/wp-content\/uploads\/2023\/05\/immagine-sito.jpg\" \/>\n\t<meta property=\"og:image:width\" content=\"1200\" \/>\n\t<meta property=\"og:image:height\" content=\"675\" \/>\n\t<meta property=\"og:image:type\" content=\"image\/jpeg\" \/>\n<meta name=\"twitter:card\" content=\"summary_large_image\" \/>\n<meta name=\"twitter:label1\" content=\"Gesch\u00e4tzte Lesezeit\" \/>\n\t<meta name=\"twitter:data1\" content=\"1\u00a0Minute\" \/>\n<script type=\"application\/ld+json\" class=\"yoast-schema-graph\">{\"@context\":\"https:\/\/schema.org\",\"@graph\":[{\"@type\":\"WebPage\",\"@id\":\"https:\/\/www.cesenaticohotel.com\/de\/hotels\/family-hotel-palme-cesenatico\",\"url\":\"https:\/\/www.cesenaticohotel.com\/de\/hotels\/family-hotel-palme-cesenatico\",\"name\":\"Family Hotel Palme Cesenatico - Cesenatico Hotel\",\"isPartOf\":{\"@id\":\"https:\/\/www.cesenaticohotel.com\/de#website\"},\"datePublished\":\"2024-03-27T13:35:13+00:00\",\"dateModified\":\"2024-04-22T14:03:08+00:00\",\"breadcrumb\":{\"@id\":\"https:\/\/www.cesenaticohotel.com\/de\/hotels\/family-hotel-palme-cesenatico#breadcrumb\"},\"inLanguage\":\"de\",\"potentialAction\":[{\"@type\":\"ReadAction\",\"target\":[\"https:\/\/www.cesenaticohotel.com\/de\/hotels\/family-hotel-palme-cesenatico\"]}]},{\"@type\":\"BreadcrumbList\",\"@id\":\"https:\/\/www.cesenaticohotel.com\/de\/hotels\/family-hotel-palme-cesenatico#breadcrumb\",\"itemListElement\":[{\"@type\":\"ListItem\",\"position\":1,\"name\":\"Home\",\"item\":\"https:\/\/www.cesenaticohotel.com\/de\/homepage\"},{\"@type\":\"ListItem\",\"position\":2,\"name\":\"Hotel\",\"item\":\"https:\/\/www.cesenaticohotel.com\/de\/hotels\"},{\"@type\":\"ListItem\",\"position\":3,\"name\":\"Family Hotel Palme Cesenatico\"}]},{\"@type\":\"WebSite\",\"@id\":\"https:\/\/www.cesenaticohotel.com\/de#website\",\"url\":\"https:\/\/www.cesenaticohotel.com\/de\",\"name\":\"Cesenatico Hotel\",\"description\":\"\",\"publisher\":{\"@id\":\"https:\/\/www.cesenaticohotel.com\/de#organization\"},\"potentialAction\":[{\"@type\":\"SearchAction\",\"target\":{\"@type\":\"EntryPoint\",\"urlTemplate\":\"https:\/\/www.cesenaticohotel.com\/de?s={search_term_string}\"},\"query-input\":{\"@type\":\"PropertyValueSpecification\",\"valueRequired\":true,\"valueName\":\"search_term_string\"}}],\"inLanguage\":\"de\"},{\"@type\":\"Organization\",\"@id\":\"https:\/\/www.cesenaticohotel.com\/de#organization\",\"name\":\"Cesenatico Hotel\",\"url\":\"https:\/\/www.cesenaticohotel.com\/de\",\"logo\":{\"@type\":\"ImageObject\",\"inLanguage\":\"de\",\"@id\":\"https:\/\/www.cesenaticohotel.com\/de#\/schema\/logo\/image\/\",\"url\":\"https:\/\/www.cesenaticohotel.com\/wp-content\/uploads\/2023\/05\/logo-organizzazione.jpg\",\"contentUrl\":\"https:\/\/www.cesenaticohotel.com\/wp-content\/uploads\/2023\/05\/logo-organizzazione.jpg\",\"width\":696,\"height\":696,\"caption\":\"Cesenatico Hotel\"},\"image\":{\"@id\":\"https:\/\/www.cesenaticohotel.com\/de#\/schema\/logo\/image\/\"}}]}<\/script>\n<!-- \/ Yoast SEO plugin. -->","yoast_head_json":{"title":"Family Hotel Palme Cesenatico - Cesenatico Hotel","robots":{"index":"index","follow":"follow","max-snippet":"max-snippet:-1","max-image-preview":"max-image-preview:large","max-video-preview":"max-video-preview:-1"},"canonical":"https:\/\/www.cesenaticohotel.com\/de\/hotels\/family-hotel-palme-cesenatico","og_locale":"de_DE","og_type":"article","og_title":"Family Hotel Palme Cesenatico - Cesenatico Hotel","og_description":"Das Family Hotel Palme in Cesenatico hei\u00dft Familien f\u00fcr einen entspannten und sorglosen Urlaub willkommen, dank des speziellen All-Inclusive-Angebots und der Kinderanimation f\u00fcr Kinder ab 4 Jahren, 7 Tage die Woche, von morgens bis abends. Aktivit\u00e4ten und Spiele am Strand und im Hotel, ein besonderes abendliches Unterhaltungsprogramm mit Shows f\u00fcr Familien, Zaubervorstellungen und Kabarett, ein &hellip;","og_url":"https:\/\/www.cesenaticohotel.com\/de\/hotels\/family-hotel-palme-cesenatico","og_site_name":"Cesenatico Hotel","article_modified_time":"2024-04-22T14:03:08+00:00","og_image":[{"width":1200,"height":675,"url":"https:\/\/www.cesenaticohotel.com\/wp-content\/uploads\/2023\/05\/immagine-sito.jpg","type":"image\/jpeg"}],"twitter_card":"summary_large_image","twitter_misc":{"Gesch\u00e4tzte Lesezeit":"1\u00a0Minute"},"schema":{"@context":"https:\/\/schema.org","@graph":[{"@type":"WebPage","@id":"https:\/\/www.cesenaticohotel.com\/de\/hotels\/family-hotel-palme-cesenatico","url":"https:\/\/www.cesenaticohotel.com\/de\/hotels\/family-hotel-palme-cesenatico","name":"Family Hotel Palme Cesenatico - Cesenatico Hotel","isPartOf":{"@id":"https:\/\/www.cesenaticohotel.com\/de#website"},"datePublished":"2024-03-27T13:35:13+00:00","dateModified":"2024-04-22T14:03:08+00:00","breadcrumb":{"@id":"https:\/\/www.cesenaticohotel.com\/de\/hotels\/family-hotel-palme-cesenatico#breadcrumb"},"inLanguage":"de","potentialAction":[{"@type":"ReadAction","target":["https:\/\/www.cesenaticohotel.com\/de\/hotels\/family-hotel-palme-cesenatico"]}]},{"@type":"BreadcrumbList","@id":"https:\/\/www.cesenaticohotel.com\/de\/hotels\/family-hotel-palme-cesenatico#breadcrumb","itemListElement":[{"@type":"ListItem","position":1,"name":"Home","item":"https:\/\/www.cesenaticohotel.com\/de\/homepage"},{"@type":"ListItem","position":2,"name":"Hotel","item":"https:\/\/www.cesenaticohotel.com\/de\/hotels"},{"@type":"ListItem","position":3,"name":"Family Hotel Palme Cesenatico"}]},{"@type":"WebSite","@id":"https:\/\/www.cesenaticohotel.com\/de#website","url":"https:\/\/www.cesenaticohotel.com\/de","name":"Cesenatico Hotel","description":"","publisher":{"@id":"https:\/\/www.cesenaticohotel.com\/de#organization"},"potentialAction":[{"@type":"SearchAction","target":{"@type":"EntryPoint","urlTemplate":"https:\/\/www.cesenaticohotel.com\/de?s={search_term_string}"},"query-input":{"@type":"PropertyValueSpecification","valueRequired":true,"valueName":"search_term_string"}}],"inLanguage":"de"},{"@type":"Organization","@id":"https:\/\/www.cesenaticohotel.com\/de#organization","name":"Cesenatico Hotel","url":"https:\/\/www.cesenaticohotel.com\/de","logo":{"@type":"ImageObject","inLanguage":"de","@id":"https:\/\/www.cesenaticohotel.com\/de#\/schema\/logo\/image\/","url":"https:\/\/www.cesenaticohotel.com\/wp-content\/uploads\/2023\/05\/logo-organizzazione.jpg","contentUrl":"https:\/\/www.cesenaticohotel.com\/wp-content\/uploads\/2023\/05\/logo-organizzazione.jpg","width":696,"height":696,"caption":"Cesenatico Hotel"},"image":{"@id":"https:\/\/www.cesenaticohotel.com\/de#\/schema\/logo\/image\/"}}]}},"_links":{"self":[{"href":"https:\/\/www.cesenaticohotel.com\/de\/wp-json\/wp\/v2\/pages\/8347","targetHints":{"allow":["GET"]}}],"collection":[{"href":"https:\/\/www.cesenaticohotel.com\/de\/wp-json\/wp\/v2\/pages"}],"about":[{"href":"https:\/\/www.cesenaticohotel.com\/de\/wp-json\/wp\/v2\/types\/page"}],"author":[{"embeddable":true,"href":"https:\/\/www.cesenaticohotel.com\/de\/wp-json\/wp\/v2\/users\/1"}],"replies":[{"embeddable":true,"href":"https:\/\/www.cesenaticohotel.com\/de\/wp-json\/wp\/v2\/comments?post=8347"}],"version-history":[{"count":2,"href":"https:\/\/www.cesenaticohotel.com\/de\/wp-json\/wp\/v2\/pages\/8347\/revisions"}],"predecessor-version":[{"id":8534,"href":"https:\/\/www.cesenaticohotel.com\/de\/wp-json\/wp\/v2\/pages\/8347\/revisions\/8534"}],"up":[{"embeddable":true,"href":"https:\/\/www.cesenaticohotel.com\/de\/wp-json\/wp\/v2\/pages\/511"}],"wp:attachment":[{"href":"https:\/\/www.cesenaticohotel.com\/de\/wp-json\/wp\/v2\/media?parent=8347"}],"curies":[{"name":"wp","href":"https:\/\/api.w.org\/{rel}","templated":true}]}}