{"id":9437,"date":"2025-01-27T16:42:17","date_gmt":"2025-01-27T15:42:17","guid":{"rendered":"https:\/\/www.cesenaticohotel.com\/hotels\/hotel-baltic"},"modified":"2025-02-11T17:07:36","modified_gmt":"2025-02-11T16:07:36","slug":"hotel-baltic","status":"publish","type":"page","link":"https:\/\/www.cesenaticohotel.com\/de\/hotels\/hotel-baltic","title":{"rendered":"Hotel Baltic"},"content":{"rendered":"\n<p><b>Nur 50 Meter vom Meer<\/b> entfernt bietet das <b>Hotel Baltic in Cesenatico<\/b> einen entspannten und komfortablen Aufenthalt, dank der <b>All-Inclusive-Formel.<\/b><\/p>\n\n\n\n<!--more-->\n\n\n\n<p>Die <b>privilegierte Lage<\/b> am malerischen <b>Hafenkanal<\/b>, der von Leonardo da Vinci entworfen wurde, erm\u00f6glicht es Ihnen, in das lebendige Nachtleben einzutauchen \u2013 mit Einkaufsm\u00f6glichkeiten, Bars und Spazierg\u00e4ngen entlang der Strandpromenade direkt vor der T\u00fcr.<\/p>\n\n\n\n<p>Das <b>All-Inclusive<\/b>-Paket umfasst auch den <b>Strandservice<\/b> mit Sonnenschirm und Liegen, die Nutzung von <b>Fahrr\u00e4dern<\/b> \u2013 ideal, um die Umgebung umweltfreundlich und angenehm zu erkunden \u2013 sowie einen <b>Parkplatz<\/b> auf dem privaten Parkplatz (je nach Verf\u00fcgbarkeit).<\/p>\n\n\n\n<p>Ein echtes Highlight des Hotels ist die<b> K\u00fcche<\/b>: Jeden Tag werden Fleisch-, Fisch- und vegetarische Gerichte serviert, um einen aufmerksamen und individuellen Service zu gew\u00e4hrleisten. Wenn Sie <b>mit Ihren Kindern im Urlaub<\/b> sind, kann der <b>K\u00fcchenchef Babynahrung<\/b> frisch f\u00fcr Sie zubereiten \u2013 fragen Sie das Servicepersonal nach weiteren Informationen. Im Zimmer k\u00f6nnen Sie <b>Babybetten, Kinderbetten, Rausfallschutz und Flaschenw\u00e4rmer<\/b> anfordern (je nach Verf\u00fcgbarkeit).<\/p>\n\n\n\n<p>Nach einem Tag am Meer oder einem Spaziergang durch das Zentrum von Cesenatico k\u00f6nnen Sie sich im <b>Garten<\/b> entspannen \u2013 eine Oase der Ruhe und Erholung, exklusiv f\u00fcr Hotelg\u00e4ste.<\/p>\n","protected":false},"excerpt":{"rendered":"<p>Nur 50 Meter vom Meer entfernt bietet das Hotel Baltic in Cesenatico einen entspannten und komfortablen Aufenthalt, dank der All-Inclusive-Formel.<\/p>\n","protected":false},"author":1,"featured_media":0,"parent":511,"menu_order":0,"comment_status":"closed","ping_status":"closed","template":"page-templates\/scheda_hotel.php","meta":{"_acf_changed":false,"inline_featured_image":false,"footnotes":""},"class_list":["post-9437","page","type-page","status-publish","hentry"],"acf":[],"yoast_head":"<!-- This site is optimized with the Yoast SEO plugin v27.0 - https:\/\/yoast.com\/product\/yoast-seo-wordpress\/ -->\n<title>Hotel Baltic - Cesenatico Hotel<\/title>\n<meta name=\"robots\" content=\"index, follow, max-snippet:-1, max-image-preview:large, max-video-preview:-1\" \/>\n<link rel=\"canonical\" href=\"https:\/\/www.cesenaticohotel.com\/de\/hotels\/hotel-baltic\" \/>\n<meta property=\"og:locale\" content=\"de_DE\" \/>\n<meta property=\"og:type\" content=\"article\" \/>\n<meta property=\"og:title\" content=\"Hotel Baltic - Cesenatico Hotel\" \/>\n<meta property=\"og:description\" content=\"Nur 50 Meter vom Meer entfernt bietet das Hotel Baltic in Cesenatico einen entspannten und komfortablen Aufenthalt, dank der All-Inclusive-Formel.\" \/>\n<meta property=\"og:url\" content=\"https:\/\/www.cesenaticohotel.com\/de\/hotels\/hotel-baltic\" \/>\n<meta property=\"og:site_name\" content=\"Cesenatico Hotel\" \/>\n<meta property=\"article:modified_time\" content=\"2025-02-11T16:07:36+00:00\" \/>\n<meta property=\"og:image\" content=\"https:\/\/www.cesenaticohotel.com\/wp-content\/uploads\/2023\/05\/immagine-sito.jpg\" \/>\n\t<meta property=\"og:image:width\" content=\"1200\" \/>\n\t<meta property=\"og:image:height\" content=\"675\" \/>\n\t<meta property=\"og:image:type\" content=\"image\/jpeg\" \/>\n<meta name=\"twitter:card\" content=\"summary_large_image\" \/>\n<meta name=\"twitter:label1\" content=\"Gesch\u00e4tzte Lesezeit\" \/>\n\t<meta name=\"twitter:data1\" content=\"1\u00a0Minute\" \/>\n<script type=\"application\/ld+json\" class=\"yoast-schema-graph\">{\"@context\":\"https:\/\/schema.org\",\"@graph\":[{\"@type\":\"WebPage\",\"@id\":\"https:\/\/www.cesenaticohotel.com\/de\/hotels\/hotel-baltic\",\"url\":\"https:\/\/www.cesenaticohotel.com\/de\/hotels\/hotel-baltic\",\"name\":\"Hotel Baltic - Cesenatico Hotel\",\"isPartOf\":{\"@id\":\"https:\/\/www.cesenaticohotel.com\/de#website\"},\"datePublished\":\"2025-01-27T15:42:17+00:00\",\"dateModified\":\"2025-02-11T16:07:36+00:00\",\"breadcrumb\":{\"@id\":\"https:\/\/www.cesenaticohotel.com\/de\/hotels\/hotel-baltic#breadcrumb\"},\"inLanguage\":\"de\",\"potentialAction\":[{\"@type\":\"ReadAction\",\"target\":[\"https:\/\/www.cesenaticohotel.com\/de\/hotels\/hotel-baltic\"]}]},{\"@type\":\"BreadcrumbList\",\"@id\":\"https:\/\/www.cesenaticohotel.com\/de\/hotels\/hotel-baltic#breadcrumb\",\"itemListElement\":[{\"@type\":\"ListItem\",\"position\":1,\"name\":\"Home\",\"item\":\"https:\/\/www.cesenaticohotel.com\/de\/homepage\"},{\"@type\":\"ListItem\",\"position\":2,\"name\":\"Hotel\",\"item\":\"https:\/\/www.cesenaticohotel.com\/de\/hotels\"},{\"@type\":\"ListItem\",\"position\":3,\"name\":\"Hotel Baltic\"}]},{\"@type\":\"WebSite\",\"@id\":\"https:\/\/www.cesenaticohotel.com\/de#website\",\"url\":\"https:\/\/www.cesenaticohotel.com\/de\",\"name\":\"Cesenatico Hotel\",\"description\":\"\",\"publisher\":{\"@id\":\"https:\/\/www.cesenaticohotel.com\/de#organization\"},\"potentialAction\":[{\"@type\":\"SearchAction\",\"target\":{\"@type\":\"EntryPoint\",\"urlTemplate\":\"https:\/\/www.cesenaticohotel.com\/de?s={search_term_string}\"},\"query-input\":{\"@type\":\"PropertyValueSpecification\",\"valueRequired\":true,\"valueName\":\"search_term_string\"}}],\"inLanguage\":\"de\"},{\"@type\":\"Organization\",\"@id\":\"https:\/\/www.cesenaticohotel.com\/de#organization\",\"name\":\"Cesenatico Hotel\",\"url\":\"https:\/\/www.cesenaticohotel.com\/de\",\"logo\":{\"@type\":\"ImageObject\",\"inLanguage\":\"de\",\"@id\":\"https:\/\/www.cesenaticohotel.com\/de#\/schema\/logo\/image\/\",\"url\":\"https:\/\/www.cesenaticohotel.com\/wp-content\/uploads\/2023\/05\/logo-organizzazione.jpg\",\"contentUrl\":\"https:\/\/www.cesenaticohotel.com\/wp-content\/uploads\/2023\/05\/logo-organizzazione.jpg\",\"width\":696,\"height\":696,\"caption\":\"Cesenatico Hotel\"},\"image\":{\"@id\":\"https:\/\/www.cesenaticohotel.com\/de#\/schema\/logo\/image\/\"}}]}<\/script>\n<!-- \/ Yoast SEO plugin. -->","yoast_head_json":{"title":"Hotel Baltic - Cesenatico Hotel","robots":{"index":"index","follow":"follow","max-snippet":"max-snippet:-1","max-image-preview":"max-image-preview:large","max-video-preview":"max-video-preview:-1"},"canonical":"https:\/\/www.cesenaticohotel.com\/de\/hotels\/hotel-baltic","og_locale":"de_DE","og_type":"article","og_title":"Hotel Baltic - Cesenatico Hotel","og_description":"Nur 50 Meter vom Meer entfernt bietet das Hotel Baltic in Cesenatico einen entspannten und komfortablen Aufenthalt, dank der All-Inclusive-Formel.","og_url":"https:\/\/www.cesenaticohotel.com\/de\/hotels\/hotel-baltic","og_site_name":"Cesenatico Hotel","article_modified_time":"2025-02-11T16:07:36+00:00","og_image":[{"width":1200,"height":675,"url":"https:\/\/www.cesenaticohotel.com\/wp-content\/uploads\/2023\/05\/immagine-sito.jpg","type":"image\/jpeg"}],"twitter_card":"summary_large_image","twitter_misc":{"Gesch\u00e4tzte Lesezeit":"1\u00a0Minute"},"schema":{"@context":"https:\/\/schema.org","@graph":[{"@type":"WebPage","@id":"https:\/\/www.cesenaticohotel.com\/de\/hotels\/hotel-baltic","url":"https:\/\/www.cesenaticohotel.com\/de\/hotels\/hotel-baltic","name":"Hotel Baltic - Cesenatico Hotel","isPartOf":{"@id":"https:\/\/www.cesenaticohotel.com\/de#website"},"datePublished":"2025-01-27T15:42:17+00:00","dateModified":"2025-02-11T16:07:36+00:00","breadcrumb":{"@id":"https:\/\/www.cesenaticohotel.com\/de\/hotels\/hotel-baltic#breadcrumb"},"inLanguage":"de","potentialAction":[{"@type":"ReadAction","target":["https:\/\/www.cesenaticohotel.com\/de\/hotels\/hotel-baltic"]}]},{"@type":"BreadcrumbList","@id":"https:\/\/www.cesenaticohotel.com\/de\/hotels\/hotel-baltic#breadcrumb","itemListElement":[{"@type":"ListItem","position":1,"name":"Home","item":"https:\/\/www.cesenaticohotel.com\/de\/homepage"},{"@type":"ListItem","position":2,"name":"Hotel","item":"https:\/\/www.cesenaticohotel.com\/de\/hotels"},{"@type":"ListItem","position":3,"name":"Hotel Baltic"}]},{"@type":"WebSite","@id":"https:\/\/www.cesenaticohotel.com\/de#website","url":"https:\/\/www.cesenaticohotel.com\/de","name":"Cesenatico Hotel","description":"","publisher":{"@id":"https:\/\/www.cesenaticohotel.com\/de#organization"},"potentialAction":[{"@type":"SearchAction","target":{"@type":"EntryPoint","urlTemplate":"https:\/\/www.cesenaticohotel.com\/de?s={search_term_string}"},"query-input":{"@type":"PropertyValueSpecification","valueRequired":true,"valueName":"search_term_string"}}],"inLanguage":"de"},{"@type":"Organization","@id":"https:\/\/www.cesenaticohotel.com\/de#organization","name":"Cesenatico Hotel","url":"https:\/\/www.cesenaticohotel.com\/de","logo":{"@type":"ImageObject","inLanguage":"de","@id":"https:\/\/www.cesenaticohotel.com\/de#\/schema\/logo\/image\/","url":"https:\/\/www.cesenaticohotel.com\/wp-content\/uploads\/2023\/05\/logo-organizzazione.jpg","contentUrl":"https:\/\/www.cesenaticohotel.com\/wp-content\/uploads\/2023\/05\/logo-organizzazione.jpg","width":696,"height":696,"caption":"Cesenatico Hotel"},"image":{"@id":"https:\/\/www.cesenaticohotel.com\/de#\/schema\/logo\/image\/"}}]}},"_links":{"self":[{"href":"https:\/\/www.cesenaticohotel.com\/de\/wp-json\/wp\/v2\/pages\/9437","targetHints":{"allow":["GET"]}}],"collection":[{"href":"https:\/\/www.cesenaticohotel.com\/de\/wp-json\/wp\/v2\/pages"}],"about":[{"href":"https:\/\/www.cesenaticohotel.com\/de\/wp-json\/wp\/v2\/types\/page"}],"author":[{"embeddable":true,"href":"https:\/\/www.cesenaticohotel.com\/de\/wp-json\/wp\/v2\/users\/1"}],"replies":[{"embeddable":true,"href":"https:\/\/www.cesenaticohotel.com\/de\/wp-json\/wp\/v2\/comments?post=9437"}],"version-history":[{"count":2,"href":"https:\/\/www.cesenaticohotel.com\/de\/wp-json\/wp\/v2\/pages\/9437\/revisions"}],"predecessor-version":[{"id":9656,"href":"https:\/\/www.cesenaticohotel.com\/de\/wp-json\/wp\/v2\/pages\/9437\/revisions\/9656"}],"up":[{"embeddable":true,"href":"https:\/\/www.cesenaticohotel.com\/de\/wp-json\/wp\/v2\/pages\/511"}],"wp:attachment":[{"href":"https:\/\/www.cesenaticohotel.com\/de\/wp-json\/wp\/v2\/media?parent=9437"}],"curies":[{"name":"wp","href":"https:\/\/api.w.org\/{rel}","templated":true}]}}