{"id":9660,"date":"2025-02-11T17:20:43","date_gmt":"2025-02-11T16:20:43","guid":{"rendered":"https:\/\/www.cesenaticohotel.com\/hotels\/hotel-milano"},"modified":"2025-03-27T09:46:57","modified_gmt":"2025-03-27T08:46:57","slug":"hotel-milano","status":"publish","type":"page","link":"https:\/\/www.cesenaticohotel.com\/de\/hotels\/hotel-milano","title":{"rendered":"Hotel Milano"},"content":{"rendered":"\n<p>Direkt an den Hauptstra\u00dfen von <b>Cesenatico<\/b>, Viale Carducci und Viale dei Mille, gelegen, ist das <b>Hotel Milano<\/b> ein gem\u00fctliches 3-Sterne-Hotel, ideal f\u00fcr Familien, die Entspannung und Spa\u00df suchen, nur <b>80 Meter vom Meer<\/b> entfernt.<\/p>\n\n\n\n<!--more-->\n\n\n\n<p>Die Anlage verf\u00fcgt \u00fcber einen <b>Pool mit Whirlpool<\/b> im gro\u00dfen <b>Garten<\/b> \u2013 perfekt f\u00fcr Momente der Erholung und des Wohlbefindens. F\u00fcr die Kleinen gibt es zahlreiche spezielle Services, darunter einen <b>Spielplatz <\/b>und eine rund um die Uhr ge\u00f6ffnete <b>Babyecke <\/b>mit allem Notwendigen zur Zubereitung von<b> Babynahrung<\/b>: Hochst\u00fchle, Kinderbesteck und Sitzerh\u00f6hungen im Restaurant. Im Zimmer stehen auf Anfrage Babybetten, Reisebetten, Fallschutzgitter, Flaschenw\u00e4rmer, WC-Reduzierer und Wickeltische zur Verf\u00fcgung.<\/p>\n\n\n\n<p>Die <b>gute romagnolische K\u00fcche<\/b> ist das Aush\u00e4ngeschild des Hotels Milano. Die Gerichte werden mit frischen und sorgf\u00e4ltig ausgew\u00e4hlten Zutaten zubereitet. T\u00e4glich gibt es Spezialit\u00e4ten mit Fleisch oder frischem Fisch, ein reichhaltiges Buffet mit Vorspeisen, Beilagen mit Gem\u00fcse, hausgemachtem Eis und k\u00f6stlichen Desserts.<\/p>\n\n\n\n<p>Das Hotel Milano bietet auch eine <b>All-Inclusive-Formel<\/b>, die den <b>Strandservice mit reservierten Sonnenschirmen und Liegen<\/b> sowie einen privaten <b>Parkplatz <\/b>umfasst.<\/p>\n","protected":false},"excerpt":{"rendered":"<p>Direkt an den Hauptstra\u00dfen von Cesenatico, Viale Carducci und Viale dei Mille, gelegen, ist das Hotel Milano ein gem\u00fctliches 3-Sterne-Hotel, ideal f\u00fcr Familien, die Entspannung und Spa\u00df suchen, nur 80 Meter vom Meer entfernt.<\/p>\n","protected":false},"author":1,"featured_media":0,"parent":511,"menu_order":0,"comment_status":"closed","ping_status":"closed","template":"page-templates\/scheda_hotel.php","meta":{"_acf_changed":false,"inline_featured_image":false,"footnotes":""},"class_list":["post-9660","page","type-page","status-publish","hentry"],"acf":[],"yoast_head":"<!-- This site is optimized with the Yoast SEO plugin v27.0 - https:\/\/yoast.com\/product\/yoast-seo-wordpress\/ -->\n<title>Hotel Milano - Cesenatico Hotel<\/title>\n<meta name=\"robots\" content=\"index, follow, max-snippet:-1, max-image-preview:large, max-video-preview:-1\" \/>\n<link rel=\"canonical\" href=\"https:\/\/www.cesenaticohotel.com\/de\/hotels\/hotel-milano\" \/>\n<meta property=\"og:locale\" content=\"de_DE\" \/>\n<meta property=\"og:type\" content=\"article\" \/>\n<meta property=\"og:title\" content=\"Hotel Milano - Cesenatico Hotel\" \/>\n<meta property=\"og:description\" content=\"Direkt an den Hauptstra\u00dfen von Cesenatico, Viale Carducci und Viale dei Mille, gelegen, ist das Hotel Milano ein gem\u00fctliches 3-Sterne-Hotel, ideal f\u00fcr Familien, die Entspannung und Spa\u00df suchen, nur 80 Meter vom Meer entfernt.\" \/>\n<meta property=\"og:url\" content=\"https:\/\/www.cesenaticohotel.com\/de\/hotels\/hotel-milano\" \/>\n<meta property=\"og:site_name\" content=\"Cesenatico Hotel\" \/>\n<meta property=\"article:modified_time\" content=\"2025-03-27T08:46:57+00:00\" \/>\n<meta property=\"og:image\" content=\"https:\/\/www.cesenaticohotel.com\/wp-content\/uploads\/2023\/05\/immagine-sito.jpg\" \/>\n\t<meta property=\"og:image:width\" content=\"1200\" \/>\n\t<meta property=\"og:image:height\" content=\"675\" \/>\n\t<meta property=\"og:image:type\" content=\"image\/jpeg\" \/>\n<meta name=\"twitter:card\" content=\"summary_large_image\" \/>\n<meta name=\"twitter:label1\" content=\"Gesch\u00e4tzte Lesezeit\" \/>\n\t<meta name=\"twitter:data1\" content=\"1\u00a0Minute\" \/>\n<script type=\"application\/ld+json\" class=\"yoast-schema-graph\">{\"@context\":\"https:\/\/schema.org\",\"@graph\":[{\"@type\":\"WebPage\",\"@id\":\"https:\/\/www.cesenaticohotel.com\/de\/hotels\/hotel-milano\",\"url\":\"https:\/\/www.cesenaticohotel.com\/de\/hotels\/hotel-milano\",\"name\":\"Hotel Milano - Cesenatico Hotel\",\"isPartOf\":{\"@id\":\"https:\/\/www.cesenaticohotel.com\/de#website\"},\"datePublished\":\"2025-02-11T16:20:43+00:00\",\"dateModified\":\"2025-03-27T08:46:57+00:00\",\"breadcrumb\":{\"@id\":\"https:\/\/www.cesenaticohotel.com\/de\/hotels\/hotel-milano#breadcrumb\"},\"inLanguage\":\"de\",\"potentialAction\":[{\"@type\":\"ReadAction\",\"target\":[\"https:\/\/www.cesenaticohotel.com\/de\/hotels\/hotel-milano\"]}]},{\"@type\":\"BreadcrumbList\",\"@id\":\"https:\/\/www.cesenaticohotel.com\/de\/hotels\/hotel-milano#breadcrumb\",\"itemListElement\":[{\"@type\":\"ListItem\",\"position\":1,\"name\":\"Home\",\"item\":\"https:\/\/www.cesenaticohotel.com\/de\/homepage\"},{\"@type\":\"ListItem\",\"position\":2,\"name\":\"Hotel\",\"item\":\"https:\/\/www.cesenaticohotel.com\/de\/hotels\"},{\"@type\":\"ListItem\",\"position\":3,\"name\":\"Hotel Milano\"}]},{\"@type\":\"WebSite\",\"@id\":\"https:\/\/www.cesenaticohotel.com\/de#website\",\"url\":\"https:\/\/www.cesenaticohotel.com\/de\",\"name\":\"Cesenatico Hotel\",\"description\":\"\",\"publisher\":{\"@id\":\"https:\/\/www.cesenaticohotel.com\/de#organization\"},\"potentialAction\":[{\"@type\":\"SearchAction\",\"target\":{\"@type\":\"EntryPoint\",\"urlTemplate\":\"https:\/\/www.cesenaticohotel.com\/de?s={search_term_string}\"},\"query-input\":{\"@type\":\"PropertyValueSpecification\",\"valueRequired\":true,\"valueName\":\"search_term_string\"}}],\"inLanguage\":\"de\"},{\"@type\":\"Organization\",\"@id\":\"https:\/\/www.cesenaticohotel.com\/de#organization\",\"name\":\"Cesenatico Hotel\",\"url\":\"https:\/\/www.cesenaticohotel.com\/de\",\"logo\":{\"@type\":\"ImageObject\",\"inLanguage\":\"de\",\"@id\":\"https:\/\/www.cesenaticohotel.com\/de#\/schema\/logo\/image\/\",\"url\":\"https:\/\/www.cesenaticohotel.com\/wp-content\/uploads\/2023\/05\/logo-organizzazione.jpg\",\"contentUrl\":\"https:\/\/www.cesenaticohotel.com\/wp-content\/uploads\/2023\/05\/logo-organizzazione.jpg\",\"width\":696,\"height\":696,\"caption\":\"Cesenatico Hotel\"},\"image\":{\"@id\":\"https:\/\/www.cesenaticohotel.com\/de#\/schema\/logo\/image\/\"}}]}<\/script>\n<!-- \/ Yoast SEO plugin. -->","yoast_head_json":{"title":"Hotel Milano - Cesenatico Hotel","robots":{"index":"index","follow":"follow","max-snippet":"max-snippet:-1","max-image-preview":"max-image-preview:large","max-video-preview":"max-video-preview:-1"},"canonical":"https:\/\/www.cesenaticohotel.com\/de\/hotels\/hotel-milano","og_locale":"de_DE","og_type":"article","og_title":"Hotel Milano - Cesenatico Hotel","og_description":"Direkt an den Hauptstra\u00dfen von Cesenatico, Viale Carducci und Viale dei Mille, gelegen, ist das Hotel Milano ein gem\u00fctliches 3-Sterne-Hotel, ideal f\u00fcr Familien, die Entspannung und Spa\u00df suchen, nur 80 Meter vom Meer entfernt.","og_url":"https:\/\/www.cesenaticohotel.com\/de\/hotels\/hotel-milano","og_site_name":"Cesenatico Hotel","article_modified_time":"2025-03-27T08:46:57+00:00","og_image":[{"width":1200,"height":675,"url":"https:\/\/www.cesenaticohotel.com\/wp-content\/uploads\/2023\/05\/immagine-sito.jpg","type":"image\/jpeg"}],"twitter_card":"summary_large_image","twitter_misc":{"Gesch\u00e4tzte Lesezeit":"1\u00a0Minute"},"schema":{"@context":"https:\/\/schema.org","@graph":[{"@type":"WebPage","@id":"https:\/\/www.cesenaticohotel.com\/de\/hotels\/hotel-milano","url":"https:\/\/www.cesenaticohotel.com\/de\/hotels\/hotel-milano","name":"Hotel Milano - Cesenatico Hotel","isPartOf":{"@id":"https:\/\/www.cesenaticohotel.com\/de#website"},"datePublished":"2025-02-11T16:20:43+00:00","dateModified":"2025-03-27T08:46:57+00:00","breadcrumb":{"@id":"https:\/\/www.cesenaticohotel.com\/de\/hotels\/hotel-milano#breadcrumb"},"inLanguage":"de","potentialAction":[{"@type":"ReadAction","target":["https:\/\/www.cesenaticohotel.com\/de\/hotels\/hotel-milano"]}]},{"@type":"BreadcrumbList","@id":"https:\/\/www.cesenaticohotel.com\/de\/hotels\/hotel-milano#breadcrumb","itemListElement":[{"@type":"ListItem","position":1,"name":"Home","item":"https:\/\/www.cesenaticohotel.com\/de\/homepage"},{"@type":"ListItem","position":2,"name":"Hotel","item":"https:\/\/www.cesenaticohotel.com\/de\/hotels"},{"@type":"ListItem","position":3,"name":"Hotel Milano"}]},{"@type":"WebSite","@id":"https:\/\/www.cesenaticohotel.com\/de#website","url":"https:\/\/www.cesenaticohotel.com\/de","name":"Cesenatico Hotel","description":"","publisher":{"@id":"https:\/\/www.cesenaticohotel.com\/de#organization"},"potentialAction":[{"@type":"SearchAction","target":{"@type":"EntryPoint","urlTemplate":"https:\/\/www.cesenaticohotel.com\/de?s={search_term_string}"},"query-input":{"@type":"PropertyValueSpecification","valueRequired":true,"valueName":"search_term_string"}}],"inLanguage":"de"},{"@type":"Organization","@id":"https:\/\/www.cesenaticohotel.com\/de#organization","name":"Cesenatico Hotel","url":"https:\/\/www.cesenaticohotel.com\/de","logo":{"@type":"ImageObject","inLanguage":"de","@id":"https:\/\/www.cesenaticohotel.com\/de#\/schema\/logo\/image\/","url":"https:\/\/www.cesenaticohotel.com\/wp-content\/uploads\/2023\/05\/logo-organizzazione.jpg","contentUrl":"https:\/\/www.cesenaticohotel.com\/wp-content\/uploads\/2023\/05\/logo-organizzazione.jpg","width":696,"height":696,"caption":"Cesenatico Hotel"},"image":{"@id":"https:\/\/www.cesenaticohotel.com\/de#\/schema\/logo\/image\/"}}]}},"_links":{"self":[{"href":"https:\/\/www.cesenaticohotel.com\/de\/wp-json\/wp\/v2\/pages\/9660","targetHints":{"allow":["GET"]}}],"collection":[{"href":"https:\/\/www.cesenaticohotel.com\/de\/wp-json\/wp\/v2\/pages"}],"about":[{"href":"https:\/\/www.cesenaticohotel.com\/de\/wp-json\/wp\/v2\/types\/page"}],"author":[{"embeddable":true,"href":"https:\/\/www.cesenaticohotel.com\/de\/wp-json\/wp\/v2\/users\/1"}],"replies":[{"embeddable":true,"href":"https:\/\/www.cesenaticohotel.com\/de\/wp-json\/wp\/v2\/comments?post=9660"}],"version-history":[{"count":2,"href":"https:\/\/www.cesenaticohotel.com\/de\/wp-json\/wp\/v2\/pages\/9660\/revisions"}],"predecessor-version":[{"id":10228,"href":"https:\/\/www.cesenaticohotel.com\/de\/wp-json\/wp\/v2\/pages\/9660\/revisions\/10228"}],"up":[{"embeddable":true,"href":"https:\/\/www.cesenaticohotel.com\/de\/wp-json\/wp\/v2\/pages\/511"}],"wp:attachment":[{"href":"https:\/\/www.cesenaticohotel.com\/de\/wp-json\/wp\/v2\/media?parent=9660"}],"curies":[{"name":"wp","href":"https:\/\/api.w.org\/{rel}","templated":true}]}}