{"id":971,"date":"2023-04-26T12:03:33","date_gmt":"2023-04-26T10:03:33","guid":{"rendered":"https:\/\/www.cesenaticohotel.com\/hotels\/cesenatico-camping-village"},"modified":"2023-08-22T09:13:48","modified_gmt":"2023-08-22T07:13:48","slug":"cesenatico-camping-village","status":"publish","type":"page","link":"https:\/\/www.cesenaticohotel.com\/de\/hotels\/cesenatico-camping-village","title":{"rendered":"Cesenatico Camping Village"},"content":{"rendered":"\n<p>Das <b>Cesenatico Camping Village<\/b> liegt mitten im Gr\u00fcnen und direkt vor einem <b>privaten Strand<\/b> mit einem Spielbereich f\u00fcr Kinder, Sportpl\u00e4tzen und viel Platz zwischen den Sonnenschirmen. Ein perfekter Ort f\u00fcr einen Urlaub im Freien mit Entspannung und Spa\u00df, auch f\u00fcr Menschen mit <b>eingeschr\u00e4nkter Mobilit\u00e4t <\/b>zug\u00e4nglich.<\/p>\n\n\n\n<!--more-->\n\n\n\n<p>Der Campingplatz verf\u00fcgt \u00fcber einen sch\u00f6nen <b>Wasserpark<\/b> mit einem <b>halbolympischen Pool<\/b>, einem <b>mittelgro\u00dfen Kinderbecken und einem kleinen Babypool<\/b>, <b>2 Whirlpools, Sauna und Dampfbad, 4000 m\u00b2 Sonnenterrasse<\/b> mit Sonnenschirmen und Liegen, einen <b>Poolkiosk<\/b> f\u00fcr Eis und frische Cocktails.<\/p>\n\n\n\n<p>Ein <b>reichhaltiges Animationsprogramm<\/b> mit Tages- und Abendaktivit\u00e4ten richtet sich an Erwachsene und Kinder jeden Alters: Mini Club von 4 bis 8 Jahren; Junior Club von 9 bis 12 Jahren; Teen Club f\u00fcr Jugendliche von 13 bis 17 Jahren; Sportliche Aktivit\u00e4ten, Fitness und Spazierg\u00e4nge f\u00fcr Erwachsene.<\/p>\n\n\n\n<p>Im Cesenatico Camping Village sind <b>Haustiere in den tierfreundlichen Mobilheimen<\/b>, im ausgestatteten Badebereich und im Hundewaschbereich <b>willkommen<\/b>. In der N\u00e4he des Campingplatzes gibt es einen Strand f\u00fcr Haustiere.<\/p>\n\n\n\n<p>Im Inneren des Campingplatzes und in der Badeanlage finden Sie <b>Bars<\/b>, <b>Restaurants, Pizzerien und Piadina-Kioske<\/b>, sodass Sie jeden Tag frei zwischen k\u00f6stlichen Fleisch- und Fischgerichten, frischem Gem\u00fcse, Salaten, leckeren Snacks, Aperitifs oder s\u00fc\u00dfen Desserts w\u00e4hlen k\u00f6nnen. Das <b>Fr\u00fchst\u00fcck ist als Buffet<\/b> mit Croissants, Kuchen, Torten, Donuts, Keksen, Wurstwaren, K\u00e4se, Eiern, Speck, Joghurt, frischem Obst und vielem mehr verf\u00fcgbar. Au\u00dferdem k\u00f6nnen Sie zwischen <b>Halb- oder Vollpension<\/b> w\u00e4hlen, mit zwei Hauptgerichten und zwei Hauptspeisen nach Wahl, oder Pizza, Obst, Dessert, Wasser, 1\/4 Wein pro Person und offenen Getr\u00e4nken.<\/p>\n","protected":false},"excerpt":{"rendered":"<p>Das Cesenatico Camping Village liegt mitten im Gr\u00fcnen und direkt vor einem privaten Strand mit einem Spielbereich f\u00fcr Kinder, Sportpl\u00e4tzen und viel Platz zwischen den Sonnenschirmen. Ein perfekter Ort f\u00fcr einen Urlaub im Freien mit Entspannung und Spa\u00df, auch f\u00fcr Menschen mit eingeschr\u00e4nkter Mobilit\u00e4t zug\u00e4nglich.<\/p>\n","protected":false},"author":1,"featured_media":0,"parent":511,"menu_order":0,"comment_status":"closed","ping_status":"closed","template":"page-templates\/scheda_hotel.php","meta":{"_acf_changed":false,"inline_featured_image":false,"footnotes":""},"class_list":["post-971","page","type-page","status-publish","hentry"],"acf":[],"yoast_head":"<!-- This site is optimized with the Yoast SEO plugin v27.0 - https:\/\/yoast.com\/product\/yoast-seo-wordpress\/ -->\n<title>Cesenatico Camping Village***: Haustierfreundliches Hotel mit Wellnessbereich<\/title>\n<meta name=\"description\" content=\"Das Cesenatico Camping Village verf\u00fcgt \u00fcber einen Privatstrand mit Animation und einen Wasserpark! Barrierefreiheit f\u00fcr Menschen mit eingeschr\u00e4nkter Mobilit\u00e4t. Haustiere willkommen.\" \/>\n<meta name=\"robots\" content=\"index, follow, max-snippet:-1, max-image-preview:large, max-video-preview:-1\" \/>\n<link rel=\"canonical\" href=\"https:\/\/www.cesenaticohotel.com\/de\/hotels\/cesenatico-camping-village\" \/>\n<meta property=\"og:locale\" content=\"de_DE\" \/>\n<meta property=\"og:type\" content=\"article\" \/>\n<meta property=\"og:title\" content=\"Cesenatico Camping Village***: Haustierfreundliches Hotel mit Wellnessbereich\" \/>\n<meta property=\"og:description\" content=\"Das Cesenatico Camping Village verf\u00fcgt \u00fcber einen Privatstrand mit Animation und einen Wasserpark! Barrierefreiheit f\u00fcr Menschen mit eingeschr\u00e4nkter Mobilit\u00e4t. Haustiere willkommen.\" \/>\n<meta property=\"og:url\" content=\"https:\/\/www.cesenaticohotel.com\/de\/hotels\/cesenatico-camping-village\" \/>\n<meta property=\"og:site_name\" content=\"Cesenatico Hotel\" \/>\n<meta property=\"article:modified_time\" content=\"2023-08-22T07:13:48+00:00\" \/>\n<meta property=\"og:image\" content=\"https:\/\/www.cesenaticohotel.com\/wp-content\/uploads\/2023\/05\/immagine-sito.jpg\" \/>\n\t<meta property=\"og:image:width\" content=\"1200\" \/>\n\t<meta property=\"og:image:height\" content=\"675\" \/>\n\t<meta property=\"og:image:type\" content=\"image\/jpeg\" \/>\n<meta name=\"twitter:card\" content=\"summary_large_image\" \/>\n<meta name=\"twitter:label1\" content=\"Gesch\u00e4tzte Lesezeit\" \/>\n\t<meta name=\"twitter:data1\" content=\"1\u00a0Minute\" \/>\n<script type=\"application\/ld+json\" class=\"yoast-schema-graph\">{\"@context\":\"https:\/\/schema.org\",\"@graph\":[{\"@type\":\"WebPage\",\"@id\":\"https:\/\/www.cesenaticohotel.com\/de\/hotels\/cesenatico-camping-village\",\"url\":\"https:\/\/www.cesenaticohotel.com\/de\/hotels\/cesenatico-camping-village\",\"name\":\"Cesenatico Camping Village***: Haustierfreundliches Hotel mit Wellnessbereich\",\"isPartOf\":{\"@id\":\"https:\/\/www.cesenaticohotel.com\/de#website\"},\"datePublished\":\"2023-04-26T10:03:33+00:00\",\"dateModified\":\"2023-08-22T07:13:48+00:00\",\"description\":\"Das Cesenatico Camping Village verf\u00fcgt \u00fcber einen Privatstrand mit Animation und einen Wasserpark! Barrierefreiheit f\u00fcr Menschen mit eingeschr\u00e4nkter Mobilit\u00e4t. Haustiere willkommen.\",\"breadcrumb\":{\"@id\":\"https:\/\/www.cesenaticohotel.com\/de\/hotels\/cesenatico-camping-village#breadcrumb\"},\"inLanguage\":\"de\",\"potentialAction\":[{\"@type\":\"ReadAction\",\"target\":[\"https:\/\/www.cesenaticohotel.com\/de\/hotels\/cesenatico-camping-village\"]}]},{\"@type\":\"BreadcrumbList\",\"@id\":\"https:\/\/www.cesenaticohotel.com\/de\/hotels\/cesenatico-camping-village#breadcrumb\",\"itemListElement\":[{\"@type\":\"ListItem\",\"position\":1,\"name\":\"Home\",\"item\":\"https:\/\/www.cesenaticohotel.com\/de\/homepage\"},{\"@type\":\"ListItem\",\"position\":2,\"name\":\"Hotel\",\"item\":\"https:\/\/www.cesenaticohotel.com\/de\/hotels\"},{\"@type\":\"ListItem\",\"position\":3,\"name\":\"Cesenatico Camping Village\"}]},{\"@type\":\"WebSite\",\"@id\":\"https:\/\/www.cesenaticohotel.com\/de#website\",\"url\":\"https:\/\/www.cesenaticohotel.com\/de\",\"name\":\"Cesenatico Hotel\",\"description\":\"\",\"publisher\":{\"@id\":\"https:\/\/www.cesenaticohotel.com\/de#organization\"},\"potentialAction\":[{\"@type\":\"SearchAction\",\"target\":{\"@type\":\"EntryPoint\",\"urlTemplate\":\"https:\/\/www.cesenaticohotel.com\/de?s={search_term_string}\"},\"query-input\":{\"@type\":\"PropertyValueSpecification\",\"valueRequired\":true,\"valueName\":\"search_term_string\"}}],\"inLanguage\":\"de\"},{\"@type\":\"Organization\",\"@id\":\"https:\/\/www.cesenaticohotel.com\/de#organization\",\"name\":\"Cesenatico Hotel\",\"url\":\"https:\/\/www.cesenaticohotel.com\/de\",\"logo\":{\"@type\":\"ImageObject\",\"inLanguage\":\"de\",\"@id\":\"https:\/\/www.cesenaticohotel.com\/de#\/schema\/logo\/image\/\",\"url\":\"https:\/\/www.cesenaticohotel.com\/wp-content\/uploads\/2023\/05\/logo-organizzazione.jpg\",\"contentUrl\":\"https:\/\/www.cesenaticohotel.com\/wp-content\/uploads\/2023\/05\/logo-organizzazione.jpg\",\"width\":696,\"height\":696,\"caption\":\"Cesenatico Hotel\"},\"image\":{\"@id\":\"https:\/\/www.cesenaticohotel.com\/de#\/schema\/logo\/image\/\"}}]}<\/script>\n<!-- \/ Yoast SEO plugin. -->","yoast_head_json":{"title":"Cesenatico Camping Village***: Haustierfreundliches Hotel mit Wellnessbereich","description":"Das Cesenatico Camping Village verf\u00fcgt \u00fcber einen Privatstrand mit Animation und einen Wasserpark! Barrierefreiheit f\u00fcr Menschen mit eingeschr\u00e4nkter Mobilit\u00e4t. Haustiere willkommen.","robots":{"index":"index","follow":"follow","max-snippet":"max-snippet:-1","max-image-preview":"max-image-preview:large","max-video-preview":"max-video-preview:-1"},"canonical":"https:\/\/www.cesenaticohotel.com\/de\/hotels\/cesenatico-camping-village","og_locale":"de_DE","og_type":"article","og_title":"Cesenatico Camping Village***: Haustierfreundliches Hotel mit Wellnessbereich","og_description":"Das Cesenatico Camping Village verf\u00fcgt \u00fcber einen Privatstrand mit Animation und einen Wasserpark! Barrierefreiheit f\u00fcr Menschen mit eingeschr\u00e4nkter Mobilit\u00e4t. Haustiere willkommen.","og_url":"https:\/\/www.cesenaticohotel.com\/de\/hotels\/cesenatico-camping-village","og_site_name":"Cesenatico Hotel","article_modified_time":"2023-08-22T07:13:48+00:00","og_image":[{"width":1200,"height":675,"url":"https:\/\/www.cesenaticohotel.com\/wp-content\/uploads\/2023\/05\/immagine-sito.jpg","type":"image\/jpeg"}],"twitter_card":"summary_large_image","twitter_misc":{"Gesch\u00e4tzte Lesezeit":"1\u00a0Minute"},"schema":{"@context":"https:\/\/schema.org","@graph":[{"@type":"WebPage","@id":"https:\/\/www.cesenaticohotel.com\/de\/hotels\/cesenatico-camping-village","url":"https:\/\/www.cesenaticohotel.com\/de\/hotels\/cesenatico-camping-village","name":"Cesenatico Camping Village***: Haustierfreundliches Hotel mit Wellnessbereich","isPartOf":{"@id":"https:\/\/www.cesenaticohotel.com\/de#website"},"datePublished":"2023-04-26T10:03:33+00:00","dateModified":"2023-08-22T07:13:48+00:00","description":"Das Cesenatico Camping Village verf\u00fcgt \u00fcber einen Privatstrand mit Animation und einen Wasserpark! Barrierefreiheit f\u00fcr Menschen mit eingeschr\u00e4nkter Mobilit\u00e4t. Haustiere willkommen.","breadcrumb":{"@id":"https:\/\/www.cesenaticohotel.com\/de\/hotels\/cesenatico-camping-village#breadcrumb"},"inLanguage":"de","potentialAction":[{"@type":"ReadAction","target":["https:\/\/www.cesenaticohotel.com\/de\/hotels\/cesenatico-camping-village"]}]},{"@type":"BreadcrumbList","@id":"https:\/\/www.cesenaticohotel.com\/de\/hotels\/cesenatico-camping-village#breadcrumb","itemListElement":[{"@type":"ListItem","position":1,"name":"Home","item":"https:\/\/www.cesenaticohotel.com\/de\/homepage"},{"@type":"ListItem","position":2,"name":"Hotel","item":"https:\/\/www.cesenaticohotel.com\/de\/hotels"},{"@type":"ListItem","position":3,"name":"Cesenatico Camping Village"}]},{"@type":"WebSite","@id":"https:\/\/www.cesenaticohotel.com\/de#website","url":"https:\/\/www.cesenaticohotel.com\/de","name":"Cesenatico Hotel","description":"","publisher":{"@id":"https:\/\/www.cesenaticohotel.com\/de#organization"},"potentialAction":[{"@type":"SearchAction","target":{"@type":"EntryPoint","urlTemplate":"https:\/\/www.cesenaticohotel.com\/de?s={search_term_string}"},"query-input":{"@type":"PropertyValueSpecification","valueRequired":true,"valueName":"search_term_string"}}],"inLanguage":"de"},{"@type":"Organization","@id":"https:\/\/www.cesenaticohotel.com\/de#organization","name":"Cesenatico Hotel","url":"https:\/\/www.cesenaticohotel.com\/de","logo":{"@type":"ImageObject","inLanguage":"de","@id":"https:\/\/www.cesenaticohotel.com\/de#\/schema\/logo\/image\/","url":"https:\/\/www.cesenaticohotel.com\/wp-content\/uploads\/2023\/05\/logo-organizzazione.jpg","contentUrl":"https:\/\/www.cesenaticohotel.com\/wp-content\/uploads\/2023\/05\/logo-organizzazione.jpg","width":696,"height":696,"caption":"Cesenatico Hotel"},"image":{"@id":"https:\/\/www.cesenaticohotel.com\/de#\/schema\/logo\/image\/"}}]}},"_links":{"self":[{"href":"https:\/\/www.cesenaticohotel.com\/de\/wp-json\/wp\/v2\/pages\/971","targetHints":{"allow":["GET"]}}],"collection":[{"href":"https:\/\/www.cesenaticohotel.com\/de\/wp-json\/wp\/v2\/pages"}],"about":[{"href":"https:\/\/www.cesenaticohotel.com\/de\/wp-json\/wp\/v2\/types\/page"}],"author":[{"embeddable":true,"href":"https:\/\/www.cesenaticohotel.com\/de\/wp-json\/wp\/v2\/users\/1"}],"replies":[{"embeddable":true,"href":"https:\/\/www.cesenaticohotel.com\/de\/wp-json\/wp\/v2\/comments?post=971"}],"version-history":[{"count":2,"href":"https:\/\/www.cesenaticohotel.com\/de\/wp-json\/wp\/v2\/pages\/971\/revisions"}],"predecessor-version":[{"id":5926,"href":"https:\/\/www.cesenaticohotel.com\/de\/wp-json\/wp\/v2\/pages\/971\/revisions\/5926"}],"up":[{"embeddable":true,"href":"https:\/\/www.cesenaticohotel.com\/de\/wp-json\/wp\/v2\/pages\/511"}],"wp:attachment":[{"href":"https:\/\/www.cesenaticohotel.com\/de\/wp-json\/wp\/v2\/media?parent=971"}],"curies":[{"name":"wp","href":"https:\/\/api.w.org\/{rel}","templated":true}]}}