{"id":9936,"date":"2025-02-24T09:06:48","date_gmt":"2025-02-24T08:06:48","guid":{"rendered":"https:\/\/www.cesenaticohotel.com\/hotels\/hotel-real"},"modified":"2025-03-27T09:46:59","modified_gmt":"2025-03-27T08:46:59","slug":"hotel-real","status":"publish","type":"page","link":"https:\/\/www.cesenaticohotel.com\/de\/hotels\/hotel-real","title":{"rendered":"Hotel Real"},"content":{"rendered":"\n<p>Das <b>Hotel Real<\/b> genie\u00dft eine privilegierte Lage \u2013 <b>direkt an der Strandpromenade<\/b> und nur wenige Schritte von der Hauptstra\u00dfe entfernt. Um den Strand zu erreichen, muss man nur die Stra\u00dfe \u00fcberqueren. Das Hotel verf\u00fcgt \u00fcber eine <b>gro\u00dfe Terrasse<\/b>, die den G\u00e4sten eine entspannte Atmosph\u00e4re f\u00fcr erholsame Momente bietet.<\/p>\n\n\n\n<!--more-->\n\n\n\n<p>Besonderes Augenmerk legt das Hotel auf die <b>traditionelle romagnolische K\u00fcche<\/b>. Das Fr\u00fchst\u00fccksbuffet bietet eine gro\u00dfe Auswahl an <b>hausgemachten S\u00fc\u00dfspeisen <\/b>und herzhaften Gerichten. Mittag- und Abendessen werden am Tisch serviert, mit <b>drei<\/b> <b>Men\u00fcoptionen zur Auswahl<\/b> und t\u00e4glichem Fischgericht, begleitet von einem <b>Gem\u00fcsebuffet<\/b>.<\/p>\n\n\n\n<p>Die vorteilhafte <b>All-Inclusive-Formel<\/b> umfasst \u00dcbernachtung und <b>Vollpension,<\/b> Wasser, Wein und <b>Softdrinks zu den Mahlzeiten<\/b> sowie <b>einen Sonnenschirm und zwei Liegen<\/b> pro Zimmer am Strand.<\/p>\n","protected":false},"excerpt":{"rendered":"<p>Das Hotel Real genie\u00dft eine privilegierte Lage \u2013 direkt an der Strandpromenade und nur wenige Schritte von der Hauptstra\u00dfe entfernt. Um den Strand zu erreichen, muss man nur die Stra\u00dfe \u00fcberqueren. Das Hotel verf\u00fcgt \u00fcber eine gro\u00dfe Terrasse, die den G\u00e4sten eine entspannte Atmosph\u00e4re f\u00fcr erholsame Momente bietet.<\/p>\n","protected":false},"author":1,"featured_media":0,"parent":511,"menu_order":0,"comment_status":"closed","ping_status":"closed","template":"page-templates\/scheda_hotel.php","meta":{"_acf_changed":false,"inline_featured_image":false,"footnotes":""},"class_list":["post-9936","page","type-page","status-publish","hentry"],"acf":[],"yoast_head":"<!-- This site is optimized with the Yoast SEO plugin v27.0 - https:\/\/yoast.com\/product\/yoast-seo-wordpress\/ -->\n<title>Hotel Real - Cesenatico Hotel<\/title>\n<meta name=\"robots\" content=\"index, follow, max-snippet:-1, max-image-preview:large, max-video-preview:-1\" \/>\n<link rel=\"canonical\" href=\"https:\/\/www.cesenaticohotel.com\/de\/hotels\/hotel-real\" \/>\n<meta property=\"og:locale\" content=\"de_DE\" \/>\n<meta property=\"og:type\" content=\"article\" \/>\n<meta property=\"og:title\" content=\"Hotel Real - Cesenatico Hotel\" \/>\n<meta property=\"og:description\" content=\"Das Hotel Real genie\u00dft eine privilegierte Lage \u2013 direkt an der Strandpromenade und nur wenige Schritte von der Hauptstra\u00dfe entfernt. Um den Strand zu erreichen, muss man nur die Stra\u00dfe \u00fcberqueren. Das Hotel verf\u00fcgt \u00fcber eine gro\u00dfe Terrasse, die den G\u00e4sten eine entspannte Atmosph\u00e4re f\u00fcr erholsame Momente bietet.\" \/>\n<meta property=\"og:url\" content=\"https:\/\/www.cesenaticohotel.com\/de\/hotels\/hotel-real\" \/>\n<meta property=\"og:site_name\" content=\"Cesenatico Hotel\" \/>\n<meta property=\"article:modified_time\" content=\"2025-03-27T08:46:59+00:00\" \/>\n<meta property=\"og:image\" content=\"https:\/\/www.cesenaticohotel.com\/wp-content\/uploads\/2023\/05\/immagine-sito.jpg\" \/>\n\t<meta property=\"og:image:width\" content=\"1200\" \/>\n\t<meta property=\"og:image:height\" content=\"675\" \/>\n\t<meta property=\"og:image:type\" content=\"image\/jpeg\" \/>\n<meta name=\"twitter:card\" content=\"summary_large_image\" \/>\n<meta name=\"twitter:label1\" content=\"Gesch\u00e4tzte Lesezeit\" \/>\n\t<meta name=\"twitter:data1\" content=\"1\u00a0Minute\" \/>\n<script type=\"application\/ld+json\" class=\"yoast-schema-graph\">{\"@context\":\"https:\/\/schema.org\",\"@graph\":[{\"@type\":\"WebPage\",\"@id\":\"https:\/\/www.cesenaticohotel.com\/de\/hotels\/hotel-real\",\"url\":\"https:\/\/www.cesenaticohotel.com\/de\/hotels\/hotel-real\",\"name\":\"Hotel Real - Cesenatico Hotel\",\"isPartOf\":{\"@id\":\"https:\/\/www.cesenaticohotel.com\/de#website\"},\"datePublished\":\"2025-02-24T08:06:48+00:00\",\"dateModified\":\"2025-03-27T08:46:59+00:00\",\"breadcrumb\":{\"@id\":\"https:\/\/www.cesenaticohotel.com\/de\/hotels\/hotel-real#breadcrumb\"},\"inLanguage\":\"de\",\"potentialAction\":[{\"@type\":\"ReadAction\",\"target\":[\"https:\/\/www.cesenaticohotel.com\/de\/hotels\/hotel-real\"]}]},{\"@type\":\"BreadcrumbList\",\"@id\":\"https:\/\/www.cesenaticohotel.com\/de\/hotels\/hotel-real#breadcrumb\",\"itemListElement\":[{\"@type\":\"ListItem\",\"position\":1,\"name\":\"Home\",\"item\":\"https:\/\/www.cesenaticohotel.com\/de\/homepage\"},{\"@type\":\"ListItem\",\"position\":2,\"name\":\"Hotel\",\"item\":\"https:\/\/www.cesenaticohotel.com\/de\/hotels\"},{\"@type\":\"ListItem\",\"position\":3,\"name\":\"Hotel Real\"}]},{\"@type\":\"WebSite\",\"@id\":\"https:\/\/www.cesenaticohotel.com\/de#website\",\"url\":\"https:\/\/www.cesenaticohotel.com\/de\",\"name\":\"Cesenatico Hotel\",\"description\":\"\",\"publisher\":{\"@id\":\"https:\/\/www.cesenaticohotel.com\/de#organization\"},\"potentialAction\":[{\"@type\":\"SearchAction\",\"target\":{\"@type\":\"EntryPoint\",\"urlTemplate\":\"https:\/\/www.cesenaticohotel.com\/de?s={search_term_string}\"},\"query-input\":{\"@type\":\"PropertyValueSpecification\",\"valueRequired\":true,\"valueName\":\"search_term_string\"}}],\"inLanguage\":\"de\"},{\"@type\":\"Organization\",\"@id\":\"https:\/\/www.cesenaticohotel.com\/de#organization\",\"name\":\"Cesenatico Hotel\",\"url\":\"https:\/\/www.cesenaticohotel.com\/de\",\"logo\":{\"@type\":\"ImageObject\",\"inLanguage\":\"de\",\"@id\":\"https:\/\/www.cesenaticohotel.com\/de#\/schema\/logo\/image\/\",\"url\":\"https:\/\/www.cesenaticohotel.com\/wp-content\/uploads\/2023\/05\/logo-organizzazione.jpg\",\"contentUrl\":\"https:\/\/www.cesenaticohotel.com\/wp-content\/uploads\/2023\/05\/logo-organizzazione.jpg\",\"width\":696,\"height\":696,\"caption\":\"Cesenatico Hotel\"},\"image\":{\"@id\":\"https:\/\/www.cesenaticohotel.com\/de#\/schema\/logo\/image\/\"}}]}<\/script>\n<!-- \/ Yoast SEO plugin. -->","yoast_head_json":{"title":"Hotel Real - Cesenatico Hotel","robots":{"index":"index","follow":"follow","max-snippet":"max-snippet:-1","max-image-preview":"max-image-preview:large","max-video-preview":"max-video-preview:-1"},"canonical":"https:\/\/www.cesenaticohotel.com\/de\/hotels\/hotel-real","og_locale":"de_DE","og_type":"article","og_title":"Hotel Real - Cesenatico Hotel","og_description":"Das Hotel Real genie\u00dft eine privilegierte Lage \u2013 direkt an der Strandpromenade und nur wenige Schritte von der Hauptstra\u00dfe entfernt. Um den Strand zu erreichen, muss man nur die Stra\u00dfe \u00fcberqueren. Das Hotel verf\u00fcgt \u00fcber eine gro\u00dfe Terrasse, die den G\u00e4sten eine entspannte Atmosph\u00e4re f\u00fcr erholsame Momente bietet.","og_url":"https:\/\/www.cesenaticohotel.com\/de\/hotels\/hotel-real","og_site_name":"Cesenatico Hotel","article_modified_time":"2025-03-27T08:46:59+00:00","og_image":[{"width":1200,"height":675,"url":"https:\/\/www.cesenaticohotel.com\/wp-content\/uploads\/2023\/05\/immagine-sito.jpg","type":"image\/jpeg"}],"twitter_card":"summary_large_image","twitter_misc":{"Gesch\u00e4tzte Lesezeit":"1\u00a0Minute"},"schema":{"@context":"https:\/\/schema.org","@graph":[{"@type":"WebPage","@id":"https:\/\/www.cesenaticohotel.com\/de\/hotels\/hotel-real","url":"https:\/\/www.cesenaticohotel.com\/de\/hotels\/hotel-real","name":"Hotel Real - Cesenatico Hotel","isPartOf":{"@id":"https:\/\/www.cesenaticohotel.com\/de#website"},"datePublished":"2025-02-24T08:06:48+00:00","dateModified":"2025-03-27T08:46:59+00:00","breadcrumb":{"@id":"https:\/\/www.cesenaticohotel.com\/de\/hotels\/hotel-real#breadcrumb"},"inLanguage":"de","potentialAction":[{"@type":"ReadAction","target":["https:\/\/www.cesenaticohotel.com\/de\/hotels\/hotel-real"]}]},{"@type":"BreadcrumbList","@id":"https:\/\/www.cesenaticohotel.com\/de\/hotels\/hotel-real#breadcrumb","itemListElement":[{"@type":"ListItem","position":1,"name":"Home","item":"https:\/\/www.cesenaticohotel.com\/de\/homepage"},{"@type":"ListItem","position":2,"name":"Hotel","item":"https:\/\/www.cesenaticohotel.com\/de\/hotels"},{"@type":"ListItem","position":3,"name":"Hotel Real"}]},{"@type":"WebSite","@id":"https:\/\/www.cesenaticohotel.com\/de#website","url":"https:\/\/www.cesenaticohotel.com\/de","name":"Cesenatico Hotel","description":"","publisher":{"@id":"https:\/\/www.cesenaticohotel.com\/de#organization"},"potentialAction":[{"@type":"SearchAction","target":{"@type":"EntryPoint","urlTemplate":"https:\/\/www.cesenaticohotel.com\/de?s={search_term_string}"},"query-input":{"@type":"PropertyValueSpecification","valueRequired":true,"valueName":"search_term_string"}}],"inLanguage":"de"},{"@type":"Organization","@id":"https:\/\/www.cesenaticohotel.com\/de#organization","name":"Cesenatico Hotel","url":"https:\/\/www.cesenaticohotel.com\/de","logo":{"@type":"ImageObject","inLanguage":"de","@id":"https:\/\/www.cesenaticohotel.com\/de#\/schema\/logo\/image\/","url":"https:\/\/www.cesenaticohotel.com\/wp-content\/uploads\/2023\/05\/logo-organizzazione.jpg","contentUrl":"https:\/\/www.cesenaticohotel.com\/wp-content\/uploads\/2023\/05\/logo-organizzazione.jpg","width":696,"height":696,"caption":"Cesenatico Hotel"},"image":{"@id":"https:\/\/www.cesenaticohotel.com\/de#\/schema\/logo\/image\/"}}]}},"_links":{"self":[{"href":"https:\/\/www.cesenaticohotel.com\/de\/wp-json\/wp\/v2\/pages\/9936","targetHints":{"allow":["GET"]}}],"collection":[{"href":"https:\/\/www.cesenaticohotel.com\/de\/wp-json\/wp\/v2\/pages"}],"about":[{"href":"https:\/\/www.cesenaticohotel.com\/de\/wp-json\/wp\/v2\/types\/page"}],"author":[{"embeddable":true,"href":"https:\/\/www.cesenaticohotel.com\/de\/wp-json\/wp\/v2\/users\/1"}],"replies":[{"embeddable":true,"href":"https:\/\/www.cesenaticohotel.com\/de\/wp-json\/wp\/v2\/comments?post=9936"}],"version-history":[{"count":2,"href":"https:\/\/www.cesenaticohotel.com\/de\/wp-json\/wp\/v2\/pages\/9936\/revisions"}],"predecessor-version":[{"id":10230,"href":"https:\/\/www.cesenaticohotel.com\/de\/wp-json\/wp\/v2\/pages\/9936\/revisions\/10230"}],"up":[{"embeddable":true,"href":"https:\/\/www.cesenaticohotel.com\/de\/wp-json\/wp\/v2\/pages\/511"}],"wp:attachment":[{"href":"https:\/\/www.cesenaticohotel.com\/de\/wp-json\/wp\/v2\/media?parent=9936"}],"curies":[{"name":"wp","href":"https:\/\/api.w.org\/{rel}","templated":true}]}}