{"id":1098,"date":"2023-04-26T12:17:49","date_gmt":"2023-04-26T10:17:49","guid":{"rendered":"https:\/\/www.cesenaticohotel.com\/?page_id=1098"},"modified":"2024-07-16T10:50:58","modified_gmt":"2024-07-16T08:50:58","slug":"experiences","status":"publish","type":"page","link":"https:\/\/www.cesenaticohotel.com\/fr\/experiences","title":{"rendered":"Exp\u00e9riences"},"content":{"rendered":"\n<p><b>\u00c9v\u00e9nements, mus\u00e9es, parcs<\/b>, pour vivre <b>Cesenatico Cesenatico et la Romagne toute l&rsquo;ann\u00e9e<\/b>: r\u00e9servez vos billets et vos entr\u00e9es en quelques \u00e9tapes faciles et s\u00e9curis\u00e9es, c&rsquo;est simple et s\u00fbr.<\/p>\n","protected":false},"excerpt":{"rendered":"<p>\u00c9v\u00e9nements, mus\u00e9es, parcs, pour vivre Cesenatico Cesenatico et la Romagne toute l&rsquo;ann\u00e9e: r\u00e9servez vos billets et vos entr\u00e9es en quelques \u00e9tapes faciles et s\u00e9curis\u00e9es, c&rsquo;est simple et s\u00fbr.<\/p>\n","protected":false},"author":1,"featured_media":0,"parent":0,"menu_order":0,"comment_status":"closed","ping_status":"closed","template":"page-templates\/smistamento_esperienze.php","meta":{"_acf_changed":false,"inline_featured_image":false,"footnotes":""},"class_list":["post-1098","page","type-page","status-publish","hentry"],"acf":[],"yoast_head":"<!-- This site is optimized with the Yoast SEO plugin v27.0 - https:\/\/yoast.com\/product\/yoast-seo-wordpress\/ -->\n<title>Toutes les meilleures exp\u00e9riences \u00e0 vivre \u00e0 Cesenatico: billets et informations<\/title>\n<meta name=\"description\" content=\"R\u00e9servez vos billets d&#039;entr\u00e9e pour les parcs, les mus\u00e9es et les \u00e9v\u00e9nements \u00e0 Cesenatico, d\u00e9couvrez tous les d\u00e9tails et demandez plus d&#039;informations.\" \/>\n<meta name=\"robots\" content=\"index, follow, max-snippet:-1, max-image-preview:large, max-video-preview:-1\" \/>\n<link rel=\"canonical\" href=\"https:\/\/www.cesenaticohotel.com\/fr\/experiences\" \/>\n<meta property=\"og:locale\" content=\"fr_FR\" \/>\n<meta property=\"og:type\" content=\"article\" \/>\n<meta property=\"og:title\" content=\"Toutes les meilleures exp\u00e9riences \u00e0 vivre \u00e0 Cesenatico: billets et informations\" \/>\n<meta property=\"og:description\" content=\"R\u00e9servez vos billets d&#039;entr\u00e9e pour les parcs, les mus\u00e9es et les \u00e9v\u00e9nements \u00e0 Cesenatico, d\u00e9couvrez tous les d\u00e9tails et demandez plus d&#039;informations.\" \/>\n<meta property=\"og:url\" content=\"https:\/\/www.cesenaticohotel.com\/fr\/experiences\" \/>\n<meta property=\"og:site_name\" content=\"Cesenatico Hotel\" \/>\n<meta property=\"article:modified_time\" content=\"2024-07-16T08:50:58+00:00\" \/>\n<meta property=\"og:image\" content=\"https:\/\/www.cesenaticohotel.com\/wp-content\/uploads\/2023\/05\/immagine-sito.jpg\" \/>\n\t<meta property=\"og:image:width\" content=\"1200\" \/>\n\t<meta property=\"og:image:height\" content=\"675\" \/>\n\t<meta property=\"og:image:type\" content=\"image\/jpeg\" \/>\n<meta name=\"twitter:card\" content=\"summary_large_image\" \/>\n<meta name=\"twitter:label1\" content=\"Dur\u00e9e de lecture estim\u00e9e\" \/>\n\t<meta name=\"twitter:data1\" content=\"1 minute\" \/>\n<script type=\"application\/ld+json\" class=\"yoast-schema-graph\">{\"@context\":\"https:\/\/schema.org\",\"@graph\":[{\"@type\":\"WebPage\",\"@id\":\"https:\/\/www.cesenaticohotel.com\/fr\/experiences\",\"url\":\"https:\/\/www.cesenaticohotel.com\/fr\/experiences\",\"name\":\"Toutes les meilleures exp\u00e9riences \u00e0 vivre \u00e0 Cesenatico: billets et informations\",\"isPartOf\":{\"@id\":\"https:\/\/www.cesenaticohotel.com\/fr\/#website\"},\"datePublished\":\"2023-04-26T10:17:49+00:00\",\"dateModified\":\"2024-07-16T08:50:58+00:00\",\"description\":\"R\u00e9servez vos billets d'entr\u00e9e pour les parcs, les mus\u00e9es et les \u00e9v\u00e9nements \u00e0 Cesenatico, d\u00e9couvrez tous les d\u00e9tails et demandez plus d'informations.\",\"breadcrumb\":{\"@id\":\"https:\/\/www.cesenaticohotel.com\/fr\/experiences#breadcrumb\"},\"inLanguage\":\"fr-FR\",\"potentialAction\":[{\"@type\":\"ReadAction\",\"target\":[\"https:\/\/www.cesenaticohotel.com\/fr\/experiences\"]}]},{\"@type\":\"BreadcrumbList\",\"@id\":\"https:\/\/www.cesenaticohotel.com\/fr\/experiences#breadcrumb\",\"itemListElement\":[{\"@type\":\"ListItem\",\"position\":1,\"name\":\"Home\",\"item\":\"https:\/\/www.cesenaticohotel.com\/fr\"},{\"@type\":\"ListItem\",\"position\":2,\"name\":\"Exp\u00e9riences\"}]},{\"@type\":\"WebSite\",\"@id\":\"https:\/\/www.cesenaticohotel.com\/fr\/#website\",\"url\":\"https:\/\/www.cesenaticohotel.com\/fr\/\",\"name\":\"Cesenatico Hotel\",\"description\":\"\",\"publisher\":{\"@id\":\"https:\/\/www.cesenaticohotel.com\/fr\/#organization\"},\"potentialAction\":[{\"@type\":\"SearchAction\",\"target\":{\"@type\":\"EntryPoint\",\"urlTemplate\":\"https:\/\/www.cesenaticohotel.com\/fr\/?s={search_term_string}\"},\"query-input\":{\"@type\":\"PropertyValueSpecification\",\"valueRequired\":true,\"valueName\":\"search_term_string\"}}],\"inLanguage\":\"fr-FR\"},{\"@type\":\"Organization\",\"@id\":\"https:\/\/www.cesenaticohotel.com\/fr\/#organization\",\"name\":\"Cesenatico Hotel\",\"url\":\"https:\/\/www.cesenaticohotel.com\/fr\/\",\"logo\":{\"@type\":\"ImageObject\",\"inLanguage\":\"fr-FR\",\"@id\":\"https:\/\/www.cesenaticohotel.com\/fr\/#\/schema\/logo\/image\/\",\"url\":\"https:\/\/www.cesenaticohotel.com\/wp-content\/uploads\/2023\/05\/logo-organizzazione.jpg\",\"contentUrl\":\"https:\/\/www.cesenaticohotel.com\/wp-content\/uploads\/2023\/05\/logo-organizzazione.jpg\",\"width\":696,\"height\":696,\"caption\":\"Cesenatico Hotel\"},\"image\":{\"@id\":\"https:\/\/www.cesenaticohotel.com\/fr\/#\/schema\/logo\/image\/\"}}]}<\/script>\n<!-- \/ Yoast SEO plugin. -->","yoast_head_json":{"title":"Toutes les meilleures exp\u00e9riences \u00e0 vivre \u00e0 Cesenatico: billets et informations","description":"R\u00e9servez vos billets d'entr\u00e9e pour les parcs, les mus\u00e9es et les \u00e9v\u00e9nements \u00e0 Cesenatico, d\u00e9couvrez tous les d\u00e9tails et demandez plus d'informations.","robots":{"index":"index","follow":"follow","max-snippet":"max-snippet:-1","max-image-preview":"max-image-preview:large","max-video-preview":"max-video-preview:-1"},"canonical":"https:\/\/www.cesenaticohotel.com\/fr\/experiences","og_locale":"fr_FR","og_type":"article","og_title":"Toutes les meilleures exp\u00e9riences \u00e0 vivre \u00e0 Cesenatico: billets et informations","og_description":"R\u00e9servez vos billets d'entr\u00e9e pour les parcs, les mus\u00e9es et les \u00e9v\u00e9nements \u00e0 Cesenatico, d\u00e9couvrez tous les d\u00e9tails et demandez plus d'informations.","og_url":"https:\/\/www.cesenaticohotel.com\/fr\/experiences","og_site_name":"Cesenatico Hotel","article_modified_time":"2024-07-16T08:50:58+00:00","og_image":[{"width":1200,"height":675,"url":"https:\/\/www.cesenaticohotel.com\/wp-content\/uploads\/2023\/05\/immagine-sito.jpg","type":"image\/jpeg"}],"twitter_card":"summary_large_image","twitter_misc":{"Dur\u00e9e de lecture estim\u00e9e":"1 minute"},"schema":{"@context":"https:\/\/schema.org","@graph":[{"@type":"WebPage","@id":"https:\/\/www.cesenaticohotel.com\/fr\/experiences","url":"https:\/\/www.cesenaticohotel.com\/fr\/experiences","name":"Toutes les meilleures exp\u00e9riences \u00e0 vivre \u00e0 Cesenatico: billets et informations","isPartOf":{"@id":"https:\/\/www.cesenaticohotel.com\/fr\/#website"},"datePublished":"2023-04-26T10:17:49+00:00","dateModified":"2024-07-16T08:50:58+00:00","description":"R\u00e9servez vos billets d'entr\u00e9e pour les parcs, les mus\u00e9es et les \u00e9v\u00e9nements \u00e0 Cesenatico, d\u00e9couvrez tous les d\u00e9tails et demandez plus d'informations.","breadcrumb":{"@id":"https:\/\/www.cesenaticohotel.com\/fr\/experiences#breadcrumb"},"inLanguage":"fr-FR","potentialAction":[{"@type":"ReadAction","target":["https:\/\/www.cesenaticohotel.com\/fr\/experiences"]}]},{"@type":"BreadcrumbList","@id":"https:\/\/www.cesenaticohotel.com\/fr\/experiences#breadcrumb","itemListElement":[{"@type":"ListItem","position":1,"name":"Home","item":"https:\/\/www.cesenaticohotel.com\/fr"},{"@type":"ListItem","position":2,"name":"Exp\u00e9riences"}]},{"@type":"WebSite","@id":"https:\/\/www.cesenaticohotel.com\/fr\/#website","url":"https:\/\/www.cesenaticohotel.com\/fr\/","name":"Cesenatico Hotel","description":"","publisher":{"@id":"https:\/\/www.cesenaticohotel.com\/fr\/#organization"},"potentialAction":[{"@type":"SearchAction","target":{"@type":"EntryPoint","urlTemplate":"https:\/\/www.cesenaticohotel.com\/fr\/?s={search_term_string}"},"query-input":{"@type":"PropertyValueSpecification","valueRequired":true,"valueName":"search_term_string"}}],"inLanguage":"fr-FR"},{"@type":"Organization","@id":"https:\/\/www.cesenaticohotel.com\/fr\/#organization","name":"Cesenatico Hotel","url":"https:\/\/www.cesenaticohotel.com\/fr\/","logo":{"@type":"ImageObject","inLanguage":"fr-FR","@id":"https:\/\/www.cesenaticohotel.com\/fr\/#\/schema\/logo\/image\/","url":"https:\/\/www.cesenaticohotel.com\/wp-content\/uploads\/2023\/05\/logo-organizzazione.jpg","contentUrl":"https:\/\/www.cesenaticohotel.com\/wp-content\/uploads\/2023\/05\/logo-organizzazione.jpg","width":696,"height":696,"caption":"Cesenatico Hotel"},"image":{"@id":"https:\/\/www.cesenaticohotel.com\/fr\/#\/schema\/logo\/image\/"}}]}},"_links":{"self":[{"href":"https:\/\/www.cesenaticohotel.com\/fr\/wp-json\/wp\/v2\/pages\/1098","targetHints":{"allow":["GET"]}}],"collection":[{"href":"https:\/\/www.cesenaticohotel.com\/fr\/wp-json\/wp\/v2\/pages"}],"about":[{"href":"https:\/\/www.cesenaticohotel.com\/fr\/wp-json\/wp\/v2\/types\/page"}],"author":[{"embeddable":true,"href":"https:\/\/www.cesenaticohotel.com\/fr\/wp-json\/wp\/v2\/users\/1"}],"replies":[{"embeddable":true,"href":"https:\/\/www.cesenaticohotel.com\/fr\/wp-json\/wp\/v2\/comments?post=1098"}],"version-history":[{"count":3,"href":"https:\/\/www.cesenaticohotel.com\/fr\/wp-json\/wp\/v2\/pages\/1098\/revisions"}],"predecessor-version":[{"id":8804,"href":"https:\/\/www.cesenaticohotel.com\/fr\/wp-json\/wp\/v2\/pages\/1098\/revisions\/8804"}],"wp:attachment":[{"href":"https:\/\/www.cesenaticohotel.com\/fr\/wp-json\/wp\/v2\/media?parent=1098"}],"curies":[{"name":"wp","href":"https:\/\/api.w.org\/{rel}","templated":true}]}}