{"id":11210,"date":"2026-02-06T11:45:26","date_gmt":"2026-02-06T10:45:26","guid":{"rendered":"https:\/\/www.cesenaticohotel.com\/hotels\/hotel-milord"},"modified":"2026-03-17T08:44:51","modified_gmt":"2026-03-17T07:44:51","slug":"hotel-milord","status":"publish","type":"page","link":"https:\/\/www.cesenaticohotel.com\/fr\/hotels\/hotel-milord","title":{"rendered":"H\u00f4tel Milord"},"content":{"rendered":"\n<p>\u00c0 seulement <b>300 m\u00e8tres de la plage<\/b>, l\u2019<b>H\u00f4tel Milord<\/b> de <b>Cesenatico<\/b> se trouve dans une <b>position id\u00e9ale<\/b> pour ceux qui recherchent des <b>vacances confortables <\/b>et <b>relaxantes<\/b> avec des <b>enfants<\/b>. <b>La mer<\/b> est facilement accessible \u00e0 pied, mais des <b>v\u00e9los gratuits<\/b> sont \u00e9galement disponibles pour explorer la r\u00e9gion librement. L\u2019<b>h\u00f4tel <\/b>dispose d\u2019un <b>parking payant<\/b> pour les clients arrivant en voiture et d\u2019un <b>petit espace fitness<\/b> pour ceux qui souhaitent rester actifs pendant les <b>vacances<\/b>.<\/p>\n\n\n\n<!--more-->\n\n\n\n<p>La journ\u00e9e au <b>Milord<\/b> commence par un <b>petit-d\u00e9jeuner copieux et gourmand<\/b>, avec des propositions <b>sucr\u00e9es et sal\u00e9es<\/b> pour satisfaire tous les go\u00fbts. Chaque jour, vous pouvez d\u00e9couvrir les <b>plats de la tradition locale<\/b> pr\u00e9par\u00e9s avec soin, tandis qu\u2019un <b>menu b\u00e9b\u00e9<\/b> est disponible pour les plus petits. L\u2019apr\u00e8s-midi, une <b>collation savoureuse<\/b> vous attend.<\/p>\n\n\n\n<p>Dans les <b>espaces ext\u00e9rieurs<\/b> de l\u2019h\u00f4tel, vous pouvez vous d\u00e9tendre avec un <b>ap\u00e9ritif ou un verre<\/b>, pendant que les enfants jouent en toute s\u00e9curit\u00e9 dans une zone tranquille. Si vous avez envie de vous promener, \u00e0 quelques minutes se trouve <b>Gatteo Mare<\/b>, appr\u00e9ci\u00e9 des familles pour ses \u00e9v\u00e9nements, activit\u00e9s et soir\u00e9es adapt\u00e9es aux plus <b>jeunes<\/b>.<\/p>\n\n\n\n\n","protected":false},"excerpt":{"rendered":"<p>\u00c0 seulement 300 m\u00e8tres de la plage, l\u2019H\u00f4tel Milord de Cesenatico se trouve dans une position id\u00e9ale pour ceux qui recherchent des vacances confortables et relaxantes avec des enfants. La mer est facilement accessible \u00e0 pied, mais des v\u00e9los gratuits sont \u00e9galement disponibles pour explorer la r\u00e9gion librement. L\u2019h\u00f4tel dispose d\u2019un parking payant pour les &hellip;<\/p>\n","protected":false},"author":1,"featured_media":0,"parent":513,"menu_order":0,"comment_status":"closed","ping_status":"closed","template":"page-templates\/scheda_hotel.php","meta":{"_acf_changed":false,"inline_featured_image":false,"footnotes":""},"class_list":["post-11210","page","type-page","status-publish","hentry"],"acf":[],"yoast_head":"<!-- This site is optimized with the Yoast SEO plugin v27.6 - https:\/\/yoast.com\/product\/yoast-seo-wordpress\/ -->\n<title>H\u00f4tel Milord - Cesenatico Hotel<\/title>\n<meta name=\"robots\" content=\"index, follow, max-snippet:-1, max-image-preview:large, max-video-preview:-1\" \/>\n<link rel=\"canonical\" href=\"https:\/\/www.cesenaticohotel.com\/fr\/hotels\/hotel-milord\" \/>\n<meta property=\"og:locale\" content=\"fr_FR\" \/>\n<meta property=\"og:type\" content=\"article\" \/>\n<meta property=\"og:title\" content=\"H\u00f4tel Milord - Cesenatico Hotel\" \/>\n<meta property=\"og:description\" content=\"\u00c0 seulement 300 m\u00e8tres de la plage, l\u2019H\u00f4tel Milord de Cesenatico se trouve dans une position id\u00e9ale pour ceux qui recherchent des vacances confortables et relaxantes avec des enfants. La mer est facilement accessible \u00e0 pied, mais des v\u00e9los gratuits sont \u00e9galement disponibles pour explorer la r\u00e9gion librement. L\u2019h\u00f4tel dispose d\u2019un parking payant pour les &hellip;\" \/>\n<meta property=\"og:url\" content=\"https:\/\/www.cesenaticohotel.com\/fr\/hotels\/hotel-milord\" \/>\n<meta property=\"og:site_name\" content=\"Cesenatico Hotel\" \/>\n<meta property=\"article:modified_time\" content=\"2026-03-17T07:44:51+00:00\" \/>\n<meta property=\"og:image\" content=\"https:\/\/www.cesenaticohotel.com\/wp-content\/uploads\/2023\/05\/immagine-sito.jpg\" \/>\n\t<meta property=\"og:image:width\" content=\"1200\" \/>\n\t<meta property=\"og:image:height\" content=\"675\" \/>\n\t<meta property=\"og:image:type\" content=\"image\/jpeg\" \/>\n<meta name=\"twitter:card\" content=\"summary_large_image\" \/>\n<meta name=\"twitter:label1\" content=\"Dur\u00e9e de lecture estim\u00e9e\" \/>\n\t<meta name=\"twitter:data1\" content=\"1 minute\" \/>\n<script type=\"application\/ld+json\" class=\"yoast-schema-graph\">{\"@context\":\"https:\\\/\\\/schema.org\",\"@graph\":[{\"@type\":\"WebPage\",\"@id\":\"https:\\\/\\\/www.cesenaticohotel.com\\\/fr\\\/hotels\\\/hotel-milord\",\"url\":\"https:\\\/\\\/www.cesenaticohotel.com\\\/fr\\\/hotels\\\/hotel-milord\",\"name\":\"H\u00f4tel Milord - Cesenatico Hotel\",\"isPartOf\":{\"@id\":\"https:\\\/\\\/www.cesenaticohotel.com\\\/fr\\\/#website\"},\"datePublished\":\"2026-02-06T10:45:26+00:00\",\"dateModified\":\"2026-03-17T07:44:51+00:00\",\"breadcrumb\":{\"@id\":\"https:\\\/\\\/www.cesenaticohotel.com\\\/fr\\\/hotels\\\/hotel-milord#breadcrumb\"},\"inLanguage\":\"fr-FR\",\"potentialAction\":[{\"@type\":\"ReadAction\",\"target\":[\"https:\\\/\\\/www.cesenaticohotel.com\\\/fr\\\/hotels\\\/hotel-milord\"]}]},{\"@type\":\"BreadcrumbList\",\"@id\":\"https:\\\/\\\/www.cesenaticohotel.com\\\/fr\\\/hotels\\\/hotel-milord#breadcrumb\",\"itemListElement\":[{\"@type\":\"ListItem\",\"position\":1,\"name\":\"Home\",\"item\":\"https:\\\/\\\/www.cesenaticohotel.com\\\/fr\"},{\"@type\":\"ListItem\",\"position\":2,\"name\":\"H\u00f4tel\",\"item\":\"https:\\\/\\\/www.cesenaticohotel.com\\\/fr\\\/hotels\"},{\"@type\":\"ListItem\",\"position\":3,\"name\":\"H\u00f4tel Milord\"}]},{\"@type\":\"WebSite\",\"@id\":\"https:\\\/\\\/www.cesenaticohotel.com\\\/fr\\\/#website\",\"url\":\"https:\\\/\\\/www.cesenaticohotel.com\\\/fr\\\/\",\"name\":\"Cesenatico Hotel\",\"description\":\"\",\"publisher\":{\"@id\":\"https:\\\/\\\/www.cesenaticohotel.com\\\/fr\\\/#organization\"},\"potentialAction\":[{\"@type\":\"SearchAction\",\"target\":{\"@type\":\"EntryPoint\",\"urlTemplate\":\"https:\\\/\\\/www.cesenaticohotel.com\\\/fr\\\/?s={search_term_string}\"},\"query-input\":{\"@type\":\"PropertyValueSpecification\",\"valueRequired\":true,\"valueName\":\"search_term_string\"}}],\"inLanguage\":\"fr-FR\"},{\"@type\":\"Organization\",\"@id\":\"https:\\\/\\\/www.cesenaticohotel.com\\\/fr\\\/#organization\",\"name\":\"Cesenatico Hotel\",\"url\":\"https:\\\/\\\/www.cesenaticohotel.com\\\/fr\\\/\",\"logo\":{\"@type\":\"ImageObject\",\"inLanguage\":\"fr-FR\",\"@id\":\"https:\\\/\\\/www.cesenaticohotel.com\\\/fr\\\/#\\\/schema\\\/logo\\\/image\\\/\",\"url\":\"https:\\\/\\\/www.cesenaticohotel.com\\\/wp-content\\\/uploads\\\/2023\\\/05\\\/logo-organizzazione.jpg\",\"contentUrl\":\"https:\\\/\\\/www.cesenaticohotel.com\\\/wp-content\\\/uploads\\\/2023\\\/05\\\/logo-organizzazione.jpg\",\"width\":696,\"height\":696,\"caption\":\"Cesenatico Hotel\"},\"image\":{\"@id\":\"https:\\\/\\\/www.cesenaticohotel.com\\\/fr\\\/#\\\/schema\\\/logo\\\/image\\\/\"}}]}<\/script>\n<!-- \/ Yoast SEO plugin. -->","yoast_head_json":{"title":"H\u00f4tel Milord - Cesenatico Hotel","robots":{"index":"index","follow":"follow","max-snippet":"max-snippet:-1","max-image-preview":"max-image-preview:large","max-video-preview":"max-video-preview:-1"},"canonical":"https:\/\/www.cesenaticohotel.com\/fr\/hotels\/hotel-milord","og_locale":"fr_FR","og_type":"article","og_title":"H\u00f4tel Milord - Cesenatico Hotel","og_description":"\u00c0 seulement 300 m\u00e8tres de la plage, l\u2019H\u00f4tel Milord de Cesenatico se trouve dans une position id\u00e9ale pour ceux qui recherchent des vacances confortables et relaxantes avec des enfants. La mer est facilement accessible \u00e0 pied, mais des v\u00e9los gratuits sont \u00e9galement disponibles pour explorer la r\u00e9gion librement. L\u2019h\u00f4tel dispose d\u2019un parking payant pour les &hellip;","og_url":"https:\/\/www.cesenaticohotel.com\/fr\/hotels\/hotel-milord","og_site_name":"Cesenatico Hotel","article_modified_time":"2026-03-17T07:44:51+00:00","og_image":[{"width":1200,"height":675,"url":"https:\/\/www.cesenaticohotel.com\/wp-content\/uploads\/2023\/05\/immagine-sito.jpg","type":"image\/jpeg"}],"twitter_card":"summary_large_image","twitter_misc":{"Dur\u00e9e de lecture estim\u00e9e":"1 minute"},"schema":{"@context":"https:\/\/schema.org","@graph":[{"@type":"WebPage","@id":"https:\/\/www.cesenaticohotel.com\/fr\/hotels\/hotel-milord","url":"https:\/\/www.cesenaticohotel.com\/fr\/hotels\/hotel-milord","name":"H\u00f4tel Milord - Cesenatico Hotel","isPartOf":{"@id":"https:\/\/www.cesenaticohotel.com\/fr\/#website"},"datePublished":"2026-02-06T10:45:26+00:00","dateModified":"2026-03-17T07:44:51+00:00","breadcrumb":{"@id":"https:\/\/www.cesenaticohotel.com\/fr\/hotels\/hotel-milord#breadcrumb"},"inLanguage":"fr-FR","potentialAction":[{"@type":"ReadAction","target":["https:\/\/www.cesenaticohotel.com\/fr\/hotels\/hotel-milord"]}]},{"@type":"BreadcrumbList","@id":"https:\/\/www.cesenaticohotel.com\/fr\/hotels\/hotel-milord#breadcrumb","itemListElement":[{"@type":"ListItem","position":1,"name":"Home","item":"https:\/\/www.cesenaticohotel.com\/fr"},{"@type":"ListItem","position":2,"name":"H\u00f4tel","item":"https:\/\/www.cesenaticohotel.com\/fr\/hotels"},{"@type":"ListItem","position":3,"name":"H\u00f4tel Milord"}]},{"@type":"WebSite","@id":"https:\/\/www.cesenaticohotel.com\/fr\/#website","url":"https:\/\/www.cesenaticohotel.com\/fr\/","name":"Cesenatico Hotel","description":"","publisher":{"@id":"https:\/\/www.cesenaticohotel.com\/fr\/#organization"},"potentialAction":[{"@type":"SearchAction","target":{"@type":"EntryPoint","urlTemplate":"https:\/\/www.cesenaticohotel.com\/fr\/?s={search_term_string}"},"query-input":{"@type":"PropertyValueSpecification","valueRequired":true,"valueName":"search_term_string"}}],"inLanguage":"fr-FR"},{"@type":"Organization","@id":"https:\/\/www.cesenaticohotel.com\/fr\/#organization","name":"Cesenatico Hotel","url":"https:\/\/www.cesenaticohotel.com\/fr\/","logo":{"@type":"ImageObject","inLanguage":"fr-FR","@id":"https:\/\/www.cesenaticohotel.com\/fr\/#\/schema\/logo\/image\/","url":"https:\/\/www.cesenaticohotel.com\/wp-content\/uploads\/2023\/05\/logo-organizzazione.jpg","contentUrl":"https:\/\/www.cesenaticohotel.com\/wp-content\/uploads\/2023\/05\/logo-organizzazione.jpg","width":696,"height":696,"caption":"Cesenatico Hotel"},"image":{"@id":"https:\/\/www.cesenaticohotel.com\/fr\/#\/schema\/logo\/image\/"}}]}},"_links":{"self":[{"href":"https:\/\/www.cesenaticohotel.com\/fr\/wp-json\/wp\/v2\/pages\/11210","targetHints":{"allow":["GET"]}}],"collection":[{"href":"https:\/\/www.cesenaticohotel.com\/fr\/wp-json\/wp\/v2\/pages"}],"about":[{"href":"https:\/\/www.cesenaticohotel.com\/fr\/wp-json\/wp\/v2\/types\/page"}],"author":[{"embeddable":true,"href":"https:\/\/www.cesenaticohotel.com\/fr\/wp-json\/wp\/v2\/users\/1"}],"replies":[{"embeddable":true,"href":"https:\/\/www.cesenaticohotel.com\/fr\/wp-json\/wp\/v2\/comments?post=11210"}],"version-history":[{"count":3,"href":"https:\/\/www.cesenaticohotel.com\/fr\/wp-json\/wp\/v2\/pages\/11210\/revisions"}],"predecessor-version":[{"id":11481,"href":"https:\/\/www.cesenaticohotel.com\/fr\/wp-json\/wp\/v2\/pages\/11210\/revisions\/11481"}],"up":[{"embeddable":true,"href":"https:\/\/www.cesenaticohotel.com\/fr\/wp-json\/wp\/v2\/pages\/513"}],"wp:attachment":[{"href":"https:\/\/www.cesenaticohotel.com\/fr\/wp-json\/wp\/v2\/media?parent=11210"}],"curies":[{"name":"wp","href":"https:\/\/api.w.org\/{rel}","templated":true}]}}