{"id":11293,"date":"2026-02-10T15:33:23","date_gmt":"2026-02-10T14:33:23","guid":{"rendered":"https:\/\/www.cesenaticohotel.com\/hotels\/residence-sansabai"},"modified":"2026-03-17T08:44:52","modified_gmt":"2026-03-17T07:44:52","slug":"residence-sansabai","status":"publish","type":"page","link":"https:\/\/www.cesenaticohotel.com\/fr\/hotels\/residence-sansabai","title":{"rendered":"Residence Sansabai"},"content":{"rendered":"\n<p>Le <b>Residence Sansabai<\/b> de <b>Cesenatico<\/b> b\u00e9n\u00e9ficie d\u2019une <b>position centrale<\/b>: au c\u0153ur du quartier Ponente, \u00e0 seulement <b>70 m\u00e8tres de la mer<\/b> et \u00e0 5 minutes \u00e0 pied du <b>Port Canale Leonardesco<\/b>.<\/p>\n\n\n\n<p>Le nom vient de la <b>Tha\u00eflande<\/b>: <b>Sansabai<\/b> signifie \u201cse sentir bien\u201d, et c\u2019est exactement cette sensation que le residence a transform\u00e9e en une exp\u00e9rience de s\u00e9jour.<\/p>\n\n\n\n<p>Les <b>appartements <\/b>enti\u00e8rement meubl\u00e9s et soigneusement<b> <\/b>am\u00e9nag\u00e9s offrent confort et accueil.<\/p>\n\n\n\n<p>Pour ceux qui souhaitent s\u2019amuser au-del\u00e0 de la plage, le <b>parc aquatique Atlantica<\/b> est proche et facilement accessible. De plus, le <b>Residence Sansabai<\/b> accueille \u00e9galement les <b>amis \u00e0 quatre pattes<\/b> et offre un <b>parking r\u00e9serv\u00e9<\/b>.<\/p>\n","protected":false},"excerpt":{"rendered":"<p>Le Residence Sansabai de Cesenatico b\u00e9n\u00e9ficie d\u2019une position centrale: au c\u0153ur du quartier Ponente, \u00e0 seulement 70 m\u00e8tres de la mer et \u00e0 5 minutes \u00e0 pied du Port Canale Leonardesco. Le nom vient de la Tha\u00eflande: Sansabai signifie \u201cse sentir bien\u201d, et c\u2019est exactement cette sensation que le residence a transform\u00e9e en une exp\u00e9rience &hellip;<\/p>\n","protected":false},"author":1,"featured_media":0,"parent":513,"menu_order":0,"comment_status":"closed","ping_status":"closed","template":"page-templates\/scheda_hotel.php","meta":{"_acf_changed":false,"inline_featured_image":false,"footnotes":""},"class_list":["post-11293","page","type-page","status-publish","hentry"],"acf":[],"yoast_head":"<!-- This site is optimized with the Yoast SEO plugin v27.0 - https:\/\/yoast.com\/product\/yoast-seo-wordpress\/ -->\n<title>Residence Sansabai - Cesenatico Hotel<\/title>\n<meta name=\"robots\" content=\"index, follow, max-snippet:-1, max-image-preview:large, max-video-preview:-1\" \/>\n<link rel=\"canonical\" href=\"https:\/\/www.cesenaticohotel.com\/fr\/hotels\/residence-sansabai\" \/>\n<meta property=\"og:locale\" content=\"fr_FR\" \/>\n<meta property=\"og:type\" content=\"article\" \/>\n<meta property=\"og:title\" content=\"Residence Sansabai - Cesenatico Hotel\" \/>\n<meta property=\"og:description\" content=\"Le Residence Sansabai de Cesenatico b\u00e9n\u00e9ficie d\u2019une position centrale: au c\u0153ur du quartier Ponente, \u00e0 seulement 70 m\u00e8tres de la mer et \u00e0 5 minutes \u00e0 pied du Port Canale Leonardesco. Le nom vient de la Tha\u00eflande: Sansabai signifie \u201cse sentir bien\u201d, et c\u2019est exactement cette sensation que le residence a transform\u00e9e en une exp\u00e9rience &hellip;\" \/>\n<meta property=\"og:url\" content=\"https:\/\/www.cesenaticohotel.com\/fr\/hotels\/residence-sansabai\" \/>\n<meta property=\"og:site_name\" content=\"Cesenatico Hotel\" \/>\n<meta property=\"article:modified_time\" content=\"2026-03-17T07:44:52+00:00\" \/>\n<meta property=\"og:image\" content=\"https:\/\/www.cesenaticohotel.com\/wp-content\/uploads\/2023\/05\/immagine-sito.jpg\" \/>\n\t<meta property=\"og:image:width\" content=\"1200\" \/>\n\t<meta property=\"og:image:height\" content=\"675\" \/>\n\t<meta property=\"og:image:type\" content=\"image\/jpeg\" \/>\n<meta name=\"twitter:card\" content=\"summary_large_image\" \/>\n<meta name=\"twitter:label1\" content=\"Dur\u00e9e de lecture estim\u00e9e\" \/>\n\t<meta name=\"twitter:data1\" content=\"1 minute\" \/>\n<script type=\"application\/ld+json\" class=\"yoast-schema-graph\">{\"@context\":\"https:\/\/schema.org\",\"@graph\":[{\"@type\":\"WebPage\",\"@id\":\"https:\/\/www.cesenaticohotel.com\/fr\/hotels\/residence-sansabai\",\"url\":\"https:\/\/www.cesenaticohotel.com\/fr\/hotels\/residence-sansabai\",\"name\":\"Residence Sansabai - Cesenatico Hotel\",\"isPartOf\":{\"@id\":\"https:\/\/www.cesenaticohotel.com\/fr\/#website\"},\"datePublished\":\"2026-02-10T14:33:23+00:00\",\"dateModified\":\"2026-03-17T07:44:52+00:00\",\"breadcrumb\":{\"@id\":\"https:\/\/www.cesenaticohotel.com\/fr\/hotels\/residence-sansabai#breadcrumb\"},\"inLanguage\":\"fr-FR\",\"potentialAction\":[{\"@type\":\"ReadAction\",\"target\":[\"https:\/\/www.cesenaticohotel.com\/fr\/hotels\/residence-sansabai\"]}]},{\"@type\":\"BreadcrumbList\",\"@id\":\"https:\/\/www.cesenaticohotel.com\/fr\/hotels\/residence-sansabai#breadcrumb\",\"itemListElement\":[{\"@type\":\"ListItem\",\"position\":1,\"name\":\"Home\",\"item\":\"https:\/\/www.cesenaticohotel.com\/fr\"},{\"@type\":\"ListItem\",\"position\":2,\"name\":\"H\u00f4tel\",\"item\":\"https:\/\/www.cesenaticohotel.com\/fr\/hotels\"},{\"@type\":\"ListItem\",\"position\":3,\"name\":\"Residence Sansabai\"}]},{\"@type\":\"WebSite\",\"@id\":\"https:\/\/www.cesenaticohotel.com\/fr\/#website\",\"url\":\"https:\/\/www.cesenaticohotel.com\/fr\/\",\"name\":\"Cesenatico Hotel\",\"description\":\"\",\"publisher\":{\"@id\":\"https:\/\/www.cesenaticohotel.com\/fr\/#organization\"},\"potentialAction\":[{\"@type\":\"SearchAction\",\"target\":{\"@type\":\"EntryPoint\",\"urlTemplate\":\"https:\/\/www.cesenaticohotel.com\/fr\/?s={search_term_string}\"},\"query-input\":{\"@type\":\"PropertyValueSpecification\",\"valueRequired\":true,\"valueName\":\"search_term_string\"}}],\"inLanguage\":\"fr-FR\"},{\"@type\":\"Organization\",\"@id\":\"https:\/\/www.cesenaticohotel.com\/fr\/#organization\",\"name\":\"Cesenatico Hotel\",\"url\":\"https:\/\/www.cesenaticohotel.com\/fr\/\",\"logo\":{\"@type\":\"ImageObject\",\"inLanguage\":\"fr-FR\",\"@id\":\"https:\/\/www.cesenaticohotel.com\/fr\/#\/schema\/logo\/image\/\",\"url\":\"https:\/\/www.cesenaticohotel.com\/wp-content\/uploads\/2023\/05\/logo-organizzazione.jpg\",\"contentUrl\":\"https:\/\/www.cesenaticohotel.com\/wp-content\/uploads\/2023\/05\/logo-organizzazione.jpg\",\"width\":696,\"height\":696,\"caption\":\"Cesenatico Hotel\"},\"image\":{\"@id\":\"https:\/\/www.cesenaticohotel.com\/fr\/#\/schema\/logo\/image\/\"}}]}<\/script>\n<!-- \/ Yoast SEO plugin. -->","yoast_head_json":{"title":"Residence Sansabai - Cesenatico Hotel","robots":{"index":"index","follow":"follow","max-snippet":"max-snippet:-1","max-image-preview":"max-image-preview:large","max-video-preview":"max-video-preview:-1"},"canonical":"https:\/\/www.cesenaticohotel.com\/fr\/hotels\/residence-sansabai","og_locale":"fr_FR","og_type":"article","og_title":"Residence Sansabai - Cesenatico Hotel","og_description":"Le Residence Sansabai de Cesenatico b\u00e9n\u00e9ficie d\u2019une position centrale: au c\u0153ur du quartier Ponente, \u00e0 seulement 70 m\u00e8tres de la mer et \u00e0 5 minutes \u00e0 pied du Port Canale Leonardesco. Le nom vient de la Tha\u00eflande: Sansabai signifie \u201cse sentir bien\u201d, et c\u2019est exactement cette sensation que le residence a transform\u00e9e en une exp\u00e9rience &hellip;","og_url":"https:\/\/www.cesenaticohotel.com\/fr\/hotels\/residence-sansabai","og_site_name":"Cesenatico Hotel","article_modified_time":"2026-03-17T07:44:52+00:00","og_image":[{"width":1200,"height":675,"url":"https:\/\/www.cesenaticohotel.com\/wp-content\/uploads\/2023\/05\/immagine-sito.jpg","type":"image\/jpeg"}],"twitter_card":"summary_large_image","twitter_misc":{"Dur\u00e9e de lecture estim\u00e9e":"1 minute"},"schema":{"@context":"https:\/\/schema.org","@graph":[{"@type":"WebPage","@id":"https:\/\/www.cesenaticohotel.com\/fr\/hotels\/residence-sansabai","url":"https:\/\/www.cesenaticohotel.com\/fr\/hotels\/residence-sansabai","name":"Residence Sansabai - Cesenatico Hotel","isPartOf":{"@id":"https:\/\/www.cesenaticohotel.com\/fr\/#website"},"datePublished":"2026-02-10T14:33:23+00:00","dateModified":"2026-03-17T07:44:52+00:00","breadcrumb":{"@id":"https:\/\/www.cesenaticohotel.com\/fr\/hotels\/residence-sansabai#breadcrumb"},"inLanguage":"fr-FR","potentialAction":[{"@type":"ReadAction","target":["https:\/\/www.cesenaticohotel.com\/fr\/hotels\/residence-sansabai"]}]},{"@type":"BreadcrumbList","@id":"https:\/\/www.cesenaticohotel.com\/fr\/hotels\/residence-sansabai#breadcrumb","itemListElement":[{"@type":"ListItem","position":1,"name":"Home","item":"https:\/\/www.cesenaticohotel.com\/fr"},{"@type":"ListItem","position":2,"name":"H\u00f4tel","item":"https:\/\/www.cesenaticohotel.com\/fr\/hotels"},{"@type":"ListItem","position":3,"name":"Residence Sansabai"}]},{"@type":"WebSite","@id":"https:\/\/www.cesenaticohotel.com\/fr\/#website","url":"https:\/\/www.cesenaticohotel.com\/fr\/","name":"Cesenatico Hotel","description":"","publisher":{"@id":"https:\/\/www.cesenaticohotel.com\/fr\/#organization"},"potentialAction":[{"@type":"SearchAction","target":{"@type":"EntryPoint","urlTemplate":"https:\/\/www.cesenaticohotel.com\/fr\/?s={search_term_string}"},"query-input":{"@type":"PropertyValueSpecification","valueRequired":true,"valueName":"search_term_string"}}],"inLanguage":"fr-FR"},{"@type":"Organization","@id":"https:\/\/www.cesenaticohotel.com\/fr\/#organization","name":"Cesenatico Hotel","url":"https:\/\/www.cesenaticohotel.com\/fr\/","logo":{"@type":"ImageObject","inLanguage":"fr-FR","@id":"https:\/\/www.cesenaticohotel.com\/fr\/#\/schema\/logo\/image\/","url":"https:\/\/www.cesenaticohotel.com\/wp-content\/uploads\/2023\/05\/logo-organizzazione.jpg","contentUrl":"https:\/\/www.cesenaticohotel.com\/wp-content\/uploads\/2023\/05\/logo-organizzazione.jpg","width":696,"height":696,"caption":"Cesenatico Hotel"},"image":{"@id":"https:\/\/www.cesenaticohotel.com\/fr\/#\/schema\/logo\/image\/"}}]}},"_links":{"self":[{"href":"https:\/\/www.cesenaticohotel.com\/fr\/wp-json\/wp\/v2\/pages\/11293","targetHints":{"allow":["GET"]}}],"collection":[{"href":"https:\/\/www.cesenaticohotel.com\/fr\/wp-json\/wp\/v2\/pages"}],"about":[{"href":"https:\/\/www.cesenaticohotel.com\/fr\/wp-json\/wp\/v2\/types\/page"}],"author":[{"embeddable":true,"href":"https:\/\/www.cesenaticohotel.com\/fr\/wp-json\/wp\/v2\/users\/1"}],"replies":[{"embeddable":true,"href":"https:\/\/www.cesenaticohotel.com\/fr\/wp-json\/wp\/v2\/comments?post=11293"}],"version-history":[{"count":2,"href":"https:\/\/www.cesenaticohotel.com\/fr\/wp-json\/wp\/v2\/pages\/11293\/revisions"}],"predecessor-version":[{"id":11482,"href":"https:\/\/www.cesenaticohotel.com\/fr\/wp-json\/wp\/v2\/pages\/11293\/revisions\/11482"}],"up":[{"embeddable":true,"href":"https:\/\/www.cesenaticohotel.com\/fr\/wp-json\/wp\/v2\/pages\/513"}],"wp:attachment":[{"href":"https:\/\/www.cesenaticohotel.com\/fr\/wp-json\/wp\/v2\/media?parent=11293"}],"curies":[{"name":"wp","href":"https:\/\/api.w.org\/{rel}","templated":true}]}}